{"id":242771,"date":"2023-02-24T11:04:49","date_gmt":"2023-02-24T11:04:50","guid":{"rendered":"https:\/\/www.erresse-shop.it\/?post_type=product&#038;p=242771"},"modified":"2025-01-17T09:08:07","modified_gmt":"2025-01-17T09:08:07","slug":"le-creuset-gusseisen-evolution-oval-cocotte-29-cm-azure","status":"publish","type":"product","link":"https:\/\/www.erresse-shop.it\/de\/shop\/toepfe-pfannen\/schalldaempfer-und-kokotten\/le-creuset-gusseisen-evolution-oval-cocotte-29-cm-azure\/","title":{"rendered":"LE CREUSET Gusseisen Evolution Oval Cocotte 29 cm Azure"},"content":{"rendered":"<p><strong>ALLE AN DEN TISCH!<\/strong><\/p>\n<p>Genauso vielseitig wie das klassische runde Modell, kann diese ovale Cocotte eine ganze Lammkeule aufnehmen, ohne den gesamten Ofen zu belegen, so dass Sie auch Platz f\u00fcr Beilagen haben. Wohin auch immer Ihre kulinarische Phantasie Sie f\u00fchrt, Sie haben den idealen Begleiter f\u00fcr eine berauschende Reise der Geschm\u00e4cker und Aromen gefunden.<\/p>\n<p>Seit Generationen sch\u00e4tzen Familien die klassische gusseiserne Cocotte, die die W\u00e4rme gleichm\u00e4\u00dfig verteilt. Gusseisen ist ein hervorragender W\u00e4rmeleiter und damit eines der besten Materialien f\u00fcr die K\u00fcche. Au\u00dferdem haben Boden, W\u00e4nde und Deckel die gleiche Dicke, was eine gleichm\u00e4\u00dfige W\u00e4rmeaufnahme und -verteilung gew\u00e4hrleistet, ohne dass \u00fcberhitzte Zonen entstehen. Dadurch verbrennen die Lebensmittel nicht und bleiben nicht roh. Au\u00dferdem verlieren sie beim Kochen keine Fl\u00fcssigkeit, so dass N\u00e4hrstoffe und Vitamine erhalten bleiben.<\/p>\n<p><strong>Eigenschaften von emaillierten gusseisernen T\u00f6pfen<\/strong><\/p>\n<p>&#8211; Gleichm\u00e4\u00dfige W\u00e4rmeverteilung ohne \u00dcberhitzungszonen.<br \/>\n&#8211; Hervorragende W\u00e4rmespeicherung.<br \/>\n&#8211; Knauf aus rostfreiem Stahl, der allen Temperaturen standh\u00e4lt.<br \/>\n&#8211; Griffe f\u00fcr optimalen Halt.<br \/>\n&#8211; Glasierte Innen- und Au\u00dfenfl\u00e4che. Nimmt keine Feuchtigkeit, keinen Geschmack oder Geruch von Lebensmitteln an.<br \/>\n&#8211; Von Spitzenk\u00f6chen und Bloggern zum Brotbacken empfohlen.<br \/>\n&#8211; Leichte Reinigung.<br \/>\n&#8211; Au\u00dfergew\u00f6hnliche Haltbarkeit.<\/p>\n<p>Material: verglastes Gusseisen<br \/>\nHergestellt in: Frankreich<br \/>\nGarantie: lebenslang<\/p>\n<p><strong>W\u00e4rmequelle:<\/strong><\/p>\n<ul>\n<li>Backofen<\/li>\n<li>Backofen Grill-Modus<\/li>\n<li>Kochfeld Elektrisch<\/li>\n<li>Glaskeramik<\/li>\n<li>Gas-Kochfeld<\/li>\n<li>Induktionskochfeld<\/li>\n<\/ul>\n<p><strong>Reinigung und Pflege:<\/strong><\/p>\n<ul>\n<li>Warten Sie, bis das Produkt abgek\u00fchlt ist, bevor Sie es reinigen.<\/li>\n<li>Reinigen Sie den Boden und die Seiten des Ger\u00e4ts von Essensresten. Wenn Essensreste daran haften, f\u00fcllen Sie das Ger\u00e4t mit warmem Seifenwasser und lassen Sie es 15-20 Minuten einweichen, bevor Sie es wie gewohnt waschen.<\/li>\n<li>Verwenden Sie keine Scheuermittel oder scheuernde oder sehr steife Metallschw\u00e4mme oder B\u00fcrsten f\u00fcr die Oberfl\u00e4chen.<\/li>\n<li>Nach dem Waschen gut abtrocknen und an einem trockenen Ort aufbewahren.<\/li>\n<\/ul>\n<div class=\"su-youtube su-u-responsive-media-yes\"><iframe loading=\"lazy\" width=\"500\" height=\"200\" src=\"https:\/\/www.youtube.com\/embed\/YoiKOay1xos?\" frameborder=\"0\" allowfullscreen allow=\"autoplay; encrypted-media; picture-in-picture\" title=\"\"><\/iframe><\/div>\n","protected":false},"excerpt":{"rendered":"<p>ALLE AN DEN TISCH! Genauso vielseitig wie das klassische runde Modell, kann diese ovale Cocotte eine ganze Lammkeule aufnehmen, ohne<\/p>\n","protected":false},"featured_media":242765,"template":"","meta":{"_acf_changed":false,"inline_featured_image":false},"product_cat":[6709,14793],"product_tag":[22340,11387,11381,14827,11383,11385,12201],"acf":[],"yoast_head":"<!-- This site is optimized with the Yoast SEO Premium plugin v18.6 (Yoast SEO v19.13) - https:\/\/yoast.com\/wordpress\/plugins\/seo\/ -->\n<title>LE CREUSET Gusseisen Evolution Oval Cocotte 29 cm Azure<\/title>\n<meta name=\"description\" content=\"Entdecken Sie LE CREUSET Gusseisen Evolution Oval Cocotte 29 cm Azure bei ErresseShop. Qualit\u00e4t, Stil und Funktionalit\u00e4t \u2013 jetzt online bestellen!\" \/>\n<meta name=\"robots\" content=\"index, follow, max-snippet:-1, max-image-preview:large, max-video-preview:-1\" \/>\n<link rel=\"canonical\" href=\"https:\/\/www.erresse-shop.it\/de\/shop\/toepfe-pfannen\/schalldaempfer-und-kokotten\/le-creuset-gusseisen-evolution-oval-cocotte-29-cm-azure\/\" \/>\n<meta property=\"og:locale\" content=\"de_DE\" \/>\n<meta property=\"og:type\" content=\"article\" \/>\n<meta property=\"og:title\" content=\"LE CREUSET Gusseisen Evolution Oval Cocotte 29 cm Azure\" \/>\n<meta property=\"og:description\" content=\"Entdecken Sie LE CREUSET Gusseisen Evolution Oval Cocotte 29 cm Azure bei ErresseShop. Qualit\u00e4t, Stil und Funktionalit\u00e4t \u2013 jetzt online bestellen!\" \/>\n<meta property=\"og:url\" content=\"https:\/\/www.erresse-shop.it\/de\/shop\/toepfe-pfannen\/schalldaempfer-und-kokotten\/le-creuset-gusseisen-evolution-oval-cocotte-29-cm-azure\/\" \/>\n<meta property=\"og:site_name\" content=\"Erresse Shop\" \/>\n<meta property=\"article:modified_time\" content=\"2025-01-17T09:08:07+00:00\" \/>\n<meta property=\"og:image\" content=\"https:\/\/www.erresse-shop.it\/wp-content\/uploads\/2023\/02\/LE-CREUSET-Cocotte-Evolution-in-Ghisa-27-cm-Azure.jpg\" \/>\n\t<meta property=\"og:image:width\" content=\"800\" \/>\n\t<meta property=\"og:image:height\" content=\"800\" \/>\n\t<meta property=\"og:image:type\" content=\"image\/jpeg\" \/>\n<meta name=\"twitter:card\" content=\"summary_large_image\" \/>\n<script type=\"application\/ld+json\" class=\"yoast-schema-graph\">{\"@context\":\"https:\/\/schema.org\",\"@graph\":[{\"@type\":\"WebPage\",\"@id\":\"https:\/\/www.erresse-shop.it\/de\/shop\/toepfe-pfannen\/schalldaempfer-und-kokotten\/le-creuset-gusseisen-evolution-oval-cocotte-29-cm-azure\/\",\"url\":\"https:\/\/www.erresse-shop.it\/de\/shop\/toepfe-pfannen\/schalldaempfer-und-kokotten\/le-creuset-gusseisen-evolution-oval-cocotte-29-cm-azure\/\",\"name\":\"LE CREUSET Gusseisen Evolution Oval Cocotte 29 cm Azure\",\"isPartOf\":{\"@id\":\"https:\/\/www.erresse-shop.it\/de\/#website\"},\"datePublished\":\"2023-02-24T11:04:50+00:00\",\"dateModified\":\"2025-01-17T09:08:07+00:00\",\"description\":\"Entdecken Sie LE CREUSET Gusseisen Evolution Oval Cocotte 29 cm Azure bei ErresseShop. Qualit\u00e4t, Stil und Funktionalit\u00e4t \u2013 jetzt online bestellen!\",\"breadcrumb\":{\"@id\":\"https:\/\/www.erresse-shop.it\/de\/shop\/toepfe-pfannen\/schalldaempfer-und-kokotten\/le-creuset-gusseisen-evolution-oval-cocotte-29-cm-azure\/#breadcrumb\"},\"inLanguage\":\"de-DE\",\"potentialAction\":[{\"@type\":\"ReadAction\",\"target\":[\"https:\/\/www.erresse-shop.it\/de\/shop\/toepfe-pfannen\/schalldaempfer-und-kokotten\/le-creuset-gusseisen-evolution-oval-cocotte-29-cm-azure\/\"]}]},{\"@type\":\"BreadcrumbList\",\"@id\":\"https:\/\/www.erresse-shop.it\/de\/shop\/toepfe-pfannen\/schalldaempfer-und-kokotten\/le-creuset-gusseisen-evolution-oval-cocotte-29-cm-azure\/#breadcrumb\",\"itemListElement\":[{\"@type\":\"ListItem\",\"position\":1,\"name\":\"Home\",\"item\":\"https:\/\/www.erresse-shop.it\/de\/\"},{\"@type\":\"ListItem\",\"position\":2,\"name\":\"Shop\",\"item\":\"https:\/\/www.erresse-shop.it\/de\/shop\/\"},{\"@type\":\"ListItem\",\"position\":3,\"name\":\"LE CREUSET Gusseisen Evolution Oval Cocotte 29 cm Azure\"}]},{\"@type\":\"WebSite\",\"@id\":\"https:\/\/www.erresse-shop.it\/de\/#website\",\"url\":\"https:\/\/www.erresse-shop.it\/de\/\",\"name\":\"Erresse Shop\",\"description\":\"Articoli di qualit\u00e0 per la casa\",\"potentialAction\":[{\"@type\":\"SearchAction\",\"target\":{\"@type\":\"EntryPoint\",\"urlTemplate\":\"https:\/\/www.erresse-shop.it\/de\/?s={search_term_string}\"},\"query-input\":\"required name=search_term_string\"}],\"inLanguage\":\"de-DE\"}]}<\/script>\n<!-- \/ Yoast SEO Premium plugin. -->","yoast_head_json":{"title":"LE CREUSET Gusseisen Evolution Oval Cocotte 29 cm Azure","description":"Entdecken Sie LE CREUSET Gusseisen Evolution Oval Cocotte 29 cm Azure bei ErresseShop. Qualit\u00e4t, Stil und Funktionalit\u00e4t \u2013 jetzt online bestellen!","robots":{"index":"index","follow":"follow","max-snippet":"max-snippet:-1","max-image-preview":"max-image-preview:large","max-video-preview":"max-video-preview:-1"},"canonical":"https:\/\/www.erresse-shop.it\/de\/shop\/toepfe-pfannen\/schalldaempfer-und-kokotten\/le-creuset-gusseisen-evolution-oval-cocotte-29-cm-azure\/","og_locale":"de_DE","og_type":"article","og_title":"LE CREUSET Gusseisen Evolution Oval Cocotte 29 cm Azure","og_description":"Entdecken Sie LE CREUSET Gusseisen Evolution Oval Cocotte 29 cm Azure bei ErresseShop. Qualit\u00e4t, Stil und Funktionalit\u00e4t \u2013 jetzt online bestellen!","og_url":"https:\/\/www.erresse-shop.it\/de\/shop\/toepfe-pfannen\/schalldaempfer-und-kokotten\/le-creuset-gusseisen-evolution-oval-cocotte-29-cm-azure\/","og_site_name":"Erresse Shop","article_modified_time":"2025-01-17T09:08:07+00:00","og_image":[{"width":800,"height":800,"url":"https:\/\/www.erresse-shop.it\/wp-content\/uploads\/2023\/02\/LE-CREUSET-Cocotte-Evolution-in-Ghisa-27-cm-Azure.jpg","type":"image\/jpeg"}],"twitter_card":"summary_large_image","schema":{"@context":"https:\/\/schema.org","@graph":[{"@type":"WebPage","@id":"https:\/\/www.erresse-shop.it\/de\/shop\/toepfe-pfannen\/schalldaempfer-und-kokotten\/le-creuset-gusseisen-evolution-oval-cocotte-29-cm-azure\/","url":"https:\/\/www.erresse-shop.it\/de\/shop\/toepfe-pfannen\/schalldaempfer-und-kokotten\/le-creuset-gusseisen-evolution-oval-cocotte-29-cm-azure\/","name":"LE CREUSET Gusseisen Evolution Oval Cocotte 29 cm Azure","isPartOf":{"@id":"https:\/\/www.erresse-shop.it\/de\/#website"},"datePublished":"2023-02-24T11:04:50+00:00","dateModified":"2025-01-17T09:08:07+00:00","description":"Entdecken Sie LE CREUSET Gusseisen Evolution Oval Cocotte 29 cm Azure bei ErresseShop. Qualit\u00e4t, Stil und Funktionalit\u00e4t \u2013 jetzt online bestellen!","breadcrumb":{"@id":"https:\/\/www.erresse-shop.it\/de\/shop\/toepfe-pfannen\/schalldaempfer-und-kokotten\/le-creuset-gusseisen-evolution-oval-cocotte-29-cm-azure\/#breadcrumb"},"inLanguage":"de-DE","potentialAction":[{"@type":"ReadAction","target":["https:\/\/www.erresse-shop.it\/de\/shop\/toepfe-pfannen\/schalldaempfer-und-kokotten\/le-creuset-gusseisen-evolution-oval-cocotte-29-cm-azure\/"]}]},{"@type":"BreadcrumbList","@id":"https:\/\/www.erresse-shop.it\/de\/shop\/toepfe-pfannen\/schalldaempfer-und-kokotten\/le-creuset-gusseisen-evolution-oval-cocotte-29-cm-azure\/#breadcrumb","itemListElement":[{"@type":"ListItem","position":1,"name":"Home","item":"https:\/\/www.erresse-shop.it\/de\/"},{"@type":"ListItem","position":2,"name":"Shop","item":"https:\/\/www.erresse-shop.it\/de\/shop\/"},{"@type":"ListItem","position":3,"name":"LE CREUSET Gusseisen Evolution Oval Cocotte 29 cm Azure"}]},{"@type":"WebSite","@id":"https:\/\/www.erresse-shop.it\/de\/#website","url":"https:\/\/www.erresse-shop.it\/de\/","name":"Erresse Shop","description":"Articoli di qualit\u00e0 per la casa","potentialAction":[{"@type":"SearchAction","target":{"@type":"EntryPoint","urlTemplate":"https:\/\/www.erresse-shop.it\/de\/?s={search_term_string}"},"query-input":"required name=search_term_string"}],"inLanguage":"de-DE"}]}},"df_price":259.95,"df_sale_price":259.95,"df_regular_price":395,"df_image_link":"https:\/\/www.erresse-shop.it\/wp-content\/uploads\/2023\/02\/LE-CREUSET-Cocotte-Evolution-in-Ghisa-27-cm-Azure-300x300.jpg","_links":{"self":[{"href":"https:\/\/www.erresse-shop.it\/de\/wp-json\/wp\/v2\/product\/242771"}],"collection":[{"href":"https:\/\/www.erresse-shop.it\/de\/wp-json\/wp\/v2\/product"}],"about":[{"href":"https:\/\/www.erresse-shop.it\/de\/wp-json\/wp\/v2\/types\/product"}],"wp:featuredmedia":[{"embeddable":true,"href":"https:\/\/www.erresse-shop.it\/de\/wp-json\/wp\/v2\/media\/242765"}],"wp:attachment":[{"href":"https:\/\/www.erresse-shop.it\/de\/wp-json\/wp\/v2\/media?parent=242771"}],"wp:term":[{"taxonomy":"product_cat","embeddable":true,"href":"https:\/\/www.erresse-shop.it\/de\/wp-json\/wp\/v2\/product_cat?post=242771"},{"taxonomy":"product_tag","embeddable":true,"href":"https:\/\/www.erresse-shop.it\/de\/wp-json\/wp\/v2\/product_tag?post=242771"}],"curies":[{"name":"wp","href":"https:\/\/api.w.org\/{rel}","templated":true}]}}