{"id":242628,"date":"2023-02-24T08:29:38","date_gmt":"2023-02-24T08:29:40","guid":{"rendered":"https:\/\/www.erresse-shop.it\/?post_type=product&#038;p=242628"},"modified":"2025-01-17T09:08:04","modified_gmt":"2025-01-17T09:08:04","slug":"le-creuset-cocotte-every-aus-gusseisen-18-cm-azure","status":"publish","type":"product","link":"https:\/\/www.erresse-shop.it\/de\/shop\/toepfe-pfannen\/schalldaempfer-und-kokotten\/le-creuset-cocotte-every-aus-gusseisen-18-cm-azure\/","title":{"rendered":"LE CREUSET Cocotte Every aus Gusseisen 18 cm Azure"},"content":{"rendered":"<p><strong>Japanische Inspiration<\/strong><br \/>\nIn Japan ist es \u00fcblich, nach einer Mahlzeit &#8220;Gochisousama deshita!&#8221; auszurufen, was so viel bedeutet wie &#8220;Danke f\u00fcr das gro\u00dfartige Essen!&#8221;. Die Cocotte Every wurde entwickelt, um die Grundlagen des japanischen Reiskochens zu beherrschen, und verf\u00fcgt \u00fcber eine bemerkenswerte Tiefe und ein Fassungsverm\u00f6gen, mit dem Sie viele Rezepte zubereiten k\u00f6nnen. Der gew\u00f6lbte Boden, die hohen W\u00e4nde und der gew\u00f6lbte Deckel maximieren die W\u00e4rme\u00fcbertragung f\u00fcr kulinarische Kreationen mit au\u00dfergew\u00f6hnlichem Geschmack. Au\u00dferdem verf\u00fcgt die Cocotte Every \u00fcber einen Innendeckel aus Steinzeug, der das Austreten von Wasser beim Kochen von Reis verhindert.<\/p>\n<ul>\n<li>Unser hitzebest\u00e4ndiger Knopf (bis 260 \u00b0C) ist so konstruiert, dass er auch dann noch gut in der Hand liegt, wenn man den Deckel mit einem Topflappen anhebt.<\/li>\n<li>Vielseitigkeit: Dieses Produkt ist f\u00fcr Herd und Backofen geeignet, auch im Grillmodus.<\/li>\n<li>Leckeres Essen: Das verglaste Gusseisen speichert die Hitze und sorgt f\u00fcr gleichm\u00e4\u00dfiges Garen und Br\u00e4unen. Ihre k\u00f6stlichen Kreationen bleiben auch am Tisch l\u00e4nger hei\u00df.<\/li>\n<li>Bewahrt die Saftigkeit: Unser Deckel h\u00e4lt den beim Garen entstehenden Dampf zur\u00fcck und verst\u00e4rkt die Aromen f\u00fcr au\u00dfergew\u00f6hnliche Garergebnisse.<\/li>\n<li>Alles unter Kontrolle: Dank spezieller Abstandshalter am Rand des Deckels k\u00f6nnen Druck und \u00fcbersch\u00fcssiger Dampf entweichen.<\/li>\n<li>Nicht zu hei\u00df: Kochen Sie mit einer konstanten niedrigen bis mittleren Hitze, um Ihr Produkt aus verglastem Gusseisen zu schonen und k\u00f6stliche Ergebnisse zu erzielen.<\/li>\n<li>Raffinierte Einfachheit: Entwickelt, um Reis perfekt zu kochen und weniger Platz in der K\u00fcche zu beanspruchen.<\/li>\n<li>Eines f\u00fcr alles: Dieses unglaublich vielseitige Produkt aus verglastem Gusseisen erf\u00fcllt die Bed\u00fcrfnisse von erfahrenen K\u00f6chen und Anf\u00e4ngern bei der Zubereitung fast aller Gerichte.<\/li>\n<li>Die einzigartige Form der Cocotte Every verleiht Ihren Kreationen einen ganz neuen Geschmack, egal ob Sie eine Suppe, ein Eintopfgericht oder ein Brot zubereiten.<\/li>\n<li>Die Cocotte Every wird mit der Zeit immer besser: Die verglaste Innenseite entwickelt eine nat\u00fcrliche Patina, die fast wie eine Antihaftbeschichtung wirkt. Die Oberfl\u00e4che hat Eigenschaften, die ein Anhaften der Speisen auch bei geringen Mengen \u00d6l verhindern. Waschen Sie das Produkt nur mit Wasser ab, damit sich die Patina entwickeln kann.<\/li>\n<li>Best in Class: Unsere Produkte werden aus den besten Materialien in Fabriken auf der ganzen Welt hergestellt, um die Qualit\u00e4t zu garantieren, die Sie von Le Creuset erwarten.<\/li>\n<\/ul>\n<p>Material: verglastes Gusseisen<br \/>\nHergestellt in: Frankreich<br \/>\nGarantie: lebenslang<\/p>\n<p><strong>W\u00e4rmequelle:<\/strong><\/p>\n<ul>\n<li>Backofen<\/li>\n<li>Backofen Grill-Modus<\/li>\n<li>Kochfeld Elektrisch<\/li>\n<li>Glaskeramik<\/li>\n<li>Gas-Kochfeld<\/li>\n<li>Induktionskochfeld<\/li>\n<\/ul>\n<p><strong>Reinigung und Pflege:<\/strong><\/p>\n<ul>\n<li>Warten Sie, bis das Produkt abgek\u00fchlt ist, bevor Sie es reinigen.<\/li>\n<li>Reinigen Sie den Boden und die Seiten des Ger\u00e4ts von Essensresten. Wenn Essensreste daran haften, f\u00fcllen Sie das Ger\u00e4t mit warmem Seifenwasser und lassen Sie es 15-20 Minuten einweichen, bevor Sie es wie gewohnt waschen.<br \/>\nVerwenden Sie keine Scheuermittel oder scheuernde oder sehr steife<\/li>\n<li>Metallschw\u00e4mme oder B\u00fcrsten f\u00fcr die Oberfl\u00e4chen.<\/li>\n<li>Nach dem Waschen gut abtrocknen und an einem trockenen Ort aufbewahren.<\/li>\n<\/ul>\n<div class=\"su-youtube su-u-responsive-media-yes\"><iframe loading=\"lazy\" width=\"500\" height=\"200\" src=\"https:\/\/www.youtube.com\/embed\/YoiKOay1xos?\" frameborder=\"0\" allowfullscreen allow=\"autoplay; encrypted-media; picture-in-picture\" title=\"\"><\/iframe><\/div>\n","protected":false},"excerpt":{"rendered":"<p>Japanische Inspiration In Japan ist es \u00fcblich, nach einer Mahlzeit &#8220;Gochisousama deshita!&#8221; auszurufen, was so viel bedeutet wie &#8220;Danke f\u00fcr<\/p>\n","protected":false},"featured_media":242636,"template":"","meta":{"_acf_changed":false,"inline_featured_image":false},"product_cat":[6709,14793],"product_tag":[22340,11387,11381,14827,11383,11385,12992,12205],"acf":[],"yoast_head":"<!-- This site is optimized with the Yoast SEO Premium plugin v18.6 (Yoast SEO v19.13) - https:\/\/yoast.com\/wordpress\/plugins\/seo\/ -->\n<title>LE CREUSET Cocotte Every aus Gusseisen 18 cm Azure<\/title>\n<meta name=\"description\" content=\"Entdecken Sie LE CREUSET Cocotte Every aus Gusseisen 18 cm Azure bei ErresseShop. Qualit\u00e4t, Stil und Funktionalit\u00e4t \u2013 jetzt online bestellen!\" \/>\n<meta name=\"robots\" content=\"index, follow, max-snippet:-1, max-image-preview:large, max-video-preview:-1\" \/>\n<link rel=\"canonical\" href=\"https:\/\/www.erresse-shop.it\/de\/shop\/toepfe-pfannen\/schalldaempfer-und-kokotten\/le-creuset-cocotte-every-aus-gusseisen-18-cm-azure\/\" \/>\n<meta property=\"og:locale\" content=\"de_DE\" \/>\n<meta property=\"og:type\" content=\"article\" \/>\n<meta property=\"og:title\" content=\"LE CREUSET Cocotte Every aus Gusseisen 18 cm Azure\" \/>\n<meta property=\"og:description\" content=\"Entdecken Sie LE CREUSET Cocotte Every aus Gusseisen 18 cm Azure bei ErresseShop. Qualit\u00e4t, Stil und Funktionalit\u00e4t \u2013 jetzt online bestellen!\" \/>\n<meta property=\"og:url\" content=\"https:\/\/www.erresse-shop.it\/de\/shop\/toepfe-pfannen\/schalldaempfer-und-kokotten\/le-creuset-cocotte-every-aus-gusseisen-18-cm-azure\/\" \/>\n<meta property=\"og:site_name\" content=\"Erresse Shop\" \/>\n<meta property=\"article:modified_time\" content=\"2025-01-17T09:08:04+00:00\" \/>\n<meta property=\"og:image\" content=\"https:\/\/www.erresse-shop.it\/wp-content\/uploads\/2023\/02\/LE-CREUSET-Cocotte-Every-in-Ghisa-18-cm-Azure.jpg\" \/>\n\t<meta property=\"og:image:width\" content=\"800\" \/>\n\t<meta property=\"og:image:height\" content=\"800\" \/>\n\t<meta property=\"og:image:type\" content=\"image\/jpeg\" \/>\n<meta name=\"twitter:card\" content=\"summary_large_image\" \/>\n<script type=\"application\/ld+json\" class=\"yoast-schema-graph\">{\"@context\":\"https:\/\/schema.org\",\"@graph\":[{\"@type\":\"WebPage\",\"@id\":\"https:\/\/www.erresse-shop.it\/de\/shop\/toepfe-pfannen\/schalldaempfer-und-kokotten\/le-creuset-cocotte-every-aus-gusseisen-18-cm-azure\/\",\"url\":\"https:\/\/www.erresse-shop.it\/de\/shop\/toepfe-pfannen\/schalldaempfer-und-kokotten\/le-creuset-cocotte-every-aus-gusseisen-18-cm-azure\/\",\"name\":\"LE CREUSET Cocotte Every aus Gusseisen 18 cm Azure\",\"isPartOf\":{\"@id\":\"https:\/\/www.erresse-shop.it\/de\/#website\"},\"datePublished\":\"2023-02-24T08:29:40+00:00\",\"dateModified\":\"2025-01-17T09:08:04+00:00\",\"description\":\"Entdecken Sie LE CREUSET Cocotte Every aus Gusseisen 18 cm Azure bei ErresseShop. Qualit\u00e4t, Stil und Funktionalit\u00e4t \u2013 jetzt online bestellen!\",\"breadcrumb\":{\"@id\":\"https:\/\/www.erresse-shop.it\/de\/shop\/toepfe-pfannen\/schalldaempfer-und-kokotten\/le-creuset-cocotte-every-aus-gusseisen-18-cm-azure\/#breadcrumb\"},\"inLanguage\":\"de-DE\",\"potentialAction\":[{\"@type\":\"ReadAction\",\"target\":[\"https:\/\/www.erresse-shop.it\/de\/shop\/toepfe-pfannen\/schalldaempfer-und-kokotten\/le-creuset-cocotte-every-aus-gusseisen-18-cm-azure\/\"]}]},{\"@type\":\"BreadcrumbList\",\"@id\":\"https:\/\/www.erresse-shop.it\/de\/shop\/toepfe-pfannen\/schalldaempfer-und-kokotten\/le-creuset-cocotte-every-aus-gusseisen-18-cm-azure\/#breadcrumb\",\"itemListElement\":[{\"@type\":\"ListItem\",\"position\":1,\"name\":\"Home\",\"item\":\"https:\/\/www.erresse-shop.it\/de\/\"},{\"@type\":\"ListItem\",\"position\":2,\"name\":\"Shop\",\"item\":\"https:\/\/www.erresse-shop.it\/de\/shop\/\"},{\"@type\":\"ListItem\",\"position\":3,\"name\":\"LE CREUSET Cocotte Every aus Gusseisen 18 cm Azure\"}]},{\"@type\":\"WebSite\",\"@id\":\"https:\/\/www.erresse-shop.it\/de\/#website\",\"url\":\"https:\/\/www.erresse-shop.it\/de\/\",\"name\":\"Erresse Shop\",\"description\":\"Articoli di qualit\u00e0 per la casa\",\"potentialAction\":[{\"@type\":\"SearchAction\",\"target\":{\"@type\":\"EntryPoint\",\"urlTemplate\":\"https:\/\/www.erresse-shop.it\/de\/?s={search_term_string}\"},\"query-input\":\"required name=search_term_string\"}],\"inLanguage\":\"de-DE\"}]}<\/script>\n<!-- \/ Yoast SEO Premium plugin. -->","yoast_head_json":{"title":"LE CREUSET Cocotte Every aus Gusseisen 18 cm Azure","description":"Entdecken Sie LE CREUSET Cocotte Every aus Gusseisen 18 cm Azure bei ErresseShop. Qualit\u00e4t, Stil und Funktionalit\u00e4t \u2013 jetzt online bestellen!","robots":{"index":"index","follow":"follow","max-snippet":"max-snippet:-1","max-image-preview":"max-image-preview:large","max-video-preview":"max-video-preview:-1"},"canonical":"https:\/\/www.erresse-shop.it\/de\/shop\/toepfe-pfannen\/schalldaempfer-und-kokotten\/le-creuset-cocotte-every-aus-gusseisen-18-cm-azure\/","og_locale":"de_DE","og_type":"article","og_title":"LE CREUSET Cocotte Every aus Gusseisen 18 cm Azure","og_description":"Entdecken Sie LE CREUSET Cocotte Every aus Gusseisen 18 cm Azure bei ErresseShop. Qualit\u00e4t, Stil und Funktionalit\u00e4t \u2013 jetzt online bestellen!","og_url":"https:\/\/www.erresse-shop.it\/de\/shop\/toepfe-pfannen\/schalldaempfer-und-kokotten\/le-creuset-cocotte-every-aus-gusseisen-18-cm-azure\/","og_site_name":"Erresse Shop","article_modified_time":"2025-01-17T09:08:04+00:00","og_image":[{"width":800,"height":800,"url":"https:\/\/www.erresse-shop.it\/wp-content\/uploads\/2023\/02\/LE-CREUSET-Cocotte-Every-in-Ghisa-18-cm-Azure.jpg","type":"image\/jpeg"}],"twitter_card":"summary_large_image","schema":{"@context":"https:\/\/schema.org","@graph":[{"@type":"WebPage","@id":"https:\/\/www.erresse-shop.it\/de\/shop\/toepfe-pfannen\/schalldaempfer-und-kokotten\/le-creuset-cocotte-every-aus-gusseisen-18-cm-azure\/","url":"https:\/\/www.erresse-shop.it\/de\/shop\/toepfe-pfannen\/schalldaempfer-und-kokotten\/le-creuset-cocotte-every-aus-gusseisen-18-cm-azure\/","name":"LE CREUSET Cocotte Every aus Gusseisen 18 cm Azure","isPartOf":{"@id":"https:\/\/www.erresse-shop.it\/de\/#website"},"datePublished":"2023-02-24T08:29:40+00:00","dateModified":"2025-01-17T09:08:04+00:00","description":"Entdecken Sie LE CREUSET Cocotte Every aus Gusseisen 18 cm Azure bei ErresseShop. Qualit\u00e4t, Stil und Funktionalit\u00e4t \u2013 jetzt online bestellen!","breadcrumb":{"@id":"https:\/\/www.erresse-shop.it\/de\/shop\/toepfe-pfannen\/schalldaempfer-und-kokotten\/le-creuset-cocotte-every-aus-gusseisen-18-cm-azure\/#breadcrumb"},"inLanguage":"de-DE","potentialAction":[{"@type":"ReadAction","target":["https:\/\/www.erresse-shop.it\/de\/shop\/toepfe-pfannen\/schalldaempfer-und-kokotten\/le-creuset-cocotte-every-aus-gusseisen-18-cm-azure\/"]}]},{"@type":"BreadcrumbList","@id":"https:\/\/www.erresse-shop.it\/de\/shop\/toepfe-pfannen\/schalldaempfer-und-kokotten\/le-creuset-cocotte-every-aus-gusseisen-18-cm-azure\/#breadcrumb","itemListElement":[{"@type":"ListItem","position":1,"name":"Home","item":"https:\/\/www.erresse-shop.it\/de\/"},{"@type":"ListItem","position":2,"name":"Shop","item":"https:\/\/www.erresse-shop.it\/de\/shop\/"},{"@type":"ListItem","position":3,"name":"LE CREUSET Cocotte Every aus Gusseisen 18 cm Azure"}]},{"@type":"WebSite","@id":"https:\/\/www.erresse-shop.it\/de\/#website","url":"https:\/\/www.erresse-shop.it\/de\/","name":"Erresse Shop","description":"Articoli di qualit\u00e0 per la casa","potentialAction":[{"@type":"SearchAction","target":{"@type":"EntryPoint","urlTemplate":"https:\/\/www.erresse-shop.it\/de\/?s={search_term_string}"},"query-input":"required name=search_term_string"}],"inLanguage":"de-DE"}]}},"df_price":110.25,"df_sale_price":110.25,"df_regular_price":245,"df_image_link":"https:\/\/www.erresse-shop.it\/wp-content\/uploads\/2023\/02\/LE-CREUSET-Cocotte-Every-in-Ghisa-18-cm-Azure-300x300.jpg","_links":{"self":[{"href":"https:\/\/www.erresse-shop.it\/de\/wp-json\/wp\/v2\/product\/242628"}],"collection":[{"href":"https:\/\/www.erresse-shop.it\/de\/wp-json\/wp\/v2\/product"}],"about":[{"href":"https:\/\/www.erresse-shop.it\/de\/wp-json\/wp\/v2\/types\/product"}],"wp:featuredmedia":[{"embeddable":true,"href":"https:\/\/www.erresse-shop.it\/de\/wp-json\/wp\/v2\/media\/242636"}],"wp:attachment":[{"href":"https:\/\/www.erresse-shop.it\/de\/wp-json\/wp\/v2\/media?parent=242628"}],"wp:term":[{"taxonomy":"product_cat","embeddable":true,"href":"https:\/\/www.erresse-shop.it\/de\/wp-json\/wp\/v2\/product_cat?post=242628"},{"taxonomy":"product_tag","embeddable":true,"href":"https:\/\/www.erresse-shop.it\/de\/wp-json\/wp\/v2\/product_tag?post=242628"}],"curies":[{"name":"wp","href":"https:\/\/api.w.org\/{rel}","templated":true}]}}