{"id":242549,"date":"2023-02-24T07:04:54","date_gmt":"2023-02-24T07:04:56","guid":{"rendered":"https:\/\/www.erresse-shop.it\/?post_type=product&#038;p=242549"},"modified":"2025-01-17T09:08:01","modified_gmt":"2025-01-17T09:08:01","slug":"le-creuset-niedrige-bratpfanne-aus-gusseisen-28-cm-azure","status":"publish","type":"product","link":"https:\/\/www.erresse-shop.it\/de\/shop\/toepfe-pfannen\/pfannen\/le-creuset-niedrige-bratpfanne-aus-gusseisen-28-cm-azure\/","title":{"rendered":"LE CREUSET Niedrige Bratpfanne aus Gusseisen 28 cm Azure"},"content":{"rendered":"<p>Mit unserer Evolution Gusseisenpfanne wird das Braten und Sautieren zum Vergn\u00fcgen. Sie eignet sich perfekt f\u00fcr die Zubereitung vieler k\u00f6stlicher Gerichte. Sie verf\u00fcgt \u00fcber h\u00f6here Seitenw\u00e4nde zum Garen aller Arten von Speisen, einen eleganten, modernen Look, einen Holzgriff, der nicht \u00fcberhitzt, und einen gro\u00dfen Griff, mit dem sich die Pfanne leicht greifen und bewegen l\u00e4sst. Diese Bratpfanne kann auf jeder W\u00e4rmequelle au\u00dfer im Backofen verwendet werden. Geben Sie sie nicht in die Sp\u00fclmaschine, damit auch der Griff gesch\u00fctzt ist.<\/p>\n<ul>\n<li>Leckeres Essen: Das verglaste Gusseisen speichert die Hitze und sorgt f\u00fcr ein gleichm\u00e4\u00dfiges Garen und Anbraten. So bleiben Ihre k\u00f6stlichen Kreationen auch am Tisch l\u00e4nger hei\u00df.<\/li>\n<li>Eine unsch\u00e4tzbare Hilfe: Mit dem praktischen Griff k\u00f6nnen Sie das Produkt leicht anheben und von der Herdplatte in den Ofen und auf den Tisch bringen.<\/li>\n<li>Nicht zu hei\u00df: Kochen Sie bei gleichbleibend niedriger bis mittlerer Hitze, um Ihr Produkt aus verglastem Gusseisen zu schonen und k\u00f6stliche Ergebnisse zu erzielen.<\/li>\n<li>Verbessert sich mit der Zeit: Das verglaste Innere entwickelt eine nat\u00fcrliche Patina, die fast wie eine Antihaft-Oberfl\u00e4che wirkt. Die Oberfl\u00e4che hat Eigenschaften, die das Anhaften von Speisen auch bei geringen Mengen \u00d6l verhindern. Waschen Sie das Produkt nur mit Wasser ab, damit sich die Patina entwickeln kann.<\/li>\n<li>Unsere Produkte werden aus den besten Materialien in Fabriken auf der ganzen Welt hergestellt, um die Qualit\u00e4t zu garantieren, die Sie von Le Creuset erwarten.<\/li>\n<li>Moderner Look: Der Holzgriff hat ein elegantes Design und ist nicht \u00fcberhitzt.<\/li>\n<\/ul>\n<p>Material: verglastes Gusseisen<br \/>\nHergestellt in: Frankreich<br \/>\nGarantie: lebenslang<\/p>\n<p><strong>W\u00e4rmequelle:<\/strong><\/p>\n<ul>\n<li>Elektrokochfeld<\/li>\n<li>Keramisches Glas<\/li>\n<li>Gas-Kochfeld<\/li>\n<li>Induktionskochfeld<\/li>\n<\/ul>\n<p><strong>Reinigung und Pflege:<\/strong><\/p>\n<ul>\n<li>Warten Sie, bis das Ger\u00e4t abgek\u00fchlt ist, bevor Sie es reinigen.<\/li>\n<li>Reinigen Sie den Boden und die Seiten des Ger\u00e4ts von Essensresten. Wenn Essensreste daran haften, f\u00fcllen Sie das Ger\u00e4t mit warmem Seifenwasser und lassen Sie es 15-20 Minuten einweichen, bevor Sie es wie gewohnt waschen.<\/li>\n<li>Verwenden Sie keine Scheuermittel oder scheuernde oder sehr steife Metallschw\u00e4mme oder B\u00fcrsten f\u00fcr die Oberfl\u00e4chen.<\/li>\n<li>Nach dem Waschen gut abtrocknen und an einem trockenen Ort aufbewahren.<\/li>\n<\/ul>\n<div class=\"su-youtube su-u-responsive-media-yes\"><iframe loading=\"lazy\" width=\"500\" height=\"200\" src=\"https:\/\/www.youtube.com\/embed\/YoiKOay1xos?\" frameborder=\"0\" allowfullscreen allow=\"autoplay; encrypted-media; picture-in-picture\" title=\"\"><\/iframe><\/div>\n","protected":false},"excerpt":{"rendered":"<p><br data-mce-bogus=\"1\"><\/p>\n","protected":false},"featured_media":242582,"template":"","meta":{"_acf_changed":false,"inline_featured_image":false},"product_cat":[6709,14801],"product_tag":[25088,22340,11387,11381,14827,11383,11385,12992,25022,12205],"acf":[],"yoast_head":"<!-- This site is optimized with the Yoast SEO Premium plugin v18.6 (Yoast SEO v19.13) - https:\/\/yoast.com\/wordpress\/plugins\/seo\/ -->\n<title>LE CREUSET Niedrige Bratpfanne aus Gusseisen 28 cm Azure<\/title>\n<meta name=\"description\" content=\"Entdecken Sie LE CREUSET Niedrige Bratpfanne aus Gusseisen 28 cm Azure bei ErresseShop. Qualit\u00e4t, Stil und Funktionalit\u00e4t \u2013 jetzt online bestellen!\" \/>\n<meta name=\"robots\" content=\"index, follow, max-snippet:-1, max-image-preview:large, max-video-preview:-1\" \/>\n<link rel=\"canonical\" href=\"https:\/\/www.erresse-shop.it\/de\/shop\/toepfe-pfannen\/pfannen\/le-creuset-niedrige-bratpfanne-aus-gusseisen-28-cm-azure\/\" \/>\n<meta property=\"og:locale\" content=\"de_DE\" \/>\n<meta property=\"og:type\" content=\"article\" \/>\n<meta property=\"og:title\" content=\"LE CREUSET Niedrige Bratpfanne aus Gusseisen 28 cm Azure\" \/>\n<meta property=\"og:description\" content=\"Entdecken Sie LE CREUSET Niedrige Bratpfanne aus Gusseisen 28 cm Azure bei ErresseShop. Qualit\u00e4t, Stil und Funktionalit\u00e4t \u2013 jetzt online bestellen!\" \/>\n<meta property=\"og:url\" content=\"https:\/\/www.erresse-shop.it\/de\/shop\/toepfe-pfannen\/pfannen\/le-creuset-niedrige-bratpfanne-aus-gusseisen-28-cm-azure\/\" \/>\n<meta property=\"og:site_name\" content=\"Erresse Shop\" \/>\n<meta property=\"article:modified_time\" content=\"2025-01-17T09:08:01+00:00\" \/>\n<meta property=\"og:image\" content=\"https:\/\/www.erresse-shop.it\/wp-content\/uploads\/2023\/02\/LE-CREUSET-Padella-Bassa-in-Ghisa-28-cm-Azure.jpg\" \/>\n\t<meta property=\"og:image:width\" content=\"800\" \/>\n\t<meta property=\"og:image:height\" content=\"800\" \/>\n\t<meta property=\"og:image:type\" content=\"image\/jpeg\" \/>\n<meta name=\"twitter:card\" content=\"summary_large_image\" \/>\n<script type=\"application\/ld+json\" class=\"yoast-schema-graph\">{\"@context\":\"https:\/\/schema.org\",\"@graph\":[{\"@type\":\"WebPage\",\"@id\":\"https:\/\/www.erresse-shop.it\/de\/shop\/toepfe-pfannen\/pfannen\/le-creuset-niedrige-bratpfanne-aus-gusseisen-28-cm-azure\/\",\"url\":\"https:\/\/www.erresse-shop.it\/de\/shop\/toepfe-pfannen\/pfannen\/le-creuset-niedrige-bratpfanne-aus-gusseisen-28-cm-azure\/\",\"name\":\"LE CREUSET Niedrige Bratpfanne aus Gusseisen 28 cm Azure\",\"isPartOf\":{\"@id\":\"https:\/\/www.erresse-shop.it\/de\/#website\"},\"datePublished\":\"2023-02-24T07:04:56+00:00\",\"dateModified\":\"2025-01-17T09:08:01+00:00\",\"description\":\"Entdecken Sie LE CREUSET Niedrige Bratpfanne aus Gusseisen 28 cm Azure bei ErresseShop. Qualit\u00e4t, Stil und Funktionalit\u00e4t \u2013 jetzt online bestellen!\",\"breadcrumb\":{\"@id\":\"https:\/\/www.erresse-shop.it\/de\/shop\/toepfe-pfannen\/pfannen\/le-creuset-niedrige-bratpfanne-aus-gusseisen-28-cm-azure\/#breadcrumb\"},\"inLanguage\":\"de-DE\",\"potentialAction\":[{\"@type\":\"ReadAction\",\"target\":[\"https:\/\/www.erresse-shop.it\/de\/shop\/toepfe-pfannen\/pfannen\/le-creuset-niedrige-bratpfanne-aus-gusseisen-28-cm-azure\/\"]}]},{\"@type\":\"BreadcrumbList\",\"@id\":\"https:\/\/www.erresse-shop.it\/de\/shop\/toepfe-pfannen\/pfannen\/le-creuset-niedrige-bratpfanne-aus-gusseisen-28-cm-azure\/#breadcrumb\",\"itemListElement\":[{\"@type\":\"ListItem\",\"position\":1,\"name\":\"Home\",\"item\":\"https:\/\/www.erresse-shop.it\/de\/\"},{\"@type\":\"ListItem\",\"position\":2,\"name\":\"Shop\",\"item\":\"https:\/\/www.erresse-shop.it\/de\/shop\/\"},{\"@type\":\"ListItem\",\"position\":3,\"name\":\"LE CREUSET Niedrige Bratpfanne aus Gusseisen 28 cm Azure\"}]},{\"@type\":\"WebSite\",\"@id\":\"https:\/\/www.erresse-shop.it\/de\/#website\",\"url\":\"https:\/\/www.erresse-shop.it\/de\/\",\"name\":\"Erresse Shop\",\"description\":\"Articoli di qualit\u00e0 per la casa\",\"potentialAction\":[{\"@type\":\"SearchAction\",\"target\":{\"@type\":\"EntryPoint\",\"urlTemplate\":\"https:\/\/www.erresse-shop.it\/de\/?s={search_term_string}\"},\"query-input\":\"required name=search_term_string\"}],\"inLanguage\":\"de-DE\"}]}<\/script>\n<!-- \/ Yoast SEO Premium plugin. -->","yoast_head_json":{"title":"LE CREUSET Niedrige Bratpfanne aus Gusseisen 28 cm Azure","description":"Entdecken Sie LE CREUSET Niedrige Bratpfanne aus Gusseisen 28 cm Azure bei ErresseShop. Qualit\u00e4t, Stil und Funktionalit\u00e4t \u2013 jetzt online bestellen!","robots":{"index":"index","follow":"follow","max-snippet":"max-snippet:-1","max-image-preview":"max-image-preview:large","max-video-preview":"max-video-preview:-1"},"canonical":"https:\/\/www.erresse-shop.it\/de\/shop\/toepfe-pfannen\/pfannen\/le-creuset-niedrige-bratpfanne-aus-gusseisen-28-cm-azure\/","og_locale":"de_DE","og_type":"article","og_title":"LE CREUSET Niedrige Bratpfanne aus Gusseisen 28 cm Azure","og_description":"Entdecken Sie LE CREUSET Niedrige Bratpfanne aus Gusseisen 28 cm Azure bei ErresseShop. Qualit\u00e4t, Stil und Funktionalit\u00e4t \u2013 jetzt online bestellen!","og_url":"https:\/\/www.erresse-shop.it\/de\/shop\/toepfe-pfannen\/pfannen\/le-creuset-niedrige-bratpfanne-aus-gusseisen-28-cm-azure\/","og_site_name":"Erresse Shop","article_modified_time":"2025-01-17T09:08:01+00:00","og_image":[{"width":800,"height":800,"url":"https:\/\/www.erresse-shop.it\/wp-content\/uploads\/2023\/02\/LE-CREUSET-Padella-Bassa-in-Ghisa-28-cm-Azure.jpg","type":"image\/jpeg"}],"twitter_card":"summary_large_image","schema":{"@context":"https:\/\/schema.org","@graph":[{"@type":"WebPage","@id":"https:\/\/www.erresse-shop.it\/de\/shop\/toepfe-pfannen\/pfannen\/le-creuset-niedrige-bratpfanne-aus-gusseisen-28-cm-azure\/","url":"https:\/\/www.erresse-shop.it\/de\/shop\/toepfe-pfannen\/pfannen\/le-creuset-niedrige-bratpfanne-aus-gusseisen-28-cm-azure\/","name":"LE CREUSET Niedrige Bratpfanne aus Gusseisen 28 cm Azure","isPartOf":{"@id":"https:\/\/www.erresse-shop.it\/de\/#website"},"datePublished":"2023-02-24T07:04:56+00:00","dateModified":"2025-01-17T09:08:01+00:00","description":"Entdecken Sie LE CREUSET Niedrige Bratpfanne aus Gusseisen 28 cm Azure bei ErresseShop. Qualit\u00e4t, Stil und Funktionalit\u00e4t \u2013 jetzt online bestellen!","breadcrumb":{"@id":"https:\/\/www.erresse-shop.it\/de\/shop\/toepfe-pfannen\/pfannen\/le-creuset-niedrige-bratpfanne-aus-gusseisen-28-cm-azure\/#breadcrumb"},"inLanguage":"de-DE","potentialAction":[{"@type":"ReadAction","target":["https:\/\/www.erresse-shop.it\/de\/shop\/toepfe-pfannen\/pfannen\/le-creuset-niedrige-bratpfanne-aus-gusseisen-28-cm-azure\/"]}]},{"@type":"BreadcrumbList","@id":"https:\/\/www.erresse-shop.it\/de\/shop\/toepfe-pfannen\/pfannen\/le-creuset-niedrige-bratpfanne-aus-gusseisen-28-cm-azure\/#breadcrumb","itemListElement":[{"@type":"ListItem","position":1,"name":"Home","item":"https:\/\/www.erresse-shop.it\/de\/"},{"@type":"ListItem","position":2,"name":"Shop","item":"https:\/\/www.erresse-shop.it\/de\/shop\/"},{"@type":"ListItem","position":3,"name":"LE CREUSET Niedrige Bratpfanne aus Gusseisen 28 cm Azure"}]},{"@type":"WebSite","@id":"https:\/\/www.erresse-shop.it\/de\/#website","url":"https:\/\/www.erresse-shop.it\/de\/","name":"Erresse Shop","description":"Articoli di qualit\u00e0 per la casa","potentialAction":[{"@type":"SearchAction","target":{"@type":"EntryPoint","urlTemplate":"https:\/\/www.erresse-shop.it\/de\/?s={search_term_string}"},"query-input":"required name=search_term_string"}],"inLanguage":"de-DE"}]}},"df_price":110.25,"df_sale_price":110.25,"df_regular_price":245,"df_image_link":"https:\/\/www.erresse-shop.it\/wp-content\/uploads\/2023\/02\/LE-CREUSET-Padella-Bassa-in-Ghisa-28-cm-Azure-300x300.jpg","_links":{"self":[{"href":"https:\/\/www.erresse-shop.it\/de\/wp-json\/wp\/v2\/product\/242549"}],"collection":[{"href":"https:\/\/www.erresse-shop.it\/de\/wp-json\/wp\/v2\/product"}],"about":[{"href":"https:\/\/www.erresse-shop.it\/de\/wp-json\/wp\/v2\/types\/product"}],"wp:featuredmedia":[{"embeddable":true,"href":"https:\/\/www.erresse-shop.it\/de\/wp-json\/wp\/v2\/media\/242582"}],"wp:attachment":[{"href":"https:\/\/www.erresse-shop.it\/de\/wp-json\/wp\/v2\/media?parent=242549"}],"wp:term":[{"taxonomy":"product_cat","embeddable":true,"href":"https:\/\/www.erresse-shop.it\/de\/wp-json\/wp\/v2\/product_cat?post=242549"},{"taxonomy":"product_tag","embeddable":true,"href":"https:\/\/www.erresse-shop.it\/de\/wp-json\/wp\/v2\/product_tag?post=242549"}],"curies":[{"name":"wp","href":"https:\/\/api.w.org\/{rel}","templated":true}]}}