{"id":242323,"date":"2023-02-23T15:06:56","date_gmt":"2023-02-23T15:06:58","guid":{"rendered":"https:\/\/www.erresse-shop.it\/?post_type=product&#038;p=242323"},"modified":"2024-06-11T00:03:00","modified_gmt":"2024-06-11T00:03:00","slug":"sage-the-bambino-schwarzer-truffel","status":"publish","type":"product","link":"https:\/\/www.erresse-shop.it\/de\/shop\/kleine-elektrogeraete\/kaffeemaschinen-espresso\/handbuecher\/sage-the-bambino-schwarzer-truffel\/","title":{"rendered":"SAGE The Bambino Schwarzer Tr\u00fcffel"},"content":{"rendered":"<p><strong>ECHTER ESPRESSO MIT AUTOMATISCHER MILCHAUFSCH\u00c4UMUNG. DER SCHNELLERE WEG F\u00dcR PROFESSIONELLE ERGEBNISSE ZU HAUSE<br \/>\n<\/strong><\/p>\n<p>Wenn es um Qualit\u00e4tskaffee geht, geht The Bambino keine Kompromisse ein. Dank des 54-mm-Filtertr\u00e4gers mit einem Fassungsverm\u00f6gen von 18 Gramm und der Milchaufsch\u00e4umung \u00fcber eine leistungsstarke Thermojet-Dampfd\u00fcse bereitet sie exzellenten Kaffee mit einem vollmundigen Aroma zu, ganz wie bei professionellen Maschinen. Mit einer Aufheizzeit von nur 3 Sekunden und einer pr\u00e4zisen Extraktion gelangen Sie schneller als je zuvor von der Bohne zur Tasse. Genau wie in Ihrem Lieblingscaf\u00e9.<\/p>\n<p><strong>SCHNELLERE HEIZUNG<\/strong><br \/>\nMit dem innovativen ThermoJet\u00ae-Heizsystem erreichen Sie die ideale Absaugtemperatur in nur 3 Sekunden. Kein Warten mehr, um eine tolle Tasse Kaffee zu genie\u00dfen.<\/p>\n<p><strong>18 GRAMM KAFFEE F\u00dcR EIN VOLLMUNDIGES AROMA<\/strong><br \/>\nDie richtige Menge an Kaffeepulver ist die Basis f\u00fcr einen ausgewogenen Espresso. Der 54-mm-Filterhalter mit seinem Fassungsverm\u00f6gen von 18 Gramm ist der Schl\u00fcssel zu einem schmackhaften und ausgewogenen Kaffee der dritten Generation.<\/p>\n<p><strong>GUTER, VOLLMUNDIGER ESPRESSO<\/strong><br \/>\nDa das Heizsystem nach der Dampfausgabe automatisch gesp\u00fclt wird, wird der Espresso immer mit der richtigen Temperatur ausgegeben.<\/p>\n<p><strong>Garantie:<\/strong> 2 Jahre<br \/>\n<strong>Konstruktionsmaterialien:<\/strong> Edelstahl<br \/>\n<strong>Fassungsverm\u00f6gen Wassertank:<\/strong> 1,4 l<br \/>\n<strong>Einstellungen Bedienfeld:<\/strong> 1 Tasse, 2 Tassen, Warmwasser und Dampf<br \/>\n<strong>Einstellbare Temperatur und Milchaufsch\u00e4umstufe<\/strong><\/p>\n<p><strong>Inklusive Zubeh\u00f6r:<\/strong><\/p>\n<ul>\n<li>1 und 2 Tassen-Einwandfilter<\/li>\n<li>Doppelwandige Filter f\u00fcr 1 und 2 Tassen<\/li>\n<li>Edelstahl-Milchk\u00e4nnchen 480 ml<\/li>\n<li>Aluminium-Filterhalter<\/li>\n<li>Kunststoffpresser<\/li>\n<li>Zubeh\u00f6r f\u00fcr die Reinigung der Spitze des Dampfrohrs<\/li>\n<li>Halterung f\u00fcr ClaroSwiss-Filter<\/li>\n<li>ClaroSwiss Wasserfilter<\/li>\n<li>Entkalkungspulver<\/li>\n<li>Reinigungsset<\/li>\n<\/ul>\n<p><strong>Einige Demonstrationsvideos:<\/strong><\/p>\n<div class=\"su-youtube su-u-responsive-media-yes\"><iframe loading=\"lazy\" width=\"500\" height=\"200\" src=\"https:\/\/www.youtube.com\/embed\/RNgXOg-Gr2E?\" frameborder=\"0\" allowfullscreen allow=\"autoplay; encrypted-media; picture-in-picture\" title=\"\"><\/iframe><\/div>\n<p><a href=\"https:\/\/www.youtube.com\/watch?v=2WcUu8vH5R4\" target=\"_blank\" rel=\"noopener\">https:\/\/www.youtube.com\/watch?v=2WcUu8vH5R4<\/a><br \/>\n<a href=\"https:\/\/www.youtube.com\/watch?v=CmNGoS-B8gg\" target=\"_blank\" rel=\"noopener\">https:\/\/www.youtube.com\/watch?v=CmNGoS-B8gg<\/a><\/p>\n<p><span style=\"text-decoration: underline;\"><strong>Au\u00dferhalb Europas nicht verf\u00fcgbar<\/strong><\/span><\/p>\n","protected":false},"excerpt":{"rendered":"<p>ECHTER ESPRESSO MIT AUTOMATISCHER MILCHAUFSCH\u00c4UMUNG. DER SCHNELLERE WEG F\u00dcR PROFESSIONELLE ERGEBNISSE ZU HAUSE Wenn es um Qualit\u00e4tskaffee geht, geht The<\/p>\n","protected":false},"featured_media":479980,"template":"","meta":{"_acf_changed":false,"inline_featured_image":false},"product_cat":[6733,6703,25366],"product_tag":[23564,11718,23582],"acf":[],"yoast_head":"<!-- This site is optimized with the Yoast SEO Premium plugin v18.6 (Yoast SEO v19.13) - https:\/\/yoast.com\/wordpress\/plugins\/seo\/ -->\n<title>SAGE The Bambino Schwarzer Tr\u00fcffel - Erresse Shop<\/title>\n<meta name=\"description\" content=\"ECHTER ESPRESSO MIT AUTOMATISCHER MILCHAUFSCH\u00c4UMUNG. DER SCHNELLERE WEG F\u00dcR PROFESSIONELLE ERGEBNISSE ZU HAUSE Wenn es um Qualit\u00e4tskaffee geht, geht The\" \/>\n<meta name=\"robots\" content=\"index, follow, max-snippet:-1, max-image-preview:large, max-video-preview:-1\" \/>\n<link rel=\"canonical\" href=\"https:\/\/www.erresse-shop.it\/de\/shop\/kleine-elektrogeraete\/kaffeemaschinen-espresso\/handbuecher\/sage-the-bambino-schwarzer-truffel\/\" \/>\n<meta property=\"og:locale\" content=\"de_DE\" \/>\n<meta property=\"og:type\" content=\"article\" \/>\n<meta property=\"og:title\" content=\"SAGE The Bambino Schwarzer Tr\u00fcffel\" \/>\n<meta property=\"og:description\" content=\"ECHTER ESPRESSO MIT AUTOMATISCHER MILCHAUFSCH\u00c4UMUNG. DER SCHNELLERE WEG F\u00dcR PROFESSIONELLE ERGEBNISSE ZU HAUSE Wenn es um Qualit\u00e4tskaffee geht, geht The\" \/>\n<meta property=\"og:url\" content=\"https:\/\/www.erresse-shop.it\/de\/shop\/kleine-elektrogeraete\/kaffeemaschinen-espresso\/handbuecher\/sage-the-bambino-schwarzer-truffel\/\" \/>\n<meta property=\"og:site_name\" content=\"Erresse Shop\" \/>\n<meta property=\"article:modified_time\" content=\"2024-06-11T00:03:00+00:00\" \/>\n<meta property=\"og:image\" content=\"https:\/\/www.erresse-shop.it\/wp-content\/uploads\/2023\/02\/sage-SES450BTR.webp\" \/>\n\t<meta property=\"og:image:width\" content=\"1200\" \/>\n\t<meta property=\"og:image:height\" content=\"1200\" \/>\n\t<meta property=\"og:image:type\" content=\"image\/webp\" \/>\n<meta name=\"twitter:card\" content=\"summary_large_image\" \/>\n<script type=\"application\/ld+json\" class=\"yoast-schema-graph\">{\"@context\":\"https:\/\/schema.org\",\"@graph\":[{\"@type\":\"WebPage\",\"@id\":\"https:\/\/www.erresse-shop.it\/de\/shop\/kleine-elektrogeraete\/kaffeemaschinen-espresso\/handbuecher\/sage-the-bambino-schwarzer-truffel\/\",\"url\":\"https:\/\/www.erresse-shop.it\/de\/shop\/kleine-elektrogeraete\/kaffeemaschinen-espresso\/handbuecher\/sage-the-bambino-schwarzer-truffel\/\",\"name\":\"SAGE The Bambino Schwarzer Tr\u00fcffel - Erresse Shop\",\"isPartOf\":{\"@id\":\"https:\/\/www.erresse-shop.it\/de\/#website\"},\"datePublished\":\"2023-02-23T15:06:58+00:00\",\"dateModified\":\"2024-06-11T00:03:00+00:00\",\"description\":\"ECHTER ESPRESSO MIT AUTOMATISCHER MILCHAUFSCH\u00c4UMUNG. DER SCHNELLERE WEG F\u00dcR PROFESSIONELLE ERGEBNISSE ZU HAUSE Wenn es um Qualit\u00e4tskaffee geht, geht The\",\"breadcrumb\":{\"@id\":\"https:\/\/www.erresse-shop.it\/de\/shop\/kleine-elektrogeraete\/kaffeemaschinen-espresso\/handbuecher\/sage-the-bambino-schwarzer-truffel\/#breadcrumb\"},\"inLanguage\":\"de-DE\",\"potentialAction\":[{\"@type\":\"ReadAction\",\"target\":[\"https:\/\/www.erresse-shop.it\/de\/shop\/kleine-elektrogeraete\/kaffeemaschinen-espresso\/handbuecher\/sage-the-bambino-schwarzer-truffel\/\"]}]},{\"@type\":\"BreadcrumbList\",\"@id\":\"https:\/\/www.erresse-shop.it\/de\/shop\/kleine-elektrogeraete\/kaffeemaschinen-espresso\/handbuecher\/sage-the-bambino-schwarzer-truffel\/#breadcrumb\",\"itemListElement\":[{\"@type\":\"ListItem\",\"position\":1,\"name\":\"Home\",\"item\":\"https:\/\/www.erresse-shop.it\/de\/\"},{\"@type\":\"ListItem\",\"position\":2,\"name\":\"Shop\",\"item\":\"https:\/\/www.erresse-shop.it\/de\/shop\/\"},{\"@type\":\"ListItem\",\"position\":3,\"name\":\"SAGE The Bambino Schwarzer Tr\u00fcffel\"}]},{\"@type\":\"WebSite\",\"@id\":\"https:\/\/www.erresse-shop.it\/de\/#website\",\"url\":\"https:\/\/www.erresse-shop.it\/de\/\",\"name\":\"Erresse Shop\",\"description\":\"Articoli di qualit\u00e0 per la casa\",\"potentialAction\":[{\"@type\":\"SearchAction\",\"target\":{\"@type\":\"EntryPoint\",\"urlTemplate\":\"https:\/\/www.erresse-shop.it\/de\/?s={search_term_string}\"},\"query-input\":\"required name=search_term_string\"}],\"inLanguage\":\"de-DE\"}]}<\/script>\n<!-- \/ Yoast SEO Premium plugin. -->","yoast_head_json":{"title":"SAGE The Bambino Schwarzer Tr\u00fcffel - Erresse Shop","description":"ECHTER ESPRESSO MIT AUTOMATISCHER MILCHAUFSCH\u00c4UMUNG. DER SCHNELLERE WEG F\u00dcR PROFESSIONELLE ERGEBNISSE ZU HAUSE Wenn es um Qualit\u00e4tskaffee geht, geht The","robots":{"index":"index","follow":"follow","max-snippet":"max-snippet:-1","max-image-preview":"max-image-preview:large","max-video-preview":"max-video-preview:-1"},"canonical":"https:\/\/www.erresse-shop.it\/de\/shop\/kleine-elektrogeraete\/kaffeemaschinen-espresso\/handbuecher\/sage-the-bambino-schwarzer-truffel\/","og_locale":"de_DE","og_type":"article","og_title":"SAGE The Bambino Schwarzer Tr\u00fcffel","og_description":"ECHTER ESPRESSO MIT AUTOMATISCHER MILCHAUFSCH\u00c4UMUNG. DER SCHNELLERE WEG F\u00dcR PROFESSIONELLE ERGEBNISSE ZU HAUSE Wenn es um Qualit\u00e4tskaffee geht, geht The","og_url":"https:\/\/www.erresse-shop.it\/de\/shop\/kleine-elektrogeraete\/kaffeemaschinen-espresso\/handbuecher\/sage-the-bambino-schwarzer-truffel\/","og_site_name":"Erresse Shop","article_modified_time":"2024-06-11T00:03:00+00:00","og_image":[{"width":1200,"height":1200,"url":"https:\/\/www.erresse-shop.it\/wp-content\/uploads\/2023\/02\/sage-SES450BTR.webp","type":"image\/webp"}],"twitter_card":"summary_large_image","schema":{"@context":"https:\/\/schema.org","@graph":[{"@type":"WebPage","@id":"https:\/\/www.erresse-shop.it\/de\/shop\/kleine-elektrogeraete\/kaffeemaschinen-espresso\/handbuecher\/sage-the-bambino-schwarzer-truffel\/","url":"https:\/\/www.erresse-shop.it\/de\/shop\/kleine-elektrogeraete\/kaffeemaschinen-espresso\/handbuecher\/sage-the-bambino-schwarzer-truffel\/","name":"SAGE The Bambino Schwarzer Tr\u00fcffel - Erresse Shop","isPartOf":{"@id":"https:\/\/www.erresse-shop.it\/de\/#website"},"datePublished":"2023-02-23T15:06:58+00:00","dateModified":"2024-06-11T00:03:00+00:00","description":"ECHTER ESPRESSO MIT AUTOMATISCHER MILCHAUFSCH\u00c4UMUNG. DER SCHNELLERE WEG F\u00dcR PROFESSIONELLE ERGEBNISSE ZU HAUSE Wenn es um Qualit\u00e4tskaffee geht, geht The","breadcrumb":{"@id":"https:\/\/www.erresse-shop.it\/de\/shop\/kleine-elektrogeraete\/kaffeemaschinen-espresso\/handbuecher\/sage-the-bambino-schwarzer-truffel\/#breadcrumb"},"inLanguage":"de-DE","potentialAction":[{"@type":"ReadAction","target":["https:\/\/www.erresse-shop.it\/de\/shop\/kleine-elektrogeraete\/kaffeemaschinen-espresso\/handbuecher\/sage-the-bambino-schwarzer-truffel\/"]}]},{"@type":"BreadcrumbList","@id":"https:\/\/www.erresse-shop.it\/de\/shop\/kleine-elektrogeraete\/kaffeemaschinen-espresso\/handbuecher\/sage-the-bambino-schwarzer-truffel\/#breadcrumb","itemListElement":[{"@type":"ListItem","position":1,"name":"Home","item":"https:\/\/www.erresse-shop.it\/de\/"},{"@type":"ListItem","position":2,"name":"Shop","item":"https:\/\/www.erresse-shop.it\/de\/shop\/"},{"@type":"ListItem","position":3,"name":"SAGE The Bambino Schwarzer Tr\u00fcffel"}]},{"@type":"WebSite","@id":"https:\/\/www.erresse-shop.it\/de\/#website","url":"https:\/\/www.erresse-shop.it\/de\/","name":"Erresse Shop","description":"Articoli di qualit\u00e0 per la casa","potentialAction":[{"@type":"SearchAction","target":{"@type":"EntryPoint","urlTemplate":"https:\/\/www.erresse-shop.it\/de\/?s={search_term_string}"},"query-input":"required name=search_term_string"}],"inLanguage":"de-DE"}]}},"df_price":309.95,"df_sale_price":309.95,"df_regular_price":364.9,"df_image_link":"https:\/\/www.erresse-shop.it\/wp-content\/uploads\/2023\/02\/SAGE-The-Bambino-Tartufo-Nero-300x300.jpg","_links":{"self":[{"href":"https:\/\/www.erresse-shop.it\/de\/wp-json\/wp\/v2\/product\/242323"}],"collection":[{"href":"https:\/\/www.erresse-shop.it\/de\/wp-json\/wp\/v2\/product"}],"about":[{"href":"https:\/\/www.erresse-shop.it\/de\/wp-json\/wp\/v2\/types\/product"}],"wp:featuredmedia":[{"embeddable":true,"href":"https:\/\/www.erresse-shop.it\/de\/wp-json\/wp\/v2\/media\/479980"}],"wp:attachment":[{"href":"https:\/\/www.erresse-shop.it\/de\/wp-json\/wp\/v2\/media?parent=242323"}],"wp:term":[{"taxonomy":"product_cat","embeddable":true,"href":"https:\/\/www.erresse-shop.it\/de\/wp-json\/wp\/v2\/product_cat?post=242323"},{"taxonomy":"product_tag","embeddable":true,"href":"https:\/\/www.erresse-shop.it\/de\/wp-json\/wp\/v2\/product_tag?post=242323"}],"curies":[{"name":"wp","href":"https:\/\/api.w.org\/{rel}","templated":true}]}}