{"id":242261,"date":"2023-02-23T14:45:37","date_gmt":"2023-02-23T14:45:38","guid":{"rendered":"https:\/\/www.erresse-shop.it\/?post_type=product&#038;p=242261"},"modified":"2025-01-17T09:07:59","modified_gmt":"2025-01-17T09:07:59","slug":"le-creuset-gourmet-profitopf-aus-gusseisen-30-cm-azure","status":"publish","type":"product","link":"https:\/\/www.erresse-shop.it\/de\/shop\/kuche\/le-creuset-gourmet-profitopf-aus-gusseisen-30-cm-azure\/","title":{"rendered":"LE CREUSET Gourmet-Profitopf aus Gusseisen 30 cm Azure"},"content":{"rendered":"<p><strong>GL\u00dcCK IN DER K\u00dcCHE<\/strong><\/p>\n<p>Die in unserer franz\u00f6sischen Gie\u00dferei hergestellten Produkte aus verglastem Gusseisen sind in der kulinarischen Welt zu Legenden geworden. Diese flache Pfanne ist da keine Ausnahme. Mit ihrer breiten, flachen Form und den flachen Seiten eignet sie sich perfekt zum Anbraten von Fleisch und Gem\u00fcse, zum Garen, Braten und Backen. Au\u00dferdem f\u00f6rdert sie das Karamellisieren f\u00fcr noch verf\u00fchrerischere Gerichte.<\/p>\n<ul>\n<li>Unser hitzebest\u00e4ndiger Knopf (bis 260 \u00b0C) ist so konzipiert, dass er auch dann noch gut in der Hand liegt, wenn Sie den Deckel mit einem Topflappen anheben.<\/li>\n<li>Schnelle Reinigung: Eine d\u00fcnne, verglaste Innenschicht erleichtert die Reinigung.<\/li>\n<li>Tolle Griffe: Dank unserer gro\u00dfen Griffe k\u00f6nnen Sie sich auch mit Ofenhandschuhen leicht von der Herdplatte zum Tisch bewegen.<\/li>\n<li>Vielseitigkeit: Dieses Produkt ist f\u00fcr den Ofen, den Herd und den Grill geeignet.<\/li>\n<li>Leckeres Essen: Das verglaste Gusseisen speichert die W\u00e4rme und sorgt f\u00fcr gleichm\u00e4\u00dfiges Garen und Br\u00e4unen. Ihre k\u00f6stlichen Kreationen bleiben auf dem Tisch l\u00e4nger hei\u00df.<\/li>\n<li>Bewahrt die Saftigkeit: Unser Deckel h\u00e4lt den Dampf, der beim Garen von Speisen entsteht, zur\u00fcck und verst\u00e4rkt die Aromen f\u00fcr au\u00dfergew\u00f6hnliche Kochergebnisse.<\/li>\n<li>Einfach zu halten: Die eleganten und bequemen Griffe erm\u00f6glichen ein sicheres Anheben des Produkts.<\/li>\n<li>Nicht zu hei\u00df: Kochen Sie bei gleichbleibend niedriger bis mittlerer Hitze, um<\/li>\n<li>Ihr Produkt aus verglastem Gusseisen zu schonen und k\u00f6stliche Ergebnisse zu erzielen.<\/li>\n<li>Unsere Produkte werden aus den besten Materialien in Fabriken auf der ganzen Welt hergestellt, um die Qualit\u00e4t zu garantieren, die Sie von Le Creuset erwarten.<\/li>\n<\/ul>\n<p>Material: verglastes Gusseisen<br \/>\nHergestellt in: Frankreich<br \/>\nGarantie: lebenslang<\/p>\n<p><strong>W\u00e4rmequelle:<\/strong><\/p>\n<ul>\n<li>Backofen<\/li>\n<li>Backofen Grillmodus<\/li>\n<li>Kochfeld Elektrisch<\/li>\n<li>Glaskeramik<\/li>\n<li>Gas-Kochfeld<\/li>\n<li>Induktionskochfeld<\/li>\n<\/ul>\n<p><strong>Reinigung und Pflege:<\/strong><\/p>\n<ul>\n<li>Warten Sie, bis das Produkt abgek\u00fchlt ist, bevor Sie es reinigen.<\/li>\n<li>Reinigen Sie den Boden und die Seiten des Ger\u00e4ts von Essensresten. Wenn Essensreste daran haften, f\u00fcllen Sie das Ger\u00e4t mit warmem Seifenwasser und lassen Sie es 15-20 Minuten einweichen, bevor Sie es wie gewohnt waschen.<\/li>\n<li>Verwenden Sie keine Scheuermittel oder scheuernde oder sehr steife Metallschw\u00e4mme oder B\u00fcrsten f\u00fcr die Oberfl\u00e4chen.<\/li>\n<li>Nach dem Waschen gut abtrocknen und an einem trockenen Ort aufbewahren<\/li>\n<\/ul>\n<div class=\"su-youtube su-u-responsive-media-yes\"><iframe loading=\"lazy\" width=\"500\" height=\"200\" src=\"https:\/\/www.youtube.com\/embed\/YoiKOay1xos?\" frameborder=\"0\" allowfullscreen allow=\"autoplay; encrypted-media; picture-in-picture\" title=\"\"><\/iframe><\/div>\n","protected":false},"excerpt":{"rendered":"<p>GL\u00dcCK IN DER K\u00dcCHE Die in unserer franz\u00f6sischen Gie\u00dferei hergestellten Produkte aus verglastem Gusseisen sind in der kulinarischen Welt zu<\/p>\n","protected":false},"featured_media":242300,"template":"","meta":{"_acf_changed":false,"inline_featured_image":false},"product_cat":[6742],"product_tag":[22340,11387,11381,14827,11383,11385],"acf":[],"yoast_head":"<!-- This site is optimized with the Yoast SEO Premium plugin v18.6 (Yoast SEO v19.13) - https:\/\/yoast.com\/wordpress\/plugins\/seo\/ -->\n<title>LE CREUSET Gourmet-Profitopf aus Gusseisen 30 cm Azure<\/title>\n<meta name=\"description\" content=\"Entdecken Sie LE CREUSET Gourmet-Profitopf aus Gusseisen 30 cm Azure bei ErresseShop. Qualit\u00e4t, Stil und Funktionalit\u00e4t \u2013 jetzt online bestellen!\" \/>\n<meta name=\"robots\" content=\"index, follow, max-snippet:-1, max-image-preview:large, max-video-preview:-1\" \/>\n<link rel=\"canonical\" href=\"https:\/\/www.erresse-shop.it\/de\/shop\/kuche\/le-creuset-gourmet-profitopf-aus-gusseisen-30-cm-azure\/\" \/>\n<meta property=\"og:locale\" content=\"de_DE\" \/>\n<meta property=\"og:type\" content=\"article\" \/>\n<meta property=\"og:title\" content=\"LE CREUSET Gourmet-Profitopf aus Gusseisen 30 cm Azure\" \/>\n<meta property=\"og:description\" content=\"Entdecken Sie LE CREUSET Gourmet-Profitopf aus Gusseisen 30 cm Azure bei ErresseShop. Qualit\u00e4t, Stil und Funktionalit\u00e4t \u2013 jetzt online bestellen!\" \/>\n<meta property=\"og:url\" content=\"https:\/\/www.erresse-shop.it\/de\/shop\/kuche\/le-creuset-gourmet-profitopf-aus-gusseisen-30-cm-azure\/\" \/>\n<meta property=\"og:site_name\" content=\"Erresse Shop\" \/>\n<meta property=\"article:modified_time\" content=\"2025-01-17T09:07:59+00:00\" \/>\n<meta property=\"og:image\" content=\"https:\/\/www.erresse-shop.it\/wp-content\/uploads\/2023\/02\/LE-CREUSET-Tegame-Basso-Evolution-in-Ghisa-30-cm-Azure.jpg\" \/>\n\t<meta property=\"og:image:width\" content=\"800\" \/>\n\t<meta property=\"og:image:height\" content=\"800\" \/>\n\t<meta property=\"og:image:type\" content=\"image\/jpeg\" \/>\n<meta name=\"twitter:card\" content=\"summary_large_image\" \/>\n<script type=\"application\/ld+json\" class=\"yoast-schema-graph\">{\"@context\":\"https:\/\/schema.org\",\"@graph\":[{\"@type\":\"WebPage\",\"@id\":\"https:\/\/www.erresse-shop.it\/de\/shop\/kuche\/le-creuset-gourmet-profitopf-aus-gusseisen-30-cm-azure\/\",\"url\":\"https:\/\/www.erresse-shop.it\/de\/shop\/kuche\/le-creuset-gourmet-profitopf-aus-gusseisen-30-cm-azure\/\",\"name\":\"LE CREUSET Gourmet-Profitopf aus Gusseisen 30 cm Azure\",\"isPartOf\":{\"@id\":\"https:\/\/www.erresse-shop.it\/de\/#website\"},\"datePublished\":\"2023-02-23T14:45:38+00:00\",\"dateModified\":\"2025-01-17T09:07:59+00:00\",\"description\":\"Entdecken Sie LE CREUSET Gourmet-Profitopf aus Gusseisen 30 cm Azure bei ErresseShop. Qualit\u00e4t, Stil und Funktionalit\u00e4t \u2013 jetzt online bestellen!\",\"breadcrumb\":{\"@id\":\"https:\/\/www.erresse-shop.it\/de\/shop\/kuche\/le-creuset-gourmet-profitopf-aus-gusseisen-30-cm-azure\/#breadcrumb\"},\"inLanguage\":\"de-DE\",\"potentialAction\":[{\"@type\":\"ReadAction\",\"target\":[\"https:\/\/www.erresse-shop.it\/de\/shop\/kuche\/le-creuset-gourmet-profitopf-aus-gusseisen-30-cm-azure\/\"]}]},{\"@type\":\"BreadcrumbList\",\"@id\":\"https:\/\/www.erresse-shop.it\/de\/shop\/kuche\/le-creuset-gourmet-profitopf-aus-gusseisen-30-cm-azure\/#breadcrumb\",\"itemListElement\":[{\"@type\":\"ListItem\",\"position\":1,\"name\":\"Home\",\"item\":\"https:\/\/www.erresse-shop.it\/de\/\"},{\"@type\":\"ListItem\",\"position\":2,\"name\":\"Shop\",\"item\":\"https:\/\/www.erresse-shop.it\/de\/shop\/\"},{\"@type\":\"ListItem\",\"position\":3,\"name\":\"LE CREUSET Gourmet-Profitopf aus Gusseisen 30 cm Azure\"}]},{\"@type\":\"WebSite\",\"@id\":\"https:\/\/www.erresse-shop.it\/de\/#website\",\"url\":\"https:\/\/www.erresse-shop.it\/de\/\",\"name\":\"Erresse Shop\",\"description\":\"Articoli di qualit\u00e0 per la casa\",\"potentialAction\":[{\"@type\":\"SearchAction\",\"target\":{\"@type\":\"EntryPoint\",\"urlTemplate\":\"https:\/\/www.erresse-shop.it\/de\/?s={search_term_string}\"},\"query-input\":\"required name=search_term_string\"}],\"inLanguage\":\"de-DE\"}]}<\/script>\n<!-- \/ Yoast SEO Premium plugin. -->","yoast_head_json":{"title":"LE CREUSET Gourmet-Profitopf aus Gusseisen 30 cm Azure","description":"Entdecken Sie LE CREUSET Gourmet-Profitopf aus Gusseisen 30 cm Azure bei ErresseShop. Qualit\u00e4t, Stil und Funktionalit\u00e4t \u2013 jetzt online bestellen!","robots":{"index":"index","follow":"follow","max-snippet":"max-snippet:-1","max-image-preview":"max-image-preview:large","max-video-preview":"max-video-preview:-1"},"canonical":"https:\/\/www.erresse-shop.it\/de\/shop\/kuche\/le-creuset-gourmet-profitopf-aus-gusseisen-30-cm-azure\/","og_locale":"de_DE","og_type":"article","og_title":"LE CREUSET Gourmet-Profitopf aus Gusseisen 30 cm Azure","og_description":"Entdecken Sie LE CREUSET Gourmet-Profitopf aus Gusseisen 30 cm Azure bei ErresseShop. Qualit\u00e4t, Stil und Funktionalit\u00e4t \u2013 jetzt online bestellen!","og_url":"https:\/\/www.erresse-shop.it\/de\/shop\/kuche\/le-creuset-gourmet-profitopf-aus-gusseisen-30-cm-azure\/","og_site_name":"Erresse Shop","article_modified_time":"2025-01-17T09:07:59+00:00","og_image":[{"width":800,"height":800,"url":"https:\/\/www.erresse-shop.it\/wp-content\/uploads\/2023\/02\/LE-CREUSET-Tegame-Basso-Evolution-in-Ghisa-30-cm-Azure.jpg","type":"image\/jpeg"}],"twitter_card":"summary_large_image","schema":{"@context":"https:\/\/schema.org","@graph":[{"@type":"WebPage","@id":"https:\/\/www.erresse-shop.it\/de\/shop\/kuche\/le-creuset-gourmet-profitopf-aus-gusseisen-30-cm-azure\/","url":"https:\/\/www.erresse-shop.it\/de\/shop\/kuche\/le-creuset-gourmet-profitopf-aus-gusseisen-30-cm-azure\/","name":"LE CREUSET Gourmet-Profitopf aus Gusseisen 30 cm Azure","isPartOf":{"@id":"https:\/\/www.erresse-shop.it\/de\/#website"},"datePublished":"2023-02-23T14:45:38+00:00","dateModified":"2025-01-17T09:07:59+00:00","description":"Entdecken Sie LE CREUSET Gourmet-Profitopf aus Gusseisen 30 cm Azure bei ErresseShop. Qualit\u00e4t, Stil und Funktionalit\u00e4t \u2013 jetzt online bestellen!","breadcrumb":{"@id":"https:\/\/www.erresse-shop.it\/de\/shop\/kuche\/le-creuset-gourmet-profitopf-aus-gusseisen-30-cm-azure\/#breadcrumb"},"inLanguage":"de-DE","potentialAction":[{"@type":"ReadAction","target":["https:\/\/www.erresse-shop.it\/de\/shop\/kuche\/le-creuset-gourmet-profitopf-aus-gusseisen-30-cm-azure\/"]}]},{"@type":"BreadcrumbList","@id":"https:\/\/www.erresse-shop.it\/de\/shop\/kuche\/le-creuset-gourmet-profitopf-aus-gusseisen-30-cm-azure\/#breadcrumb","itemListElement":[{"@type":"ListItem","position":1,"name":"Home","item":"https:\/\/www.erresse-shop.it\/de\/"},{"@type":"ListItem","position":2,"name":"Shop","item":"https:\/\/www.erresse-shop.it\/de\/shop\/"},{"@type":"ListItem","position":3,"name":"LE CREUSET Gourmet-Profitopf aus Gusseisen 30 cm Azure"}]},{"@type":"WebSite","@id":"https:\/\/www.erresse-shop.it\/de\/#website","url":"https:\/\/www.erresse-shop.it\/de\/","name":"Erresse Shop","description":"Articoli di qualit\u00e0 per la casa","potentialAction":[{"@type":"SearchAction","target":{"@type":"EntryPoint","urlTemplate":"https:\/\/www.erresse-shop.it\/de\/?s={search_term_string}"},"query-input":"required name=search_term_string"}],"inLanguage":"de-DE"}]}},"df_price":152.55,"df_sale_price":152.55,"df_regular_price":339,"df_image_link":"https:\/\/www.erresse-shop.it\/wp-content\/uploads\/2023\/02\/LE-CREUSET-Tegame-Basso-Evolution-in-Ghisa-30-cm-Azure-300x300.jpg","_links":{"self":[{"href":"https:\/\/www.erresse-shop.it\/de\/wp-json\/wp\/v2\/product\/242261"}],"collection":[{"href":"https:\/\/www.erresse-shop.it\/de\/wp-json\/wp\/v2\/product"}],"about":[{"href":"https:\/\/www.erresse-shop.it\/de\/wp-json\/wp\/v2\/types\/product"}],"wp:featuredmedia":[{"embeddable":true,"href":"https:\/\/www.erresse-shop.it\/de\/wp-json\/wp\/v2\/media\/242300"}],"wp:attachment":[{"href":"https:\/\/www.erresse-shop.it\/de\/wp-json\/wp\/v2\/media?parent=242261"}],"wp:term":[{"taxonomy":"product_cat","embeddable":true,"href":"https:\/\/www.erresse-shop.it\/de\/wp-json\/wp\/v2\/product_cat?post=242261"},{"taxonomy":"product_tag","embeddable":true,"href":"https:\/\/www.erresse-shop.it\/de\/wp-json\/wp\/v2\/product_tag?post=242261"}],"curies":[{"name":"wp","href":"https:\/\/api.w.org\/{rel}","templated":true}]}}