{"id":24089,"date":"2017-12-03T15:16:14","date_gmt":"2017-12-03T15:16:14","guid":{"rendered":"https:\/\/www.erresse-shop.it\/?post_type=product&#038;p=24089"},"modified":"2025-01-17T10:59:36","modified_gmt":"2025-01-17T10:59:36","slug":"magimix-juice-expert-3-gemuseschneider-weis","status":"publish","type":"product","link":"https:\/\/www.erresse-shop.it\/de\/shop\/kleine-elektrogeraete\/extraktoren-und-zentrifugen\/magimix-juice-expert-3-gemuseschneider-weis\/","title":{"rendered":"MAGIMIX Juice Expert 3 + Gem\u00fcseschneider Wei\u00df"},"content":{"rendered":"<p><strong>MAGIMIX.<\/strong>\u00a0Es ist in Frankreich, im Herzen der Region Burgund, ber\u00fchmt f\u00fcr seine Gastronomie, da\u00df Magimix erfunden, vor mehr als vierzig Jahren, die K\u00fcchenmaschine.<br \/>\nHeute Magimix Ger\u00e4te sind die inl\u00e4ndische Version der Ger\u00e4te f\u00fcr Profis gedacht. Die besten Restaurants in der ganzen Welt nutzen die Profi-Version unserer Produkte.<br \/>\nIm Bereich Magimix, werden Sie die gesamte Palette der K\u00fcchenger\u00e4te zu finden.<br \/>\nImmer an der Spitze der Innovation in der K\u00fcche, ist stolz darauf, Magimix ihre neueste Kollektion f\u00fcr das Vergn\u00fcgen des Kochens als gro\u00dfer Koch zu pr\u00e4sentieren.<\/p>\n<p><strong>Juice Expert 3 mit kostenlosem Gem\u00fcseschneider<\/strong><\/p>\n<p>Magimix ist der Multifunktionssaft-Experte!<br \/>\nTag f\u00fcr Tag kombiniert der Juice Expert Magimix das Beste aus der Natur mit der besten Technologie, um Gesundheit und Vergn\u00fcgen in Einklang zu bringen.<br \/>\nDUNSTABZUG Saft Expert 3 MULTIFUNKTION 3 Funktionen:<br \/>\n&#8211; Extra Press XL Neue Magimix patentierte Erfindung zur Kaltextraktion von weichen und gekochten Fr\u00fcchten, Gem\u00fcsen, S\u00e4ften, Nektaren oder So\u00dfen.<br \/>\n&#8211; Filtersieb XL f\u00fcr die kalte Extraktion von Obst und Gem\u00fcse mit Sodal\u00f6sung (\u00c4pfel, Karotten) und gr\u00fcnem Gem\u00fcse. Magimix-Patent.<br \/>\n&#8211; Zitruspresse f\u00fcr frischen und schnellen Zitrussaft ohne Samen. 2 Kegel. Pulp System f\u00fcr einen Saft ohne Fruchtfleisch.<\/p>\n<p>Technische Beschreibung<br \/>\n&#8211; EXTRA PRESS XL hei\u00dfe und kalte cremige S\u00e4fte und Smoothies Maximaler Ertrag 96%<br \/>\n&#8211; FILTER SETACCIO XL reine und klare S\u00e4fte Gro\u00dfe Kapazit\u00e4t Stahlkorb, Korb mit abnehmbarem Kragen und<br \/>\n&#8211; SPREMIAGRUMI mit Deckarm + 2 Pulp System Zitruszapfen mit oder ohne Fruchtfleisch<\/p>\n<p>Cold Press Cold Extraction: Respekt f\u00fcr N\u00e4hrstoffe<br \/>\nProfessionelle Geschwindigkeit<br \/>\nHOPPER X L 90 x 75 mm<br \/>\nExtraktion des Saftes direkt in das Glas<br \/>\nEASY REINIGUNG sp\u00fclmaschinenfest<br \/>\nReinigungsspachtel 1<\/p>\n<p>Buch der Rezepte mehr als 40 Rezepte<br \/>\nKostenlose MAGIMIX-Anwendung mehr als 100 Rezepte, verf\u00fcgbar f\u00fcr Smartphones und Tablets<\/p>\n<p>Material 0% BPA<br \/>\nMotorleistung 400 W<br \/>\nUltraleiser professioneller Motor<br \/>\nMotorgarantie 30 Jahre<br \/>\nGARANTIE 3 Jahre<br \/>\nABMESSUNGEN H415 x L214 x P183 mm<br \/>\nGewicht 7,5 kg<\/p>\n<p><span style=\"line-height: 20.8px;\">Please note:\u00a0<\/span><span style=\"line-height: 20.8px;\">the power plug is European Schuko<\/span><\/p>\n<p><u style=\"font-size: 13px; line-height: 20.8px;\"><strong>Not for sale outside from Europe<\/strong><\/u><\/p>\n","protected":false},"excerpt":{"rendered":"<p>MAGIMIX.\u00a0Es ist in Frankreich, im Herzen der Region Burgund, ber\u00fchmt f\u00fcr seine Gastronomie, da\u00df Magimix erfunden, vor mehr als vierzig<\/p>\n","protected":false},"featured_media":509171,"template":"","meta":{"_acf_changed":false,"inline_featured_image":false},"product_cat":[6868,6703],"product_tag":[13005,11415,11927,13006,13007,15614,12315,13008,25022],"acf":[],"yoast_head":"<!-- This site is optimized with the Yoast SEO Premium plugin v18.6 (Yoast SEO v19.13) - https:\/\/yoast.com\/wordpress\/plugins\/seo\/ -->\n<title>MAGIMIX Juice Expert 3 + Gem\u00fcseschneider Wei\u00df<\/title>\n<meta name=\"description\" content=\"Entdecken Sie MAGIMIX Juice Expert 3 + Gem\u00fcseschneider Wei\u00df bei ErresseShop. Qualit\u00e4t, Stil und Funktionalit\u00e4t \u2013 jetzt online bestellen!\" \/>\n<meta name=\"robots\" content=\"index, follow, max-snippet:-1, max-image-preview:large, max-video-preview:-1\" \/>\n<link rel=\"canonical\" href=\"https:\/\/www.erresse-shop.it\/de\/shop\/kleine-elektrogeraete\/extraktoren-und-zentrifugen\/magimix-juice-expert-3-gemuseschneider-weis\/\" \/>\n<meta property=\"og:locale\" content=\"de_DE\" \/>\n<meta property=\"og:type\" content=\"article\" \/>\n<meta property=\"og:title\" content=\"MAGIMIX Juice Expert 3 + Gem\u00fcseschneider Wei\u00df\" \/>\n<meta property=\"og:description\" content=\"Entdecken Sie MAGIMIX Juice Expert 3 + Gem\u00fcseschneider Wei\u00df bei ErresseShop. Qualit\u00e4t, Stil und Funktionalit\u00e4t \u2013 jetzt online bestellen!\" \/>\n<meta property=\"og:url\" content=\"https:\/\/www.erresse-shop.it\/de\/shop\/kleine-elektrogeraete\/extraktoren-und-zentrifugen\/magimix-juice-expert-3-gemuseschneider-weis\/\" \/>\n<meta property=\"og:site_name\" content=\"Erresse Shop\" \/>\n<meta property=\"article:modified_time\" content=\"2025-01-17T10:59:36+00:00\" \/>\n<meta property=\"og:image\" content=\"https:\/\/www.erresse-shop.it\/wp-content\/uploads\/2017\/12\/MAGIMIX-Estrattore-Juice-Expert-3-con-Tagliaverdure-Bianco.png\" \/>\n\t<meta property=\"og:image:width\" content=\"800\" \/>\n\t<meta property=\"og:image:height\" content=\"800\" \/>\n\t<meta property=\"og:image:type\" content=\"image\/png\" \/>\n<meta name=\"twitter:card\" content=\"summary_large_image\" \/>\n<script type=\"application\/ld+json\" class=\"yoast-schema-graph\">{\"@context\":\"https:\/\/schema.org\",\"@graph\":[{\"@type\":\"WebPage\",\"@id\":\"https:\/\/www.erresse-shop.it\/de\/shop\/kleine-elektrogeraete\/extraktoren-und-zentrifugen\/magimix-juice-expert-3-gemuseschneider-weis\/\",\"url\":\"https:\/\/www.erresse-shop.it\/de\/shop\/kleine-elektrogeraete\/extraktoren-und-zentrifugen\/magimix-juice-expert-3-gemuseschneider-weis\/\",\"name\":\"MAGIMIX Juice Expert 3 + Gem\u00fcseschneider Wei\u00df\",\"isPartOf\":{\"@id\":\"https:\/\/www.erresse-shop.it\/de\/#website\"},\"datePublished\":\"2017-12-03T15:16:14+00:00\",\"dateModified\":\"2025-01-17T10:59:36+00:00\",\"description\":\"Entdecken Sie MAGIMIX Juice Expert 3 + Gem\u00fcseschneider Wei\u00df bei ErresseShop. Qualit\u00e4t, Stil und Funktionalit\u00e4t \u2013 jetzt online bestellen!\",\"breadcrumb\":{\"@id\":\"https:\/\/www.erresse-shop.it\/de\/shop\/kleine-elektrogeraete\/extraktoren-und-zentrifugen\/magimix-juice-expert-3-gemuseschneider-weis\/#breadcrumb\"},\"inLanguage\":\"de-DE\",\"potentialAction\":[{\"@type\":\"ReadAction\",\"target\":[\"https:\/\/www.erresse-shop.it\/de\/shop\/kleine-elektrogeraete\/extraktoren-und-zentrifugen\/magimix-juice-expert-3-gemuseschneider-weis\/\"]}]},{\"@type\":\"BreadcrumbList\",\"@id\":\"https:\/\/www.erresse-shop.it\/de\/shop\/kleine-elektrogeraete\/extraktoren-und-zentrifugen\/magimix-juice-expert-3-gemuseschneider-weis\/#breadcrumb\",\"itemListElement\":[{\"@type\":\"ListItem\",\"position\":1,\"name\":\"Home\",\"item\":\"https:\/\/www.erresse-shop.it\/de\/\"},{\"@type\":\"ListItem\",\"position\":2,\"name\":\"Shop\",\"item\":\"https:\/\/www.erresse-shop.it\/de\/shop\/\"},{\"@type\":\"ListItem\",\"position\":3,\"name\":\"MAGIMIX Juice Expert 3 + Gem\u00fcseschneider Wei\u00df\"}]},{\"@type\":\"WebSite\",\"@id\":\"https:\/\/www.erresse-shop.it\/de\/#website\",\"url\":\"https:\/\/www.erresse-shop.it\/de\/\",\"name\":\"Erresse Shop\",\"description\":\"Articoli di qualit\u00e0 per la casa\",\"potentialAction\":[{\"@type\":\"SearchAction\",\"target\":{\"@type\":\"EntryPoint\",\"urlTemplate\":\"https:\/\/www.erresse-shop.it\/de\/?s={search_term_string}\"},\"query-input\":\"required name=search_term_string\"}],\"inLanguage\":\"de-DE\"}]}<\/script>\n<!-- \/ Yoast SEO Premium plugin. -->","yoast_head_json":{"title":"MAGIMIX Juice Expert 3 + Gem\u00fcseschneider Wei\u00df","description":"Entdecken Sie MAGIMIX Juice Expert 3 + Gem\u00fcseschneider Wei\u00df bei ErresseShop. Qualit\u00e4t, Stil und Funktionalit\u00e4t \u2013 jetzt online bestellen!","robots":{"index":"index","follow":"follow","max-snippet":"max-snippet:-1","max-image-preview":"max-image-preview:large","max-video-preview":"max-video-preview:-1"},"canonical":"https:\/\/www.erresse-shop.it\/de\/shop\/kleine-elektrogeraete\/extraktoren-und-zentrifugen\/magimix-juice-expert-3-gemuseschneider-weis\/","og_locale":"de_DE","og_type":"article","og_title":"MAGIMIX Juice Expert 3 + Gem\u00fcseschneider Wei\u00df","og_description":"Entdecken Sie MAGIMIX Juice Expert 3 + Gem\u00fcseschneider Wei\u00df bei ErresseShop. Qualit\u00e4t, Stil und Funktionalit\u00e4t \u2013 jetzt online bestellen!","og_url":"https:\/\/www.erresse-shop.it\/de\/shop\/kleine-elektrogeraete\/extraktoren-und-zentrifugen\/magimix-juice-expert-3-gemuseschneider-weis\/","og_site_name":"Erresse Shop","article_modified_time":"2025-01-17T10:59:36+00:00","og_image":[{"width":800,"height":800,"url":"https:\/\/www.erresse-shop.it\/wp-content\/uploads\/2017\/12\/MAGIMIX-Estrattore-Juice-Expert-3-con-Tagliaverdure-Bianco.png","type":"image\/png"}],"twitter_card":"summary_large_image","schema":{"@context":"https:\/\/schema.org","@graph":[{"@type":"WebPage","@id":"https:\/\/www.erresse-shop.it\/de\/shop\/kleine-elektrogeraete\/extraktoren-und-zentrifugen\/magimix-juice-expert-3-gemuseschneider-weis\/","url":"https:\/\/www.erresse-shop.it\/de\/shop\/kleine-elektrogeraete\/extraktoren-und-zentrifugen\/magimix-juice-expert-3-gemuseschneider-weis\/","name":"MAGIMIX Juice Expert 3 + Gem\u00fcseschneider Wei\u00df","isPartOf":{"@id":"https:\/\/www.erresse-shop.it\/de\/#website"},"datePublished":"2017-12-03T15:16:14+00:00","dateModified":"2025-01-17T10:59:36+00:00","description":"Entdecken Sie MAGIMIX Juice Expert 3 + Gem\u00fcseschneider Wei\u00df bei ErresseShop. Qualit\u00e4t, Stil und Funktionalit\u00e4t \u2013 jetzt online bestellen!","breadcrumb":{"@id":"https:\/\/www.erresse-shop.it\/de\/shop\/kleine-elektrogeraete\/extraktoren-und-zentrifugen\/magimix-juice-expert-3-gemuseschneider-weis\/#breadcrumb"},"inLanguage":"de-DE","potentialAction":[{"@type":"ReadAction","target":["https:\/\/www.erresse-shop.it\/de\/shop\/kleine-elektrogeraete\/extraktoren-und-zentrifugen\/magimix-juice-expert-3-gemuseschneider-weis\/"]}]},{"@type":"BreadcrumbList","@id":"https:\/\/www.erresse-shop.it\/de\/shop\/kleine-elektrogeraete\/extraktoren-und-zentrifugen\/magimix-juice-expert-3-gemuseschneider-weis\/#breadcrumb","itemListElement":[{"@type":"ListItem","position":1,"name":"Home","item":"https:\/\/www.erresse-shop.it\/de\/"},{"@type":"ListItem","position":2,"name":"Shop","item":"https:\/\/www.erresse-shop.it\/de\/shop\/"},{"@type":"ListItem","position":3,"name":"MAGIMIX Juice Expert 3 + Gem\u00fcseschneider Wei\u00df"}]},{"@type":"WebSite","@id":"https:\/\/www.erresse-shop.it\/de\/#website","url":"https:\/\/www.erresse-shop.it\/de\/","name":"Erresse Shop","description":"Articoli di qualit\u00e0 per la casa","potentialAction":[{"@type":"SearchAction","target":{"@type":"EntryPoint","urlTemplate":"https:\/\/www.erresse-shop.it\/de\/?s={search_term_string}"},"query-input":"required name=search_term_string"}],"inLanguage":"de-DE"}]}},"df_price":221,"df_sale_price":221,"df_regular_price":340,"df_image_link":"https:\/\/www.erresse-shop.it\/wp-content\/uploads\/2017\/12\/MAGIMIX-Estrattore-Juice-Expert-3-con-Tagliaverdure-Bianco-300x300.jpg","_links":{"self":[{"href":"https:\/\/www.erresse-shop.it\/de\/wp-json\/wp\/v2\/product\/24089"}],"collection":[{"href":"https:\/\/www.erresse-shop.it\/de\/wp-json\/wp\/v2\/product"}],"about":[{"href":"https:\/\/www.erresse-shop.it\/de\/wp-json\/wp\/v2\/types\/product"}],"wp:featuredmedia":[{"embeddable":true,"href":"https:\/\/www.erresse-shop.it\/de\/wp-json\/wp\/v2\/media\/509171"}],"wp:attachment":[{"href":"https:\/\/www.erresse-shop.it\/de\/wp-json\/wp\/v2\/media?parent=24089"}],"wp:term":[{"taxonomy":"product_cat","embeddable":true,"href":"https:\/\/www.erresse-shop.it\/de\/wp-json\/wp\/v2\/product_cat?post=24089"},{"taxonomy":"product_tag","embeddable":true,"href":"https:\/\/www.erresse-shop.it\/de\/wp-json\/wp\/v2\/product_tag?post=24089"}],"curies":[{"name":"wp","href":"https:\/\/api.w.org\/{rel}","templated":true}]}}