{"id":239891,"date":"2023-02-17T13:57:15","date_gmt":"2023-02-17T13:57:17","guid":{"rendered":"https:\/\/www.erresse-shop.it\/?post_type=product&#038;p=239891"},"modified":"2025-01-17T18:00:26","modified_gmt":"2025-01-17T18:00:26","slug":"villeroy-boch-amazon-ortsmarkierung-33-cm","status":"publish","type":"product","link":"https:\/\/www.erresse-shop.it\/de\/shop\/tisch\/teller-geschirr\/servierplatten\/villeroy-boch-amazon-ortsmarkierung-33-cm\/","title":{"rendered":"VILLEROY &#038; BOCH Amazon Ortsmarkierung 33 cm"},"content":{"rendered":"<p><strong>K\u00f6stlichkeiten ansprechend servieren<\/strong><br \/>\nAu\u00dfergew\u00f6hnliche Formen und detailreiche, exotische Dekore in leuchtenden Farben machen die Kollektion Amazonia Anmut von Villeroy &amp; Boch zu einem echten Hingucker. Mit diesem attraktiven und extravaganten Platzteller zaubern Sie schon beim Eindecken eine exklusive Atmosph\u00e4re auf Ihren Tisch. Beeindrucken Sie Ihre Lieben mit feinem Porzellangeschirr aus der Kollektion Amazonia Anmut.<\/p>\n<p><strong>Material:<\/strong> Porzellan bone premium<br \/>\n<strong>Durchmesser:<\/strong> 300mm<br \/>\n<strong>Sp\u00fclmaschinentauglich:<\/strong> ja<br \/>\n<strong>Geeignet f\u00fcr die Mikrowelle:<\/strong> nein<\/p>\n","protected":false},"excerpt":{"rendered":"<p>K\u00f6stlichkeiten ansprechend servieren Au\u00dfergew\u00f6hnliche Formen und detailreiche, exotische Dekore in leuchtenden Farben machen die Kollektion Amazonia Anmut von Villeroy &amp;<\/p>\n","protected":false},"featured_media":474486,"template":"","meta":{"_acf_changed":false,"inline_featured_image":false},"product_cat":[6796,6787],"product_tag":[25027,22036,24604,11971,21959,21960,14262,25022,11827,21822],"acf":[],"yoast_head":"<!-- This site is optimized with the Yoast SEO Premium plugin v18.6 (Yoast SEO v19.13) - https:\/\/yoast.com\/wordpress\/plugins\/seo\/ -->\n<title>VILLEROY &amp; BOCH Amazon Ortsmarkierung 33 cm<\/title>\n<meta name=\"description\" content=\"Entdecken Sie VILLEROY &amp; BOCH Amazon Ortsmarkierung 33 cm bei ErresseShop. Qualit\u00e4t, Stil und Funktionalit\u00e4t \u2013 jetzt online bestellen!\" \/>\n<meta name=\"robots\" content=\"index, follow, max-snippet:-1, max-image-preview:large, max-video-preview:-1\" \/>\n<link rel=\"canonical\" href=\"https:\/\/www.erresse-shop.it\/de\/shop\/tisch\/teller-geschirr\/servierplatten\/villeroy-boch-amazon-ortsmarkierung-33-cm\/\" \/>\n<meta property=\"og:locale\" content=\"de_DE\" \/>\n<meta property=\"og:type\" content=\"article\" \/>\n<meta property=\"og:title\" content=\"VILLEROY &amp; BOCH Amazon Ortsmarkierung 33 cm\" \/>\n<meta property=\"og:description\" content=\"Entdecken Sie VILLEROY &amp; BOCH Amazon Ortsmarkierung 33 cm bei ErresseShop. Qualit\u00e4t, Stil und Funktionalit\u00e4t \u2013 jetzt online bestellen!\" \/>\n<meta property=\"og:url\" content=\"https:\/\/www.erresse-shop.it\/de\/shop\/tisch\/teller-geschirr\/servierplatten\/villeroy-boch-amazon-ortsmarkierung-33-cm\/\" \/>\n<meta property=\"og:site_name\" content=\"Erresse Shop\" \/>\n<meta property=\"article:modified_time\" content=\"2025-01-17T18:00:26+00:00\" \/>\n<meta property=\"og:image\" content=\"https:\/\/www.erresse-shop.it\/wp-content\/uploads\/2023\/02\/VILLEROY-BOCH-Amazonia-Segnaposto-30-cm.jpg\" \/>\n\t<meta property=\"og:image:width\" content=\"800\" \/>\n\t<meta property=\"og:image:height\" content=\"800\" \/>\n\t<meta property=\"og:image:type\" content=\"image\/jpeg\" \/>\n<meta name=\"twitter:card\" content=\"summary_large_image\" \/>\n<script type=\"application\/ld+json\" class=\"yoast-schema-graph\">{\"@context\":\"https:\/\/schema.org\",\"@graph\":[{\"@type\":\"WebPage\",\"@id\":\"https:\/\/www.erresse-shop.it\/de\/shop\/tisch\/teller-geschirr\/servierplatten\/villeroy-boch-amazon-ortsmarkierung-33-cm\/\",\"url\":\"https:\/\/www.erresse-shop.it\/de\/shop\/tisch\/teller-geschirr\/servierplatten\/villeroy-boch-amazon-ortsmarkierung-33-cm\/\",\"name\":\"VILLEROY & BOCH Amazon Ortsmarkierung 33 cm\",\"isPartOf\":{\"@id\":\"https:\/\/www.erresse-shop.it\/de\/#website\"},\"datePublished\":\"2023-02-17T13:57:17+00:00\",\"dateModified\":\"2025-01-17T18:00:26+00:00\",\"description\":\"Entdecken Sie VILLEROY & BOCH Amazon Ortsmarkierung 33 cm bei ErresseShop. Qualit\u00e4t, Stil und Funktionalit\u00e4t \u2013 jetzt online bestellen!\",\"breadcrumb\":{\"@id\":\"https:\/\/www.erresse-shop.it\/de\/shop\/tisch\/teller-geschirr\/servierplatten\/villeroy-boch-amazon-ortsmarkierung-33-cm\/#breadcrumb\"},\"inLanguage\":\"de-DE\",\"potentialAction\":[{\"@type\":\"ReadAction\",\"target\":[\"https:\/\/www.erresse-shop.it\/de\/shop\/tisch\/teller-geschirr\/servierplatten\/villeroy-boch-amazon-ortsmarkierung-33-cm\/\"]}]},{\"@type\":\"BreadcrumbList\",\"@id\":\"https:\/\/www.erresse-shop.it\/de\/shop\/tisch\/teller-geschirr\/servierplatten\/villeroy-boch-amazon-ortsmarkierung-33-cm\/#breadcrumb\",\"itemListElement\":[{\"@type\":\"ListItem\",\"position\":1,\"name\":\"Home\",\"item\":\"https:\/\/www.erresse-shop.it\/de\/\"},{\"@type\":\"ListItem\",\"position\":2,\"name\":\"Shop\",\"item\":\"https:\/\/www.erresse-shop.it\/de\/shop\/\"},{\"@type\":\"ListItem\",\"position\":3,\"name\":\"VILLEROY &#038; BOCH Amazon Ortsmarkierung 33 cm\"}]},{\"@type\":\"WebSite\",\"@id\":\"https:\/\/www.erresse-shop.it\/de\/#website\",\"url\":\"https:\/\/www.erresse-shop.it\/de\/\",\"name\":\"Erresse Shop\",\"description\":\"Articoli di qualit\u00e0 per la casa\",\"potentialAction\":[{\"@type\":\"SearchAction\",\"target\":{\"@type\":\"EntryPoint\",\"urlTemplate\":\"https:\/\/www.erresse-shop.it\/de\/?s={search_term_string}\"},\"query-input\":\"required name=search_term_string\"}],\"inLanguage\":\"de-DE\"}]}<\/script>\n<!-- \/ Yoast SEO Premium plugin. -->","yoast_head_json":{"title":"VILLEROY & BOCH Amazon Ortsmarkierung 33 cm","description":"Entdecken Sie VILLEROY & BOCH Amazon Ortsmarkierung 33 cm bei ErresseShop. Qualit\u00e4t, Stil und Funktionalit\u00e4t \u2013 jetzt online bestellen!","robots":{"index":"index","follow":"follow","max-snippet":"max-snippet:-1","max-image-preview":"max-image-preview:large","max-video-preview":"max-video-preview:-1"},"canonical":"https:\/\/www.erresse-shop.it\/de\/shop\/tisch\/teller-geschirr\/servierplatten\/villeroy-boch-amazon-ortsmarkierung-33-cm\/","og_locale":"de_DE","og_type":"article","og_title":"VILLEROY & BOCH Amazon Ortsmarkierung 33 cm","og_description":"Entdecken Sie VILLEROY & BOCH Amazon Ortsmarkierung 33 cm bei ErresseShop. Qualit\u00e4t, Stil und Funktionalit\u00e4t \u2013 jetzt online bestellen!","og_url":"https:\/\/www.erresse-shop.it\/de\/shop\/tisch\/teller-geschirr\/servierplatten\/villeroy-boch-amazon-ortsmarkierung-33-cm\/","og_site_name":"Erresse Shop","article_modified_time":"2025-01-17T18:00:26+00:00","og_image":[{"width":800,"height":800,"url":"https:\/\/www.erresse-shop.it\/wp-content\/uploads\/2023\/02\/VILLEROY-BOCH-Amazonia-Segnaposto-30-cm.jpg","type":"image\/jpeg"}],"twitter_card":"summary_large_image","schema":{"@context":"https:\/\/schema.org","@graph":[{"@type":"WebPage","@id":"https:\/\/www.erresse-shop.it\/de\/shop\/tisch\/teller-geschirr\/servierplatten\/villeroy-boch-amazon-ortsmarkierung-33-cm\/","url":"https:\/\/www.erresse-shop.it\/de\/shop\/tisch\/teller-geschirr\/servierplatten\/villeroy-boch-amazon-ortsmarkierung-33-cm\/","name":"VILLEROY & BOCH Amazon Ortsmarkierung 33 cm","isPartOf":{"@id":"https:\/\/www.erresse-shop.it\/de\/#website"},"datePublished":"2023-02-17T13:57:17+00:00","dateModified":"2025-01-17T18:00:26+00:00","description":"Entdecken Sie VILLEROY & BOCH Amazon Ortsmarkierung 33 cm bei ErresseShop. Qualit\u00e4t, Stil und Funktionalit\u00e4t \u2013 jetzt online bestellen!","breadcrumb":{"@id":"https:\/\/www.erresse-shop.it\/de\/shop\/tisch\/teller-geschirr\/servierplatten\/villeroy-boch-amazon-ortsmarkierung-33-cm\/#breadcrumb"},"inLanguage":"de-DE","potentialAction":[{"@type":"ReadAction","target":["https:\/\/www.erresse-shop.it\/de\/shop\/tisch\/teller-geschirr\/servierplatten\/villeroy-boch-amazon-ortsmarkierung-33-cm\/"]}]},{"@type":"BreadcrumbList","@id":"https:\/\/www.erresse-shop.it\/de\/shop\/tisch\/teller-geschirr\/servierplatten\/villeroy-boch-amazon-ortsmarkierung-33-cm\/#breadcrumb","itemListElement":[{"@type":"ListItem","position":1,"name":"Home","item":"https:\/\/www.erresse-shop.it\/de\/"},{"@type":"ListItem","position":2,"name":"Shop","item":"https:\/\/www.erresse-shop.it\/de\/shop\/"},{"@type":"ListItem","position":3,"name":"VILLEROY &#038; BOCH Amazon Ortsmarkierung 33 cm"}]},{"@type":"WebSite","@id":"https:\/\/www.erresse-shop.it\/de\/#website","url":"https:\/\/www.erresse-shop.it\/de\/","name":"Erresse Shop","description":"Articoli di qualit\u00e0 per la casa","potentialAction":[{"@type":"SearchAction","target":{"@type":"EntryPoint","urlTemplate":"https:\/\/www.erresse-shop.it\/de\/?s={search_term_string}"},"query-input":"required name=search_term_string"}],"inLanguage":"de-DE"}]}},"df_price":79.92,"df_sale_price":79.92,"df_regular_price":99.9,"df_image_link":"https:\/\/www.erresse-shop.it\/wp-content\/uploads\/2023\/02\/VILLEROY-BOCH-Amazonia-Segnaposto-30-cm-1-300x300.jpg","_links":{"self":[{"href":"https:\/\/www.erresse-shop.it\/de\/wp-json\/wp\/v2\/product\/239891"}],"collection":[{"href":"https:\/\/www.erresse-shop.it\/de\/wp-json\/wp\/v2\/product"}],"about":[{"href":"https:\/\/www.erresse-shop.it\/de\/wp-json\/wp\/v2\/types\/product"}],"wp:featuredmedia":[{"embeddable":true,"href":"https:\/\/www.erresse-shop.it\/de\/wp-json\/wp\/v2\/media\/474486"}],"wp:attachment":[{"href":"https:\/\/www.erresse-shop.it\/de\/wp-json\/wp\/v2\/media?parent=239891"}],"wp:term":[{"taxonomy":"product_cat","embeddable":true,"href":"https:\/\/www.erresse-shop.it\/de\/wp-json\/wp\/v2\/product_cat?post=239891"},{"taxonomy":"product_tag","embeddable":true,"href":"https:\/\/www.erresse-shop.it\/de\/wp-json\/wp\/v2\/product_tag?post=239891"}],"curies":[{"name":"wp","href":"https:\/\/api.w.org\/{rel}","templated":true}]}}