{"id":238903,"date":"2023-02-16T11:43:26","date_gmt":"2023-02-16T11:43:27","guid":{"rendered":"https:\/\/www.erresse-shop.it\/?post_type=product&#038;p=238903"},"modified":"2025-01-17T18:00:11","modified_gmt":"2025-01-17T18:00:11","slug":"villeroy-boch-new-moon-set-6-schalen-24-cm","status":"publish","type":"product","link":"https:\/\/www.erresse-shop.it\/de\/shop\/tisch\/koerbe-und-schalen\/villeroy-boch-new-moon-set-6-schalen-24-cm\/","title":{"rendered":"VILLEROY &#038; BOCH New Moon Set 6 Schalen 24 cm"},"content":{"rendered":"<p><strong>Ideal f\u00fcr Suppen und Desserts<\/strong><br \/>\nAusdrucksstark, funktional, puristisch &#8211; mit der Linie NewMoon setzen Sie auf ein einzigartiges Design f\u00fcr den t\u00e4glichen Gebrauch und besondere Anl\u00e4sse. Der markante Rand in Form einer d\u00fcnnen Mondsichel und die daraus resultierende leichte Asymmetrie spiegeln den klaren Charakter der Kollektion wider. Servierschalen kann man nie genug haben &#8211; vor allem, wenn sie so sch\u00f6n sind wie diese. Entdecken Sie Porzellan, das von der Sch\u00f6nheit des Mondes inspiriert ist.<\/p>\n<p><strong>Material:<\/strong> Porzellan<br \/>\n<strong>Durchmesser:<\/strong> 250ml<br \/>\n<strong>Sp\u00fclmaschinentauglich:<\/strong> ja<br \/>\n<strong>Geeignet f\u00fcr die Mikrowelle:<\/strong> ja<\/p>\n","protected":false},"excerpt":{"rendered":"<p>Ideal f\u00fcr Suppen und Desserts Ausdrucksstark, funktional, puristisch &#8211; mit der Linie NewMoon setzen Sie auf ein einzigartiges Design f\u00fcr<\/p>\n","protected":false},"featured_media":474585,"template":"","meta":{"_acf_changed":false,"inline_featured_image":false},"product_cat":[6787,14243],"product_tag":[25027,22003,17858,21952,25022],"acf":[],"yoast_head":"<!-- This site is optimized with the Yoast SEO Premium plugin v18.6 (Yoast SEO v19.13) - https:\/\/yoast.com\/wordpress\/plugins\/seo\/ -->\n<title>VILLEROY &amp; BOCH New Moon Set 6 Schalen 24 cm<\/title>\n<meta name=\"description\" content=\"Entdecken Sie VILLEROY &amp; BOCH New Moon Set 6 Schalen 24 cm bei ErresseShop. Qualit\u00e4t, Stil und Funktionalit\u00e4t \u2013 jetzt online bestellen!\" \/>\n<meta name=\"robots\" content=\"index, follow, max-snippet:-1, max-image-preview:large, max-video-preview:-1\" \/>\n<link rel=\"canonical\" href=\"https:\/\/www.erresse-shop.it\/de\/shop\/tisch\/koerbe-und-schalen\/villeroy-boch-new-moon-set-6-schalen-24-cm\/\" \/>\n<meta property=\"og:locale\" content=\"de_DE\" \/>\n<meta property=\"og:type\" content=\"article\" \/>\n<meta property=\"og:title\" content=\"VILLEROY &amp; BOCH New Moon Set 6 Schalen 24 cm\" \/>\n<meta property=\"og:description\" content=\"Entdecken Sie VILLEROY &amp; BOCH New Moon Set 6 Schalen 24 cm bei ErresseShop. Qualit\u00e4t, Stil und Funktionalit\u00e4t \u2013 jetzt online bestellen!\" \/>\n<meta property=\"og:url\" content=\"https:\/\/www.erresse-shop.it\/de\/shop\/tisch\/koerbe-und-schalen\/villeroy-boch-new-moon-set-6-schalen-24-cm\/\" \/>\n<meta property=\"og:site_name\" content=\"Erresse Shop\" \/>\n<meta property=\"article:modified_time\" content=\"2025-01-17T18:00:11+00:00\" \/>\n<meta property=\"og:image\" content=\"https:\/\/www.erresse-shop.it\/wp-content\/uploads\/2023\/02\/VILLEROY-BOCH-New-Moon-Set-6-Ciotole-24-cm.jpg\" \/>\n\t<meta property=\"og:image:width\" content=\"800\" \/>\n\t<meta property=\"og:image:height\" content=\"800\" \/>\n\t<meta property=\"og:image:type\" content=\"image\/jpeg\" \/>\n<meta name=\"twitter:card\" content=\"summary_large_image\" \/>\n<script type=\"application\/ld+json\" class=\"yoast-schema-graph\">{\"@context\":\"https:\/\/schema.org\",\"@graph\":[{\"@type\":\"WebPage\",\"@id\":\"https:\/\/www.erresse-shop.it\/de\/shop\/tisch\/koerbe-und-schalen\/villeroy-boch-new-moon-set-6-schalen-24-cm\/\",\"url\":\"https:\/\/www.erresse-shop.it\/de\/shop\/tisch\/koerbe-und-schalen\/villeroy-boch-new-moon-set-6-schalen-24-cm\/\",\"name\":\"VILLEROY & BOCH New Moon Set 6 Schalen 24 cm\",\"isPartOf\":{\"@id\":\"https:\/\/www.erresse-shop.it\/de\/#website\"},\"datePublished\":\"2023-02-16T11:43:27+00:00\",\"dateModified\":\"2025-01-17T18:00:11+00:00\",\"description\":\"Entdecken Sie VILLEROY & BOCH New Moon Set 6 Schalen 24 cm bei ErresseShop. Qualit\u00e4t, Stil und Funktionalit\u00e4t \u2013 jetzt online bestellen!\",\"breadcrumb\":{\"@id\":\"https:\/\/www.erresse-shop.it\/de\/shop\/tisch\/koerbe-und-schalen\/villeroy-boch-new-moon-set-6-schalen-24-cm\/#breadcrumb\"},\"inLanguage\":\"de-DE\",\"potentialAction\":[{\"@type\":\"ReadAction\",\"target\":[\"https:\/\/www.erresse-shop.it\/de\/shop\/tisch\/koerbe-und-schalen\/villeroy-boch-new-moon-set-6-schalen-24-cm\/\"]}]},{\"@type\":\"BreadcrumbList\",\"@id\":\"https:\/\/www.erresse-shop.it\/de\/shop\/tisch\/koerbe-und-schalen\/villeroy-boch-new-moon-set-6-schalen-24-cm\/#breadcrumb\",\"itemListElement\":[{\"@type\":\"ListItem\",\"position\":1,\"name\":\"Home\",\"item\":\"https:\/\/www.erresse-shop.it\/de\/\"},{\"@type\":\"ListItem\",\"position\":2,\"name\":\"Shop\",\"item\":\"https:\/\/www.erresse-shop.it\/de\/shop\/\"},{\"@type\":\"ListItem\",\"position\":3,\"name\":\"VILLEROY &#038; BOCH New Moon Set 6 Schalen 24 cm\"}]},{\"@type\":\"WebSite\",\"@id\":\"https:\/\/www.erresse-shop.it\/de\/#website\",\"url\":\"https:\/\/www.erresse-shop.it\/de\/\",\"name\":\"Erresse Shop\",\"description\":\"Articoli di qualit\u00e0 per la casa\",\"potentialAction\":[{\"@type\":\"SearchAction\",\"target\":{\"@type\":\"EntryPoint\",\"urlTemplate\":\"https:\/\/www.erresse-shop.it\/de\/?s={search_term_string}\"},\"query-input\":\"required name=search_term_string\"}],\"inLanguage\":\"de-DE\"}]}<\/script>\n<!-- \/ Yoast SEO Premium plugin. -->","yoast_head_json":{"title":"VILLEROY & BOCH New Moon Set 6 Schalen 24 cm","description":"Entdecken Sie VILLEROY & BOCH New Moon Set 6 Schalen 24 cm bei ErresseShop. Qualit\u00e4t, Stil und Funktionalit\u00e4t \u2013 jetzt online bestellen!","robots":{"index":"index","follow":"follow","max-snippet":"max-snippet:-1","max-image-preview":"max-image-preview:large","max-video-preview":"max-video-preview:-1"},"canonical":"https:\/\/www.erresse-shop.it\/de\/shop\/tisch\/koerbe-und-schalen\/villeroy-boch-new-moon-set-6-schalen-24-cm\/","og_locale":"de_DE","og_type":"article","og_title":"VILLEROY & BOCH New Moon Set 6 Schalen 24 cm","og_description":"Entdecken Sie VILLEROY & BOCH New Moon Set 6 Schalen 24 cm bei ErresseShop. Qualit\u00e4t, Stil und Funktionalit\u00e4t \u2013 jetzt online bestellen!","og_url":"https:\/\/www.erresse-shop.it\/de\/shop\/tisch\/koerbe-und-schalen\/villeroy-boch-new-moon-set-6-schalen-24-cm\/","og_site_name":"Erresse Shop","article_modified_time":"2025-01-17T18:00:11+00:00","og_image":[{"width":800,"height":800,"url":"https:\/\/www.erresse-shop.it\/wp-content\/uploads\/2023\/02\/VILLEROY-BOCH-New-Moon-Set-6-Ciotole-24-cm.jpg","type":"image\/jpeg"}],"twitter_card":"summary_large_image","schema":{"@context":"https:\/\/schema.org","@graph":[{"@type":"WebPage","@id":"https:\/\/www.erresse-shop.it\/de\/shop\/tisch\/koerbe-und-schalen\/villeroy-boch-new-moon-set-6-schalen-24-cm\/","url":"https:\/\/www.erresse-shop.it\/de\/shop\/tisch\/koerbe-und-schalen\/villeroy-boch-new-moon-set-6-schalen-24-cm\/","name":"VILLEROY & BOCH New Moon Set 6 Schalen 24 cm","isPartOf":{"@id":"https:\/\/www.erresse-shop.it\/de\/#website"},"datePublished":"2023-02-16T11:43:27+00:00","dateModified":"2025-01-17T18:00:11+00:00","description":"Entdecken Sie VILLEROY & BOCH New Moon Set 6 Schalen 24 cm bei ErresseShop. Qualit\u00e4t, Stil und Funktionalit\u00e4t \u2013 jetzt online bestellen!","breadcrumb":{"@id":"https:\/\/www.erresse-shop.it\/de\/shop\/tisch\/koerbe-und-schalen\/villeroy-boch-new-moon-set-6-schalen-24-cm\/#breadcrumb"},"inLanguage":"de-DE","potentialAction":[{"@type":"ReadAction","target":["https:\/\/www.erresse-shop.it\/de\/shop\/tisch\/koerbe-und-schalen\/villeroy-boch-new-moon-set-6-schalen-24-cm\/"]}]},{"@type":"BreadcrumbList","@id":"https:\/\/www.erresse-shop.it\/de\/shop\/tisch\/koerbe-und-schalen\/villeroy-boch-new-moon-set-6-schalen-24-cm\/#breadcrumb","itemListElement":[{"@type":"ListItem","position":1,"name":"Home","item":"https:\/\/www.erresse-shop.it\/de\/"},{"@type":"ListItem","position":2,"name":"Shop","item":"https:\/\/www.erresse-shop.it\/de\/shop\/"},{"@type":"ListItem","position":3,"name":"VILLEROY &#038; BOCH New Moon Set 6 Schalen 24 cm"}]},{"@type":"WebSite","@id":"https:\/\/www.erresse-shop.it\/de\/#website","url":"https:\/\/www.erresse-shop.it\/de\/","name":"Erresse Shop","description":"Articoli di qualit\u00e0 per la casa","potentialAction":[{"@type":"SearchAction","target":{"@type":"EntryPoint","urlTemplate":"https:\/\/www.erresse-shop.it\/de\/?s={search_term_string}"},"query-input":"required name=search_term_string"}],"inLanguage":"de-DE"}]}},"df_price":89.95,"df_sale_price":89.95,"df_regular_price":119.4,"df_image_link":"https:\/\/www.erresse-shop.it\/wp-content\/uploads\/2023\/02\/VILLEROY-BOCH-New-Moon-Set-6-Ciotole-24-cm-1-300x300.jpg","_links":{"self":[{"href":"https:\/\/www.erresse-shop.it\/de\/wp-json\/wp\/v2\/product\/238903"}],"collection":[{"href":"https:\/\/www.erresse-shop.it\/de\/wp-json\/wp\/v2\/product"}],"about":[{"href":"https:\/\/www.erresse-shop.it\/de\/wp-json\/wp\/v2\/types\/product"}],"wp:featuredmedia":[{"embeddable":true,"href":"https:\/\/www.erresse-shop.it\/de\/wp-json\/wp\/v2\/media\/474585"}],"wp:attachment":[{"href":"https:\/\/www.erresse-shop.it\/de\/wp-json\/wp\/v2\/media?parent=238903"}],"wp:term":[{"taxonomy":"product_cat","embeddable":true,"href":"https:\/\/www.erresse-shop.it\/de\/wp-json\/wp\/v2\/product_cat?post=238903"},{"taxonomy":"product_tag","embeddable":true,"href":"https:\/\/www.erresse-shop.it\/de\/wp-json\/wp\/v2\/product_tag?post=238903"}],"curies":[{"name":"wp","href":"https:\/\/api.w.org\/{rel}","templated":true}]}}