{"id":238839,"date":"2023-02-16T11:24:14","date_gmt":"2023-02-16T11:24:16","guid":{"rendered":"https:\/\/www.erresse-shop.it\/?post_type=product&#038;p=238839"},"modified":"2025-01-17T18:00:09","modified_gmt":"2025-01-17T18:00:09","slug":"villeroy-boch-new-moon-set-6-espresso-tassen","status":"publish","type":"product","link":"https:\/\/www.erresse-shop.it\/de\/shop\/tisch\/tassen\/villeroy-boch-new-moon-set-6-espresso-tassen\/","title":{"rendered":"VILLEROY &#038; BOCH New Moon Set 6 Espresso-Tassen"},"content":{"rendered":"<p><strong>Klein, robust, wei\u00df<\/strong><br \/>\nAusdrucksstark, funktional, puristisch &#8211; mit der Linie NewMoon k\u00f6nnen Sie auf ein einzigartiges Design f\u00fcr den Alltag und besondere Anl\u00e4sse z\u00e4hlen. Der markante Rand in Form einer schmalen Mondsichel und die daraus resultierende leichte Asymmetrie spiegeln den klaren Charakter der Kollektion wider. F\u00fcr den Kaffee nach einem festlichen Essen oder f\u00fcr die allt\u00e4gliche Pause &#8211; diese Tasse wird Sie stilvoll begleiten. Entdecken Sie Porzellan, das von der Sch\u00f6nheit des Mondes inspiriert ist.<\/p>\n<p><strong>Material:<\/strong> Porzellan<br \/>\n<strong>Volumen:<\/strong> ca. 50ml<br \/>\n<strong>Sp\u00fclmaschinentauglich:<\/strong> ja<br \/>\n<strong>Geeignet f\u00fcr die Mikrowelle:<\/strong> ja<\/p>\n","protected":false},"excerpt":{"rendered":"<p>Klein, robust, wei\u00df Ausdrucksstark, funktional, puristisch &#8211; mit der Linie NewMoon k\u00f6nnen Sie auf ein einzigartiges Design f\u00fcr den Alltag<\/p>\n","protected":false},"featured_media":474457,"template":"","meta":{"_acf_changed":false,"inline_featured_image":false},"product_cat":[6847,6787],"product_tag":[25027,23564,21937,14561,16474,22003,21938,25022,15854,11642],"acf":[],"yoast_head":"<!-- This site is optimized with the Yoast SEO Premium plugin v18.6 (Yoast SEO v19.13) - https:\/\/yoast.com\/wordpress\/plugins\/seo\/ -->\n<title>VILLEROY &amp; BOCH New Moon Set 6 Espresso-Tassen<\/title>\n<meta name=\"description\" content=\"Entdecken Sie VILLEROY &amp; BOCH New Moon Set 6 Espresso-Tassen bei ErresseShop. Qualit\u00e4t, Stil und Funktionalit\u00e4t \u2013 jetzt online bestellen!\" \/>\n<meta name=\"robots\" content=\"index, follow, max-snippet:-1, max-image-preview:large, max-video-preview:-1\" \/>\n<link rel=\"canonical\" href=\"https:\/\/www.erresse-shop.it\/de\/shop\/tisch\/tassen\/villeroy-boch-new-moon-set-6-espresso-tassen\/\" \/>\n<meta property=\"og:locale\" content=\"de_DE\" \/>\n<meta property=\"og:type\" content=\"article\" \/>\n<meta property=\"og:title\" content=\"VILLEROY &amp; BOCH New Moon Set 6 Espresso-Tassen\" \/>\n<meta property=\"og:description\" content=\"Entdecken Sie VILLEROY &amp; BOCH New Moon Set 6 Espresso-Tassen bei ErresseShop. Qualit\u00e4t, Stil und Funktionalit\u00e4t \u2013 jetzt online bestellen!\" \/>\n<meta property=\"og:url\" content=\"https:\/\/www.erresse-shop.it\/de\/shop\/tisch\/tassen\/villeroy-boch-new-moon-set-6-espresso-tassen\/\" \/>\n<meta property=\"og:site_name\" content=\"Erresse Shop\" \/>\n<meta property=\"article:modified_time\" content=\"2025-01-17T18:00:09+00:00\" \/>\n<meta property=\"og:image\" content=\"https:\/\/www.erresse-shop.it\/wp-content\/uploads\/2023\/02\/VILLEROY-BOCH-New-Moon-Set-6-Tazzine-Espresso-.jpg\" \/>\n\t<meta property=\"og:image:width\" content=\"800\" \/>\n\t<meta property=\"og:image:height\" content=\"800\" \/>\n\t<meta property=\"og:image:type\" content=\"image\/jpeg\" \/>\n<meta name=\"twitter:card\" content=\"summary_large_image\" \/>\n<script type=\"application\/ld+json\" class=\"yoast-schema-graph\">{\"@context\":\"https:\/\/schema.org\",\"@graph\":[{\"@type\":\"WebPage\",\"@id\":\"https:\/\/www.erresse-shop.it\/de\/shop\/tisch\/tassen\/villeroy-boch-new-moon-set-6-espresso-tassen\/\",\"url\":\"https:\/\/www.erresse-shop.it\/de\/shop\/tisch\/tassen\/villeroy-boch-new-moon-set-6-espresso-tassen\/\",\"name\":\"VILLEROY & BOCH New Moon Set 6 Espresso-Tassen\",\"isPartOf\":{\"@id\":\"https:\/\/www.erresse-shop.it\/de\/#website\"},\"datePublished\":\"2023-02-16T11:24:16+00:00\",\"dateModified\":\"2025-01-17T18:00:09+00:00\",\"description\":\"Entdecken Sie VILLEROY & BOCH New Moon Set 6 Espresso-Tassen bei ErresseShop. Qualit\u00e4t, Stil und Funktionalit\u00e4t \u2013 jetzt online bestellen!\",\"breadcrumb\":{\"@id\":\"https:\/\/www.erresse-shop.it\/de\/shop\/tisch\/tassen\/villeroy-boch-new-moon-set-6-espresso-tassen\/#breadcrumb\"},\"inLanguage\":\"de-DE\",\"potentialAction\":[{\"@type\":\"ReadAction\",\"target\":[\"https:\/\/www.erresse-shop.it\/de\/shop\/tisch\/tassen\/villeroy-boch-new-moon-set-6-espresso-tassen\/\"]}]},{\"@type\":\"BreadcrumbList\",\"@id\":\"https:\/\/www.erresse-shop.it\/de\/shop\/tisch\/tassen\/villeroy-boch-new-moon-set-6-espresso-tassen\/#breadcrumb\",\"itemListElement\":[{\"@type\":\"ListItem\",\"position\":1,\"name\":\"Home\",\"item\":\"https:\/\/www.erresse-shop.it\/de\/\"},{\"@type\":\"ListItem\",\"position\":2,\"name\":\"Shop\",\"item\":\"https:\/\/www.erresse-shop.it\/de\/shop\/\"},{\"@type\":\"ListItem\",\"position\":3,\"name\":\"VILLEROY &#038; BOCH New Moon Set 6 Espresso-Tassen\"}]},{\"@type\":\"WebSite\",\"@id\":\"https:\/\/www.erresse-shop.it\/de\/#website\",\"url\":\"https:\/\/www.erresse-shop.it\/de\/\",\"name\":\"Erresse Shop\",\"description\":\"Articoli di qualit\u00e0 per la casa\",\"potentialAction\":[{\"@type\":\"SearchAction\",\"target\":{\"@type\":\"EntryPoint\",\"urlTemplate\":\"https:\/\/www.erresse-shop.it\/de\/?s={search_term_string}\"},\"query-input\":\"required name=search_term_string\"}],\"inLanguage\":\"de-DE\"}]}<\/script>\n<!-- \/ Yoast SEO Premium plugin. -->","yoast_head_json":{"title":"VILLEROY & BOCH New Moon Set 6 Espresso-Tassen","description":"Entdecken Sie VILLEROY & BOCH New Moon Set 6 Espresso-Tassen bei ErresseShop. Qualit\u00e4t, Stil und Funktionalit\u00e4t \u2013 jetzt online bestellen!","robots":{"index":"index","follow":"follow","max-snippet":"max-snippet:-1","max-image-preview":"max-image-preview:large","max-video-preview":"max-video-preview:-1"},"canonical":"https:\/\/www.erresse-shop.it\/de\/shop\/tisch\/tassen\/villeroy-boch-new-moon-set-6-espresso-tassen\/","og_locale":"de_DE","og_type":"article","og_title":"VILLEROY & BOCH New Moon Set 6 Espresso-Tassen","og_description":"Entdecken Sie VILLEROY & BOCH New Moon Set 6 Espresso-Tassen bei ErresseShop. Qualit\u00e4t, Stil und Funktionalit\u00e4t \u2013 jetzt online bestellen!","og_url":"https:\/\/www.erresse-shop.it\/de\/shop\/tisch\/tassen\/villeroy-boch-new-moon-set-6-espresso-tassen\/","og_site_name":"Erresse Shop","article_modified_time":"2025-01-17T18:00:09+00:00","og_image":[{"width":800,"height":800,"url":"https:\/\/www.erresse-shop.it\/wp-content\/uploads\/2023\/02\/VILLEROY-BOCH-New-Moon-Set-6-Tazzine-Espresso-.jpg","type":"image\/jpeg"}],"twitter_card":"summary_large_image","schema":{"@context":"https:\/\/schema.org","@graph":[{"@type":"WebPage","@id":"https:\/\/www.erresse-shop.it\/de\/shop\/tisch\/tassen\/villeroy-boch-new-moon-set-6-espresso-tassen\/","url":"https:\/\/www.erresse-shop.it\/de\/shop\/tisch\/tassen\/villeroy-boch-new-moon-set-6-espresso-tassen\/","name":"VILLEROY & BOCH New Moon Set 6 Espresso-Tassen","isPartOf":{"@id":"https:\/\/www.erresse-shop.it\/de\/#website"},"datePublished":"2023-02-16T11:24:16+00:00","dateModified":"2025-01-17T18:00:09+00:00","description":"Entdecken Sie VILLEROY & BOCH New Moon Set 6 Espresso-Tassen bei ErresseShop. Qualit\u00e4t, Stil und Funktionalit\u00e4t \u2013 jetzt online bestellen!","breadcrumb":{"@id":"https:\/\/www.erresse-shop.it\/de\/shop\/tisch\/tassen\/villeroy-boch-new-moon-set-6-espresso-tassen\/#breadcrumb"},"inLanguage":"de-DE","potentialAction":[{"@type":"ReadAction","target":["https:\/\/www.erresse-shop.it\/de\/shop\/tisch\/tassen\/villeroy-boch-new-moon-set-6-espresso-tassen\/"]}]},{"@type":"BreadcrumbList","@id":"https:\/\/www.erresse-shop.it\/de\/shop\/tisch\/tassen\/villeroy-boch-new-moon-set-6-espresso-tassen\/#breadcrumb","itemListElement":[{"@type":"ListItem","position":1,"name":"Home","item":"https:\/\/www.erresse-shop.it\/de\/"},{"@type":"ListItem","position":2,"name":"Shop","item":"https:\/\/www.erresse-shop.it\/de\/shop\/"},{"@type":"ListItem","position":3,"name":"VILLEROY &#038; BOCH New Moon Set 6 Espresso-Tassen"}]},{"@type":"WebSite","@id":"https:\/\/www.erresse-shop.it\/de\/#website","url":"https:\/\/www.erresse-shop.it\/de\/","name":"Erresse Shop","description":"Articoli di qualit\u00e0 per la casa","potentialAction":[{"@type":"SearchAction","target":{"@type":"EntryPoint","urlTemplate":"https:\/\/www.erresse-shop.it\/de\/?s={search_term_string}"},"query-input":"required name=search_term_string"}],"inLanguage":"de-DE"}]}},"df_price":50.7,"df_sale_price":50.7,"df_regular_price":101.4,"df_image_link":"https:\/\/www.erresse-shop.it\/wp-content\/uploads\/2023\/02\/VILLEROY-BOCH-New-Moon-Set-6-Tazzine-Espresso-1-300x300.jpg","_links":{"self":[{"href":"https:\/\/www.erresse-shop.it\/de\/wp-json\/wp\/v2\/product\/238839"}],"collection":[{"href":"https:\/\/www.erresse-shop.it\/de\/wp-json\/wp\/v2\/product"}],"about":[{"href":"https:\/\/www.erresse-shop.it\/de\/wp-json\/wp\/v2\/types\/product"}],"wp:featuredmedia":[{"embeddable":true,"href":"https:\/\/www.erresse-shop.it\/de\/wp-json\/wp\/v2\/media\/474457"}],"wp:attachment":[{"href":"https:\/\/www.erresse-shop.it\/de\/wp-json\/wp\/v2\/media?parent=238839"}],"wp:term":[{"taxonomy":"product_cat","embeddable":true,"href":"https:\/\/www.erresse-shop.it\/de\/wp-json\/wp\/v2\/product_cat?post=238839"},{"taxonomy":"product_tag","embeddable":true,"href":"https:\/\/www.erresse-shop.it\/de\/wp-json\/wp\/v2\/product_tag?post=238839"}],"curies":[{"name":"wp","href":"https:\/\/api.w.org\/{rel}","templated":true}]}}