{"id":238463,"date":"2023-02-15T14:57:19","date_gmt":"2023-02-15T14:57:20","guid":{"rendered":"https:\/\/www.erresse-shop.it\/?post_type=product&#038;p=238463"},"modified":"2023-02-17T07:33:47","modified_gmt":"2023-02-17T07:33:47","slug":"villeroy-boch-rock-set-4-flute-260-ml","status":"publish","type":"product","link":"https:\/\/www.erresse-shop.it\/de\/shop\/tisch\/weinbar-korkenzieher-dekanter-eiskubel\/weinglaeser\/villeroy-boch-rock-set-4-flute-260-ml\/","title":{"rendered":"VILLEROY &#038; BOCH Rock Set 4 Flute 260 ml"},"content":{"rendered":"<p><strong>Elegantes Sekt- und Champagnerglas<\/strong><br \/>\nDie Gl\u00e4ser mit schwarzem Stiel und Boden passen perfekt zum Porzellan von Manufacture Rock und verleihen dem Tisch einen eleganten Look. Mit ihrem Fassungsverm\u00f6gen von 260 ml sind die 4 Gl\u00e4ser ideal f\u00fcr Sekt oder Champagner und erg\u00e4nzen harmonisch die Tischdekoration. Schaffen Sie ganz besondere Dinner-Momente.<\/p>\n<p><strong>Material:<\/strong> Kristall<br \/>\n<strong>Durchmesser:<\/strong> 71mm<br \/>\n<strong>Band: <\/strong>260ml<br \/>\n<strong>Sp\u00fclmaschinentauglich:<\/strong> nein<br \/>\n<strong>Geeignet f\u00fcr die Mikrowelle:<\/strong> nein<\/p>\n","protected":false},"excerpt":{"rendered":"<p>Elegantes Sekt- und Champagnerglas Die Gl\u00e4ser mit schwarzem Stiel und Boden passen perfekt zum Porzellan von Manufacture Rock und verleihen<\/p>\n","protected":false},"featured_media":474323,"template":"","meta":{"_acf_changed":false,"inline_featured_image":false},"product_cat":[6850,14459],"product_tag":[25027,23705,11479,11891,14410,17888,25022,23683],"acf":[],"yoast_head":"<!-- This site is optimized with the Yoast SEO Premium plugin v18.6 (Yoast SEO v19.13) - https:\/\/yoast.com\/wordpress\/plugins\/seo\/ -->\n<title>VILLEROY &amp; BOCH Rock Set 4 Flute 260 ml - Erresse Shop<\/title>\n<meta name=\"description\" content=\"Elegantes Sekt- und Champagnerglas Die Gl\u00e4ser mit schwarzem Stiel und Boden passen perfekt zum Porzellan von Manufacture Rock und verleihen dem Tisch\" \/>\n<meta name=\"robots\" content=\"index, follow, max-snippet:-1, max-image-preview:large, max-video-preview:-1\" \/>\n<link rel=\"canonical\" href=\"https:\/\/www.erresse-shop.it\/de\/shop\/tisch\/weinbar-korkenzieher-dekanter-eiskubel\/weinglaeser\/villeroy-boch-rock-set-4-flute-260-ml\/\" \/>\n<meta property=\"og:locale\" content=\"de_DE\" \/>\n<meta property=\"og:type\" content=\"article\" \/>\n<meta property=\"og:title\" content=\"VILLEROY &amp; BOCH Rock Set 4 Flute 260 ml\" \/>\n<meta property=\"og:description\" content=\"Elegantes Sekt- und Champagnerglas Die Gl\u00e4ser mit schwarzem Stiel und Boden passen perfekt zum Porzellan von Manufacture Rock und verleihen dem Tisch\" \/>\n<meta property=\"og:url\" content=\"https:\/\/www.erresse-shop.it\/de\/shop\/tisch\/weinbar-korkenzieher-dekanter-eiskubel\/weinglaeser\/villeroy-boch-rock-set-4-flute-260-ml\/\" \/>\n<meta property=\"og:site_name\" content=\"Erresse Shop\" \/>\n<meta property=\"article:modified_time\" content=\"2023-02-17T07:33:47+00:00\" \/>\n<meta property=\"og:image\" content=\"https:\/\/www.erresse-shop.it\/wp-content\/uploads\/2023\/02\/VILLEROY-BOCH-Rock-Set-4-Flute-260-ml.jpg\" \/>\n\t<meta property=\"og:image:width\" content=\"800\" \/>\n\t<meta property=\"og:image:height\" content=\"800\" \/>\n\t<meta property=\"og:image:type\" content=\"image\/jpeg\" \/>\n<meta name=\"twitter:card\" content=\"summary_large_image\" \/>\n<script type=\"application\/ld+json\" class=\"yoast-schema-graph\">{\"@context\":\"https:\/\/schema.org\",\"@graph\":[{\"@type\":\"WebPage\",\"@id\":\"https:\/\/www.erresse-shop.it\/de\/shop\/tisch\/weinbar-korkenzieher-dekanter-eiskubel\/weinglaeser\/villeroy-boch-rock-set-4-flute-260-ml\/\",\"url\":\"https:\/\/www.erresse-shop.it\/de\/shop\/tisch\/weinbar-korkenzieher-dekanter-eiskubel\/weinglaeser\/villeroy-boch-rock-set-4-flute-260-ml\/\",\"name\":\"VILLEROY & BOCH Rock Set 4 Flute 260 ml - Erresse Shop\",\"isPartOf\":{\"@id\":\"https:\/\/www.erresse-shop.it\/de\/#website\"},\"datePublished\":\"2023-02-15T14:57:20+00:00\",\"dateModified\":\"2023-02-17T07:33:47+00:00\",\"description\":\"Elegantes Sekt- und Champagnerglas Die Gl\u00e4ser mit schwarzem Stiel und Boden passen perfekt zum Porzellan von Manufacture Rock und verleihen dem Tisch\",\"breadcrumb\":{\"@id\":\"https:\/\/www.erresse-shop.it\/de\/shop\/tisch\/weinbar-korkenzieher-dekanter-eiskubel\/weinglaeser\/villeroy-boch-rock-set-4-flute-260-ml\/#breadcrumb\"},\"inLanguage\":\"de-DE\",\"potentialAction\":[{\"@type\":\"ReadAction\",\"target\":[\"https:\/\/www.erresse-shop.it\/de\/shop\/tisch\/weinbar-korkenzieher-dekanter-eiskubel\/weinglaeser\/villeroy-boch-rock-set-4-flute-260-ml\/\"]}]},{\"@type\":\"BreadcrumbList\",\"@id\":\"https:\/\/www.erresse-shop.it\/de\/shop\/tisch\/weinbar-korkenzieher-dekanter-eiskubel\/weinglaeser\/villeroy-boch-rock-set-4-flute-260-ml\/#breadcrumb\",\"itemListElement\":[{\"@type\":\"ListItem\",\"position\":1,\"name\":\"Home\",\"item\":\"https:\/\/www.erresse-shop.it\/de\/\"},{\"@type\":\"ListItem\",\"position\":2,\"name\":\"Shop\",\"item\":\"https:\/\/www.erresse-shop.it\/de\/shop\/\"},{\"@type\":\"ListItem\",\"position\":3,\"name\":\"VILLEROY &#038; BOCH Rock Set 4 Flute 260 ml\"}]},{\"@type\":\"WebSite\",\"@id\":\"https:\/\/www.erresse-shop.it\/de\/#website\",\"url\":\"https:\/\/www.erresse-shop.it\/de\/\",\"name\":\"Erresse Shop\",\"description\":\"Articoli di qualit\u00e0 per la casa\",\"potentialAction\":[{\"@type\":\"SearchAction\",\"target\":{\"@type\":\"EntryPoint\",\"urlTemplate\":\"https:\/\/www.erresse-shop.it\/de\/?s={search_term_string}\"},\"query-input\":\"required name=search_term_string\"}],\"inLanguage\":\"de-DE\"}]}<\/script>\n<!-- \/ Yoast SEO Premium plugin. -->","yoast_head_json":{"title":"VILLEROY & BOCH Rock Set 4 Flute 260 ml - Erresse Shop","description":"Elegantes Sekt- und Champagnerglas Die Gl\u00e4ser mit schwarzem Stiel und Boden passen perfekt zum Porzellan von Manufacture Rock und verleihen dem Tisch","robots":{"index":"index","follow":"follow","max-snippet":"max-snippet:-1","max-image-preview":"max-image-preview:large","max-video-preview":"max-video-preview:-1"},"canonical":"https:\/\/www.erresse-shop.it\/de\/shop\/tisch\/weinbar-korkenzieher-dekanter-eiskubel\/weinglaeser\/villeroy-boch-rock-set-4-flute-260-ml\/","og_locale":"de_DE","og_type":"article","og_title":"VILLEROY & BOCH Rock Set 4 Flute 260 ml","og_description":"Elegantes Sekt- und Champagnerglas Die Gl\u00e4ser mit schwarzem Stiel und Boden passen perfekt zum Porzellan von Manufacture Rock und verleihen dem Tisch","og_url":"https:\/\/www.erresse-shop.it\/de\/shop\/tisch\/weinbar-korkenzieher-dekanter-eiskubel\/weinglaeser\/villeroy-boch-rock-set-4-flute-260-ml\/","og_site_name":"Erresse Shop","article_modified_time":"2023-02-17T07:33:47+00:00","og_image":[{"width":800,"height":800,"url":"https:\/\/www.erresse-shop.it\/wp-content\/uploads\/2023\/02\/VILLEROY-BOCH-Rock-Set-4-Flute-260-ml.jpg","type":"image\/jpeg"}],"twitter_card":"summary_large_image","schema":{"@context":"https:\/\/schema.org","@graph":[{"@type":"WebPage","@id":"https:\/\/www.erresse-shop.it\/de\/shop\/tisch\/weinbar-korkenzieher-dekanter-eiskubel\/weinglaeser\/villeroy-boch-rock-set-4-flute-260-ml\/","url":"https:\/\/www.erresse-shop.it\/de\/shop\/tisch\/weinbar-korkenzieher-dekanter-eiskubel\/weinglaeser\/villeroy-boch-rock-set-4-flute-260-ml\/","name":"VILLEROY & BOCH Rock Set 4 Flute 260 ml - Erresse Shop","isPartOf":{"@id":"https:\/\/www.erresse-shop.it\/de\/#website"},"datePublished":"2023-02-15T14:57:20+00:00","dateModified":"2023-02-17T07:33:47+00:00","description":"Elegantes Sekt- und Champagnerglas Die Gl\u00e4ser mit schwarzem Stiel und Boden passen perfekt zum Porzellan von Manufacture Rock und verleihen dem Tisch","breadcrumb":{"@id":"https:\/\/www.erresse-shop.it\/de\/shop\/tisch\/weinbar-korkenzieher-dekanter-eiskubel\/weinglaeser\/villeroy-boch-rock-set-4-flute-260-ml\/#breadcrumb"},"inLanguage":"de-DE","potentialAction":[{"@type":"ReadAction","target":["https:\/\/www.erresse-shop.it\/de\/shop\/tisch\/weinbar-korkenzieher-dekanter-eiskubel\/weinglaeser\/villeroy-boch-rock-set-4-flute-260-ml\/"]}]},{"@type":"BreadcrumbList","@id":"https:\/\/www.erresse-shop.it\/de\/shop\/tisch\/weinbar-korkenzieher-dekanter-eiskubel\/weinglaeser\/villeroy-boch-rock-set-4-flute-260-ml\/#breadcrumb","itemListElement":[{"@type":"ListItem","position":1,"name":"Home","item":"https:\/\/www.erresse-shop.it\/de\/"},{"@type":"ListItem","position":2,"name":"Shop","item":"https:\/\/www.erresse-shop.it\/de\/shop\/"},{"@type":"ListItem","position":3,"name":"VILLEROY &#038; BOCH Rock Set 4 Flute 260 ml"}]},{"@type":"WebSite","@id":"https:\/\/www.erresse-shop.it\/de\/#website","url":"https:\/\/www.erresse-shop.it\/de\/","name":"Erresse Shop","description":"Articoli di qualit\u00e0 per la casa","potentialAction":[{"@type":"SearchAction","target":{"@type":"EntryPoint","urlTemplate":"https:\/\/www.erresse-shop.it\/de\/?s={search_term_string}"},"query-input":"required name=search_term_string"}],"inLanguage":"de-DE"}]}},"df_price":42,"df_sale_price":42,"df_regular_price":49.9,"df_image_link":"https:\/\/www.erresse-shop.it\/wp-content\/uploads\/2023\/02\/VILLEROY-BOCH-Rock-Set-4-Flute-260-ml1-300x300.jpg","_links":{"self":[{"href":"https:\/\/www.erresse-shop.it\/de\/wp-json\/wp\/v2\/product\/238463"}],"collection":[{"href":"https:\/\/www.erresse-shop.it\/de\/wp-json\/wp\/v2\/product"}],"about":[{"href":"https:\/\/www.erresse-shop.it\/de\/wp-json\/wp\/v2\/types\/product"}],"wp:featuredmedia":[{"embeddable":true,"href":"https:\/\/www.erresse-shop.it\/de\/wp-json\/wp\/v2\/media\/474323"}],"wp:attachment":[{"href":"https:\/\/www.erresse-shop.it\/de\/wp-json\/wp\/v2\/media?parent=238463"}],"wp:term":[{"taxonomy":"product_cat","embeddable":true,"href":"https:\/\/www.erresse-shop.it\/de\/wp-json\/wp\/v2\/product_cat?post=238463"},{"taxonomy":"product_tag","embeddable":true,"href":"https:\/\/www.erresse-shop.it\/de\/wp-json\/wp\/v2\/product_tag?post=238463"}],"curies":[{"name":"wp","href":"https:\/\/api.w.org\/{rel}","templated":true}]}}