{"id":238193,"date":"2023-02-15T13:51:39","date_gmt":"2023-02-15T13:51:40","guid":{"rendered":"https:\/\/www.erresse-shop.it\/?post_type=product&#038;p=238193"},"modified":"2023-02-15T14:22:20","modified_gmt":"2023-02-15T14:22:20","slug":"villeroy-boch-rock-weis-set-6-gourmet-gerichte","status":"publish","type":"product","link":"https:\/\/www.erresse-shop.it\/de\/shop\/tisch\/teller-geschirr\/servierplatten\/villeroy-boch-rock-weis-set-6-gourmet-gerichte\/","title":{"rendered":"VILLEROY &#038; BOCH Rock Wei\u00df Set 6 Gourmet-Gerichte"},"content":{"rendered":"<p><strong>Pizzateller f\u00fcr den Genuss einer traditionellen Pizza vom Feinsten<\/strong><br \/>\nNat\u00fcrlich, urspr\u00fcnglich und mit einer besonderen Note: das ist Manufacture Rock. Der handgefertigte Stil in Form von Porzellan mit einer matten Schieferoberfl\u00e4che macht diese Kollektion zu etwas ganz Besonderem. Kombiniert mit den handbemalten Artikeln aus der Schwesterkollektion Manufacture bringen Sie W\u00e4rme auf Ihren Tisch. Auf dieser Pizzaplatte k\u00f6nnen Sie eine leckere Pizza im besten Stil genie\u00dfen. Der Teller eignet sich auch zum Servieren von Kuchen oder K\u00e4se. Genie\u00dfen Sie Ihre Lieblingsrezepte in h\u00f6chster Sch\u00f6nheit mit Villeroy &amp; Boch.<\/p>\n<p><strong>Material:<\/strong> Porzellan<br \/>\n<strong>Durchmesser:<\/strong> 318ml<br \/>\n<strong>Sp\u00fclmaschinentauglich:<\/strong> ja<br \/>\n<strong>Geeignet f\u00fcr die Mikrowelle:<\/strong> ja<\/p>\n","protected":false},"excerpt":{"rendered":"<p>Pizzateller f\u00fcr den Genuss einer traditionellen Pizza vom Feinsten Nat\u00fcrlich, urspr\u00fcnglich und mit einer besonderen Note: das ist Manufacture Rock.<\/p>\n","protected":false},"featured_media":238220,"template":"","meta":{"_acf_changed":false,"inline_featured_image":false},"product_cat":[6796,6787],"product_tag":[25027,23911,17888],"acf":[],"yoast_head":"<!-- This site is optimized with the Yoast SEO Premium plugin v18.6 (Yoast SEO v19.13) - https:\/\/yoast.com\/wordpress\/plugins\/seo\/ -->\n<title>VILLEROY &amp; BOCH Rock Wei\u00df Set 6 Gourmet-Gerichte - Erresse Shop<\/title>\n<meta name=\"description\" content=\"Pizzateller f\u00fcr den Genuss einer traditionellen Pizza vom Feinsten Nat\u00fcrlich, urspr\u00fcnglich und mit einer besonderen Note: das ist Manufacture Rock. Der\" \/>\n<meta name=\"robots\" content=\"index, follow, max-snippet:-1, max-image-preview:large, max-video-preview:-1\" \/>\n<link rel=\"canonical\" href=\"https:\/\/www.erresse-shop.it\/de\/shop\/tisch\/teller-geschirr\/servierplatten\/villeroy-boch-rock-weis-set-6-gourmet-gerichte\/\" \/>\n<meta property=\"og:locale\" content=\"de_DE\" \/>\n<meta property=\"og:type\" content=\"article\" \/>\n<meta property=\"og:title\" content=\"VILLEROY &amp; BOCH Rock Wei\u00df Set 6 Gourmet-Gerichte\" \/>\n<meta property=\"og:description\" content=\"Pizzateller f\u00fcr den Genuss einer traditionellen Pizza vom Feinsten Nat\u00fcrlich, urspr\u00fcnglich und mit einer besonderen Note: das ist Manufacture Rock. Der\" \/>\n<meta property=\"og:url\" content=\"https:\/\/www.erresse-shop.it\/de\/shop\/tisch\/teller-geschirr\/servierplatten\/villeroy-boch-rock-weis-set-6-gourmet-gerichte\/\" \/>\n<meta property=\"og:site_name\" content=\"Erresse Shop\" \/>\n<meta property=\"article:modified_time\" content=\"2023-02-15T14:22:20+00:00\" \/>\n<meta property=\"og:image\" content=\"https:\/\/www.erresse-shop.it\/wp-content\/uploads\/2023\/02\/VILLEROY-BOCH-Rock-Bianco-Set-6-Piatti-Gourmet.jpg\" \/>\n\t<meta property=\"og:image:width\" content=\"800\" \/>\n\t<meta property=\"og:image:height\" content=\"800\" \/>\n\t<meta property=\"og:image:type\" content=\"image\/jpeg\" \/>\n<meta name=\"twitter:card\" content=\"summary_large_image\" \/>\n<script type=\"application\/ld+json\" class=\"yoast-schema-graph\">{\"@context\":\"https:\/\/schema.org\",\"@graph\":[{\"@type\":\"WebPage\",\"@id\":\"https:\/\/www.erresse-shop.it\/de\/shop\/tisch\/teller-geschirr\/servierplatten\/villeroy-boch-rock-weis-set-6-gourmet-gerichte\/\",\"url\":\"https:\/\/www.erresse-shop.it\/de\/shop\/tisch\/teller-geschirr\/servierplatten\/villeroy-boch-rock-weis-set-6-gourmet-gerichte\/\",\"name\":\"VILLEROY & BOCH Rock Wei\u00df Set 6 Gourmet-Gerichte - Erresse Shop\",\"isPartOf\":{\"@id\":\"https:\/\/www.erresse-shop.it\/de\/#website\"},\"datePublished\":\"2023-02-15T13:51:40+00:00\",\"dateModified\":\"2023-02-15T14:22:20+00:00\",\"description\":\"Pizzateller f\u00fcr den Genuss einer traditionellen Pizza vom Feinsten Nat\u00fcrlich, urspr\u00fcnglich und mit einer besonderen Note: das ist Manufacture Rock. Der\",\"breadcrumb\":{\"@id\":\"https:\/\/www.erresse-shop.it\/de\/shop\/tisch\/teller-geschirr\/servierplatten\/villeroy-boch-rock-weis-set-6-gourmet-gerichte\/#breadcrumb\"},\"inLanguage\":\"de-DE\",\"potentialAction\":[{\"@type\":\"ReadAction\",\"target\":[\"https:\/\/www.erresse-shop.it\/de\/shop\/tisch\/teller-geschirr\/servierplatten\/villeroy-boch-rock-weis-set-6-gourmet-gerichte\/\"]}]},{\"@type\":\"BreadcrumbList\",\"@id\":\"https:\/\/www.erresse-shop.it\/de\/shop\/tisch\/teller-geschirr\/servierplatten\/villeroy-boch-rock-weis-set-6-gourmet-gerichte\/#breadcrumb\",\"itemListElement\":[{\"@type\":\"ListItem\",\"position\":1,\"name\":\"Home\",\"item\":\"https:\/\/www.erresse-shop.it\/de\/\"},{\"@type\":\"ListItem\",\"position\":2,\"name\":\"Shop\",\"item\":\"https:\/\/www.erresse-shop.it\/de\/shop\/\"},{\"@type\":\"ListItem\",\"position\":3,\"name\":\"VILLEROY &#038; BOCH Rock Wei\u00df Set 6 Gourmet-Gerichte\"}]},{\"@type\":\"WebSite\",\"@id\":\"https:\/\/www.erresse-shop.it\/de\/#website\",\"url\":\"https:\/\/www.erresse-shop.it\/de\/\",\"name\":\"Erresse Shop\",\"description\":\"Articoli di qualit\u00e0 per la casa\",\"potentialAction\":[{\"@type\":\"SearchAction\",\"target\":{\"@type\":\"EntryPoint\",\"urlTemplate\":\"https:\/\/www.erresse-shop.it\/de\/?s={search_term_string}\"},\"query-input\":\"required name=search_term_string\"}],\"inLanguage\":\"de-DE\"}]}<\/script>\n<!-- \/ Yoast SEO Premium plugin. -->","yoast_head_json":{"title":"VILLEROY & BOCH Rock Wei\u00df Set 6 Gourmet-Gerichte - Erresse Shop","description":"Pizzateller f\u00fcr den Genuss einer traditionellen Pizza vom Feinsten Nat\u00fcrlich, urspr\u00fcnglich und mit einer besonderen Note: das ist Manufacture Rock. Der","robots":{"index":"index","follow":"follow","max-snippet":"max-snippet:-1","max-image-preview":"max-image-preview:large","max-video-preview":"max-video-preview:-1"},"canonical":"https:\/\/www.erresse-shop.it\/de\/shop\/tisch\/teller-geschirr\/servierplatten\/villeroy-boch-rock-weis-set-6-gourmet-gerichte\/","og_locale":"de_DE","og_type":"article","og_title":"VILLEROY & BOCH Rock Wei\u00df Set 6 Gourmet-Gerichte","og_description":"Pizzateller f\u00fcr den Genuss einer traditionellen Pizza vom Feinsten Nat\u00fcrlich, urspr\u00fcnglich und mit einer besonderen Note: das ist Manufacture Rock. Der","og_url":"https:\/\/www.erresse-shop.it\/de\/shop\/tisch\/teller-geschirr\/servierplatten\/villeroy-boch-rock-weis-set-6-gourmet-gerichte\/","og_site_name":"Erresse Shop","article_modified_time":"2023-02-15T14:22:20+00:00","og_image":[{"width":800,"height":800,"url":"https:\/\/www.erresse-shop.it\/wp-content\/uploads\/2023\/02\/VILLEROY-BOCH-Rock-Bianco-Set-6-Piatti-Gourmet.jpg","type":"image\/jpeg"}],"twitter_card":"summary_large_image","schema":{"@context":"https:\/\/schema.org","@graph":[{"@type":"WebPage","@id":"https:\/\/www.erresse-shop.it\/de\/shop\/tisch\/teller-geschirr\/servierplatten\/villeroy-boch-rock-weis-set-6-gourmet-gerichte\/","url":"https:\/\/www.erresse-shop.it\/de\/shop\/tisch\/teller-geschirr\/servierplatten\/villeroy-boch-rock-weis-set-6-gourmet-gerichte\/","name":"VILLEROY & BOCH Rock Wei\u00df Set 6 Gourmet-Gerichte - Erresse Shop","isPartOf":{"@id":"https:\/\/www.erresse-shop.it\/de\/#website"},"datePublished":"2023-02-15T13:51:40+00:00","dateModified":"2023-02-15T14:22:20+00:00","description":"Pizzateller f\u00fcr den Genuss einer traditionellen Pizza vom Feinsten Nat\u00fcrlich, urspr\u00fcnglich und mit einer besonderen Note: das ist Manufacture Rock. Der","breadcrumb":{"@id":"https:\/\/www.erresse-shop.it\/de\/shop\/tisch\/teller-geschirr\/servierplatten\/villeroy-boch-rock-weis-set-6-gourmet-gerichte\/#breadcrumb"},"inLanguage":"de-DE","potentialAction":[{"@type":"ReadAction","target":["https:\/\/www.erresse-shop.it\/de\/shop\/tisch\/teller-geschirr\/servierplatten\/villeroy-boch-rock-weis-set-6-gourmet-gerichte\/"]}]},{"@type":"BreadcrumbList","@id":"https:\/\/www.erresse-shop.it\/de\/shop\/tisch\/teller-geschirr\/servierplatten\/villeroy-boch-rock-weis-set-6-gourmet-gerichte\/#breadcrumb","itemListElement":[{"@type":"ListItem","position":1,"name":"Home","item":"https:\/\/www.erresse-shop.it\/de\/"},{"@type":"ListItem","position":2,"name":"Shop","item":"https:\/\/www.erresse-shop.it\/de\/shop\/"},{"@type":"ListItem","position":3,"name":"VILLEROY &#038; BOCH Rock Wei\u00df Set 6 Gourmet-Gerichte"}]},{"@type":"WebSite","@id":"https:\/\/www.erresse-shop.it\/de\/#website","url":"https:\/\/www.erresse-shop.it\/de\/","name":"Erresse Shop","description":"Articoli di qualit\u00e0 per la casa","potentialAction":[{"@type":"SearchAction","target":{"@type":"EntryPoint","urlTemplate":"https:\/\/www.erresse-shop.it\/de\/?s={search_term_string}"},"query-input":"required name=search_term_string"}],"inLanguage":"de-DE"}]}},"df_price":181.92,"df_sale_price":181.92,"df_regular_price":227.4,"df_image_link":"https:\/\/www.erresse-shop.it\/wp-content\/uploads\/2023\/02\/VILLEROY-BOCH-Rock-Bianco-Set-6-Piatti-Gourmet-300x300.jpg","_links":{"self":[{"href":"https:\/\/www.erresse-shop.it\/de\/wp-json\/wp\/v2\/product\/238193"}],"collection":[{"href":"https:\/\/www.erresse-shop.it\/de\/wp-json\/wp\/v2\/product"}],"about":[{"href":"https:\/\/www.erresse-shop.it\/de\/wp-json\/wp\/v2\/types\/product"}],"wp:featuredmedia":[{"embeddable":true,"href":"https:\/\/www.erresse-shop.it\/de\/wp-json\/wp\/v2\/media\/238220"}],"wp:attachment":[{"href":"https:\/\/www.erresse-shop.it\/de\/wp-json\/wp\/v2\/media?parent=238193"}],"wp:term":[{"taxonomy":"product_cat","embeddable":true,"href":"https:\/\/www.erresse-shop.it\/de\/wp-json\/wp\/v2\/product_cat?post=238193"},{"taxonomy":"product_tag","embeddable":true,"href":"https:\/\/www.erresse-shop.it\/de\/wp-json\/wp\/v2\/product_tag?post=238193"}],"curies":[{"name":"wp","href":"https:\/\/api.w.org\/{rel}","templated":true}]}}