{"id":237961,"date":"2023-02-15T09:28:18","date_gmt":"2023-02-15T09:28:19","guid":{"rendered":"https:\/\/www.erresse-shop.it\/?post_type=product&#038;p=237961"},"modified":"2023-02-15T09:46:23","modified_gmt":"2023-02-15T09:46:23","slug":"villeroy-boch-rock-set-6-flache-gerichte-27-cm","status":"publish","type":"product","link":"https:\/\/www.erresse-shop.it\/de\/shop\/tisch\/teller-geschirr\/villeroy-boch-rock-set-6-flache-gerichte-27-cm\/","title":{"rendered":"VILLEROY &#038; BOCH Rock Set 6 Flache Gerichte 27 cm"},"content":{"rendered":"<p><strong>Originalgeschirr f\u00fcr Mittag- und Abendessen<\/strong><br \/>\nBeeindrucken Sie Ihre G\u00e4ste mit geschmackvoll gestaltetem Geschirr. Nat\u00fcrlich, urspr\u00fcnglich und mit einer besonderen Note: das ist Manufacture Rock. Der handgefertigte Stil in Form von Porzellan mit einer matten Schieferoberfl\u00e4che macht diese Kollektion zu etwas ganz Besonderem. Kombiniert mit den handbemalten Artikeln der Schwesterkollektion Manufacture bringen Sie W\u00e4rme auf Ihren Tisch.<\/p>\n<p><strong>Material:<\/strong> Porzellan<br \/>\n<strong>Durchmesser:<\/strong> 271ml<br \/>\n<strong>Sp\u00fclmaschinentauglich:<\/strong> ja<br \/>\n<strong>Geeignet f\u00fcr die Mikrowelle:<\/strong> ja<\/p>\n","protected":false},"excerpt":{"rendered":"<p>Originalgeschirr f\u00fcr Mittag- und Abendessen Beeindrucken Sie Ihre G\u00e4ste mit geschmackvoll gestaltetem Geschirr. Nat\u00fcrlich, urspr\u00fcnglich und mit einer besonderen Note:<\/p>\n","protected":false},"featured_media":474522,"template":"","meta":{"_acf_changed":false,"inline_featured_image":false},"product_cat":[6793,6787],"product_tag":[25027,21971,11971,17888,21970,25022,11827],"acf":[],"yoast_head":"<!-- This site is optimized with the Yoast SEO Premium plugin v18.6 (Yoast SEO v19.13) - https:\/\/yoast.com\/wordpress\/plugins\/seo\/ -->\n<title>VILLEROY &amp; BOCH Rock Set 6 Flache Gerichte 27 cm - Erresse Shop<\/title>\n<meta name=\"description\" content=\"Originalgeschirr f\u00fcr Mittag- und Abendessen Beeindrucken Sie Ihre G\u00e4ste mit geschmackvoll gestaltetem Geschirr. Nat\u00fcrlich, urspr\u00fcnglich und mit einer\" \/>\n<meta name=\"robots\" content=\"index, follow, max-snippet:-1, max-image-preview:large, max-video-preview:-1\" \/>\n<link rel=\"canonical\" href=\"https:\/\/www.erresse-shop.it\/de\/shop\/tisch\/teller-geschirr\/villeroy-boch-rock-set-6-flache-gerichte-27-cm\/\" \/>\n<meta property=\"og:locale\" content=\"de_DE\" \/>\n<meta property=\"og:type\" content=\"article\" \/>\n<meta property=\"og:title\" content=\"VILLEROY &amp; BOCH Rock Set 6 Flache Gerichte 27 cm\" \/>\n<meta property=\"og:description\" content=\"Originalgeschirr f\u00fcr Mittag- und Abendessen Beeindrucken Sie Ihre G\u00e4ste mit geschmackvoll gestaltetem Geschirr. Nat\u00fcrlich, urspr\u00fcnglich und mit einer\" \/>\n<meta property=\"og:url\" content=\"https:\/\/www.erresse-shop.it\/de\/shop\/tisch\/teller-geschirr\/villeroy-boch-rock-set-6-flache-gerichte-27-cm\/\" \/>\n<meta property=\"og:site_name\" content=\"Erresse Shop\" \/>\n<meta property=\"article:modified_time\" content=\"2023-02-15T09:46:23+00:00\" \/>\n<meta property=\"og:image\" content=\"https:\/\/www.erresse-shop.it\/wp-content\/uploads\/2023\/02\/VILLEROY-BOCH-Rock-Set-6-Piatti-Piani-27-cm.jpg\" \/>\n\t<meta property=\"og:image:width\" content=\"800\" \/>\n\t<meta property=\"og:image:height\" content=\"800\" \/>\n\t<meta property=\"og:image:type\" content=\"image\/jpeg\" \/>\n<meta name=\"twitter:card\" content=\"summary_large_image\" \/>\n<script type=\"application\/ld+json\" class=\"yoast-schema-graph\">{\"@context\":\"https:\/\/schema.org\",\"@graph\":[{\"@type\":\"WebPage\",\"@id\":\"https:\/\/www.erresse-shop.it\/de\/shop\/tisch\/teller-geschirr\/villeroy-boch-rock-set-6-flache-gerichte-27-cm\/\",\"url\":\"https:\/\/www.erresse-shop.it\/de\/shop\/tisch\/teller-geschirr\/villeroy-boch-rock-set-6-flache-gerichte-27-cm\/\",\"name\":\"VILLEROY & BOCH Rock Set 6 Flache Gerichte 27 cm - Erresse Shop\",\"isPartOf\":{\"@id\":\"https:\/\/www.erresse-shop.it\/de\/#website\"},\"datePublished\":\"2023-02-15T09:28:19+00:00\",\"dateModified\":\"2023-02-15T09:46:23+00:00\",\"description\":\"Originalgeschirr f\u00fcr Mittag- und Abendessen Beeindrucken Sie Ihre G\u00e4ste mit geschmackvoll gestaltetem Geschirr. Nat\u00fcrlich, urspr\u00fcnglich und mit einer\",\"breadcrumb\":{\"@id\":\"https:\/\/www.erresse-shop.it\/de\/shop\/tisch\/teller-geschirr\/villeroy-boch-rock-set-6-flache-gerichte-27-cm\/#breadcrumb\"},\"inLanguage\":\"de-DE\",\"potentialAction\":[{\"@type\":\"ReadAction\",\"target\":[\"https:\/\/www.erresse-shop.it\/de\/shop\/tisch\/teller-geschirr\/villeroy-boch-rock-set-6-flache-gerichte-27-cm\/\"]}]},{\"@type\":\"BreadcrumbList\",\"@id\":\"https:\/\/www.erresse-shop.it\/de\/shop\/tisch\/teller-geschirr\/villeroy-boch-rock-set-6-flache-gerichte-27-cm\/#breadcrumb\",\"itemListElement\":[{\"@type\":\"ListItem\",\"position\":1,\"name\":\"Home\",\"item\":\"https:\/\/www.erresse-shop.it\/de\/\"},{\"@type\":\"ListItem\",\"position\":2,\"name\":\"Shop\",\"item\":\"https:\/\/www.erresse-shop.it\/de\/shop\/\"},{\"@type\":\"ListItem\",\"position\":3,\"name\":\"VILLEROY &#038; BOCH Rock Set 6 Flache Gerichte 27 cm\"}]},{\"@type\":\"WebSite\",\"@id\":\"https:\/\/www.erresse-shop.it\/de\/#website\",\"url\":\"https:\/\/www.erresse-shop.it\/de\/\",\"name\":\"Erresse Shop\",\"description\":\"Articoli di qualit\u00e0 per la casa\",\"potentialAction\":[{\"@type\":\"SearchAction\",\"target\":{\"@type\":\"EntryPoint\",\"urlTemplate\":\"https:\/\/www.erresse-shop.it\/de\/?s={search_term_string}\"},\"query-input\":\"required name=search_term_string\"}],\"inLanguage\":\"de-DE\"}]}<\/script>\n<!-- \/ Yoast SEO Premium plugin. -->","yoast_head_json":{"title":"VILLEROY & BOCH Rock Set 6 Flache Gerichte 27 cm - Erresse Shop","description":"Originalgeschirr f\u00fcr Mittag- und Abendessen Beeindrucken Sie Ihre G\u00e4ste mit geschmackvoll gestaltetem Geschirr. Nat\u00fcrlich, urspr\u00fcnglich und mit einer","robots":{"index":"index","follow":"follow","max-snippet":"max-snippet:-1","max-image-preview":"max-image-preview:large","max-video-preview":"max-video-preview:-1"},"canonical":"https:\/\/www.erresse-shop.it\/de\/shop\/tisch\/teller-geschirr\/villeroy-boch-rock-set-6-flache-gerichte-27-cm\/","og_locale":"de_DE","og_type":"article","og_title":"VILLEROY & BOCH Rock Set 6 Flache Gerichte 27 cm","og_description":"Originalgeschirr f\u00fcr Mittag- und Abendessen Beeindrucken Sie Ihre G\u00e4ste mit geschmackvoll gestaltetem Geschirr. Nat\u00fcrlich, urspr\u00fcnglich und mit einer","og_url":"https:\/\/www.erresse-shop.it\/de\/shop\/tisch\/teller-geschirr\/villeroy-boch-rock-set-6-flache-gerichte-27-cm\/","og_site_name":"Erresse Shop","article_modified_time":"2023-02-15T09:46:23+00:00","og_image":[{"width":800,"height":800,"url":"https:\/\/www.erresse-shop.it\/wp-content\/uploads\/2023\/02\/VILLEROY-BOCH-Rock-Set-6-Piatti-Piani-27-cm.jpg","type":"image\/jpeg"}],"twitter_card":"summary_large_image","schema":{"@context":"https:\/\/schema.org","@graph":[{"@type":"WebPage","@id":"https:\/\/www.erresse-shop.it\/de\/shop\/tisch\/teller-geschirr\/villeroy-boch-rock-set-6-flache-gerichte-27-cm\/","url":"https:\/\/www.erresse-shop.it\/de\/shop\/tisch\/teller-geschirr\/villeroy-boch-rock-set-6-flache-gerichte-27-cm\/","name":"VILLEROY & BOCH Rock Set 6 Flache Gerichte 27 cm - Erresse Shop","isPartOf":{"@id":"https:\/\/www.erresse-shop.it\/de\/#website"},"datePublished":"2023-02-15T09:28:19+00:00","dateModified":"2023-02-15T09:46:23+00:00","description":"Originalgeschirr f\u00fcr Mittag- und Abendessen Beeindrucken Sie Ihre G\u00e4ste mit geschmackvoll gestaltetem Geschirr. Nat\u00fcrlich, urspr\u00fcnglich und mit einer","breadcrumb":{"@id":"https:\/\/www.erresse-shop.it\/de\/shop\/tisch\/teller-geschirr\/villeroy-boch-rock-set-6-flache-gerichte-27-cm\/#breadcrumb"},"inLanguage":"de-DE","potentialAction":[{"@type":"ReadAction","target":["https:\/\/www.erresse-shop.it\/de\/shop\/tisch\/teller-geschirr\/villeroy-boch-rock-set-6-flache-gerichte-27-cm\/"]}]},{"@type":"BreadcrumbList","@id":"https:\/\/www.erresse-shop.it\/de\/shop\/tisch\/teller-geschirr\/villeroy-boch-rock-set-6-flache-gerichte-27-cm\/#breadcrumb","itemListElement":[{"@type":"ListItem","position":1,"name":"Home","item":"https:\/\/www.erresse-shop.it\/de\/"},{"@type":"ListItem","position":2,"name":"Shop","item":"https:\/\/www.erresse-shop.it\/de\/shop\/"},{"@type":"ListItem","position":3,"name":"VILLEROY &#038; BOCH Rock Set 6 Flache Gerichte 27 cm"}]},{"@type":"WebSite","@id":"https:\/\/www.erresse-shop.it\/de\/#website","url":"https:\/\/www.erresse-shop.it\/de\/","name":"Erresse Shop","description":"Articoli di qualit\u00e0 per la casa","potentialAction":[{"@type":"SearchAction","target":{"@type":"EntryPoint","urlTemplate":"https:\/\/www.erresse-shop.it\/de\/?s={search_term_string}"},"query-input":"required name=search_term_string"}],"inLanguage":"de-DE"}]}},"df_price":74.7,"df_sale_price":74.7,"df_regular_price":149.4,"df_image_link":"https:\/\/www.erresse-shop.it\/wp-content\/uploads\/2023\/02\/VILLEROY-BOCH-Rock-Set-6-Piatti-Piani-27-cm-1-300x300.jpg","_links":{"self":[{"href":"https:\/\/www.erresse-shop.it\/de\/wp-json\/wp\/v2\/product\/237961"}],"collection":[{"href":"https:\/\/www.erresse-shop.it\/de\/wp-json\/wp\/v2\/product"}],"about":[{"href":"https:\/\/www.erresse-shop.it\/de\/wp-json\/wp\/v2\/types\/product"}],"wp:featuredmedia":[{"embeddable":true,"href":"https:\/\/www.erresse-shop.it\/de\/wp-json\/wp\/v2\/media\/474522"}],"wp:attachment":[{"href":"https:\/\/www.erresse-shop.it\/de\/wp-json\/wp\/v2\/media?parent=237961"}],"wp:term":[{"taxonomy":"product_cat","embeddable":true,"href":"https:\/\/www.erresse-shop.it\/de\/wp-json\/wp\/v2\/product_cat?post=237961"},{"taxonomy":"product_tag","embeddable":true,"href":"https:\/\/www.erresse-shop.it\/de\/wp-json\/wp\/v2\/product_tag?post=237961"}],"curies":[{"name":"wp","href":"https:\/\/api.w.org\/{rel}","templated":true}]}}