{"id":23792,"date":"2017-10-02T09:57:20","date_gmt":"2017-10-02T09:57:20","guid":{"rendered":"https:\/\/www.erresse-shop.it\/?post_type=product&#038;p=23792"},"modified":"2021-12-20T17:05:06","modified_gmt":"2021-12-20T17:05:06","slug":"miyabi-4000-fc-santoku-180mm-de","status":"publish","type":"product","link":"https:\/\/www.erresse-shop.it\/de\/shop\/kuche\/messer\/miyabi-4000-fc-santoku-180mm-de\/","title":{"rendered":"MIYABI 4000 FC Santoku 180mm"},"content":{"rendered":"<p>Die Marke Miyabi mit ihrem Statement \u201eThe Beauty of Sharpness\u201c spiegelt Werte wider, die in der japanischen Kultur besonders hoch gesch\u00e4tzt werden. Sie steht f\u00fcr Reinheit, Anmut und Eleganz. Die Messer von Miyabi vereinen Sch\u00f6nheit und au\u00dfergew\u00f6hnliche Sch\u00e4rfe zugleich. Sie folgen damit der uralten Tradition der Meister, die einst die besten japanischen Schwerter gefertigt haben. Miyabi Messer sind authentisch. Sie werden von Japanern entworfen und in ZWILLING eigenen Fabriken in Japan hergestellt.<\/p>\n<p>Wer Messerkunst mit jahrhundertealter Tradition entdecken m\u00f6chte, trifft mit den MIYABI 4000FC Messern die richtige Wahl. Wie jedes MIYABI Messer zeichnet sich auch dieses Santoku durch die perfekte Verbindung von Sch\u00f6nheit und Sch\u00e4rfe aus. Santoku bedeutet \u00fcbersetzt \u201eMesser der drei Tugenden\u201c, was sich auf die drei zentralen Einsatzgebiete bezieht: Das Schneiden von Fleisch, Fisch und Gem\u00fcse geht mit der beidseitig abgezogenen 180-mm-Klingenl\u00e4nge leicht von der Hand.<br \/>\nAus zweifach eisgeh\u00e4rtetem FC61-Stahl ist die FRIODUR Klinge gefertigt. Damit verf\u00fcgen Sie \u00fcber ein Messer von hoher H\u00e4rte und Widerstandsf\u00e4higkeit, auch bei starker Beanspruchung. Seine hohe Sch\u00e4rfe und Schnitthaltigkeit erh\u00e4lt der Spezialstahl durch den enorm feinen Katana-Edge-Schliff. Diesen Schliff findet man \u00fcbrigens auch bei japanischen Schwertern aus meisterlicher Herstellung.<br \/>\nEinen edlen Akzent im impr\u00e4gnierten, formstabilen Pakkaholzgriff setzt der Mosaikpin. Zugleich f\u00e4llt auf, dass beim MIYABI 4000FC Griff und Kropf achteckig geformt sind. Dies hat nicht nur \u00e4sthetische Gr\u00fcnde: Sie profitieren dadurch auch von einer sicheren, komfortablen Handhabung und arbeiten erm\u00fcdungsfrei.&nbsp;<br \/>\nAlle MIYABI Messer werden in Japan hergestellt. Daf\u00fcr verf\u00fcgt ZWILLING \u00fcber eine eigene Manufaktur in Seki. Hier verschmelzen deutsche Ingenieurskunst aus Solingen und feinste japanische Handarbeit zu Messer-Meisterwerken.<\/p>\n<p>&#8211; Santoku (\u201eMesser der drei Tugenden\u201c) mit einer Klingenl\u00e4nge von 180 mm<br \/>\n&#8211; Scharfe, schnitthaltige Klinge aus robustem FC61-Stahl<br \/>\n&#8211; Katana-Edge-Schliff, von japanischen Schwertern bekannt<br \/>\n&#8211; Achteckiger Pakkaholzgriff und Kropf f\u00fcr eine perfekte Handhabung<br \/>\n&#8211; MIYABI Logo als Gravur auf der Klinge<\/p>\n","protected":false},"excerpt":{"rendered":"<p>Die Marke Miyabi mit ihrem Statement \u201eThe Beauty of Sharpness\u201c spiegelt Werte wider, die in der japanischen Kultur besonders hoch<\/p>\n","protected":false},"featured_media":23793,"template":"","meta":{"_acf_changed":false,"inline_featured_image":false},"product_cat":[6742,6706,14454],"product_tag":[25027,11395,11529,11405,22495,11664,25022,11421],"acf":[],"yoast_head":"<!-- This site is optimized with the Yoast SEO Premium plugin v18.6 (Yoast SEO v19.13) - https:\/\/yoast.com\/wordpress\/plugins\/seo\/ -->\n<title>MIYABI 4000 FC Santoku 180mm - Erresse Shop<\/title>\n<meta name=\"description\" content=\"Die Marke Miyabi mit ihrem Statement \u201eThe Beauty of Sharpness\u201c spiegelt Werte wider, die in der japanischen Kultur besonders hoch gesch\u00e4tzt werden. Sie\" \/>\n<meta name=\"robots\" content=\"index, follow, max-snippet:-1, max-image-preview:large, max-video-preview:-1\" \/>\n<link rel=\"canonical\" href=\"https:\/\/www.erresse-shop.it\/de\/shop\/kuche\/messer\/miyabi-4000-fc-santoku-180mm-de\/\" \/>\n<meta property=\"og:locale\" content=\"de_DE\" \/>\n<meta property=\"og:type\" content=\"article\" \/>\n<meta property=\"og:title\" content=\"MIYABI 4000 FC Santoku 180mm\" \/>\n<meta property=\"og:description\" content=\"Die Marke Miyabi mit ihrem Statement \u201eThe Beauty of Sharpness\u201c spiegelt Werte wider, die in der japanischen Kultur besonders hoch gesch\u00e4tzt werden. Sie\" \/>\n<meta property=\"og:url\" content=\"https:\/\/www.erresse-shop.it\/de\/shop\/kuche\/messer\/miyabi-4000-fc-santoku-180mm-de\/\" \/>\n<meta property=\"og:site_name\" content=\"Erresse Shop\" \/>\n<meta property=\"article:modified_time\" content=\"2021-12-20T17:05:06+00:00\" \/>\n<meta property=\"og:image\" content=\"https:\/\/www.erresse-shop.it\/wp-content\/uploads\/2017\/10\/products-33957-181-2.jpg\" \/>\n\t<meta property=\"og:image:width\" content=\"500\" \/>\n\t<meta property=\"og:image:height\" content=\"282\" \/>\n\t<meta property=\"og:image:type\" content=\"image\/jpeg\" \/>\n<meta name=\"twitter:card\" content=\"summary_large_image\" \/>\n<script type=\"application\/ld+json\" class=\"yoast-schema-graph\">{\"@context\":\"https:\/\/schema.org\",\"@graph\":[{\"@type\":\"WebPage\",\"@id\":\"https:\/\/www.erresse-shop.it\/de\/shop\/kuche\/messer\/miyabi-4000-fc-santoku-180mm-de\/\",\"url\":\"https:\/\/www.erresse-shop.it\/de\/shop\/kuche\/messer\/miyabi-4000-fc-santoku-180mm-de\/\",\"name\":\"MIYABI 4000 FC Santoku 180mm - Erresse Shop\",\"isPartOf\":{\"@id\":\"https:\/\/www.erresse-shop.it\/de\/#website\"},\"datePublished\":\"2017-10-02T09:57:20+00:00\",\"dateModified\":\"2021-12-20T17:05:06+00:00\",\"description\":\"Die Marke Miyabi mit ihrem Statement \u201eThe Beauty of Sharpness\u201c spiegelt Werte wider, die in der japanischen Kultur besonders hoch gesch\u00e4tzt werden. Sie\",\"breadcrumb\":{\"@id\":\"https:\/\/www.erresse-shop.it\/de\/shop\/kuche\/messer\/miyabi-4000-fc-santoku-180mm-de\/#breadcrumb\"},\"inLanguage\":\"de-DE\",\"potentialAction\":[{\"@type\":\"ReadAction\",\"target\":[\"https:\/\/www.erresse-shop.it\/de\/shop\/kuche\/messer\/miyabi-4000-fc-santoku-180mm-de\/\"]}]},{\"@type\":\"BreadcrumbList\",\"@id\":\"https:\/\/www.erresse-shop.it\/de\/shop\/kuche\/messer\/miyabi-4000-fc-santoku-180mm-de\/#breadcrumb\",\"itemListElement\":[{\"@type\":\"ListItem\",\"position\":1,\"name\":\"Home\",\"item\":\"https:\/\/www.erresse-shop.it\/de\/\"},{\"@type\":\"ListItem\",\"position\":2,\"name\":\"Shop\",\"item\":\"https:\/\/www.erresse-shop.it\/de\/shop\/\"},{\"@type\":\"ListItem\",\"position\":3,\"name\":\"MIYABI 4000 FC Santoku 180mm\"}]},{\"@type\":\"WebSite\",\"@id\":\"https:\/\/www.erresse-shop.it\/de\/#website\",\"url\":\"https:\/\/www.erresse-shop.it\/de\/\",\"name\":\"Erresse Shop\",\"description\":\"Articoli di qualit\u00e0 per la casa\",\"potentialAction\":[{\"@type\":\"SearchAction\",\"target\":{\"@type\":\"EntryPoint\",\"urlTemplate\":\"https:\/\/www.erresse-shop.it\/de\/?s={search_term_string}\"},\"query-input\":\"required name=search_term_string\"}],\"inLanguage\":\"de-DE\"}]}<\/script>\n<!-- \/ Yoast SEO Premium plugin. -->","yoast_head_json":{"title":"MIYABI 4000 FC Santoku 180mm - Erresse Shop","description":"Die Marke Miyabi mit ihrem Statement \u201eThe Beauty of Sharpness\u201c spiegelt Werte wider, die in der japanischen Kultur besonders hoch gesch\u00e4tzt werden. Sie","robots":{"index":"index","follow":"follow","max-snippet":"max-snippet:-1","max-image-preview":"max-image-preview:large","max-video-preview":"max-video-preview:-1"},"canonical":"https:\/\/www.erresse-shop.it\/de\/shop\/kuche\/messer\/miyabi-4000-fc-santoku-180mm-de\/","og_locale":"de_DE","og_type":"article","og_title":"MIYABI 4000 FC Santoku 180mm","og_description":"Die Marke Miyabi mit ihrem Statement \u201eThe Beauty of Sharpness\u201c spiegelt Werte wider, die in der japanischen Kultur besonders hoch gesch\u00e4tzt werden. Sie","og_url":"https:\/\/www.erresse-shop.it\/de\/shop\/kuche\/messer\/miyabi-4000-fc-santoku-180mm-de\/","og_site_name":"Erresse Shop","article_modified_time":"2021-12-20T17:05:06+00:00","og_image":[{"width":"500","height":"282","url":"https:\/\/www.erresse-shop.it\/wp-content\/uploads\/2017\/10\/products-33957-181-2.jpg","type":"image\/jpeg"}],"twitter_card":"summary_large_image","schema":{"@context":"https:\/\/schema.org","@graph":[{"@type":"WebPage","@id":"https:\/\/www.erresse-shop.it\/de\/shop\/kuche\/messer\/miyabi-4000-fc-santoku-180mm-de\/","url":"https:\/\/www.erresse-shop.it\/de\/shop\/kuche\/messer\/miyabi-4000-fc-santoku-180mm-de\/","name":"MIYABI 4000 FC Santoku 180mm - Erresse Shop","isPartOf":{"@id":"https:\/\/www.erresse-shop.it\/de\/#website"},"datePublished":"2017-10-02T09:57:20+00:00","dateModified":"2021-12-20T17:05:06+00:00","description":"Die Marke Miyabi mit ihrem Statement \u201eThe Beauty of Sharpness\u201c spiegelt Werte wider, die in der japanischen Kultur besonders hoch gesch\u00e4tzt werden. Sie","breadcrumb":{"@id":"https:\/\/www.erresse-shop.it\/de\/shop\/kuche\/messer\/miyabi-4000-fc-santoku-180mm-de\/#breadcrumb"},"inLanguage":"de-DE","potentialAction":[{"@type":"ReadAction","target":["https:\/\/www.erresse-shop.it\/de\/shop\/kuche\/messer\/miyabi-4000-fc-santoku-180mm-de\/"]}]},{"@type":"BreadcrumbList","@id":"https:\/\/www.erresse-shop.it\/de\/shop\/kuche\/messer\/miyabi-4000-fc-santoku-180mm-de\/#breadcrumb","itemListElement":[{"@type":"ListItem","position":1,"name":"Home","item":"https:\/\/www.erresse-shop.it\/de\/"},{"@type":"ListItem","position":2,"name":"Shop","item":"https:\/\/www.erresse-shop.it\/de\/shop\/"},{"@type":"ListItem","position":3,"name":"MIYABI 4000 FC Santoku 180mm"}]},{"@type":"WebSite","@id":"https:\/\/www.erresse-shop.it\/de\/#website","url":"https:\/\/www.erresse-shop.it\/de\/","name":"Erresse Shop","description":"Articoli di qualit\u00e0 per la casa","potentialAction":[{"@type":"SearchAction","target":{"@type":"EntryPoint","urlTemplate":"https:\/\/www.erresse-shop.it\/de\/?s={search_term_string}"},"query-input":"required name=search_term_string"}],"inLanguage":"de-DE"}]}},"df_price":92.95,"df_sale_price":92.95,"df_regular_price":169,"df_image_link":"https:\/\/www.erresse-shop.it\/wp-content\/uploads\/2017\/10\/products-33957-181-2.jpg","_links":{"self":[{"href":"https:\/\/www.erresse-shop.it\/de\/wp-json\/wp\/v2\/product\/23792"}],"collection":[{"href":"https:\/\/www.erresse-shop.it\/de\/wp-json\/wp\/v2\/product"}],"about":[{"href":"https:\/\/www.erresse-shop.it\/de\/wp-json\/wp\/v2\/types\/product"}],"wp:featuredmedia":[{"embeddable":true,"href":"https:\/\/www.erresse-shop.it\/de\/wp-json\/wp\/v2\/media\/23793"}],"wp:attachment":[{"href":"https:\/\/www.erresse-shop.it\/de\/wp-json\/wp\/v2\/media?parent=23792"}],"wp:term":[{"taxonomy":"product_cat","embeddable":true,"href":"https:\/\/www.erresse-shop.it\/de\/wp-json\/wp\/v2\/product_cat?post=23792"},{"taxonomy":"product_tag","embeddable":true,"href":"https:\/\/www.erresse-shop.it\/de\/wp-json\/wp\/v2\/product_tag?post=23792"}],"curies":[{"name":"wp","href":"https:\/\/api.w.org\/{rel}","templated":true}]}}