{"id":23754,"date":"2017-09-18T15:19:40","date_gmt":"2017-09-18T15:19:40","guid":{"rendered":"https:\/\/www.erresse-shop.it\/?post_type=product&#038;p=23754"},"modified":"2025-01-17T13:21:05","modified_gmt":"2025-01-17T13:21:05","slug":"smeg-kessel-cream-klf03creu","status":"publish","type":"product","link":"https:\/\/www.erresse-shop.it\/de\/shop\/kleine-elektrogeraete\/elektrische-wasserkocher\/smeg-kessel-cream-klf03creu\/","title":{"rendered":"SMEG Kessel Cream Serie 50 Jahre"},"content":{"rendered":"<p><strong>SMEG<\/strong> Serie 50 Jahre<\/p>\n<p>Ein symbolisches Treffen, Symbole, die den Raum, den sie einnehmen, die neue kleine Linie von 50 Jahren drehen, die in Zusammenarbeit mit Matthew Bazzicalupo und Raffaella Mangiarotti von deepdesign, die Vergangenheit evozieren und die Orte, an jedem Tag zu gestalten, auf eine neue Weise zu investieren, was bereits existiert oder existiert hat, wie es in der Kunst und Ged\u00e4chtnis geschieht.<br \/>\nProduziert von abgerundeten und kompakten Formen, sind die Protagonisten der K\u00fcche, f\u00fcr diejenigen, die eine Erfahrung Koch leben wollen aber nicht nur. F\u00fcr diejenigen, die sich mit Objekten mit einer starken \u00e4sthetischen Charakter zu umgeben, wie ohne den Blick f\u00fcr die qualitativ hochwertige Leistung zu verlieren.<\/p>\n<p><strong>\u00c4sthetik<\/strong><br \/>\nK\u00f6rper aus lackiertem Edelstahl<br \/>\n3D logo<br \/>\npolierte Chromunter&nbsp;<br \/>\nBet\u00e4tigungshebel Knopf Edelstahl-Schleife<br \/>\nAusgie\u00dfer Edelstahl<br \/>\nGriff chrom<\/p>\n<p><strong>Technische Eigenschaften<\/strong><br \/>\nKrug Kapazit\u00e4t 1,7 Lt \/ 7 Tassen<br \/>\nAbdeckung offen mit &#8220;Soft-Opening&#8221; System<br \/>\nZweisprachige Anzeige Wasserstand Lt \/ Cups<br \/>\nKalkfilter aus Edelstahl, abnehmbar<br \/>\nAutomatische Abschaltung bei 100 \u00b0 C<br \/>\nautomatische Abschaltung in Abwesenheit von Wasser<br \/>\nBasis mit 360 \u00b0 Anschluss<br \/>\nverborgene Kraft<br \/>\nIntegrierte Kabelaufbewahrung&nbsp;<br \/>\nAnti-Rutsch-F\u00fc\u00dfe<br \/>\nLeistung 2400 W<\/p>\n<p><strong>Allgemeine Spezifikation<\/strong><br \/>\nAbmessungen HxBxT 248x226x171 mm<br \/>\nNettogewicht 1,6 kg<br \/>\nKabell\u00e4nge 1 m<\/p>\n<p><strong>Elektronische Spezifikationen<\/strong><br \/>\nSpannung 220-240 V<br \/>\nFrequenz 50\/60 Hz<br \/>\nSchuko-Stecker<\/p>\n<p><u style=\"font-size: 13px;line-height: 20.8px\"><strong>Not for sale outside from Europe<\/strong><\/u><\/p>\n","protected":false},"excerpt":{"rendered":"<p>SMEG Serie 50 Jahre Ein symbolisches Treffen, Symbole, die den Raum, den sie einnehmen, die neue kleine Linie von 50<\/p>\n","protected":false},"featured_media":477464,"template":"","meta":{"_acf_changed":false,"inline_featured_image":false},"product_cat":[6874,6703],"product_tag":[25182,11652,11718,19954,19955,12357,25022],"acf":[],"yoast_head":"<!-- This site is optimized with the Yoast SEO Premium plugin v18.6 (Yoast SEO v19.13) - https:\/\/yoast.com\/wordpress\/plugins\/seo\/ -->\n<title>SMEG Kessel Cream Serie 50 Jahre<\/title>\n<meta name=\"description\" content=\"Entdecken Sie SMEG Kessel Cream Serie 50 Jahre bei ErresseShop. Qualit\u00e4t, Stil und Funktionalit\u00e4t \u2013 jetzt online bestellen!\" \/>\n<meta name=\"robots\" content=\"index, follow, max-snippet:-1, max-image-preview:large, max-video-preview:-1\" \/>\n<link rel=\"canonical\" href=\"https:\/\/www.erresse-shop.it\/de\/shop\/kleine-elektrogeraete\/elektrische-wasserkocher\/smeg-kessel-cream-klf03creu\/\" \/>\n<meta property=\"og:locale\" content=\"de_DE\" \/>\n<meta property=\"og:type\" content=\"article\" \/>\n<meta property=\"og:title\" content=\"SMEG Kessel Cream Serie 50 Jahre\" \/>\n<meta property=\"og:description\" content=\"Entdecken Sie SMEG Kessel Cream Serie 50 Jahre bei ErresseShop. Qualit\u00e4t, Stil und Funktionalit\u00e4t \u2013 jetzt online bestellen!\" \/>\n<meta property=\"og:url\" content=\"https:\/\/www.erresse-shop.it\/de\/shop\/kleine-elektrogeraete\/elektrische-wasserkocher\/smeg-kessel-cream-klf03creu\/\" \/>\n<meta property=\"og:site_name\" content=\"Erresse Shop\" \/>\n<meta property=\"article:modified_time\" content=\"2025-01-17T13:21:05+00:00\" \/>\n<meta property=\"og:image\" content=\"https:\/\/www.erresse-shop.it\/wp-content\/uploads\/2017\/09\/SMEG-Estetica-Anni-50-Bollitore-Panna.png\" \/>\n\t<meta property=\"og:image:width\" content=\"800\" \/>\n\t<meta property=\"og:image:height\" content=\"800\" \/>\n\t<meta property=\"og:image:type\" content=\"image\/png\" \/>\n<meta name=\"twitter:card\" content=\"summary_large_image\" \/>\n<script type=\"application\/ld+json\" class=\"yoast-schema-graph\">{\"@context\":\"https:\/\/schema.org\",\"@graph\":[{\"@type\":\"WebPage\",\"@id\":\"https:\/\/www.erresse-shop.it\/de\/shop\/kleine-elektrogeraete\/elektrische-wasserkocher\/smeg-kessel-cream-klf03creu\/\",\"url\":\"https:\/\/www.erresse-shop.it\/de\/shop\/kleine-elektrogeraete\/elektrische-wasserkocher\/smeg-kessel-cream-klf03creu\/\",\"name\":\"SMEG Kessel Cream Serie 50 Jahre\",\"isPartOf\":{\"@id\":\"https:\/\/www.erresse-shop.it\/de\/#website\"},\"datePublished\":\"2017-09-18T15:19:40+00:00\",\"dateModified\":\"2025-01-17T13:21:05+00:00\",\"description\":\"Entdecken Sie SMEG Kessel Cream Serie 50 Jahre bei ErresseShop. Qualit\u00e4t, Stil und Funktionalit\u00e4t \u2013 jetzt online bestellen!\",\"breadcrumb\":{\"@id\":\"https:\/\/www.erresse-shop.it\/de\/shop\/kleine-elektrogeraete\/elektrische-wasserkocher\/smeg-kessel-cream-klf03creu\/#breadcrumb\"},\"inLanguage\":\"de-DE\",\"potentialAction\":[{\"@type\":\"ReadAction\",\"target\":[\"https:\/\/www.erresse-shop.it\/de\/shop\/kleine-elektrogeraete\/elektrische-wasserkocher\/smeg-kessel-cream-klf03creu\/\"]}]},{\"@type\":\"BreadcrumbList\",\"@id\":\"https:\/\/www.erresse-shop.it\/de\/shop\/kleine-elektrogeraete\/elektrische-wasserkocher\/smeg-kessel-cream-klf03creu\/#breadcrumb\",\"itemListElement\":[{\"@type\":\"ListItem\",\"position\":1,\"name\":\"Home\",\"item\":\"https:\/\/www.erresse-shop.it\/de\/\"},{\"@type\":\"ListItem\",\"position\":2,\"name\":\"Shop\",\"item\":\"https:\/\/www.erresse-shop.it\/de\/shop\/\"},{\"@type\":\"ListItem\",\"position\":3,\"name\":\"SMEG Kessel Cream Serie 50 Jahre\"}]},{\"@type\":\"WebSite\",\"@id\":\"https:\/\/www.erresse-shop.it\/de\/#website\",\"url\":\"https:\/\/www.erresse-shop.it\/de\/\",\"name\":\"Erresse Shop\",\"description\":\"Articoli di qualit\u00e0 per la casa\",\"potentialAction\":[{\"@type\":\"SearchAction\",\"target\":{\"@type\":\"EntryPoint\",\"urlTemplate\":\"https:\/\/www.erresse-shop.it\/de\/?s={search_term_string}\"},\"query-input\":\"required name=search_term_string\"}],\"inLanguage\":\"de-DE\"}]}<\/script>\n<!-- \/ Yoast SEO Premium plugin. -->","yoast_head_json":{"title":"SMEG Kessel Cream Serie 50 Jahre","description":"Entdecken Sie SMEG Kessel Cream Serie 50 Jahre bei ErresseShop. Qualit\u00e4t, Stil und Funktionalit\u00e4t \u2013 jetzt online bestellen!","robots":{"index":"index","follow":"follow","max-snippet":"max-snippet:-1","max-image-preview":"max-image-preview:large","max-video-preview":"max-video-preview:-1"},"canonical":"https:\/\/www.erresse-shop.it\/de\/shop\/kleine-elektrogeraete\/elektrische-wasserkocher\/smeg-kessel-cream-klf03creu\/","og_locale":"de_DE","og_type":"article","og_title":"SMEG Kessel Cream Serie 50 Jahre","og_description":"Entdecken Sie SMEG Kessel Cream Serie 50 Jahre bei ErresseShop. Qualit\u00e4t, Stil und Funktionalit\u00e4t \u2013 jetzt online bestellen!","og_url":"https:\/\/www.erresse-shop.it\/de\/shop\/kleine-elektrogeraete\/elektrische-wasserkocher\/smeg-kessel-cream-klf03creu\/","og_site_name":"Erresse Shop","article_modified_time":"2025-01-17T13:21:05+00:00","og_image":[{"width":800,"height":800,"url":"https:\/\/www.erresse-shop.it\/wp-content\/uploads\/2017\/09\/SMEG-Estetica-Anni-50-Bollitore-Panna.png","type":"image\/png"}],"twitter_card":"summary_large_image","schema":{"@context":"https:\/\/schema.org","@graph":[{"@type":"WebPage","@id":"https:\/\/www.erresse-shop.it\/de\/shop\/kleine-elektrogeraete\/elektrische-wasserkocher\/smeg-kessel-cream-klf03creu\/","url":"https:\/\/www.erresse-shop.it\/de\/shop\/kleine-elektrogeraete\/elektrische-wasserkocher\/smeg-kessel-cream-klf03creu\/","name":"SMEG Kessel Cream Serie 50 Jahre","isPartOf":{"@id":"https:\/\/www.erresse-shop.it\/de\/#website"},"datePublished":"2017-09-18T15:19:40+00:00","dateModified":"2025-01-17T13:21:05+00:00","description":"Entdecken Sie SMEG Kessel Cream Serie 50 Jahre bei ErresseShop. Qualit\u00e4t, Stil und Funktionalit\u00e4t \u2013 jetzt online bestellen!","breadcrumb":{"@id":"https:\/\/www.erresse-shop.it\/de\/shop\/kleine-elektrogeraete\/elektrische-wasserkocher\/smeg-kessel-cream-klf03creu\/#breadcrumb"},"inLanguage":"de-DE","potentialAction":[{"@type":"ReadAction","target":["https:\/\/www.erresse-shop.it\/de\/shop\/kleine-elektrogeraete\/elektrische-wasserkocher\/smeg-kessel-cream-klf03creu\/"]}]},{"@type":"BreadcrumbList","@id":"https:\/\/www.erresse-shop.it\/de\/shop\/kleine-elektrogeraete\/elektrische-wasserkocher\/smeg-kessel-cream-klf03creu\/#breadcrumb","itemListElement":[{"@type":"ListItem","position":1,"name":"Home","item":"https:\/\/www.erresse-shop.it\/de\/"},{"@type":"ListItem","position":2,"name":"Shop","item":"https:\/\/www.erresse-shop.it\/de\/shop\/"},{"@type":"ListItem","position":3,"name":"SMEG Kessel Cream Serie 50 Jahre"}]},{"@type":"WebSite","@id":"https:\/\/www.erresse-shop.it\/de\/#website","url":"https:\/\/www.erresse-shop.it\/de\/","name":"Erresse Shop","description":"Articoli di qualit\u00e0 per la casa","potentialAction":[{"@type":"SearchAction","target":{"@type":"EntryPoint","urlTemplate":"https:\/\/www.erresse-shop.it\/de\/?s={search_term_string}"},"query-input":"required name=search_term_string"}],"inLanguage":"de-DE"}]}},"df_price":118.3,"df_sale_price":118.3,"df_regular_price":169,"df_image_link":"https:\/\/www.erresse-shop.it\/wp-content\/uploads\/2017\/09\/SMEG-Estetica-Anni-50-Bollitore-Panna-300x300.jpg","_links":{"self":[{"href":"https:\/\/www.erresse-shop.it\/de\/wp-json\/wp\/v2\/product\/23754"}],"collection":[{"href":"https:\/\/www.erresse-shop.it\/de\/wp-json\/wp\/v2\/product"}],"about":[{"href":"https:\/\/www.erresse-shop.it\/de\/wp-json\/wp\/v2\/types\/product"}],"wp:featuredmedia":[{"embeddable":true,"href":"https:\/\/www.erresse-shop.it\/de\/wp-json\/wp\/v2\/media\/477464"}],"wp:attachment":[{"href":"https:\/\/www.erresse-shop.it\/de\/wp-json\/wp\/v2\/media?parent=23754"}],"wp:term":[{"taxonomy":"product_cat","embeddable":true,"href":"https:\/\/www.erresse-shop.it\/de\/wp-json\/wp\/v2\/product_cat?post=23754"},{"taxonomy":"product_tag","embeddable":true,"href":"https:\/\/www.erresse-shop.it\/de\/wp-json\/wp\/v2\/product_tag?post=23754"}],"curies":[{"name":"wp","href":"https:\/\/api.w.org\/{rel}","templated":true}]}}