{"id":23663,"date":"2017-09-18T11:09:58","date_gmt":"2017-09-18T11:09:58","guid":{"rendered":"https:\/\/www.erresse-shop.it\/?post_type=product&#038;p=23663"},"modified":"2025-01-17T13:20:53","modified_gmt":"2025-01-17T13:20:53","slug":"smeg-kessel-weiss-variable-temperatur-klf04wheu","status":"publish","type":"product","link":"https:\/\/www.erresse-shop.it\/de\/shop\/kleine-elektrogeraete\/elektrische-wasserkocher\/smeg-kessel-weiss-variable-temperatur-klf04wheu\/","title":{"rendered":"SMEG Kessel Wei\u00df variable Temperatur Serie 50 Jahre"},"content":{"rendered":"<p><strong>SMEG<\/strong> Serie 50 Jahre<\/p>\n<p>Ein symbolisches Treffen, Symbole, die den Raum, den sie einnehmen, die neue kleine Linie von 50 Jahren drehen, die in Zusammenarbeit mit Matthew Bazzicalupo und Raffaella Mangiarotti von deepdesign, die Vergangenheit evozieren und die Orte, an jedem Tag zu gestalten, auf eine neue Weise zu investieren, was bereits existiert oder existiert hat, wie es in der Kunst und Ged\u00e4chtnis geschieht.<br \/>\nProduziert von abgerundeten und kompakten Formen, sind die Protagonisten der K\u00fcche, f\u00fcr diejenigen, die eine Erfahrung Koch leben wollen aber nicht nur. F\u00fcr diejenigen, die sich mit Objekten mit einer starken \u00e4sthetischen Charakter zu umgeben, wie ohne den Blick f\u00fcr die qualitativ hochwertige Leistung zu verlieren.<\/p>\n<p><strong>\u00c4sthetik<\/strong><br \/>\n&#8211; Gl\u00e4nzender Edelstahlk\u00f6rper<br \/>\n&#8211; 3D Logo<br \/>\n&#8211; Verchromte matte Basis<br \/>\n&#8211; Edelstahl-W\u00e4hlhebelknopf<br \/>\n&#8211; Beleuchtete Funktionstasten<br \/>\n&#8211; LED-Anzeigetemperatur<br \/>\n&#8211; Edelstahlauslauf<br \/>\n&#8211; Chromgriff<\/p>\n<p><strong>Technische Eigenschaften<\/strong><br \/>\n&#8211; Karaffenkapazit\u00e4t 1.7 Lt \/ 7 Schalen<br \/>\n&#8211; \u00d6ffnen mit Soft-Opening-System<br \/>\n&#8211; Doppelte Wasserstandsanzeige Lt \/ Cups<br \/>\n&#8211; Anti-Kalk-Filter aus Edelstahl, abnehmbar<br \/>\n&#8211; Automatische Abschaltung bei erreichter Temperatur<br \/>\n&#8211; Automatische Abschaltung in Abwesenheit von Wasser<br \/>\n&#8211; Basis mit 360 \u00b0 Anschluss<br \/>\n&#8211; Verborgener Widerstand<br \/>\n&#8211; Integriertes Windschutzscheibenfach<br \/>\n&#8211; rutschfeste F\u00fc\u00dfe<br \/>\n&#8211; Leistung 2400 W<\/p>\n<p><strong>Funktionen<\/strong><br \/>\n&#8211; 7 Temperaturniveaus: 50 \u00b0 C, 60 \u00b0 C, 70 \u00b0 C, 80 \u00b0 C, 90 \u00b0 C, 95 \u00b0 C, 100 \u00b0 C<br \/>\n&#8211; Haltetemperatur bis zu 20 Minuten erreicht<br \/>\n&#8211; Akustisches Signal f\u00fcr Z\u00fcndung, Abschaltung, Zyklusstart, Zyklusende<br \/>\n&#8211; T\u00f6ne deaktivieren<\/p>\n<p><strong>Allgemeine Spezifikation<\/strong><br \/>\n&#8211; Abmessungen HxLxP 275x226x171 mm<br \/>\n&#8211; Nettogewicht 1,8 Kg<br \/>\n&#8211; Kabell\u00e4nge 1 m<\/p>\n<p><strong>Elektronische Spezifikationen<\/strong><br \/>\n&#8211; Spannung 220-240 V<br \/>\n&#8211; Frequenz 50\/60 Hz<br \/>\n&#8211; Stecker schuko<\/p>\n<p><u style=\"font-size: 13px;line-height: 20.8px\"><strong>Not for sale outside from Europe<\/strong><\/u><\/p>\n","protected":false},"excerpt":{"rendered":"<p>SMEG Serie 50 Jahre Ein symbolisches Treffen, Symbole, die den Raum, den sie einnehmen, die neue kleine Linie von 50<\/p>\n","protected":false},"featured_media":508055,"template":"","meta":{"_acf_changed":false,"inline_featured_image":false},"product_cat":[6874,6703],"product_tag":[25182,11652,11718,19954,19955,12357,25022],"acf":[],"yoast_head":"<!-- This site is optimized with the Yoast SEO Premium plugin v18.6 (Yoast SEO v19.13) - https:\/\/yoast.com\/wordpress\/plugins\/seo\/ -->\n<title>SMEG Kessel Wei\u00df variable Temperatur Serie 50 Jahre<\/title>\n<meta name=\"description\" content=\"Entdecken Sie SMEG Kessel Wei\u00df variable Temperatur Serie 50 Jahre bei ErresseShop. Qualit\u00e4t, Stil und Funktionalit\u00e4t \u2013 jetzt online bestellen!\" \/>\n<meta name=\"robots\" content=\"index, follow, max-snippet:-1, max-image-preview:large, max-video-preview:-1\" \/>\n<link rel=\"canonical\" href=\"https:\/\/www.erresse-shop.it\/de\/shop\/kleine-elektrogeraete\/elektrische-wasserkocher\/smeg-kessel-weiss-variable-temperatur-klf04wheu\/\" \/>\n<meta property=\"og:locale\" content=\"de_DE\" \/>\n<meta property=\"og:type\" content=\"article\" \/>\n<meta property=\"og:title\" content=\"SMEG Kessel Wei\u00df variable Temperatur Serie 50 Jahre\" \/>\n<meta property=\"og:description\" content=\"Entdecken Sie SMEG Kessel Wei\u00df variable Temperatur Serie 50 Jahre bei ErresseShop. Qualit\u00e4t, Stil und Funktionalit\u00e4t \u2013 jetzt online bestellen!\" \/>\n<meta property=\"og:url\" content=\"https:\/\/www.erresse-shop.it\/de\/shop\/kleine-elektrogeraete\/elektrische-wasserkocher\/smeg-kessel-weiss-variable-temperatur-klf04wheu\/\" \/>\n<meta property=\"og:site_name\" content=\"Erresse Shop\" \/>\n<meta property=\"article:modified_time\" content=\"2025-01-17T13:20:53+00:00\" \/>\n<meta property=\"og:image\" content=\"https:\/\/www.erresse-shop.it\/wp-content\/uploads\/2017\/09\/SMEG-Estetica-Anni-50-Bollitore-Bianco-Temperatura-variabile.png\" \/>\n\t<meta property=\"og:image:width\" content=\"800\" \/>\n\t<meta property=\"og:image:height\" content=\"800\" \/>\n\t<meta property=\"og:image:type\" content=\"image\/png\" \/>\n<meta name=\"twitter:card\" content=\"summary_large_image\" \/>\n<script type=\"application\/ld+json\" class=\"yoast-schema-graph\">{\"@context\":\"https:\/\/schema.org\",\"@graph\":[{\"@type\":\"WebPage\",\"@id\":\"https:\/\/www.erresse-shop.it\/de\/shop\/kleine-elektrogeraete\/elektrische-wasserkocher\/smeg-kessel-weiss-variable-temperatur-klf04wheu\/\",\"url\":\"https:\/\/www.erresse-shop.it\/de\/shop\/kleine-elektrogeraete\/elektrische-wasserkocher\/smeg-kessel-weiss-variable-temperatur-klf04wheu\/\",\"name\":\"SMEG Kessel Wei\u00df variable Temperatur Serie 50 Jahre\",\"isPartOf\":{\"@id\":\"https:\/\/www.erresse-shop.it\/de\/#website\"},\"datePublished\":\"2017-09-18T11:09:58+00:00\",\"dateModified\":\"2025-01-17T13:20:53+00:00\",\"description\":\"Entdecken Sie SMEG Kessel Wei\u00df variable Temperatur Serie 50 Jahre bei ErresseShop. Qualit\u00e4t, Stil und Funktionalit\u00e4t \u2013 jetzt online bestellen!\",\"breadcrumb\":{\"@id\":\"https:\/\/www.erresse-shop.it\/de\/shop\/kleine-elektrogeraete\/elektrische-wasserkocher\/smeg-kessel-weiss-variable-temperatur-klf04wheu\/#breadcrumb\"},\"inLanguage\":\"de-DE\",\"potentialAction\":[{\"@type\":\"ReadAction\",\"target\":[\"https:\/\/www.erresse-shop.it\/de\/shop\/kleine-elektrogeraete\/elektrische-wasserkocher\/smeg-kessel-weiss-variable-temperatur-klf04wheu\/\"]}]},{\"@type\":\"BreadcrumbList\",\"@id\":\"https:\/\/www.erresse-shop.it\/de\/shop\/kleine-elektrogeraete\/elektrische-wasserkocher\/smeg-kessel-weiss-variable-temperatur-klf04wheu\/#breadcrumb\",\"itemListElement\":[{\"@type\":\"ListItem\",\"position\":1,\"name\":\"Home\",\"item\":\"https:\/\/www.erresse-shop.it\/de\/\"},{\"@type\":\"ListItem\",\"position\":2,\"name\":\"Shop\",\"item\":\"https:\/\/www.erresse-shop.it\/de\/shop\/\"},{\"@type\":\"ListItem\",\"position\":3,\"name\":\"SMEG Kessel Wei\u00df variable Temperatur Serie 50 Jahre\"}]},{\"@type\":\"WebSite\",\"@id\":\"https:\/\/www.erresse-shop.it\/de\/#website\",\"url\":\"https:\/\/www.erresse-shop.it\/de\/\",\"name\":\"Erresse Shop\",\"description\":\"Articoli di qualit\u00e0 per la casa\",\"potentialAction\":[{\"@type\":\"SearchAction\",\"target\":{\"@type\":\"EntryPoint\",\"urlTemplate\":\"https:\/\/www.erresse-shop.it\/de\/?s={search_term_string}\"},\"query-input\":\"required name=search_term_string\"}],\"inLanguage\":\"de-DE\"}]}<\/script>\n<!-- \/ Yoast SEO Premium plugin. -->","yoast_head_json":{"title":"SMEG Kessel Wei\u00df variable Temperatur Serie 50 Jahre","description":"Entdecken Sie SMEG Kessel Wei\u00df variable Temperatur Serie 50 Jahre bei ErresseShop. Qualit\u00e4t, Stil und Funktionalit\u00e4t \u2013 jetzt online bestellen!","robots":{"index":"index","follow":"follow","max-snippet":"max-snippet:-1","max-image-preview":"max-image-preview:large","max-video-preview":"max-video-preview:-1"},"canonical":"https:\/\/www.erresse-shop.it\/de\/shop\/kleine-elektrogeraete\/elektrische-wasserkocher\/smeg-kessel-weiss-variable-temperatur-klf04wheu\/","og_locale":"de_DE","og_type":"article","og_title":"SMEG Kessel Wei\u00df variable Temperatur Serie 50 Jahre","og_description":"Entdecken Sie SMEG Kessel Wei\u00df variable Temperatur Serie 50 Jahre bei ErresseShop. Qualit\u00e4t, Stil und Funktionalit\u00e4t \u2013 jetzt online bestellen!","og_url":"https:\/\/www.erresse-shop.it\/de\/shop\/kleine-elektrogeraete\/elektrische-wasserkocher\/smeg-kessel-weiss-variable-temperatur-klf04wheu\/","og_site_name":"Erresse Shop","article_modified_time":"2025-01-17T13:20:53+00:00","og_image":[{"width":800,"height":800,"url":"https:\/\/www.erresse-shop.it\/wp-content\/uploads\/2017\/09\/SMEG-Estetica-Anni-50-Bollitore-Bianco-Temperatura-variabile.png","type":"image\/png"}],"twitter_card":"summary_large_image","schema":{"@context":"https:\/\/schema.org","@graph":[{"@type":"WebPage","@id":"https:\/\/www.erresse-shop.it\/de\/shop\/kleine-elektrogeraete\/elektrische-wasserkocher\/smeg-kessel-weiss-variable-temperatur-klf04wheu\/","url":"https:\/\/www.erresse-shop.it\/de\/shop\/kleine-elektrogeraete\/elektrische-wasserkocher\/smeg-kessel-weiss-variable-temperatur-klf04wheu\/","name":"SMEG Kessel Wei\u00df variable Temperatur Serie 50 Jahre","isPartOf":{"@id":"https:\/\/www.erresse-shop.it\/de\/#website"},"datePublished":"2017-09-18T11:09:58+00:00","dateModified":"2025-01-17T13:20:53+00:00","description":"Entdecken Sie SMEG Kessel Wei\u00df variable Temperatur Serie 50 Jahre bei ErresseShop. Qualit\u00e4t, Stil und Funktionalit\u00e4t \u2013 jetzt online bestellen!","breadcrumb":{"@id":"https:\/\/www.erresse-shop.it\/de\/shop\/kleine-elektrogeraete\/elektrische-wasserkocher\/smeg-kessel-weiss-variable-temperatur-klf04wheu\/#breadcrumb"},"inLanguage":"de-DE","potentialAction":[{"@type":"ReadAction","target":["https:\/\/www.erresse-shop.it\/de\/shop\/kleine-elektrogeraete\/elektrische-wasserkocher\/smeg-kessel-weiss-variable-temperatur-klf04wheu\/"]}]},{"@type":"BreadcrumbList","@id":"https:\/\/www.erresse-shop.it\/de\/shop\/kleine-elektrogeraete\/elektrische-wasserkocher\/smeg-kessel-weiss-variable-temperatur-klf04wheu\/#breadcrumb","itemListElement":[{"@type":"ListItem","position":1,"name":"Home","item":"https:\/\/www.erresse-shop.it\/de\/"},{"@type":"ListItem","position":2,"name":"Shop","item":"https:\/\/www.erresse-shop.it\/de\/shop\/"},{"@type":"ListItem","position":3,"name":"SMEG Kessel Wei\u00df variable Temperatur Serie 50 Jahre"}]},{"@type":"WebSite","@id":"https:\/\/www.erresse-shop.it\/de\/#website","url":"https:\/\/www.erresse-shop.it\/de\/","name":"Erresse Shop","description":"Articoli di qualit\u00e0 per la casa","potentialAction":[{"@type":"SearchAction","target":{"@type":"EntryPoint","urlTemplate":"https:\/\/www.erresse-shop.it\/de\/?s={search_term_string}"},"query-input":"required name=search_term_string"}],"inLanguage":"de-DE"}]}},"df_price":139.29999999999998,"df_sale_price":139.29999999999998,"df_regular_price":199,"df_image_link":"https:\/\/www.erresse-shop.it\/wp-content\/uploads\/2017\/09\/SMEG-Estetica-Anni-50-Bollitore-Bianco-Temperatura-variabile-300x300.jpg","_links":{"self":[{"href":"https:\/\/www.erresse-shop.it\/de\/wp-json\/wp\/v2\/product\/23663"}],"collection":[{"href":"https:\/\/www.erresse-shop.it\/de\/wp-json\/wp\/v2\/product"}],"about":[{"href":"https:\/\/www.erresse-shop.it\/de\/wp-json\/wp\/v2\/types\/product"}],"wp:featuredmedia":[{"embeddable":true,"href":"https:\/\/www.erresse-shop.it\/de\/wp-json\/wp\/v2\/media\/508055"}],"wp:attachment":[{"href":"https:\/\/www.erresse-shop.it\/de\/wp-json\/wp\/v2\/media?parent=23663"}],"wp:term":[{"taxonomy":"product_cat","embeddable":true,"href":"https:\/\/www.erresse-shop.it\/de\/wp-json\/wp\/v2\/product_cat?post=23663"},{"taxonomy":"product_tag","embeddable":true,"href":"https:\/\/www.erresse-shop.it\/de\/wp-json\/wp\/v2\/product_tag?post=23663"}],"curies":[{"name":"wp","href":"https:\/\/api.w.org\/{rel}","templated":true}]}}