{"id":23573,"date":"2017-08-28T16:25:42","date_gmt":"2017-08-28T16:25:42","guid":{"rendered":"https:\/\/www.erresse-shop.it\/?post_type=product&#038;p=23573"},"modified":"2025-01-22T07:09:45","modified_gmt":"2025-01-22T07:09:45","slug":"melting-pot-6-mischglaser-bicolor-blau","status":"publish","type":"product","link":"https:\/\/www.erresse-shop.it\/de\/shop\/tisch\/trinkglaeser\/melting-pot-6-mischglaser-bicolor-blau\/","title":{"rendered":"ZAFFERANO Melting Pot 6 Mischgl\u00e4ser Bicolor Blau"},"content":{"rendered":"<p><strong>Zafferano<\/strong>. Ein Weinglas deklamiert, entwickelt und vollst\u00e4ndig erg\u00e4nzt die Fl\u00fcssigkeit h\u00e4lt &#8211; und es ist auch ein Kunstwerk.&nbsp;<\/p>\n<div>Die Arbeit von Federico de Majo inspiriert von der visuellen und traditionsreichsten der Zeilen, die andere mit einem einzigartig technischen Inhalt, was die Begeisterung f\u00fcr Innovation und Forschung.&nbsp;<\/div>\n<div>&nbsp;<\/div>\n<div>Zafferano bringt die Kunst der Glasmacher und die Kultur des Weines.&nbsp;<\/div>\n<div>Die Geschichte von Federico de Majo hat seine Anf\u00e4nge in den Familienbetrieb auf der Insel Murano (Venedig). Es war hier, in der Mitte der 1970er Jahre, dass Federico de Majo begann, und k\u00fcnstlerische Glas Allgemeinen. Danach wird ein Gef\u00fchl f\u00fcr die Bedeutung und den Genuss von gutem Wein f\u00fchrte ihn eine Firma auf die Entwicklung und Herstellung von Verkostungsgl\u00e4ser gewidmet.&nbsp;<\/div>\n<div>&nbsp;<\/div>\n<div><strong>Zafferano<\/strong> Sammlungen sind <strong>mundgeblasen<\/strong> und von <strong>Handwerksmeistern<\/strong>, die noch arbeiten, wie vor handgefertigt. Diese Handwerkskunst macht jedes St\u00fcck einzigartig und unterscheidet sich von anderen, und aus diesem Grund umso wertvoller. Das markante Logo, mit dem Kelch und der Z von Zafferano innerhalb bescheinigt, dass das Produkt ist handgefertigt.&nbsp;<\/div>\n<div>&nbsp;<\/div>\n<div>Verschiedene Mischungen von Kollektionen, mit ansteckenden Formen und Farben &#8211; trendig und mit mono- oder bicromantischen Angeboten &#8211; die in ihrer Mischung unterschiedliche und \u00fcberraschende Effekte und L\u00f6sungen erzeugen Melting Pot: ein innovativer Ansatz f\u00fcr Tischdekoration. Es gibt drei verschiedene Mischungen von vorgeschlagenen Sammlungen, mit Kontamination von Formen und Farben &#8211; trendy und mit mono oder bikromous Vorschl\u00e4ge &#8211; die in ihrer Mischung produzieren unterschiedliche und \u00fcberraschende Effekte und L\u00f6sungen. Diese Neuheit bei der Vorlage von Sammlungen ergibt sich aus der realen Beobachtung. Da die Realit\u00e4t, in der wir leben, das Ergebnis einer Kombination von Elementen ist, die sich in neuen Kombinationen verweben, so \u00fcbersetzen unsere neuen Sammlungsvorschl\u00e4ge den zeitgen\u00f6ssischen Alltag. Nicht nur verschiedene Formen und Farben in den verschiedenen Produktlinien, also ein Schritt, der weiter geht. F\u00fcr Safranverpackungen w\u00e4hlt Safran zuf\u00e4llig aus drei Sammlungen von Perle, Tirache, Bon Bon und Gessato Kollektionen und drei Tumbler Kollektionen aus den venezianischen, barocken, Provenzale, Big John und Wilson Kollektionen.<\/div>\n<div>&nbsp;<\/div>\n","protected":false},"excerpt":{"rendered":"<p>Zafferano. Ein Weinglas deklamiert, entwickelt und vollst\u00e4ndig erg\u00e4nzt die Fl\u00fcssigkeit h\u00e4lt &#8211; und es ist auch ein Kunstwerk.&nbsp; Die Arbeit<\/p>\n","protected":false},"featured_media":23574,"template":"","meta":{"_acf_changed":false,"inline_featured_image":false},"product_cat":[6787,6811],"product_tag":[25027,23705,11483,24604,23250,11487,25022,21822,11489,11491],"acf":[],"yoast_head":"<!-- This site is optimized with the Yoast SEO Premium plugin v18.6 (Yoast SEO v19.13) - https:\/\/yoast.com\/wordpress\/plugins\/seo\/ -->\n<title>ZAFFERANO Melting Pot 6 Mischgl\u00e4ser Bicolor Blau<\/title>\n<meta name=\"description\" content=\"Entdecken Sie ZAFFERANO Melting Pot 6 Mischgl\u00e4ser Bicolor Blau bei ErresseShop. Qualit\u00e4t, Stil und Funktionalit\u00e4t \u2013 jetzt online bestellen!\" \/>\n<meta name=\"robots\" content=\"index, follow, max-snippet:-1, max-image-preview:large, max-video-preview:-1\" \/>\n<link rel=\"canonical\" href=\"https:\/\/www.erresse-shop.it\/de\/shop\/tisch\/trinkglaeser\/melting-pot-6-mischglaser-bicolor-blau\/\" \/>\n<meta property=\"og:locale\" content=\"de_DE\" \/>\n<meta property=\"og:type\" content=\"article\" \/>\n<meta property=\"og:title\" content=\"ZAFFERANO Melting Pot 6 Mischgl\u00e4ser Bicolor Blau\" \/>\n<meta property=\"og:description\" content=\"Entdecken Sie ZAFFERANO Melting Pot 6 Mischgl\u00e4ser Bicolor Blau bei ErresseShop. Qualit\u00e4t, Stil und Funktionalit\u00e4t \u2013 jetzt online bestellen!\" \/>\n<meta property=\"og:url\" content=\"https:\/\/www.erresse-shop.it\/de\/shop\/tisch\/trinkglaeser\/melting-pot-6-mischglaser-bicolor-blau\/\" \/>\n<meta property=\"og:site_name\" content=\"Erresse Shop\" \/>\n<meta property=\"article:modified_time\" content=\"2025-01-22T07:09:45+00:00\" \/>\n<meta property=\"og:image\" content=\"https:\/\/www.erresse-shop.it\/wp-content\/uploads\/2017\/08\/products-melting20pot20blu-1-2.jpg\" \/>\n\t<meta property=\"og:image:width\" content=\"768\" \/>\n\t<meta property=\"og:image:height\" content=\"1032\" \/>\n\t<meta property=\"og:image:type\" content=\"image\/jpeg\" \/>\n<meta name=\"twitter:card\" content=\"summary_large_image\" \/>\n<script type=\"application\/ld+json\" class=\"yoast-schema-graph\">{\"@context\":\"https:\/\/schema.org\",\"@graph\":[{\"@type\":\"WebPage\",\"@id\":\"https:\/\/www.erresse-shop.it\/de\/shop\/tisch\/trinkglaeser\/melting-pot-6-mischglaser-bicolor-blau\/\",\"url\":\"https:\/\/www.erresse-shop.it\/de\/shop\/tisch\/trinkglaeser\/melting-pot-6-mischglaser-bicolor-blau\/\",\"name\":\"ZAFFERANO Melting Pot 6 Mischgl\u00e4ser Bicolor Blau\",\"isPartOf\":{\"@id\":\"https:\/\/www.erresse-shop.it\/de\/#website\"},\"datePublished\":\"2017-08-28T16:25:42+00:00\",\"dateModified\":\"2025-01-22T07:09:45+00:00\",\"description\":\"Entdecken Sie ZAFFERANO Melting Pot 6 Mischgl\u00e4ser Bicolor Blau bei ErresseShop. Qualit\u00e4t, Stil und Funktionalit\u00e4t \u2013 jetzt online bestellen!\",\"breadcrumb\":{\"@id\":\"https:\/\/www.erresse-shop.it\/de\/shop\/tisch\/trinkglaeser\/melting-pot-6-mischglaser-bicolor-blau\/#breadcrumb\"},\"inLanguage\":\"de-DE\",\"potentialAction\":[{\"@type\":\"ReadAction\",\"target\":[\"https:\/\/www.erresse-shop.it\/de\/shop\/tisch\/trinkglaeser\/melting-pot-6-mischglaser-bicolor-blau\/\"]}]},{\"@type\":\"BreadcrumbList\",\"@id\":\"https:\/\/www.erresse-shop.it\/de\/shop\/tisch\/trinkglaeser\/melting-pot-6-mischglaser-bicolor-blau\/#breadcrumb\",\"itemListElement\":[{\"@type\":\"ListItem\",\"position\":1,\"name\":\"Home\",\"item\":\"https:\/\/www.erresse-shop.it\/de\/\"},{\"@type\":\"ListItem\",\"position\":2,\"name\":\"Shop\",\"item\":\"https:\/\/www.erresse-shop.it\/de\/shop\/\"},{\"@type\":\"ListItem\",\"position\":3,\"name\":\"ZAFFERANO Melting Pot 6 Mischgl\u00e4ser Bicolor Blau\"}]},{\"@type\":\"WebSite\",\"@id\":\"https:\/\/www.erresse-shop.it\/de\/#website\",\"url\":\"https:\/\/www.erresse-shop.it\/de\/\",\"name\":\"Erresse Shop\",\"description\":\"Articoli di qualit\u00e0 per la casa\",\"potentialAction\":[{\"@type\":\"SearchAction\",\"target\":{\"@type\":\"EntryPoint\",\"urlTemplate\":\"https:\/\/www.erresse-shop.it\/de\/?s={search_term_string}\"},\"query-input\":\"required name=search_term_string\"}],\"inLanguage\":\"de-DE\"}]}<\/script>\n<!-- \/ Yoast SEO Premium plugin. -->","yoast_head_json":{"title":"ZAFFERANO Melting Pot 6 Mischgl\u00e4ser Bicolor Blau","description":"Entdecken Sie ZAFFERANO Melting Pot 6 Mischgl\u00e4ser Bicolor Blau bei ErresseShop. Qualit\u00e4t, Stil und Funktionalit\u00e4t \u2013 jetzt online bestellen!","robots":{"index":"index","follow":"follow","max-snippet":"max-snippet:-1","max-image-preview":"max-image-preview:large","max-video-preview":"max-video-preview:-1"},"canonical":"https:\/\/www.erresse-shop.it\/de\/shop\/tisch\/trinkglaeser\/melting-pot-6-mischglaser-bicolor-blau\/","og_locale":"de_DE","og_type":"article","og_title":"ZAFFERANO Melting Pot 6 Mischgl\u00e4ser Bicolor Blau","og_description":"Entdecken Sie ZAFFERANO Melting Pot 6 Mischgl\u00e4ser Bicolor Blau bei ErresseShop. Qualit\u00e4t, Stil und Funktionalit\u00e4t \u2013 jetzt online bestellen!","og_url":"https:\/\/www.erresse-shop.it\/de\/shop\/tisch\/trinkglaeser\/melting-pot-6-mischglaser-bicolor-blau\/","og_site_name":"Erresse Shop","article_modified_time":"2025-01-22T07:09:45+00:00","og_image":[{"width":"768","height":"1032","url":"https:\/\/www.erresse-shop.it\/wp-content\/uploads\/2017\/08\/products-melting20pot20blu-1-2.jpg","type":"image\/jpeg"}],"twitter_card":"summary_large_image","schema":{"@context":"https:\/\/schema.org","@graph":[{"@type":"WebPage","@id":"https:\/\/www.erresse-shop.it\/de\/shop\/tisch\/trinkglaeser\/melting-pot-6-mischglaser-bicolor-blau\/","url":"https:\/\/www.erresse-shop.it\/de\/shop\/tisch\/trinkglaeser\/melting-pot-6-mischglaser-bicolor-blau\/","name":"ZAFFERANO Melting Pot 6 Mischgl\u00e4ser Bicolor Blau","isPartOf":{"@id":"https:\/\/www.erresse-shop.it\/de\/#website"},"datePublished":"2017-08-28T16:25:42+00:00","dateModified":"2025-01-22T07:09:45+00:00","description":"Entdecken Sie ZAFFERANO Melting Pot 6 Mischgl\u00e4ser Bicolor Blau bei ErresseShop. Qualit\u00e4t, Stil und Funktionalit\u00e4t \u2013 jetzt online bestellen!","breadcrumb":{"@id":"https:\/\/www.erresse-shop.it\/de\/shop\/tisch\/trinkglaeser\/melting-pot-6-mischglaser-bicolor-blau\/#breadcrumb"},"inLanguage":"de-DE","potentialAction":[{"@type":"ReadAction","target":["https:\/\/www.erresse-shop.it\/de\/shop\/tisch\/trinkglaeser\/melting-pot-6-mischglaser-bicolor-blau\/"]}]},{"@type":"BreadcrumbList","@id":"https:\/\/www.erresse-shop.it\/de\/shop\/tisch\/trinkglaeser\/melting-pot-6-mischglaser-bicolor-blau\/#breadcrumb","itemListElement":[{"@type":"ListItem","position":1,"name":"Home","item":"https:\/\/www.erresse-shop.it\/de\/"},{"@type":"ListItem","position":2,"name":"Shop","item":"https:\/\/www.erresse-shop.it\/de\/shop\/"},{"@type":"ListItem","position":3,"name":"ZAFFERANO Melting Pot 6 Mischgl\u00e4ser Bicolor Blau"}]},{"@type":"WebSite","@id":"https:\/\/www.erresse-shop.it\/de\/#website","url":"https:\/\/www.erresse-shop.it\/de\/","name":"Erresse Shop","description":"Articoli di qualit\u00e0 per la casa","potentialAction":[{"@type":"SearchAction","target":{"@type":"EntryPoint","urlTemplate":"https:\/\/www.erresse-shop.it\/de\/?s={search_term_string}"},"query-input":"required name=search_term_string"}],"inLanguage":"de-DE"}]}},"df_price":49,"df_sale_price":49,"df_regular_price":85,"df_image_link":"https:\/\/www.erresse-shop.it\/wp-content\/uploads\/2017\/08\/products-melting20pot20blu-1-2.jpg","_links":{"self":[{"href":"https:\/\/www.erresse-shop.it\/de\/wp-json\/wp\/v2\/product\/23573"}],"collection":[{"href":"https:\/\/www.erresse-shop.it\/de\/wp-json\/wp\/v2\/product"}],"about":[{"href":"https:\/\/www.erresse-shop.it\/de\/wp-json\/wp\/v2\/types\/product"}],"wp:featuredmedia":[{"embeddable":true,"href":"https:\/\/www.erresse-shop.it\/de\/wp-json\/wp\/v2\/media\/23574"}],"wp:attachment":[{"href":"https:\/\/www.erresse-shop.it\/de\/wp-json\/wp\/v2\/media?parent=23573"}],"wp:term":[{"taxonomy":"product_cat","embeddable":true,"href":"https:\/\/www.erresse-shop.it\/de\/wp-json\/wp\/v2\/product_cat?post=23573"},{"taxonomy":"product_tag","embeddable":true,"href":"https:\/\/www.erresse-shop.it\/de\/wp-json\/wp\/v2\/product_tag?post=23573"}],"curies":[{"name":"wp","href":"https:\/\/api.w.org\/{rel}","templated":true}]}}