{"id":23510,"date":"2017-08-28T12:06:45","date_gmt":"2017-08-28T12:06:45","guid":{"rendered":"https:\/\/www.erresse-shop.it\/?post_type=product&#038;p=23510"},"modified":"2021-12-20T17:05:04","modified_gmt":"2021-12-20T17:05:04","slug":"miyabi-4000-fc-nakiri-170mm-de","status":"publish","type":"product","link":"https:\/\/www.erresse-shop.it\/de\/shop\/kuche\/messer\/miyabi-4000-fc-nakiri-170mm-de\/","title":{"rendered":"MIYABI 4000 FC Nakiri 170mm"},"content":{"rendered":"<p>Die Marke Miyabi mit ihrem Statement \u201eThe Beauty of Sharpness\u201c spiegelt Werte wider, die in der japanischen Kultur besonders hoch gesch\u00e4tzt werden. Sie steht f\u00fcr Reinheit, Anmut und Eleganz. Die Messer von Miyabi vereinen Sch\u00f6nheit und au\u00dfergew\u00f6hnliche Sch\u00e4rfe zugleich. Sie folgen damit der uralten Tradition der Meister, die einst die besten japanischen Schwerter gefertigt haben. Miyabi Messer sind authentisch. Sie werden von Japanern entworfen und in ZWILLING eigenen Fabriken in Japan hergestellt.<\/p>\n<p>MIYABI 4000FC Messer verk\u00f6rpern die traditionsreiche japanische Messerkunst, die es zu erleben gilt. Jedes Messer folgt dem Prinzip, Sch\u00f6nheit und Sch\u00e4rfe in idealer Weise zu verbinden \u2013 so auch dieses Nakiri mit einer Klingenl\u00e4nge von 170 mm. Es verf\u00fcgt \u00fcber eine beidseitig abgezogene Klinge und eignet sich hervorragend, um Obst und Gem\u00fcse schnell zu verarbeiten.<br \/>\nDie FRIODUR Messerklinge ist aus einem Spezialstahl gefertigt: Der zweifach eisgeh\u00e4rtete FC61-Stahl hat sich aufgrund seiner hohen H\u00e4rte bew\u00e4hrt und ist unempfindlich gegen\u00fcber starker Beanspruchung. Zudem werden mit dem Katana-Edge-Schliff eine hohe Sch\u00e4rfe und Schnitthaltigkeit erzielt \u2013 wie \u00fcbrigens auch bei den Klingen japanischer Schwerter, die ja ebenfalls als Meisterst\u00fccke des Messerhandwerks gelten.<br \/>\nEin japanisches Kochmesser \u00fcberzeugt aber nicht nur mit seiner Klinge, sondern immer auch mit seinem Griff. Das MIYABI 4000FC pr\u00e4sentiert sich diesbez\u00fcglich sehr edel mit einem impr\u00e4gnierten, formstabilen Pakkaholzgriff, den ein Mosaikpin ziert. Griff und Messerkropf sind f\u00fcr eine sehr gute Handhabung achteckig geformt. So wird das Schneiden zu einem leichtg\u00e4ngigen und sicheren Erlebnis.<br \/>\nJedes MIYABI Messer stammt aus der ZWILLING Manufaktur in Seki, Japan. Dort f\u00fchren deutsche Ingenieurskunst aus Solingen und feinste japanische Handarbeit zu perfekten Ergebnissen.<\/p>\n<p>&#8211; Nakiri: Gem\u00fcsemesser mit 170 mm Klingenl\u00e4nge<br \/>\n&#8211; FRIODUR Klinge aus FC61-Stahl (61 HRC), mit zweifacher Eish\u00e4rtung veredelt<br \/>\n&#8211; Beidseitig abgezogene Klinge mit meisterlichem Katana-Edge-Schliff<br \/>\n&#8211; Achteckiger Griff aus impr\u00e4gniertem, formstabilem Pakkaholz<br \/>\n&#8211; Eingraviertes MIYABI Logo auf der Klinge<\/p>\n","protected":false},"excerpt":{"rendered":"<p>Die Marke Miyabi mit ihrem Statement \u201eThe Beauty of Sharpness\u201c spiegelt Werte wider, die in der japanischen Kultur besonders hoch<\/p>\n","protected":false},"featured_media":88586,"template":"","meta":{"_acf_changed":false,"inline_featured_image":false},"product_cat":[6742,6706,14454],"product_tag":[25027,11395,11529,11405,22495,25022,11421],"acf":[],"yoast_head":"<!-- This site is optimized with the Yoast SEO Premium plugin v18.6 (Yoast SEO v19.13) - https:\/\/yoast.com\/wordpress\/plugins\/seo\/ -->\n<title>MIYABI 4000 FC Nakiri 170mm - Erresse Shop<\/title>\n<meta name=\"description\" content=\"Die Marke Miyabi mit ihrem Statement \u201eThe Beauty of Sharpness\u201c spiegelt Werte wider, die in der japanischen Kultur besonders hoch gesch\u00e4tzt werden. Sie\" \/>\n<meta name=\"robots\" content=\"index, follow, max-snippet:-1, max-image-preview:large, max-video-preview:-1\" \/>\n<link rel=\"canonical\" href=\"https:\/\/www.erresse-shop.it\/de\/shop\/kuche\/messer\/miyabi-4000-fc-nakiri-170mm-de\/\" \/>\n<meta property=\"og:locale\" content=\"de_DE\" \/>\n<meta property=\"og:type\" content=\"article\" \/>\n<meta property=\"og:title\" content=\"MIYABI 4000 FC Nakiri 170mm\" \/>\n<meta property=\"og:description\" content=\"Die Marke Miyabi mit ihrem Statement \u201eThe Beauty of Sharpness\u201c spiegelt Werte wider, die in der japanischen Kultur besonders hoch gesch\u00e4tzt werden. Sie\" \/>\n<meta property=\"og:url\" content=\"https:\/\/www.erresse-shop.it\/de\/shop\/kuche\/messer\/miyabi-4000-fc-nakiri-170mm-de\/\" \/>\n<meta property=\"og:site_name\" content=\"Erresse Shop\" \/>\n<meta property=\"article:modified_time\" content=\"2021-12-20T17:05:04+00:00\" \/>\n<meta property=\"og:image\" content=\"https:\/\/www.erresse-shop.it\/wp-content\/uploads\/2017\/08\/33952-171-1.jpeg\" \/>\n\t<meta property=\"og:image:width\" content=\"1000\" \/>\n\t<meta property=\"og:image:height\" content=\"1000\" \/>\n\t<meta property=\"og:image:type\" content=\"image\/jpeg\" \/>\n<meta name=\"twitter:card\" content=\"summary_large_image\" \/>\n<script type=\"application\/ld+json\" class=\"yoast-schema-graph\">{\"@context\":\"https:\/\/schema.org\",\"@graph\":[{\"@type\":\"WebPage\",\"@id\":\"https:\/\/www.erresse-shop.it\/de\/shop\/kuche\/messer\/miyabi-4000-fc-nakiri-170mm-de\/\",\"url\":\"https:\/\/www.erresse-shop.it\/de\/shop\/kuche\/messer\/miyabi-4000-fc-nakiri-170mm-de\/\",\"name\":\"MIYABI 4000 FC Nakiri 170mm - Erresse Shop\",\"isPartOf\":{\"@id\":\"https:\/\/www.erresse-shop.it\/de\/#website\"},\"datePublished\":\"2017-08-28T12:06:45+00:00\",\"dateModified\":\"2021-12-20T17:05:04+00:00\",\"description\":\"Die Marke Miyabi mit ihrem Statement \u201eThe Beauty of Sharpness\u201c spiegelt Werte wider, die in der japanischen Kultur besonders hoch gesch\u00e4tzt werden. Sie\",\"breadcrumb\":{\"@id\":\"https:\/\/www.erresse-shop.it\/de\/shop\/kuche\/messer\/miyabi-4000-fc-nakiri-170mm-de\/#breadcrumb\"},\"inLanguage\":\"de-DE\",\"potentialAction\":[{\"@type\":\"ReadAction\",\"target\":[\"https:\/\/www.erresse-shop.it\/de\/shop\/kuche\/messer\/miyabi-4000-fc-nakiri-170mm-de\/\"]}]},{\"@type\":\"BreadcrumbList\",\"@id\":\"https:\/\/www.erresse-shop.it\/de\/shop\/kuche\/messer\/miyabi-4000-fc-nakiri-170mm-de\/#breadcrumb\",\"itemListElement\":[{\"@type\":\"ListItem\",\"position\":1,\"name\":\"Home\",\"item\":\"https:\/\/www.erresse-shop.it\/de\/\"},{\"@type\":\"ListItem\",\"position\":2,\"name\":\"Shop\",\"item\":\"https:\/\/www.erresse-shop.it\/de\/shop\/\"},{\"@type\":\"ListItem\",\"position\":3,\"name\":\"MIYABI 4000 FC Nakiri 170mm\"}]},{\"@type\":\"WebSite\",\"@id\":\"https:\/\/www.erresse-shop.it\/de\/#website\",\"url\":\"https:\/\/www.erresse-shop.it\/de\/\",\"name\":\"Erresse Shop\",\"description\":\"Articoli di qualit\u00e0 per la casa\",\"potentialAction\":[{\"@type\":\"SearchAction\",\"target\":{\"@type\":\"EntryPoint\",\"urlTemplate\":\"https:\/\/www.erresse-shop.it\/de\/?s={search_term_string}\"},\"query-input\":\"required name=search_term_string\"}],\"inLanguage\":\"de-DE\"}]}<\/script>\n<!-- \/ Yoast SEO Premium plugin. -->","yoast_head_json":{"title":"MIYABI 4000 FC Nakiri 170mm - Erresse Shop","description":"Die Marke Miyabi mit ihrem Statement \u201eThe Beauty of Sharpness\u201c spiegelt Werte wider, die in der japanischen Kultur besonders hoch gesch\u00e4tzt werden. Sie","robots":{"index":"index","follow":"follow","max-snippet":"max-snippet:-1","max-image-preview":"max-image-preview:large","max-video-preview":"max-video-preview:-1"},"canonical":"https:\/\/www.erresse-shop.it\/de\/shop\/kuche\/messer\/miyabi-4000-fc-nakiri-170mm-de\/","og_locale":"de_DE","og_type":"article","og_title":"MIYABI 4000 FC Nakiri 170mm","og_description":"Die Marke Miyabi mit ihrem Statement \u201eThe Beauty of Sharpness\u201c spiegelt Werte wider, die in der japanischen Kultur besonders hoch gesch\u00e4tzt werden. Sie","og_url":"https:\/\/www.erresse-shop.it\/de\/shop\/kuche\/messer\/miyabi-4000-fc-nakiri-170mm-de\/","og_site_name":"Erresse Shop","article_modified_time":"2021-12-20T17:05:04+00:00","og_image":[{"width":1000,"height":1000,"url":"https:\/\/www.erresse-shop.it\/wp-content\/uploads\/2017\/08\/33952-171-1.jpeg","type":"image\/jpeg"}],"twitter_card":"summary_large_image","schema":{"@context":"https:\/\/schema.org","@graph":[{"@type":"WebPage","@id":"https:\/\/www.erresse-shop.it\/de\/shop\/kuche\/messer\/miyabi-4000-fc-nakiri-170mm-de\/","url":"https:\/\/www.erresse-shop.it\/de\/shop\/kuche\/messer\/miyabi-4000-fc-nakiri-170mm-de\/","name":"MIYABI 4000 FC Nakiri 170mm - Erresse Shop","isPartOf":{"@id":"https:\/\/www.erresse-shop.it\/de\/#website"},"datePublished":"2017-08-28T12:06:45+00:00","dateModified":"2021-12-20T17:05:04+00:00","description":"Die Marke Miyabi mit ihrem Statement \u201eThe Beauty of Sharpness\u201c spiegelt Werte wider, die in der japanischen Kultur besonders hoch gesch\u00e4tzt werden. Sie","breadcrumb":{"@id":"https:\/\/www.erresse-shop.it\/de\/shop\/kuche\/messer\/miyabi-4000-fc-nakiri-170mm-de\/#breadcrumb"},"inLanguage":"de-DE","potentialAction":[{"@type":"ReadAction","target":["https:\/\/www.erresse-shop.it\/de\/shop\/kuche\/messer\/miyabi-4000-fc-nakiri-170mm-de\/"]}]},{"@type":"BreadcrumbList","@id":"https:\/\/www.erresse-shop.it\/de\/shop\/kuche\/messer\/miyabi-4000-fc-nakiri-170mm-de\/#breadcrumb","itemListElement":[{"@type":"ListItem","position":1,"name":"Home","item":"https:\/\/www.erresse-shop.it\/de\/"},{"@type":"ListItem","position":2,"name":"Shop","item":"https:\/\/www.erresse-shop.it\/de\/shop\/"},{"@type":"ListItem","position":3,"name":"MIYABI 4000 FC Nakiri 170mm"}]},{"@type":"WebSite","@id":"https:\/\/www.erresse-shop.it\/de\/#website","url":"https:\/\/www.erresse-shop.it\/de\/","name":"Erresse Shop","description":"Articoli di qualit\u00e0 per la casa","potentialAction":[{"@type":"SearchAction","target":{"@type":"EntryPoint","urlTemplate":"https:\/\/www.erresse-shop.it\/de\/?s={search_term_string}"},"query-input":"required name=search_term_string"}],"inLanguage":"de-DE"}]}},"df_price":92.95,"df_sale_price":92.95,"df_regular_price":169,"df_image_link":"https:\/\/www.erresse-shop.it\/wp-content\/uploads\/2017\/08\/33952-171-1-300x300.jpeg","_links":{"self":[{"href":"https:\/\/www.erresse-shop.it\/de\/wp-json\/wp\/v2\/product\/23510"}],"collection":[{"href":"https:\/\/www.erresse-shop.it\/de\/wp-json\/wp\/v2\/product"}],"about":[{"href":"https:\/\/www.erresse-shop.it\/de\/wp-json\/wp\/v2\/types\/product"}],"wp:featuredmedia":[{"embeddable":true,"href":"https:\/\/www.erresse-shop.it\/de\/wp-json\/wp\/v2\/media\/88586"}],"wp:attachment":[{"href":"https:\/\/www.erresse-shop.it\/de\/wp-json\/wp\/v2\/media?parent=23510"}],"wp:term":[{"taxonomy":"product_cat","embeddable":true,"href":"https:\/\/www.erresse-shop.it\/de\/wp-json\/wp\/v2\/product_cat?post=23510"},{"taxonomy":"product_tag","embeddable":true,"href":"https:\/\/www.erresse-shop.it\/de\/wp-json\/wp\/v2\/product_tag?post=23510"}],"curies":[{"name":"wp","href":"https:\/\/api.w.org\/{rel}","templated":true}]}}