{"id":23504,"date":"2017-08-28T12:03:13","date_gmt":"2017-08-28T12:03:13","guid":{"rendered":"https:\/\/www.erresse-shop.it\/?post_type=product&#038;p=23504"},"modified":"2021-12-20T17:04:59","modified_gmt":"2021-12-20T17:04:59","slug":"miyabi-4000-fc-gyutoh-240mm-de","status":"publish","type":"product","link":"https:\/\/www.erresse-shop.it\/de\/shop\/kuche\/messer\/miyabi-4000-fc-gyutoh-240mm-de\/","title":{"rendered":"MIYABI 4000 FC Gyutoh 240mm"},"content":{"rendered":"<p>Die Marke Miyabi mit ihrem Statement \u201eThe Beauty of Sharpness\u201c spiegelt Werte wider, die in der japanischen Kultur besonders hoch gesch\u00e4tzt werden. Sie steht f\u00fcr Reinheit, Anmut und Eleganz. Die Messer von Miyabi vereinen Sch\u00f6nheit und au\u00dfergew\u00f6hnliche Sch\u00e4rfe zugleich. Sie folgen damit der uralten Tradition der Meister, die einst die besten japanischen Schwerter gefertigt haben. Miyabi Messer sind authentisch. Sie werden von Japanern entworfen und in ZWILLING eigenen Fabriken in Japan hergestellt.<\/p>\n<p>Wenn Sie ein MIYABI 4000FC Messer in der Hand halten, erleben Sie traditionsreiche japanische Messerkunst. Sch\u00f6nheit und Sch\u00e4rfe sind Ideale eines jedes K\u00fcchenmessers \u2013 und charakterisieren auch dieses Gyutoh mit 240 mm Klingenl\u00e4nge. Seine beidseitig abgezogene Klinge macht es zum perfekten Werkzeug, wenn Fleisch zu schneiden oder gro\u00dfes Gem\u00fcse zuzubereiten ist.&nbsp;<br \/>\nDie robuste FRIODUR Klinge zeichnet sich durch hohe Schnitthaltigkeit aus: Als Material wurde zweifach eisgeh\u00e4rteter FC61-Stahl gew\u00e4hlt. Dieser hochwertige Spezialstahl bietet beste Voraussetzungen f\u00fcr einen besonders feinen Katana-Edge-Schliff, wie man ihn von den Klingen japanischer Schwerter kennt. Die Klinge wird dadurch sehr scharf und schnitthaltig \u2013 ein Zeichen meisterlichen Messerhandwerks.<br \/>\nDer achteckig geformte Griff und Kropf machen das MIYABI 4000FC nicht nur zu einem stilvollen, sondern auch sicheren und komfortablen Werkzeug. Optisch f\u00e4llt beim impr\u00e4gnierten, formstabilen Pakkaholzgriff noch der Mosaikpin ins Auge. Er unterstreicht den edlen Charakter, den ein japanisches Kochmesser wie dieses auszeichnet.&nbsp;<br \/>\nDie Fertigung aller MIYABI Messer erfolgt im japanischen Seki. Dort verf\u00fcgt ZWILLING \u00fcber eine eigene Manufaktur. So verbinden sich deutsche Ingenieurskunst aus Solingen und feinste japanische Handarbeit in idealer Weise.<\/p>\n<p>&#8211; Gyutoh: Kochmesser mit 240 mm Klingenl\u00e4nge<br \/>\n&#8211; FRIODUR Klinge aus schneidhaltigem FC61-Stahl mit zweifacher Eish\u00e4rtung<br \/>\n&#8211; Meisterlicher Katana-Edge-Schliff, extrem scharf und schnitthaltig<br \/>\n&#8211; Komfortable, sichere Handhabung durch achteckigen Griff und Kropf<br \/>\n&#8211; Eingraviertes MIYABI Logo<\/p>\n","protected":false},"excerpt":{"rendered":"<p>Die Marke Miyabi mit ihrem Statement \u201eThe Beauty of Sharpness\u201c spiegelt Werte wider, die in der japanischen Kultur besonders hoch<\/p>\n","protected":false},"featured_media":23505,"template":"","meta":{"_acf_changed":false,"inline_featured_image":false},"product_cat":[6742,6706,14454],"product_tag":[25027,11395,11529,11405,22495,25022,11421],"acf":[],"yoast_head":"<!-- This site is optimized with the Yoast SEO Premium plugin v18.6 (Yoast SEO v19.13) - https:\/\/yoast.com\/wordpress\/plugins\/seo\/ -->\n<title>MIYABI 4000 FC Gyutoh 240mm - Erresse Shop<\/title>\n<meta name=\"description\" content=\"Die Marke Miyabi mit ihrem Statement \u201eThe Beauty of Sharpness\u201c spiegelt Werte wider, die in der japanischen Kultur besonders hoch gesch\u00e4tzt werden. Sie\" \/>\n<meta name=\"robots\" content=\"index, follow, max-snippet:-1, max-image-preview:large, max-video-preview:-1\" \/>\n<link rel=\"canonical\" href=\"https:\/\/www.erresse-shop.it\/de\/shop\/kuche\/messer\/miyabi-4000-fc-gyutoh-240mm-de\/\" \/>\n<meta property=\"og:locale\" content=\"de_DE\" \/>\n<meta property=\"og:type\" content=\"article\" \/>\n<meta property=\"og:title\" content=\"MIYABI 4000 FC Gyutoh 240mm\" \/>\n<meta property=\"og:description\" content=\"Die Marke Miyabi mit ihrem Statement \u201eThe Beauty of Sharpness\u201c spiegelt Werte wider, die in der japanischen Kultur besonders hoch gesch\u00e4tzt werden. Sie\" \/>\n<meta property=\"og:url\" content=\"https:\/\/www.erresse-shop.it\/de\/shop\/kuche\/messer\/miyabi-4000-fc-gyutoh-240mm-de\/\" \/>\n<meta property=\"og:site_name\" content=\"Erresse Shop\" \/>\n<meta property=\"article:modified_time\" content=\"2021-12-20T17:04:59+00:00\" \/>\n<meta property=\"og:image\" content=\"https:\/\/www.erresse-shop.it\/wp-content\/uploads\/2017\/08\/products-33951-241-2.jpg\" \/>\n\t<meta property=\"og:image:width\" content=\"500\" \/>\n\t<meta property=\"og:image:height\" content=\"282\" \/>\n\t<meta property=\"og:image:type\" content=\"image\/jpeg\" \/>\n<meta name=\"twitter:card\" content=\"summary_large_image\" \/>\n<script type=\"application\/ld+json\" class=\"yoast-schema-graph\">{\"@context\":\"https:\/\/schema.org\",\"@graph\":[{\"@type\":\"WebPage\",\"@id\":\"https:\/\/www.erresse-shop.it\/de\/shop\/kuche\/messer\/miyabi-4000-fc-gyutoh-240mm-de\/\",\"url\":\"https:\/\/www.erresse-shop.it\/de\/shop\/kuche\/messer\/miyabi-4000-fc-gyutoh-240mm-de\/\",\"name\":\"MIYABI 4000 FC Gyutoh 240mm - Erresse Shop\",\"isPartOf\":{\"@id\":\"https:\/\/www.erresse-shop.it\/de\/#website\"},\"datePublished\":\"2017-08-28T12:03:13+00:00\",\"dateModified\":\"2021-12-20T17:04:59+00:00\",\"description\":\"Die Marke Miyabi mit ihrem Statement \u201eThe Beauty of Sharpness\u201c spiegelt Werte wider, die in der japanischen Kultur besonders hoch gesch\u00e4tzt werden. Sie\",\"breadcrumb\":{\"@id\":\"https:\/\/www.erresse-shop.it\/de\/shop\/kuche\/messer\/miyabi-4000-fc-gyutoh-240mm-de\/#breadcrumb\"},\"inLanguage\":\"de-DE\",\"potentialAction\":[{\"@type\":\"ReadAction\",\"target\":[\"https:\/\/www.erresse-shop.it\/de\/shop\/kuche\/messer\/miyabi-4000-fc-gyutoh-240mm-de\/\"]}]},{\"@type\":\"BreadcrumbList\",\"@id\":\"https:\/\/www.erresse-shop.it\/de\/shop\/kuche\/messer\/miyabi-4000-fc-gyutoh-240mm-de\/#breadcrumb\",\"itemListElement\":[{\"@type\":\"ListItem\",\"position\":1,\"name\":\"Home\",\"item\":\"https:\/\/www.erresse-shop.it\/de\/\"},{\"@type\":\"ListItem\",\"position\":2,\"name\":\"Shop\",\"item\":\"https:\/\/www.erresse-shop.it\/de\/shop\/\"},{\"@type\":\"ListItem\",\"position\":3,\"name\":\"MIYABI 4000 FC Gyutoh 240mm\"}]},{\"@type\":\"WebSite\",\"@id\":\"https:\/\/www.erresse-shop.it\/de\/#website\",\"url\":\"https:\/\/www.erresse-shop.it\/de\/\",\"name\":\"Erresse Shop\",\"description\":\"Articoli di qualit\u00e0 per la casa\",\"potentialAction\":[{\"@type\":\"SearchAction\",\"target\":{\"@type\":\"EntryPoint\",\"urlTemplate\":\"https:\/\/www.erresse-shop.it\/de\/?s={search_term_string}\"},\"query-input\":\"required name=search_term_string\"}],\"inLanguage\":\"de-DE\"}]}<\/script>\n<!-- \/ Yoast SEO Premium plugin. -->","yoast_head_json":{"title":"MIYABI 4000 FC Gyutoh 240mm - Erresse Shop","description":"Die Marke Miyabi mit ihrem Statement \u201eThe Beauty of Sharpness\u201c spiegelt Werte wider, die in der japanischen Kultur besonders hoch gesch\u00e4tzt werden. Sie","robots":{"index":"index","follow":"follow","max-snippet":"max-snippet:-1","max-image-preview":"max-image-preview:large","max-video-preview":"max-video-preview:-1"},"canonical":"https:\/\/www.erresse-shop.it\/de\/shop\/kuche\/messer\/miyabi-4000-fc-gyutoh-240mm-de\/","og_locale":"de_DE","og_type":"article","og_title":"MIYABI 4000 FC Gyutoh 240mm","og_description":"Die Marke Miyabi mit ihrem Statement \u201eThe Beauty of Sharpness\u201c spiegelt Werte wider, die in der japanischen Kultur besonders hoch gesch\u00e4tzt werden. Sie","og_url":"https:\/\/www.erresse-shop.it\/de\/shop\/kuche\/messer\/miyabi-4000-fc-gyutoh-240mm-de\/","og_site_name":"Erresse Shop","article_modified_time":"2021-12-20T17:04:59+00:00","og_image":[{"width":"500","height":"282","url":"https:\/\/www.erresse-shop.it\/wp-content\/uploads\/2017\/08\/products-33951-241-2.jpg","type":"image\/jpeg"}],"twitter_card":"summary_large_image","schema":{"@context":"https:\/\/schema.org","@graph":[{"@type":"WebPage","@id":"https:\/\/www.erresse-shop.it\/de\/shop\/kuche\/messer\/miyabi-4000-fc-gyutoh-240mm-de\/","url":"https:\/\/www.erresse-shop.it\/de\/shop\/kuche\/messer\/miyabi-4000-fc-gyutoh-240mm-de\/","name":"MIYABI 4000 FC Gyutoh 240mm - Erresse Shop","isPartOf":{"@id":"https:\/\/www.erresse-shop.it\/de\/#website"},"datePublished":"2017-08-28T12:03:13+00:00","dateModified":"2021-12-20T17:04:59+00:00","description":"Die Marke Miyabi mit ihrem Statement \u201eThe Beauty of Sharpness\u201c spiegelt Werte wider, die in der japanischen Kultur besonders hoch gesch\u00e4tzt werden. Sie","breadcrumb":{"@id":"https:\/\/www.erresse-shop.it\/de\/shop\/kuche\/messer\/miyabi-4000-fc-gyutoh-240mm-de\/#breadcrumb"},"inLanguage":"de-DE","potentialAction":[{"@type":"ReadAction","target":["https:\/\/www.erresse-shop.it\/de\/shop\/kuche\/messer\/miyabi-4000-fc-gyutoh-240mm-de\/"]}]},{"@type":"BreadcrumbList","@id":"https:\/\/www.erresse-shop.it\/de\/shop\/kuche\/messer\/miyabi-4000-fc-gyutoh-240mm-de\/#breadcrumb","itemListElement":[{"@type":"ListItem","position":1,"name":"Home","item":"https:\/\/www.erresse-shop.it\/de\/"},{"@type":"ListItem","position":2,"name":"Shop","item":"https:\/\/www.erresse-shop.it\/de\/shop\/"},{"@type":"ListItem","position":3,"name":"MIYABI 4000 FC Gyutoh 240mm"}]},{"@type":"WebSite","@id":"https:\/\/www.erresse-shop.it\/de\/#website","url":"https:\/\/www.erresse-shop.it\/de\/","name":"Erresse Shop","description":"Articoli di qualit\u00e0 per la casa","potentialAction":[{"@type":"SearchAction","target":{"@type":"EntryPoint","urlTemplate":"https:\/\/www.erresse-shop.it\/de\/?s={search_term_string}"},"query-input":"required name=search_term_string"}],"inLanguage":"de-DE"}]}},"df_price":101.2,"df_sale_price":101.2,"df_regular_price":184,"df_image_link":"https:\/\/www.erresse-shop.it\/wp-content\/uploads\/2017\/08\/products-33951-241-2.jpg","_links":{"self":[{"href":"https:\/\/www.erresse-shop.it\/de\/wp-json\/wp\/v2\/product\/23504"}],"collection":[{"href":"https:\/\/www.erresse-shop.it\/de\/wp-json\/wp\/v2\/product"}],"about":[{"href":"https:\/\/www.erresse-shop.it\/de\/wp-json\/wp\/v2\/types\/product"}],"wp:featuredmedia":[{"embeddable":true,"href":"https:\/\/www.erresse-shop.it\/de\/wp-json\/wp\/v2\/media\/23505"}],"wp:attachment":[{"href":"https:\/\/www.erresse-shop.it\/de\/wp-json\/wp\/v2\/media?parent=23504"}],"wp:term":[{"taxonomy":"product_cat","embeddable":true,"href":"https:\/\/www.erresse-shop.it\/de\/wp-json\/wp\/v2\/product_cat?post=23504"},{"taxonomy":"product_tag","embeddable":true,"href":"https:\/\/www.erresse-shop.it\/de\/wp-json\/wp\/v2\/product_tag?post=23504"}],"curies":[{"name":"wp","href":"https:\/\/api.w.org\/{rel}","templated":true}]}}