{"id":23492,"date":"2017-08-28T11:36:44","date_gmt":"2017-08-28T11:36:44","guid":{"rendered":"https:\/\/www.erresse-shop.it\/?post_type=product&#038;p=23492"},"modified":"2021-12-20T17:05:09","modified_gmt":"2021-12-20T17:05:09","slug":"miyabi-4000-fc-shotoh-140mm-de","status":"publish","type":"product","link":"https:\/\/www.erresse-shop.it\/de\/shop\/kuche\/messer\/miyabi-4000-fc-shotoh-140mm-de\/","title":{"rendered":"MIYABI 4000 FC Shotoh 140mm"},"content":{"rendered":"<p>Die Marke Miyabi mit ihrem Statement \u201eThe Beauty of Sharpness\u201c spiegelt Werte wider, die in der japanischen Kultur besonders hoch gesch\u00e4tzt werden. Sie steht f\u00fcr Reinheit, Anmut und Eleganz. Die Messer von Miyabi vereinen Sch\u00f6nheit und au\u00dfergew\u00f6hnliche Sch\u00e4rfe zugleich. Sie folgen damit der uralten Tradition der Meister, die einst die besten japanischen Schwerter gefertigt haben. Miyabi Messer sind authentisch. Sie werden von Japanern entworfen und in ZWILLING eigenen Fabriken in Japan hergestellt.<\/p>\n<p>Die MIYABI 4000FC Japanmesser laden Sie zu einer faszinierenden Begegnung mit der traditionsreichen Messerkunst ein. Jedes K\u00fcchenmesser vereint au\u00dfergew\u00f6hnliche Sch\u00f6nheit und Sch\u00e4rfe in sich. Das gilt auch f\u00fcr dieses Shotoh mit einer Klingenl\u00e4nge von 140 mm und beidseitig abgezogener Klinge. Typischerweise wird es verwendet, um Obst und Gem\u00fcse zu zerkleinern, zu sch\u00e4len und zu putzen.&nbsp;<br \/>\nF\u00fcr die Messerklinge wurde FC61-Stahl verwendet. Dieser zeichnet sich durch eine hohe H\u00e4rte aus und h\u00e4lt auch starker Beanspruchung stand. Ein weiterer Vorteil von FC61: Bei diesem Spezialstahl ist ein enorm feiner Katana-Edge-Schliff m\u00f6glich \u2013 mit dem Ergebnis hoher Sch\u00e4rfe und Schnitthaltigkeit. Urspr\u00fcnglich geht dieser Schliff auf die Klingen japanischer Schwerter zur\u00fcck und gilt als Ausdruck meisterlichen Messerhandwerks.<br \/>\nSicher und komfortabel liegt das MIYABI 4000FC mit seinem achteckig geformten Griff und Kropf in der Hand. Den impr\u00e4gnierten, formstabilen Pakkaholzgriff schm\u00fcckt dabei noch ein Mosaikpin als stilvolles Detail.&nbsp;<br \/>\nZWILLING fertigt alle MIYABI Messer in der eigenen Manufaktur im japanischen Seki. Jedes dieser Kochmesser vereint somit feinste japanische Handarbeit und deutsche Ingenieurskunst aus Solingen.<\/p>\n<p>&#8211; Shotoh: kleines Messer mit 140 mm Klingenl\u00e4nge<br \/>\n&#8211; FRIODUR Klinge aus FC61-Stahl mit zweifacher Eish\u00e4rtung (61 HRC)<br \/>\n&#8211; Scharfer, schnitthaltiger Katana-Edge-Schliff<br \/>\n&#8211; Achteckiges Design von Pakkaholzgriff und Kropf f\u00fcr Komfort und Sicherheit<br \/>\n&#8211; MIYABI Logo als Gravur auf der Klinge<\/p>\n","protected":false},"excerpt":{"rendered":"<p>Die Marke Miyabi mit ihrem Statement \u201eThe Beauty of Sharpness\u201c spiegelt Werte wider, die in der japanischen Kultur besonders hoch<\/p>\n","protected":false},"featured_media":23493,"template":"","meta":{"_acf_changed":false,"inline_featured_image":false},"product_cat":[6742,6706,14454],"product_tag":[25027,11395,11529,11405,22495,18453,25022,11421],"acf":[],"yoast_head":"<!-- This site is optimized with the Yoast SEO Premium plugin v18.6 (Yoast SEO v19.13) - https:\/\/yoast.com\/wordpress\/plugins\/seo\/ -->\n<title>MIYABI 4000 FC Shotoh 140mm - Erresse Shop<\/title>\n<meta name=\"description\" content=\"Die Marke Miyabi mit ihrem Statement \u201eThe Beauty of Sharpness\u201c spiegelt Werte wider, die in der japanischen Kultur besonders hoch gesch\u00e4tzt werden. Sie\" \/>\n<meta name=\"robots\" content=\"index, follow, max-snippet:-1, max-image-preview:large, max-video-preview:-1\" \/>\n<link rel=\"canonical\" href=\"https:\/\/www.erresse-shop.it\/de\/shop\/kuche\/messer\/miyabi-4000-fc-shotoh-140mm-de\/\" \/>\n<meta property=\"og:locale\" content=\"de_DE\" \/>\n<meta property=\"og:type\" content=\"article\" \/>\n<meta property=\"og:title\" content=\"MIYABI 4000 FC Shotoh 140mm\" \/>\n<meta property=\"og:description\" content=\"Die Marke Miyabi mit ihrem Statement \u201eThe Beauty of Sharpness\u201c spiegelt Werte wider, die in der japanischen Kultur besonders hoch gesch\u00e4tzt werden. Sie\" \/>\n<meta property=\"og:url\" content=\"https:\/\/www.erresse-shop.it\/de\/shop\/kuche\/messer\/miyabi-4000-fc-shotoh-140mm-de\/\" \/>\n<meta property=\"og:site_name\" content=\"Erresse Shop\" \/>\n<meta property=\"article:modified_time\" content=\"2021-12-20T17:05:09+00:00\" \/>\n<meta property=\"og:image\" content=\"https:\/\/www.erresse-shop.it\/wp-content\/uploads\/2017\/08\/products-33951-141-2.jpg\" \/>\n\t<meta property=\"og:image:width\" content=\"500\" \/>\n\t<meta property=\"og:image:height\" content=\"282\" \/>\n\t<meta property=\"og:image:type\" content=\"image\/jpeg\" \/>\n<meta name=\"twitter:card\" content=\"summary_large_image\" \/>\n<script type=\"application\/ld+json\" class=\"yoast-schema-graph\">{\"@context\":\"https:\/\/schema.org\",\"@graph\":[{\"@type\":\"WebPage\",\"@id\":\"https:\/\/www.erresse-shop.it\/de\/shop\/kuche\/messer\/miyabi-4000-fc-shotoh-140mm-de\/\",\"url\":\"https:\/\/www.erresse-shop.it\/de\/shop\/kuche\/messer\/miyabi-4000-fc-shotoh-140mm-de\/\",\"name\":\"MIYABI 4000 FC Shotoh 140mm - Erresse Shop\",\"isPartOf\":{\"@id\":\"https:\/\/www.erresse-shop.it\/de\/#website\"},\"datePublished\":\"2017-08-28T11:36:44+00:00\",\"dateModified\":\"2021-12-20T17:05:09+00:00\",\"description\":\"Die Marke Miyabi mit ihrem Statement \u201eThe Beauty of Sharpness\u201c spiegelt Werte wider, die in der japanischen Kultur besonders hoch gesch\u00e4tzt werden. Sie\",\"breadcrumb\":{\"@id\":\"https:\/\/www.erresse-shop.it\/de\/shop\/kuche\/messer\/miyabi-4000-fc-shotoh-140mm-de\/#breadcrumb\"},\"inLanguage\":\"de-DE\",\"potentialAction\":[{\"@type\":\"ReadAction\",\"target\":[\"https:\/\/www.erresse-shop.it\/de\/shop\/kuche\/messer\/miyabi-4000-fc-shotoh-140mm-de\/\"]}]},{\"@type\":\"BreadcrumbList\",\"@id\":\"https:\/\/www.erresse-shop.it\/de\/shop\/kuche\/messer\/miyabi-4000-fc-shotoh-140mm-de\/#breadcrumb\",\"itemListElement\":[{\"@type\":\"ListItem\",\"position\":1,\"name\":\"Home\",\"item\":\"https:\/\/www.erresse-shop.it\/de\/\"},{\"@type\":\"ListItem\",\"position\":2,\"name\":\"Shop\",\"item\":\"https:\/\/www.erresse-shop.it\/de\/shop\/\"},{\"@type\":\"ListItem\",\"position\":3,\"name\":\"MIYABI 4000 FC Shotoh 140mm\"}]},{\"@type\":\"WebSite\",\"@id\":\"https:\/\/www.erresse-shop.it\/de\/#website\",\"url\":\"https:\/\/www.erresse-shop.it\/de\/\",\"name\":\"Erresse Shop\",\"description\":\"Articoli di qualit\u00e0 per la casa\",\"potentialAction\":[{\"@type\":\"SearchAction\",\"target\":{\"@type\":\"EntryPoint\",\"urlTemplate\":\"https:\/\/www.erresse-shop.it\/de\/?s={search_term_string}\"},\"query-input\":\"required name=search_term_string\"}],\"inLanguage\":\"de-DE\"}]}<\/script>\n<!-- \/ Yoast SEO Premium plugin. -->","yoast_head_json":{"title":"MIYABI 4000 FC Shotoh 140mm - Erresse Shop","description":"Die Marke Miyabi mit ihrem Statement \u201eThe Beauty of Sharpness\u201c spiegelt Werte wider, die in der japanischen Kultur besonders hoch gesch\u00e4tzt werden. Sie","robots":{"index":"index","follow":"follow","max-snippet":"max-snippet:-1","max-image-preview":"max-image-preview:large","max-video-preview":"max-video-preview:-1"},"canonical":"https:\/\/www.erresse-shop.it\/de\/shop\/kuche\/messer\/miyabi-4000-fc-shotoh-140mm-de\/","og_locale":"de_DE","og_type":"article","og_title":"MIYABI 4000 FC Shotoh 140mm","og_description":"Die Marke Miyabi mit ihrem Statement \u201eThe Beauty of Sharpness\u201c spiegelt Werte wider, die in der japanischen Kultur besonders hoch gesch\u00e4tzt werden. Sie","og_url":"https:\/\/www.erresse-shop.it\/de\/shop\/kuche\/messer\/miyabi-4000-fc-shotoh-140mm-de\/","og_site_name":"Erresse Shop","article_modified_time":"2021-12-20T17:05:09+00:00","og_image":[{"width":"500","height":"282","url":"https:\/\/www.erresse-shop.it\/wp-content\/uploads\/2017\/08\/products-33951-141-2.jpg","type":"image\/jpeg"}],"twitter_card":"summary_large_image","schema":{"@context":"https:\/\/schema.org","@graph":[{"@type":"WebPage","@id":"https:\/\/www.erresse-shop.it\/de\/shop\/kuche\/messer\/miyabi-4000-fc-shotoh-140mm-de\/","url":"https:\/\/www.erresse-shop.it\/de\/shop\/kuche\/messer\/miyabi-4000-fc-shotoh-140mm-de\/","name":"MIYABI 4000 FC Shotoh 140mm - Erresse Shop","isPartOf":{"@id":"https:\/\/www.erresse-shop.it\/de\/#website"},"datePublished":"2017-08-28T11:36:44+00:00","dateModified":"2021-12-20T17:05:09+00:00","description":"Die Marke Miyabi mit ihrem Statement \u201eThe Beauty of Sharpness\u201c spiegelt Werte wider, die in der japanischen Kultur besonders hoch gesch\u00e4tzt werden. Sie","breadcrumb":{"@id":"https:\/\/www.erresse-shop.it\/de\/shop\/kuche\/messer\/miyabi-4000-fc-shotoh-140mm-de\/#breadcrumb"},"inLanguage":"de-DE","potentialAction":[{"@type":"ReadAction","target":["https:\/\/www.erresse-shop.it\/de\/shop\/kuche\/messer\/miyabi-4000-fc-shotoh-140mm-de\/"]}]},{"@type":"BreadcrumbList","@id":"https:\/\/www.erresse-shop.it\/de\/shop\/kuche\/messer\/miyabi-4000-fc-shotoh-140mm-de\/#breadcrumb","itemListElement":[{"@type":"ListItem","position":1,"name":"Home","item":"https:\/\/www.erresse-shop.it\/de\/"},{"@type":"ListItem","position":2,"name":"Shop","item":"https:\/\/www.erresse-shop.it\/de\/shop\/"},{"@type":"ListItem","position":3,"name":"MIYABI 4000 FC Shotoh 140mm"}]},{"@type":"WebSite","@id":"https:\/\/www.erresse-shop.it\/de\/#website","url":"https:\/\/www.erresse-shop.it\/de\/","name":"Erresse Shop","description":"Articoli di qualit\u00e0 per la casa","potentialAction":[{"@type":"SearchAction","target":{"@type":"EntryPoint","urlTemplate":"https:\/\/www.erresse-shop.it\/de\/?s={search_term_string}"},"query-input":"required name=search_term_string"}],"inLanguage":"de-DE"}]}},"df_price":81.95,"df_sale_price":81.95,"df_regular_price":149,"df_image_link":"https:\/\/www.erresse-shop.it\/wp-content\/uploads\/2017\/08\/products-33951-141-2.jpg","_links":{"self":[{"href":"https:\/\/www.erresse-shop.it\/de\/wp-json\/wp\/v2\/product\/23492"}],"collection":[{"href":"https:\/\/www.erresse-shop.it\/de\/wp-json\/wp\/v2\/product"}],"about":[{"href":"https:\/\/www.erresse-shop.it\/de\/wp-json\/wp\/v2\/types\/product"}],"wp:featuredmedia":[{"embeddable":true,"href":"https:\/\/www.erresse-shop.it\/de\/wp-json\/wp\/v2\/media\/23493"}],"wp:attachment":[{"href":"https:\/\/www.erresse-shop.it\/de\/wp-json\/wp\/v2\/media?parent=23492"}],"wp:term":[{"taxonomy":"product_cat","embeddable":true,"href":"https:\/\/www.erresse-shop.it\/de\/wp-json\/wp\/v2\/product_cat?post=23492"},{"taxonomy":"product_tag","embeddable":true,"href":"https:\/\/www.erresse-shop.it\/de\/wp-json\/wp\/v2\/product_tag?post=23492"}],"curies":[{"name":"wp","href":"https:\/\/api.w.org\/{rel}","templated":true}]}}