{"id":233627,"date":"2023-02-01T07:31:15","date_gmt":"2023-02-01T07:31:17","guid":{"rendered":"https:\/\/www.erresse-shop.it\/?post_type=product&#038;p=233627"},"modified":"2025-01-17T17:58:44","modified_gmt":"2025-01-17T17:58:44","slug":"versace-home-vase-26-cm-barocco-mosaic","status":"publish","type":"product","link":"https:\/\/www.erresse-shop.it\/de\/shop\/einrichtung-haus\/vasen\/versace-home-vase-26-cm-barocco-mosaic\/","title":{"rendered":"VERSACE HOME Vase 26 cm Barocco Mosaic"},"content":{"rendered":"<p class=\"p1\">Vase aus der Kollektion Barockes Mosaik, aus dekoriertem Porzellan. Der obere Teil zeichnet sich durch eine elegante Goldfarbe aus, die an die ganz besonderen Mosaike erinnert. Ein Teil der Vase zeigt hingegen die klassischen Dekore der Kollektion, die in Pastellviolett und Mintgr\u00fcn gehalten sind. In der Mitte erscheint eine wundersch\u00f6ne goldene Qualle, die die kultige Marke Versace repr\u00e4sentiert. Die Barocco Mosaic Vase wird Ihre Oberfl\u00e4chen schm\u00fccken und jede Art von Blume wird in ihr zur Geltung kommen! Entworfen und hergestellt von Versace Rosenthal.<\/p>\n<p><strong>Material:<\/strong> Porzellan<br \/>\n<strong>Abmessungen:<\/strong> 26 cm<br \/>\n<strong>Dekor:<\/strong> Barockes Mosaik<\/p>\n","protected":false},"excerpt":{"rendered":"<p>Vase aus der Kollektion Barockes Mosaik, aus dekoriertem Porzellan. Der obere Teil zeichnet sich durch eine elegante Goldfarbe aus, die<\/p>\n","protected":false},"featured_media":234189,"template":"","meta":{"_acf_changed":false,"inline_featured_image":false},"product_cat":[6817,14421],"product_tag":[23691,24681,17841],"acf":[],"yoast_head":"<!-- This site is optimized with the Yoast SEO Premium plugin v18.6 (Yoast SEO v19.13) - https:\/\/yoast.com\/wordpress\/plugins\/seo\/ -->\n<title>VERSACE HOME Vase 26 cm Barocco Mosaic<\/title>\n<meta name=\"description\" content=\"Entdecken Sie VERSACE HOME Vase 26 cm Barocco Mosaic bei ErresseShop. Qualit\u00e4t, Stil und Funktionalit\u00e4t \u2013 jetzt online bestellen!\" \/>\n<meta name=\"robots\" content=\"index, follow, max-snippet:-1, max-image-preview:large, max-video-preview:-1\" \/>\n<link rel=\"canonical\" href=\"https:\/\/www.erresse-shop.it\/de\/shop\/einrichtung-haus\/vasen\/versace-home-vase-26-cm-barocco-mosaic\/\" \/>\n<meta property=\"og:locale\" content=\"de_DE\" \/>\n<meta property=\"og:type\" content=\"article\" \/>\n<meta property=\"og:title\" content=\"VERSACE HOME Vase 26 cm Barocco Mosaic\" \/>\n<meta property=\"og:description\" content=\"Entdecken Sie VERSACE HOME Vase 26 cm Barocco Mosaic bei ErresseShop. Qualit\u00e4t, Stil und Funktionalit\u00e4t \u2013 jetzt online bestellen!\" \/>\n<meta property=\"og:url\" content=\"https:\/\/www.erresse-shop.it\/de\/shop\/einrichtung-haus\/vasen\/versace-home-vase-26-cm-barocco-mosaic\/\" \/>\n<meta property=\"og:site_name\" content=\"Erresse Shop\" \/>\n<meta property=\"article:modified_time\" content=\"2025-01-17T17:58:44+00:00\" \/>\n<meta property=\"og:image\" content=\"https:\/\/www.erresse-shop.it\/wp-content\/uploads\/2023\/02\/VERSACE-HOME-Vaso-26-cm-Barocco-Mosaic-.jpg\" \/>\n\t<meta property=\"og:image:width\" content=\"800\" \/>\n\t<meta property=\"og:image:height\" content=\"800\" \/>\n\t<meta property=\"og:image:type\" content=\"image\/jpeg\" \/>\n<meta name=\"twitter:card\" content=\"summary_large_image\" \/>\n<script type=\"application\/ld+json\" class=\"yoast-schema-graph\">{\"@context\":\"https:\/\/schema.org\",\"@graph\":[{\"@type\":\"WebPage\",\"@id\":\"https:\/\/www.erresse-shop.it\/de\/shop\/einrichtung-haus\/vasen\/versace-home-vase-26-cm-barocco-mosaic\/\",\"url\":\"https:\/\/www.erresse-shop.it\/de\/shop\/einrichtung-haus\/vasen\/versace-home-vase-26-cm-barocco-mosaic\/\",\"name\":\"VERSACE HOME Vase 26 cm Barocco Mosaic\",\"isPartOf\":{\"@id\":\"https:\/\/www.erresse-shop.it\/de\/#website\"},\"datePublished\":\"2023-02-01T07:31:17+00:00\",\"dateModified\":\"2025-01-17T17:58:44+00:00\",\"description\":\"Entdecken Sie VERSACE HOME Vase 26 cm Barocco Mosaic bei ErresseShop. Qualit\u00e4t, Stil und Funktionalit\u00e4t \u2013 jetzt online bestellen!\",\"breadcrumb\":{\"@id\":\"https:\/\/www.erresse-shop.it\/de\/shop\/einrichtung-haus\/vasen\/versace-home-vase-26-cm-barocco-mosaic\/#breadcrumb\"},\"inLanguage\":\"de-DE\",\"potentialAction\":[{\"@type\":\"ReadAction\",\"target\":[\"https:\/\/www.erresse-shop.it\/de\/shop\/einrichtung-haus\/vasen\/versace-home-vase-26-cm-barocco-mosaic\/\"]}]},{\"@type\":\"BreadcrumbList\",\"@id\":\"https:\/\/www.erresse-shop.it\/de\/shop\/einrichtung-haus\/vasen\/versace-home-vase-26-cm-barocco-mosaic\/#breadcrumb\",\"itemListElement\":[{\"@type\":\"ListItem\",\"position\":1,\"name\":\"Home\",\"item\":\"https:\/\/www.erresse-shop.it\/de\/\"},{\"@type\":\"ListItem\",\"position\":2,\"name\":\"Shop\",\"item\":\"https:\/\/www.erresse-shop.it\/de\/shop\/\"},{\"@type\":\"ListItem\",\"position\":3,\"name\":\"VERSACE HOME Vase 26 cm Barocco Mosaic\"}]},{\"@type\":\"WebSite\",\"@id\":\"https:\/\/www.erresse-shop.it\/de\/#website\",\"url\":\"https:\/\/www.erresse-shop.it\/de\/\",\"name\":\"Erresse Shop\",\"description\":\"Articoli di qualit\u00e0 per la casa\",\"potentialAction\":[{\"@type\":\"SearchAction\",\"target\":{\"@type\":\"EntryPoint\",\"urlTemplate\":\"https:\/\/www.erresse-shop.it\/de\/?s={search_term_string}\"},\"query-input\":\"required name=search_term_string\"}],\"inLanguage\":\"de-DE\"}]}<\/script>\n<!-- \/ Yoast SEO Premium plugin. -->","yoast_head_json":{"title":"VERSACE HOME Vase 26 cm Barocco Mosaic","description":"Entdecken Sie VERSACE HOME Vase 26 cm Barocco Mosaic bei ErresseShop. Qualit\u00e4t, Stil und Funktionalit\u00e4t \u2013 jetzt online bestellen!","robots":{"index":"index","follow":"follow","max-snippet":"max-snippet:-1","max-image-preview":"max-image-preview:large","max-video-preview":"max-video-preview:-1"},"canonical":"https:\/\/www.erresse-shop.it\/de\/shop\/einrichtung-haus\/vasen\/versace-home-vase-26-cm-barocco-mosaic\/","og_locale":"de_DE","og_type":"article","og_title":"VERSACE HOME Vase 26 cm Barocco Mosaic","og_description":"Entdecken Sie VERSACE HOME Vase 26 cm Barocco Mosaic bei ErresseShop. Qualit\u00e4t, Stil und Funktionalit\u00e4t \u2013 jetzt online bestellen!","og_url":"https:\/\/www.erresse-shop.it\/de\/shop\/einrichtung-haus\/vasen\/versace-home-vase-26-cm-barocco-mosaic\/","og_site_name":"Erresse Shop","article_modified_time":"2025-01-17T17:58:44+00:00","og_image":[{"width":800,"height":800,"url":"https:\/\/www.erresse-shop.it\/wp-content\/uploads\/2023\/02\/VERSACE-HOME-Vaso-26-cm-Barocco-Mosaic-.jpg","type":"image\/jpeg"}],"twitter_card":"summary_large_image","schema":{"@context":"https:\/\/schema.org","@graph":[{"@type":"WebPage","@id":"https:\/\/www.erresse-shop.it\/de\/shop\/einrichtung-haus\/vasen\/versace-home-vase-26-cm-barocco-mosaic\/","url":"https:\/\/www.erresse-shop.it\/de\/shop\/einrichtung-haus\/vasen\/versace-home-vase-26-cm-barocco-mosaic\/","name":"VERSACE HOME Vase 26 cm Barocco Mosaic","isPartOf":{"@id":"https:\/\/www.erresse-shop.it\/de\/#website"},"datePublished":"2023-02-01T07:31:17+00:00","dateModified":"2025-01-17T17:58:44+00:00","description":"Entdecken Sie VERSACE HOME Vase 26 cm Barocco Mosaic bei ErresseShop. Qualit\u00e4t, Stil und Funktionalit\u00e4t \u2013 jetzt online bestellen!","breadcrumb":{"@id":"https:\/\/www.erresse-shop.it\/de\/shop\/einrichtung-haus\/vasen\/versace-home-vase-26-cm-barocco-mosaic\/#breadcrumb"},"inLanguage":"de-DE","potentialAction":[{"@type":"ReadAction","target":["https:\/\/www.erresse-shop.it\/de\/shop\/einrichtung-haus\/vasen\/versace-home-vase-26-cm-barocco-mosaic\/"]}]},{"@type":"BreadcrumbList","@id":"https:\/\/www.erresse-shop.it\/de\/shop\/einrichtung-haus\/vasen\/versace-home-vase-26-cm-barocco-mosaic\/#breadcrumb","itemListElement":[{"@type":"ListItem","position":1,"name":"Home","item":"https:\/\/www.erresse-shop.it\/de\/"},{"@type":"ListItem","position":2,"name":"Shop","item":"https:\/\/www.erresse-shop.it\/de\/shop\/"},{"@type":"ListItem","position":3,"name":"VERSACE HOME Vase 26 cm Barocco Mosaic"}]},{"@type":"WebSite","@id":"https:\/\/www.erresse-shop.it\/de\/#website","url":"https:\/\/www.erresse-shop.it\/de\/","name":"Erresse Shop","description":"Articoli di qualit\u00e0 per la casa","potentialAction":[{"@type":"SearchAction","target":{"@type":"EntryPoint","urlTemplate":"https:\/\/www.erresse-shop.it\/de\/?s={search_term_string}"},"query-input":"required name=search_term_string"}],"inLanguage":"de-DE"}]}},"df_price":284.5,"df_sale_price":284.5,"df_regular_price":569,"df_image_link":"https:\/\/www.erresse-shop.it\/wp-content\/uploads\/2023\/02\/VERSACE-HOME-Vaso-26-cm-Barocco-Mosaic--300x300.jpg","_links":{"self":[{"href":"https:\/\/www.erresse-shop.it\/de\/wp-json\/wp\/v2\/product\/233627"}],"collection":[{"href":"https:\/\/www.erresse-shop.it\/de\/wp-json\/wp\/v2\/product"}],"about":[{"href":"https:\/\/www.erresse-shop.it\/de\/wp-json\/wp\/v2\/types\/product"}],"wp:featuredmedia":[{"embeddable":true,"href":"https:\/\/www.erresse-shop.it\/de\/wp-json\/wp\/v2\/media\/234189"}],"wp:attachment":[{"href":"https:\/\/www.erresse-shop.it\/de\/wp-json\/wp\/v2\/media?parent=233627"}],"wp:term":[{"taxonomy":"product_cat","embeddable":true,"href":"https:\/\/www.erresse-shop.it\/de\/wp-json\/wp\/v2\/product_cat?post=233627"},{"taxonomy":"product_tag","embeddable":true,"href":"https:\/\/www.erresse-shop.it\/de\/wp-json\/wp\/v2\/product_tag?post=233627"}],"curies":[{"name":"wp","href":"https:\/\/api.w.org\/{rel}","templated":true}]}}