{"id":232259,"date":"2023-01-25T07:51:13","date_gmt":"2023-01-25T07:51:14","guid":{"rendered":"https:\/\/www.erresse-shop.it\/?post_type=product&#038;p=232259"},"modified":"2025-01-17T17:56:09","modified_gmt":"2025-01-17T17:56:09","slug":"venini-labuan-vase-apfelgrun-h385","status":"publish","type":"product","link":"https:\/\/www.erresse-shop.it\/de\/shop\/einrichtung-haus\/vasen\/venini-labuan-vase-apfelgrun-h385\/","title":{"rendered":"VENINI Labuan Vase Apfelgr\u00fcn H38,5"},"content":{"rendered":"<p><strong>Labuan<\/strong>-Vase aus mundgeblasenem und handbearbeitetem Glas in Opalinetechnik.<br \/>\nDie Innenfarbe ist milchig wei\u00df mit einem sch\u00f6nen intensiven T\u00fcrkis. Der Orient war schon immer eine Quelle der kreativen Inspiration. Weiche Kurven bestimmen so die formale Reinheit dieser Kollektion.<br \/>\nTechnik: <strong>Opaline<\/strong><br \/>\nLattimo ist ein undurchsichtiges wei\u00dfes Glas, das um die Mitte des 15. Jahrhunderts in Murano erfunden wurde, um die ersten Porzellane zu imitieren, die in Europa sehr in Mode waren. Es wird durch &#8220;\u00dcberlagerung&#8221; von Gitterglas mit einem oder mehreren d\u00fcnnen transparenten und farbigen Gl\u00e4sern hergestellt, wodurch pr\u00e4chtige Objekte mit intensiven und leuchtenden Farben entstehen. Die \u00dcberlagerung geht auf die historischen Glasmachertechniken von Murano zur\u00fcck. Diese wunderbare Kunst erfordert das Geschick und die Professionalit\u00e4t des Glasbl\u00e4sers; es ist ein uraltes Handwerk, dessen Geheimnisse von Vater zu Sohn weitergegeben werden.<br \/>\nDie Labuan-Kollektion erinnert in ihrer Formgebung an alte orientalische Porzellanvasen. Labuan ist zum einen die malaysische Insel, die in den Romanen von Emilio Salgari erw\u00e4hnt wird, und zum anderen die pr\u00e4chtige Vase, die von der venezianischen Gesellschaft geschaffen wurde.<\/p>\n","protected":false},"excerpt":{"rendered":"<p>Labuan-Vase aus mundgeblasenem und handbearbeitetem Glas in Opalinetechnik. Die Innenfarbe ist milchig wei\u00df mit einem sch\u00f6nen intensiven T\u00fcrkis. Der Orient<\/p>\n","protected":false},"featured_media":519803,"template":"","meta":{"_acf_changed":false,"inline_featured_image":false},"product_cat":[6817,14421],"product_tag":[25182,14411,14425,17486,24681,11718,25022,11847],"acf":[],"yoast_head":"<!-- This site is optimized with the Yoast SEO Premium plugin v18.6 (Yoast SEO v19.13) - https:\/\/yoast.com\/wordpress\/plugins\/seo\/ -->\n<title>VENINI Labuan Vase Apfelgr\u00fcn H38,5<\/title>\n<meta name=\"description\" content=\"Entdecken Sie VENINI Labuan Vase Apfelgr\u00fcn H38,5 bei ErresseShop. Qualit\u00e4t, Stil und Funktionalit\u00e4t \u2013 jetzt online bestellen!\" \/>\n<meta name=\"robots\" content=\"index, follow, max-snippet:-1, max-image-preview:large, max-video-preview:-1\" \/>\n<link rel=\"canonical\" href=\"https:\/\/www.erresse-shop.it\/de\/shop\/einrichtung-haus\/vasen\/venini-labuan-vase-apfelgrun-h385\/\" \/>\n<meta property=\"og:locale\" content=\"de_DE\" \/>\n<meta property=\"og:type\" content=\"article\" \/>\n<meta property=\"og:title\" content=\"VENINI Labuan Vase Apfelgr\u00fcn H38,5\" \/>\n<meta property=\"og:description\" content=\"Entdecken Sie VENINI Labuan Vase Apfelgr\u00fcn H38,5 bei ErresseShop. Qualit\u00e4t, Stil und Funktionalit\u00e4t \u2013 jetzt online bestellen!\" \/>\n<meta property=\"og:url\" content=\"https:\/\/www.erresse-shop.it\/de\/shop\/einrichtung-haus\/vasen\/venini-labuan-vase-apfelgrun-h385\/\" \/>\n<meta property=\"og:site_name\" content=\"Erresse Shop\" \/>\n<meta property=\"article:modified_time\" content=\"2025-01-17T17:56:09+00:00\" \/>\n<meta property=\"og:image\" content=\"https:\/\/www.erresse-shop.it\/wp-content\/uploads\/2023\/01\/VENINI-Vaso-Labuan-Verde-Mela-H385.jpg\" \/>\n\t<meta property=\"og:image:width\" content=\"800\" \/>\n\t<meta property=\"og:image:height\" content=\"800\" \/>\n\t<meta property=\"og:image:type\" content=\"image\/jpeg\" \/>\n<meta name=\"twitter:card\" content=\"summary_large_image\" \/>\n<script type=\"application\/ld+json\" class=\"yoast-schema-graph\">{\"@context\":\"https:\/\/schema.org\",\"@graph\":[{\"@type\":\"WebPage\",\"@id\":\"https:\/\/www.erresse-shop.it\/de\/shop\/einrichtung-haus\/vasen\/venini-labuan-vase-apfelgrun-h385\/\",\"url\":\"https:\/\/www.erresse-shop.it\/de\/shop\/einrichtung-haus\/vasen\/venini-labuan-vase-apfelgrun-h385\/\",\"name\":\"VENINI Labuan Vase Apfelgr\u00fcn H38,5\",\"isPartOf\":{\"@id\":\"https:\/\/www.erresse-shop.it\/de\/#website\"},\"datePublished\":\"2023-01-25T07:51:14+00:00\",\"dateModified\":\"2025-01-17T17:56:09+00:00\",\"description\":\"Entdecken Sie VENINI Labuan Vase Apfelgr\u00fcn H38,5 bei ErresseShop. Qualit\u00e4t, Stil und Funktionalit\u00e4t \u2013 jetzt online bestellen!\",\"breadcrumb\":{\"@id\":\"https:\/\/www.erresse-shop.it\/de\/shop\/einrichtung-haus\/vasen\/venini-labuan-vase-apfelgrun-h385\/#breadcrumb\"},\"inLanguage\":\"de-DE\",\"potentialAction\":[{\"@type\":\"ReadAction\",\"target\":[\"https:\/\/www.erresse-shop.it\/de\/shop\/einrichtung-haus\/vasen\/venini-labuan-vase-apfelgrun-h385\/\"]}]},{\"@type\":\"BreadcrumbList\",\"@id\":\"https:\/\/www.erresse-shop.it\/de\/shop\/einrichtung-haus\/vasen\/venini-labuan-vase-apfelgrun-h385\/#breadcrumb\",\"itemListElement\":[{\"@type\":\"ListItem\",\"position\":1,\"name\":\"Home\",\"item\":\"https:\/\/www.erresse-shop.it\/de\/\"},{\"@type\":\"ListItem\",\"position\":2,\"name\":\"Shop\",\"item\":\"https:\/\/www.erresse-shop.it\/de\/shop\/\"},{\"@type\":\"ListItem\",\"position\":3,\"name\":\"VENINI Labuan Vase Apfelgr\u00fcn H38,5\"}]},{\"@type\":\"WebSite\",\"@id\":\"https:\/\/www.erresse-shop.it\/de\/#website\",\"url\":\"https:\/\/www.erresse-shop.it\/de\/\",\"name\":\"Erresse Shop\",\"description\":\"Articoli di qualit\u00e0 per la casa\",\"potentialAction\":[{\"@type\":\"SearchAction\",\"target\":{\"@type\":\"EntryPoint\",\"urlTemplate\":\"https:\/\/www.erresse-shop.it\/de\/?s={search_term_string}\"},\"query-input\":\"required name=search_term_string\"}],\"inLanguage\":\"de-DE\"}]}<\/script>\n<!-- \/ Yoast SEO Premium plugin. -->","yoast_head_json":{"title":"VENINI Labuan Vase Apfelgr\u00fcn H38,5","description":"Entdecken Sie VENINI Labuan Vase Apfelgr\u00fcn H38,5 bei ErresseShop. Qualit\u00e4t, Stil und Funktionalit\u00e4t \u2013 jetzt online bestellen!","robots":{"index":"index","follow":"follow","max-snippet":"max-snippet:-1","max-image-preview":"max-image-preview:large","max-video-preview":"max-video-preview:-1"},"canonical":"https:\/\/www.erresse-shop.it\/de\/shop\/einrichtung-haus\/vasen\/venini-labuan-vase-apfelgrun-h385\/","og_locale":"de_DE","og_type":"article","og_title":"VENINI Labuan Vase Apfelgr\u00fcn H38,5","og_description":"Entdecken Sie VENINI Labuan Vase Apfelgr\u00fcn H38,5 bei ErresseShop. Qualit\u00e4t, Stil und Funktionalit\u00e4t \u2013 jetzt online bestellen!","og_url":"https:\/\/www.erresse-shop.it\/de\/shop\/einrichtung-haus\/vasen\/venini-labuan-vase-apfelgrun-h385\/","og_site_name":"Erresse Shop","article_modified_time":"2025-01-17T17:56:09+00:00","og_image":[{"width":800,"height":800,"url":"https:\/\/www.erresse-shop.it\/wp-content\/uploads\/2023\/01\/VENINI-Vaso-Labuan-Verde-Mela-H385.jpg","type":"image\/jpeg"}],"twitter_card":"summary_large_image","schema":{"@context":"https:\/\/schema.org","@graph":[{"@type":"WebPage","@id":"https:\/\/www.erresse-shop.it\/de\/shop\/einrichtung-haus\/vasen\/venini-labuan-vase-apfelgrun-h385\/","url":"https:\/\/www.erresse-shop.it\/de\/shop\/einrichtung-haus\/vasen\/venini-labuan-vase-apfelgrun-h385\/","name":"VENINI Labuan Vase Apfelgr\u00fcn H38,5","isPartOf":{"@id":"https:\/\/www.erresse-shop.it\/de\/#website"},"datePublished":"2023-01-25T07:51:14+00:00","dateModified":"2025-01-17T17:56:09+00:00","description":"Entdecken Sie VENINI Labuan Vase Apfelgr\u00fcn H38,5 bei ErresseShop. Qualit\u00e4t, Stil und Funktionalit\u00e4t \u2013 jetzt online bestellen!","breadcrumb":{"@id":"https:\/\/www.erresse-shop.it\/de\/shop\/einrichtung-haus\/vasen\/venini-labuan-vase-apfelgrun-h385\/#breadcrumb"},"inLanguage":"de-DE","potentialAction":[{"@type":"ReadAction","target":["https:\/\/www.erresse-shop.it\/de\/shop\/einrichtung-haus\/vasen\/venini-labuan-vase-apfelgrun-h385\/"]}]},{"@type":"BreadcrumbList","@id":"https:\/\/www.erresse-shop.it\/de\/shop\/einrichtung-haus\/vasen\/venini-labuan-vase-apfelgrun-h385\/#breadcrumb","itemListElement":[{"@type":"ListItem","position":1,"name":"Home","item":"https:\/\/www.erresse-shop.it\/de\/"},{"@type":"ListItem","position":2,"name":"Shop","item":"https:\/\/www.erresse-shop.it\/de\/shop\/"},{"@type":"ListItem","position":3,"name":"VENINI Labuan Vase Apfelgr\u00fcn H38,5"}]},{"@type":"WebSite","@id":"https:\/\/www.erresse-shop.it\/de\/#website","url":"https:\/\/www.erresse-shop.it\/de\/","name":"Erresse Shop","description":"Articoli di qualit\u00e0 per la casa","potentialAction":[{"@type":"SearchAction","target":{"@type":"EntryPoint","urlTemplate":"https:\/\/www.erresse-shop.it\/de\/?s={search_term_string}"},"query-input":"required name=search_term_string"}],"inLanguage":"de-DE"}]}},"df_price":569.95,"df_sale_price":569.95,"df_regular_price":890,"df_image_link":"https:\/\/www.erresse-shop.it\/wp-content\/uploads\/2023\/01\/VENINI-Vaso-Labuan-Verde-Mela-H385-1-300x300.jpg","_links":{"self":[{"href":"https:\/\/www.erresse-shop.it\/de\/wp-json\/wp\/v2\/product\/232259"}],"collection":[{"href":"https:\/\/www.erresse-shop.it\/de\/wp-json\/wp\/v2\/product"}],"about":[{"href":"https:\/\/www.erresse-shop.it\/de\/wp-json\/wp\/v2\/types\/product"}],"wp:featuredmedia":[{"embeddable":true,"href":"https:\/\/www.erresse-shop.it\/de\/wp-json\/wp\/v2\/media\/519803"}],"wp:attachment":[{"href":"https:\/\/www.erresse-shop.it\/de\/wp-json\/wp\/v2\/media?parent=232259"}],"wp:term":[{"taxonomy":"product_cat","embeddable":true,"href":"https:\/\/www.erresse-shop.it\/de\/wp-json\/wp\/v2\/product_cat?post=232259"},{"taxonomy":"product_tag","embeddable":true,"href":"https:\/\/www.erresse-shop.it\/de\/wp-json\/wp\/v2\/product_tag?post=232259"}],"curies":[{"name":"wp","href":"https:\/\/api.w.org\/{rel}","templated":true}]}}