{"id":232044,"date":"2023-01-24T10:23:55","date_gmt":"2023-01-24T10:23:57","guid":{"rendered":"https:\/\/www.erresse-shop.it\/?post_type=product&#038;p=232044"},"modified":"2025-01-16T15:59:40","modified_gmt":"2025-01-16T15:59:40","slug":"emile-henry-behalter-fur-butter-rot","status":"publish","type":"product","link":"https:\/\/www.erresse-shop.it\/de\/shop\/tisch\/koerbe-und-schalen\/emile-henry-behalter-fur-butter-rot\/","title":{"rendered":"EMILE HENRY Beh\u00e4lter f\u00fcr Butter Rot"},"content":{"rendered":"<p>Die Butterdose bietet eine bessere Konservierung der Butter: Sie sch\u00fctzt die Butter wirksam vor Luft und Licht.<br \/>\nSelbst wenn sie aus dem K\u00fchlschrank genommen wird, bleibt die Butter dank der HR\u00ae-Keramik (High Resistance) frisch und bleibt l\u00e4nger frisch.<br \/>\nOb in der K\u00fcche oder am Tisch, der Butterhalter ist praktisch: Seine Rillen am Boden verhindern, dass die Butter beim Schneiden verrutscht. Er ist stabil, praktisch und sp\u00fclmaschinenfest.<\/p>\n<p>10 Jahre Garantie!<\/p>\n<p><strong>L\u00e4nge\/Durchmesser:<\/strong> 17 cm<br \/>\n<strong>Breite:<\/strong> 11,5 cm<br \/>\n<strong>H\u00f6he:<\/strong> 7,5 cm<br \/>\n<strong>Gewicht:<\/strong> 0,81 kg<\/p>\n","protected":false},"excerpt":{"rendered":"<p>Die Butterdose bietet eine bessere Konservierung der Butter: Sie sch\u00fctzt die Butter wirksam vor Luft und Licht. Selbst wenn sie<\/p>\n","protected":false},"featured_media":232078,"template":"","meta":{"_acf_changed":false,"inline_featured_image":false},"product_cat":[6787,14243],"product_tag":[21864,21863],"acf":[],"yoast_head":"<!-- This site is optimized with the Yoast SEO Premium plugin v18.6 (Yoast SEO v19.13) - https:\/\/yoast.com\/wordpress\/plugins\/seo\/ -->\n<title>EMILE HENRY Beh\u00e4lter f\u00fcr Butter Rot<\/title>\n<meta name=\"description\" content=\"Entdecken Sie EMILE HENRY Beh\u00e4lter f\u00fcr Butter Rot bei ErresseShop. Qualit\u00e4t, Stil und Funktionalit\u00e4t \u2013 jetzt online bestellen!\" \/>\n<meta name=\"robots\" content=\"index, follow, max-snippet:-1, max-image-preview:large, max-video-preview:-1\" \/>\n<link rel=\"canonical\" href=\"https:\/\/www.erresse-shop.it\/de\/shop\/tisch\/koerbe-und-schalen\/emile-henry-behalter-fur-butter-rot\/\" \/>\n<meta property=\"og:locale\" content=\"de_DE\" \/>\n<meta property=\"og:type\" content=\"article\" \/>\n<meta property=\"og:title\" content=\"EMILE HENRY Beh\u00e4lter f\u00fcr Butter Rot\" \/>\n<meta property=\"og:description\" content=\"Entdecken Sie EMILE HENRY Beh\u00e4lter f\u00fcr Butter Rot bei ErresseShop. Qualit\u00e4t, Stil und Funktionalit\u00e4t \u2013 jetzt online bestellen!\" \/>\n<meta property=\"og:url\" content=\"https:\/\/www.erresse-shop.it\/de\/shop\/tisch\/koerbe-und-schalen\/emile-henry-behalter-fur-butter-rot\/\" \/>\n<meta property=\"og:site_name\" content=\"Erresse Shop\" \/>\n<meta property=\"article:modified_time\" content=\"2025-01-16T15:59:40+00:00\" \/>\n<meta property=\"og:image\" content=\"https:\/\/www.erresse-shop.it\/wp-content\/uploads\/2023\/01\/EMILE-HENRY-Burriera-1.jpg\" \/>\n\t<meta property=\"og:image:width\" content=\"800\" \/>\n\t<meta property=\"og:image:height\" content=\"800\" \/>\n\t<meta property=\"og:image:type\" content=\"image\/jpeg\" \/>\n<meta name=\"twitter:card\" content=\"summary_large_image\" \/>\n<script type=\"application\/ld+json\" class=\"yoast-schema-graph\">{\"@context\":\"https:\/\/schema.org\",\"@graph\":[{\"@type\":\"WebPage\",\"@id\":\"https:\/\/www.erresse-shop.it\/de\/shop\/tisch\/koerbe-und-schalen\/emile-henry-behalter-fur-butter-rot\/\",\"url\":\"https:\/\/www.erresse-shop.it\/de\/shop\/tisch\/koerbe-und-schalen\/emile-henry-behalter-fur-butter-rot\/\",\"name\":\"EMILE HENRY Beh\u00e4lter f\u00fcr Butter Rot\",\"isPartOf\":{\"@id\":\"https:\/\/www.erresse-shop.it\/de\/#website\"},\"datePublished\":\"2023-01-24T10:23:57+00:00\",\"dateModified\":\"2025-01-16T15:59:40+00:00\",\"description\":\"Entdecken Sie EMILE HENRY Beh\u00e4lter f\u00fcr Butter Rot bei ErresseShop. Qualit\u00e4t, Stil und Funktionalit\u00e4t \u2013 jetzt online bestellen!\",\"breadcrumb\":{\"@id\":\"https:\/\/www.erresse-shop.it\/de\/shop\/tisch\/koerbe-und-schalen\/emile-henry-behalter-fur-butter-rot\/#breadcrumb\"},\"inLanguage\":\"de-DE\",\"potentialAction\":[{\"@type\":\"ReadAction\",\"target\":[\"https:\/\/www.erresse-shop.it\/de\/shop\/tisch\/koerbe-und-schalen\/emile-henry-behalter-fur-butter-rot\/\"]}]},{\"@type\":\"BreadcrumbList\",\"@id\":\"https:\/\/www.erresse-shop.it\/de\/shop\/tisch\/koerbe-und-schalen\/emile-henry-behalter-fur-butter-rot\/#breadcrumb\",\"itemListElement\":[{\"@type\":\"ListItem\",\"position\":1,\"name\":\"Home\",\"item\":\"https:\/\/www.erresse-shop.it\/de\/\"},{\"@type\":\"ListItem\",\"position\":2,\"name\":\"Shop\",\"item\":\"https:\/\/www.erresse-shop.it\/de\/shop\/\"},{\"@type\":\"ListItem\",\"position\":3,\"name\":\"EMILE HENRY Beh\u00e4lter f\u00fcr Butter Rot\"}]},{\"@type\":\"WebSite\",\"@id\":\"https:\/\/www.erresse-shop.it\/de\/#website\",\"url\":\"https:\/\/www.erresse-shop.it\/de\/\",\"name\":\"Erresse Shop\",\"description\":\"Articoli di qualit\u00e0 per la casa\",\"potentialAction\":[{\"@type\":\"SearchAction\",\"target\":{\"@type\":\"EntryPoint\",\"urlTemplate\":\"https:\/\/www.erresse-shop.it\/de\/?s={search_term_string}\"},\"query-input\":\"required name=search_term_string\"}],\"inLanguage\":\"de-DE\"}]}<\/script>\n<!-- \/ Yoast SEO Premium plugin. -->","yoast_head_json":{"title":"EMILE HENRY Beh\u00e4lter f\u00fcr Butter Rot","description":"Entdecken Sie EMILE HENRY Beh\u00e4lter f\u00fcr Butter Rot bei ErresseShop. Qualit\u00e4t, Stil und Funktionalit\u00e4t \u2013 jetzt online bestellen!","robots":{"index":"index","follow":"follow","max-snippet":"max-snippet:-1","max-image-preview":"max-image-preview:large","max-video-preview":"max-video-preview:-1"},"canonical":"https:\/\/www.erresse-shop.it\/de\/shop\/tisch\/koerbe-und-schalen\/emile-henry-behalter-fur-butter-rot\/","og_locale":"de_DE","og_type":"article","og_title":"EMILE HENRY Beh\u00e4lter f\u00fcr Butter Rot","og_description":"Entdecken Sie EMILE HENRY Beh\u00e4lter f\u00fcr Butter Rot bei ErresseShop. Qualit\u00e4t, Stil und Funktionalit\u00e4t \u2013 jetzt online bestellen!","og_url":"https:\/\/www.erresse-shop.it\/de\/shop\/tisch\/koerbe-und-schalen\/emile-henry-behalter-fur-butter-rot\/","og_site_name":"Erresse Shop","article_modified_time":"2025-01-16T15:59:40+00:00","og_image":[{"width":800,"height":800,"url":"https:\/\/www.erresse-shop.it\/wp-content\/uploads\/2023\/01\/EMILE-HENRY-Burriera-1.jpg","type":"image\/jpeg"}],"twitter_card":"summary_large_image","schema":{"@context":"https:\/\/schema.org","@graph":[{"@type":"WebPage","@id":"https:\/\/www.erresse-shop.it\/de\/shop\/tisch\/koerbe-und-schalen\/emile-henry-behalter-fur-butter-rot\/","url":"https:\/\/www.erresse-shop.it\/de\/shop\/tisch\/koerbe-und-schalen\/emile-henry-behalter-fur-butter-rot\/","name":"EMILE HENRY Beh\u00e4lter f\u00fcr Butter Rot","isPartOf":{"@id":"https:\/\/www.erresse-shop.it\/de\/#website"},"datePublished":"2023-01-24T10:23:57+00:00","dateModified":"2025-01-16T15:59:40+00:00","description":"Entdecken Sie EMILE HENRY Beh\u00e4lter f\u00fcr Butter Rot bei ErresseShop. Qualit\u00e4t, Stil und Funktionalit\u00e4t \u2013 jetzt online bestellen!","breadcrumb":{"@id":"https:\/\/www.erresse-shop.it\/de\/shop\/tisch\/koerbe-und-schalen\/emile-henry-behalter-fur-butter-rot\/#breadcrumb"},"inLanguage":"de-DE","potentialAction":[{"@type":"ReadAction","target":["https:\/\/www.erresse-shop.it\/de\/shop\/tisch\/koerbe-und-schalen\/emile-henry-behalter-fur-butter-rot\/"]}]},{"@type":"BreadcrumbList","@id":"https:\/\/www.erresse-shop.it\/de\/shop\/tisch\/koerbe-und-schalen\/emile-henry-behalter-fur-butter-rot\/#breadcrumb","itemListElement":[{"@type":"ListItem","position":1,"name":"Home","item":"https:\/\/www.erresse-shop.it\/de\/"},{"@type":"ListItem","position":2,"name":"Shop","item":"https:\/\/www.erresse-shop.it\/de\/shop\/"},{"@type":"ListItem","position":3,"name":"EMILE HENRY Beh\u00e4lter f\u00fcr Butter Rot"}]},{"@type":"WebSite","@id":"https:\/\/www.erresse-shop.it\/de\/#website","url":"https:\/\/www.erresse-shop.it\/de\/","name":"Erresse Shop","description":"Articoli di qualit\u00e0 per la casa","potentialAction":[{"@type":"SearchAction","target":{"@type":"EntryPoint","urlTemplate":"https:\/\/www.erresse-shop.it\/de\/?s={search_term_string}"},"query-input":"required name=search_term_string"}],"inLanguage":"de-DE"}]}},"df_price":42.822,"df_sale_price":42.822,"df_regular_price":54.9,"df_image_link":"https:\/\/www.erresse-shop.it\/wp-content\/uploads\/2023\/01\/EMILE-HENRY-Burriera-1-300x300.jpg","_links":{"self":[{"href":"https:\/\/www.erresse-shop.it\/de\/wp-json\/wp\/v2\/product\/232044"}],"collection":[{"href":"https:\/\/www.erresse-shop.it\/de\/wp-json\/wp\/v2\/product"}],"about":[{"href":"https:\/\/www.erresse-shop.it\/de\/wp-json\/wp\/v2\/types\/product"}],"wp:featuredmedia":[{"embeddable":true,"href":"https:\/\/www.erresse-shop.it\/de\/wp-json\/wp\/v2\/media\/232078"}],"wp:attachment":[{"href":"https:\/\/www.erresse-shop.it\/de\/wp-json\/wp\/v2\/media?parent=232044"}],"wp:term":[{"taxonomy":"product_cat","embeddable":true,"href":"https:\/\/www.erresse-shop.it\/de\/wp-json\/wp\/v2\/product_cat?post=232044"},{"taxonomy":"product_tag","embeddable":true,"href":"https:\/\/www.erresse-shop.it\/de\/wp-json\/wp\/v2\/product_tag?post=232044"}],"curies":[{"name":"wp","href":"https:\/\/api.w.org\/{rel}","templated":true}]}}