{"id":231611,"date":"2023-01-23T10:30:16","date_gmt":"2023-01-23T10:30:18","guid":{"rendered":"https:\/\/www.erresse-shop.it\/?post_type=product&#038;p=231611"},"modified":"2024-08-22T16:08:37","modified_gmt":"2024-08-22T16:08:37","slug":"ooni-karu16-tragbarer-multi-brennstoff-ofen","status":"publish","type":"product","link":"https:\/\/www.erresse-shop.it\/de\/shop\/kleine-elektrogeraete\/oefen\/ooni-karu16-tragbarer-multi-brennstoff-ofen\/","title":{"rendered":"OONI Karu16 Tragbarer Multi-Brennstoff-Ofen"},"content":{"rendered":"<p>Der <strong>Ooni Karu 16<\/strong> Ofen verbindet die vielseitige Outdoor-Kocherfahrung von Ooni mit modernster Technologie f\u00fcr Ihre Pizzen.<\/p>\n<p>Au\u00dfergew\u00f6hnliche Maxi-Pizzen, gebratenes Fleisch, gebratenes Gem\u00fcse oder auch frisches Brot. Kochen Sie fantastische Gerichte im Freien \u00fcber einem Feuer, das mit Holz, Holzkohle oder Gas betrieben wird.<br \/>\nDank der verschiedenen Brennstoffoptionen k\u00f6nnen Sie Holz und\/oder Holzkohle verwenden, um das Erlebnis einer nach den Regeln der Kunst zubereiteten Pizza und das delikate Aroma des Holzofens zu genie\u00dfen, oder Sie entscheiden sich f\u00fcr eine wartungsarme Zubereitung mit einem Gasbrenner f\u00fcr den Ooni Karu 16 (separat erh\u00e4ltlich).<br \/>\nDank neuer Konstruktionsmerkmale bereitet er Pizzen mit einem Durchmesser von etwa 40 cm zu und profitiert dabei von einer verbesserten Temperaturregelung, einem sparsameren Luftstrom, einer besseren Isolierung des Ofens und einer besseren Sicht.<br \/>\nNach nur 15 Minuten Vorheizzeit k\u00f6nnen Sie mit dem Ooni Karu 16 Ofen in 60 Sekunden 500\u00b0C hei\u00dfe Pizzen backen, Tomahawk-Steaks perfekt anbraten, Gem\u00fcse grillen und vieles mehr.<\/p>\n<ul>\n<li>Mehrere Leistungsoptionen f\u00fcr maximale Vielseitigkeit beim Kochen<\/li>\n<li>Kochen Sie sofort nach dem Auspacken mit Holz oder Holzkohle, oder kochen Sie auf Gas mit dem Gasbrenner f\u00fcr Ooni Karu 16 (separat erh\u00e4ltlich)<br \/>\nErreicht 500\u00b0C in nur 15 Minuten<\/li>\n<li>Neue aufklappbare Backofent\u00fcr mit ViewFlame-Technologie f\u00fcr bessere Sicht<\/li>\n<li>Eingebautes digitales Thermometer zeigt die Innentemperatur des Ofens an (Batterien im Lieferumfang enthalten)<\/li>\n<li>Gro\u00dfe Backfl\u00e4che f\u00fcr Pizzen bis zu einem Durchmesser von ca. 40 cm und andere gro\u00dfe Gerichte<\/li>\n<\/ul>\n<p>Der erste Pizzaofen, der von der Vereinigung Verace Pizza Napoletana, der international anerkannten Autorit\u00e4t f\u00fcr echte neapolitanische Pizza, f\u00fcr den Hausgebrauch empfohlen wird.<\/p>\n","protected":false},"excerpt":{"rendered":"<p>Der Ooni Karu 16 Ofen verbindet die vielseitige Outdoor-Kocherfahrung von Ooni mit modernster Technologie f\u00fcr Ihre Pizzen. Au\u00dfergew\u00f6hnliche Maxi-Pizzen, gebratenes<\/p>\n","protected":false},"featured_media":231863,"template":"","meta":{"_acf_changed":false,"inline_featured_image":false},"product_cat":[6703,15659],"product_tag":[24604,12210,21854,12236,14639],"acf":[],"yoast_head":"<!-- This site is optimized with the Yoast SEO Premium plugin v18.6 (Yoast SEO v19.13) - https:\/\/yoast.com\/wordpress\/plugins\/seo\/ -->\n<title>OONI Karu16 Tragbarer Multi-Brennstoff-Ofen - Erresse Shop<\/title>\n<meta name=\"description\" content=\"Der Ooni Karu 16 Ofen verbindet die vielseitige Outdoor-Kocherfahrung von Ooni mit modernster Technologie f\u00fcr Ihre Pizzen. Au\u00dfergew\u00f6hnliche Maxi-Pizzen,\" \/>\n<meta name=\"robots\" content=\"index, follow, max-snippet:-1, max-image-preview:large, max-video-preview:-1\" \/>\n<link rel=\"canonical\" href=\"https:\/\/www.erresse-shop.it\/de\/shop\/kleine-elektrogeraete\/oefen\/ooni-karu16-tragbarer-multi-brennstoff-ofen\/\" \/>\n<meta property=\"og:locale\" content=\"de_DE\" \/>\n<meta property=\"og:type\" content=\"article\" \/>\n<meta property=\"og:title\" content=\"OONI Karu16 Tragbarer Multi-Brennstoff-Ofen\" \/>\n<meta property=\"og:description\" content=\"Der Ooni Karu 16 Ofen verbindet die vielseitige Outdoor-Kocherfahrung von Ooni mit modernster Technologie f\u00fcr Ihre Pizzen. Au\u00dfergew\u00f6hnliche Maxi-Pizzen,\" \/>\n<meta property=\"og:url\" content=\"https:\/\/www.erresse-shop.it\/de\/shop\/kleine-elektrogeraete\/oefen\/ooni-karu16-tragbarer-multi-brennstoff-ofen\/\" \/>\n<meta property=\"og:site_name\" content=\"Erresse Shop\" \/>\n<meta property=\"article:modified_time\" content=\"2024-08-22T16:08:37+00:00\" \/>\n<meta property=\"og:image\" content=\"https:\/\/www.erresse-shop.it\/wp-content\/uploads\/2023\/01\/OONI-Karu-16-Forno-Portatile-Multi-combustibile-1.jpg\" \/>\n\t<meta property=\"og:image:width\" content=\"800\" \/>\n\t<meta property=\"og:image:height\" content=\"800\" \/>\n\t<meta property=\"og:image:type\" content=\"image\/jpeg\" \/>\n<meta name=\"twitter:card\" content=\"summary_large_image\" \/>\n<script type=\"application\/ld+json\" class=\"yoast-schema-graph\">{\"@context\":\"https:\/\/schema.org\",\"@graph\":[{\"@type\":\"WebPage\",\"@id\":\"https:\/\/www.erresse-shop.it\/de\/shop\/kleine-elektrogeraete\/oefen\/ooni-karu16-tragbarer-multi-brennstoff-ofen\/\",\"url\":\"https:\/\/www.erresse-shop.it\/de\/shop\/kleine-elektrogeraete\/oefen\/ooni-karu16-tragbarer-multi-brennstoff-ofen\/\",\"name\":\"OONI Karu16 Tragbarer Multi-Brennstoff-Ofen - Erresse Shop\",\"isPartOf\":{\"@id\":\"https:\/\/www.erresse-shop.it\/de\/#website\"},\"datePublished\":\"2023-01-23T10:30:18+00:00\",\"dateModified\":\"2024-08-22T16:08:37+00:00\",\"description\":\"Der Ooni Karu 16 Ofen verbindet die vielseitige Outdoor-Kocherfahrung von Ooni mit modernster Technologie f\u00fcr Ihre Pizzen. Au\u00dfergew\u00f6hnliche Maxi-Pizzen,\",\"breadcrumb\":{\"@id\":\"https:\/\/www.erresse-shop.it\/de\/shop\/kleine-elektrogeraete\/oefen\/ooni-karu16-tragbarer-multi-brennstoff-ofen\/#breadcrumb\"},\"inLanguage\":\"de-DE\",\"potentialAction\":[{\"@type\":\"ReadAction\",\"target\":[\"https:\/\/www.erresse-shop.it\/de\/shop\/kleine-elektrogeraete\/oefen\/ooni-karu16-tragbarer-multi-brennstoff-ofen\/\"]}]},{\"@type\":\"BreadcrumbList\",\"@id\":\"https:\/\/www.erresse-shop.it\/de\/shop\/kleine-elektrogeraete\/oefen\/ooni-karu16-tragbarer-multi-brennstoff-ofen\/#breadcrumb\",\"itemListElement\":[{\"@type\":\"ListItem\",\"position\":1,\"name\":\"Home\",\"item\":\"https:\/\/www.erresse-shop.it\/de\/\"},{\"@type\":\"ListItem\",\"position\":2,\"name\":\"Shop\",\"item\":\"https:\/\/www.erresse-shop.it\/de\/shop\/\"},{\"@type\":\"ListItem\",\"position\":3,\"name\":\"OONI Karu16 Tragbarer Multi-Brennstoff-Ofen\"}]},{\"@type\":\"WebSite\",\"@id\":\"https:\/\/www.erresse-shop.it\/de\/#website\",\"url\":\"https:\/\/www.erresse-shop.it\/de\/\",\"name\":\"Erresse Shop\",\"description\":\"Articoli di qualit\u00e0 per la casa\",\"potentialAction\":[{\"@type\":\"SearchAction\",\"target\":{\"@type\":\"EntryPoint\",\"urlTemplate\":\"https:\/\/www.erresse-shop.it\/de\/?s={search_term_string}\"},\"query-input\":\"required name=search_term_string\"}],\"inLanguage\":\"de-DE\"}]}<\/script>\n<!-- \/ Yoast SEO Premium plugin. -->","yoast_head_json":{"title":"OONI Karu16 Tragbarer Multi-Brennstoff-Ofen - Erresse Shop","description":"Der Ooni Karu 16 Ofen verbindet die vielseitige Outdoor-Kocherfahrung von Ooni mit modernster Technologie f\u00fcr Ihre Pizzen. Au\u00dfergew\u00f6hnliche Maxi-Pizzen,","robots":{"index":"index","follow":"follow","max-snippet":"max-snippet:-1","max-image-preview":"max-image-preview:large","max-video-preview":"max-video-preview:-1"},"canonical":"https:\/\/www.erresse-shop.it\/de\/shop\/kleine-elektrogeraete\/oefen\/ooni-karu16-tragbarer-multi-brennstoff-ofen\/","og_locale":"de_DE","og_type":"article","og_title":"OONI Karu16 Tragbarer Multi-Brennstoff-Ofen","og_description":"Der Ooni Karu 16 Ofen verbindet die vielseitige Outdoor-Kocherfahrung von Ooni mit modernster Technologie f\u00fcr Ihre Pizzen. Au\u00dfergew\u00f6hnliche Maxi-Pizzen,","og_url":"https:\/\/www.erresse-shop.it\/de\/shop\/kleine-elektrogeraete\/oefen\/ooni-karu16-tragbarer-multi-brennstoff-ofen\/","og_site_name":"Erresse Shop","article_modified_time":"2024-08-22T16:08:37+00:00","og_image":[{"width":800,"height":800,"url":"https:\/\/www.erresse-shop.it\/wp-content\/uploads\/2023\/01\/OONI-Karu-16-Forno-Portatile-Multi-combustibile-1.jpg","type":"image\/jpeg"}],"twitter_card":"summary_large_image","schema":{"@context":"https:\/\/schema.org","@graph":[{"@type":"WebPage","@id":"https:\/\/www.erresse-shop.it\/de\/shop\/kleine-elektrogeraete\/oefen\/ooni-karu16-tragbarer-multi-brennstoff-ofen\/","url":"https:\/\/www.erresse-shop.it\/de\/shop\/kleine-elektrogeraete\/oefen\/ooni-karu16-tragbarer-multi-brennstoff-ofen\/","name":"OONI Karu16 Tragbarer Multi-Brennstoff-Ofen - Erresse Shop","isPartOf":{"@id":"https:\/\/www.erresse-shop.it\/de\/#website"},"datePublished":"2023-01-23T10:30:18+00:00","dateModified":"2024-08-22T16:08:37+00:00","description":"Der Ooni Karu 16 Ofen verbindet die vielseitige Outdoor-Kocherfahrung von Ooni mit modernster Technologie f\u00fcr Ihre Pizzen. Au\u00dfergew\u00f6hnliche Maxi-Pizzen,","breadcrumb":{"@id":"https:\/\/www.erresse-shop.it\/de\/shop\/kleine-elektrogeraete\/oefen\/ooni-karu16-tragbarer-multi-brennstoff-ofen\/#breadcrumb"},"inLanguage":"de-DE","potentialAction":[{"@type":"ReadAction","target":["https:\/\/www.erresse-shop.it\/de\/shop\/kleine-elektrogeraete\/oefen\/ooni-karu16-tragbarer-multi-brennstoff-ofen\/"]}]},{"@type":"BreadcrumbList","@id":"https:\/\/www.erresse-shop.it\/de\/shop\/kleine-elektrogeraete\/oefen\/ooni-karu16-tragbarer-multi-brennstoff-ofen\/#breadcrumb","itemListElement":[{"@type":"ListItem","position":1,"name":"Home","item":"https:\/\/www.erresse-shop.it\/de\/"},{"@type":"ListItem","position":2,"name":"Shop","item":"https:\/\/www.erresse-shop.it\/de\/shop\/"},{"@type":"ListItem","position":3,"name":"OONI Karu16 Tragbarer Multi-Brennstoff-Ofen"}]},{"@type":"WebSite","@id":"https:\/\/www.erresse-shop.it\/de\/#website","url":"https:\/\/www.erresse-shop.it\/de\/","name":"Erresse Shop","description":"Articoli di qualit\u00e0 per la casa","potentialAction":[{"@type":"SearchAction","target":{"@type":"EntryPoint","urlTemplate":"https:\/\/www.erresse-shop.it\/de\/?s={search_term_string}"},"query-input":"required name=search_term_string"}],"inLanguage":"de-DE"}]}},"df_price":769,"df_sale_price":769,"df_regular_price":799,"df_image_link":"https:\/\/www.erresse-shop.it\/wp-content\/uploads\/2023\/01\/OONI-Karu-16-Forno-Portatile-Multi-combustibile-1-300x300.jpg","_links":{"self":[{"href":"https:\/\/www.erresse-shop.it\/de\/wp-json\/wp\/v2\/product\/231611"}],"collection":[{"href":"https:\/\/www.erresse-shop.it\/de\/wp-json\/wp\/v2\/product"}],"about":[{"href":"https:\/\/www.erresse-shop.it\/de\/wp-json\/wp\/v2\/types\/product"}],"wp:featuredmedia":[{"embeddable":true,"href":"https:\/\/www.erresse-shop.it\/de\/wp-json\/wp\/v2\/media\/231863"}],"wp:attachment":[{"href":"https:\/\/www.erresse-shop.it\/de\/wp-json\/wp\/v2\/media?parent=231611"}],"wp:term":[{"taxonomy":"product_cat","embeddable":true,"href":"https:\/\/www.erresse-shop.it\/de\/wp-json\/wp\/v2\/product_cat?post=231611"},{"taxonomy":"product_tag","embeddable":true,"href":"https:\/\/www.erresse-shop.it\/de\/wp-json\/wp\/v2\/product_tag?post=231611"}],"curies":[{"name":"wp","href":"https:\/\/api.w.org\/{rel}","templated":true}]}}