{"id":22616,"date":"2017-05-23T17:02:19","date_gmt":"2017-05-23T17:02:19","guid":{"rendered":"https:\/\/www.erresse-shop.it\/?post_type=product&#038;p=22616"},"modified":"2022-12-07T17:30:48","modified_gmt":"2022-12-07T17:30:48","slug":"ruffoni-historia-decor-set-5-stk","status":"publish","type":"product","link":"https:\/\/www.erresse-shop.it\/de\/shop\/toepfe-pfannen\/topfsets\/ruffoni-historia-decor-set-5-stk\/","title":{"rendered":"RUFFONI Historia Decor Set 5 stk"},"content":{"rendered":"<p><strong>HISTORIA DECOR<\/strong><\/p>\n<p>Eine Reihe von au\u00dfergew\u00f6hnlichen Kochen Gegenst\u00e4nde Obst der Kombination aus einer fortschrittlichen Technologie und eine Verarbeitung tausendj\u00e4hrigen Ursprungs noch von unseren Meister Handwerker gesichert.Die Zinn gezeichneten legend\u00e4ren geh\u00e4mmerten Kupfer Kochgeschirr, mit denen wir leben Jahrhunderte der Geschichte, Erfahrung und Traditionen. Geh\u00e4mmert aus einem einzigen Kupferblech in der Werkstatt der Ruffoni-Familie in den italienischen Alpen sorgen diese Kochgeschirr f\u00fcr maximale W\u00e4rmeleitf\u00e4higkeit und Temperaturkontrolle. Der Innenraum ist von Hand auf Feuer mit der reinsten, haltbaren, nicht reaktiven Zinn gef\u00fcttert. Riveted handgegossene Bronzegriffe und Deckelkn\u00f6pfe verleihen der einzigartigen Qualit\u00e4t dieser Objekte eine kr\u00f6nende Note. Empfohlen zum Kochen auf dem Gasherd oder im Ofen und f\u00fcr eine atemberaubende Pr\u00e4sentation am Tisch.<\/p>\n<p>Der Satz setzt sich wie folgt zusammen:<\/p>\n<p>&#8211; Deckel 16 cm (3101B-16)<br \/>\n&#8211; Deckel 24 cm (3101B-24)<br \/>\n&#8211; Auflauf 2 mgl 24 cm (3103B-24)<br \/>\n&#8211; Auflauf 1 Mann 16 cm (3104B-16)<br \/>\n&#8211; Pfanne&nbsp;24cm (3106B-24)<\/p>\n<p><strong>Made in Italy<\/strong><\/p>\n","protected":false},"excerpt":{"rendered":"<p>HISTORIA DECOR Eine Reihe von au\u00dfergew\u00f6hnlichen Kochen Gegenst\u00e4nde Obst der Kombination aus einer fortschrittlichen Technologie und eine Verarbeitung tausendj\u00e4hrigen Ursprungs<\/p>\n","protected":false},"featured_media":22617,"template":"","meta":{"_acf_changed":false,"inline_featured_image":false},"product_cat":[6709,14781],"product_tag":[11387,11609,24681,11718,11605,12205],"acf":[],"yoast_head":"<!-- This site is optimized with the Yoast SEO Premium plugin v18.6 (Yoast SEO v19.13) - https:\/\/yoast.com\/wordpress\/plugins\/seo\/ -->\n<title>RUFFONI Historia Decor Set 5 stk - Erresse Shop<\/title>\n<meta name=\"description\" content=\"HISTORIA DECOR Eine Reihe von au\u00dfergew\u00f6hnlichen Kochen Gegenst\u00e4nde Obst der Kombination aus einer fortschrittlichen Technologie und eine Verarbeitung\" \/>\n<meta name=\"robots\" content=\"index, follow, max-snippet:-1, max-image-preview:large, max-video-preview:-1\" \/>\n<link rel=\"canonical\" href=\"https:\/\/www.erresse-shop.it\/de\/shop\/toepfe-pfannen\/topfsets\/ruffoni-historia-decor-set-5-stk\/\" \/>\n<meta property=\"og:locale\" content=\"de_DE\" \/>\n<meta property=\"og:type\" content=\"article\" \/>\n<meta property=\"og:title\" content=\"RUFFONI Historia Decor Set 5 stk\" \/>\n<meta property=\"og:description\" content=\"HISTORIA DECOR Eine Reihe von au\u00dfergew\u00f6hnlichen Kochen Gegenst\u00e4nde Obst der Kombination aus einer fortschrittlichen Technologie und eine Verarbeitung\" \/>\n<meta property=\"og:url\" content=\"https:\/\/www.erresse-shop.it\/de\/shop\/toepfe-pfannen\/topfsets\/ruffoni-historia-decor-set-5-stk\/\" \/>\n<meta property=\"og:site_name\" content=\"Erresse Shop\" \/>\n<meta property=\"article:modified_time\" content=\"2022-12-07T17:30:48+00:00\" \/>\n<meta property=\"og:image\" content=\"https:\/\/www.erresse-shop.it\/wp-content\/uploads\/2017\/05\/products-3305B-2.jpg\" \/>\n\t<meta property=\"og:image:width\" content=\"1500\" \/>\n\t<meta property=\"og:image:height\" content=\"771\" \/>\n\t<meta property=\"og:image:type\" content=\"image\/jpeg\" \/>\n<meta name=\"twitter:card\" content=\"summary_large_image\" \/>\n<script type=\"application\/ld+json\" class=\"yoast-schema-graph\">{\"@context\":\"https:\/\/schema.org\",\"@graph\":[{\"@type\":\"WebPage\",\"@id\":\"https:\/\/www.erresse-shop.it\/de\/shop\/toepfe-pfannen\/topfsets\/ruffoni-historia-decor-set-5-stk\/\",\"url\":\"https:\/\/www.erresse-shop.it\/de\/shop\/toepfe-pfannen\/topfsets\/ruffoni-historia-decor-set-5-stk\/\",\"name\":\"RUFFONI Historia Decor Set 5 stk - Erresse Shop\",\"isPartOf\":{\"@id\":\"https:\/\/www.erresse-shop.it\/de\/#website\"},\"datePublished\":\"2017-05-23T17:02:19+00:00\",\"dateModified\":\"2022-12-07T17:30:48+00:00\",\"description\":\"HISTORIA DECOR Eine Reihe von au\u00dfergew\u00f6hnlichen Kochen Gegenst\u00e4nde Obst der Kombination aus einer fortschrittlichen Technologie und eine Verarbeitung\",\"breadcrumb\":{\"@id\":\"https:\/\/www.erresse-shop.it\/de\/shop\/toepfe-pfannen\/topfsets\/ruffoni-historia-decor-set-5-stk\/#breadcrumb\"},\"inLanguage\":\"de-DE\",\"potentialAction\":[{\"@type\":\"ReadAction\",\"target\":[\"https:\/\/www.erresse-shop.it\/de\/shop\/toepfe-pfannen\/topfsets\/ruffoni-historia-decor-set-5-stk\/\"]}]},{\"@type\":\"BreadcrumbList\",\"@id\":\"https:\/\/www.erresse-shop.it\/de\/shop\/toepfe-pfannen\/topfsets\/ruffoni-historia-decor-set-5-stk\/#breadcrumb\",\"itemListElement\":[{\"@type\":\"ListItem\",\"position\":1,\"name\":\"Home\",\"item\":\"https:\/\/www.erresse-shop.it\/de\/\"},{\"@type\":\"ListItem\",\"position\":2,\"name\":\"Shop\",\"item\":\"https:\/\/www.erresse-shop.it\/de\/shop\/\"},{\"@type\":\"ListItem\",\"position\":3,\"name\":\"RUFFONI Historia Decor Set 5 stk\"}]},{\"@type\":\"WebSite\",\"@id\":\"https:\/\/www.erresse-shop.it\/de\/#website\",\"url\":\"https:\/\/www.erresse-shop.it\/de\/\",\"name\":\"Erresse Shop\",\"description\":\"Articoli di qualit\u00e0 per la casa\",\"potentialAction\":[{\"@type\":\"SearchAction\",\"target\":{\"@type\":\"EntryPoint\",\"urlTemplate\":\"https:\/\/www.erresse-shop.it\/de\/?s={search_term_string}\"},\"query-input\":\"required name=search_term_string\"}],\"inLanguage\":\"de-DE\"}]}<\/script>\n<!-- \/ Yoast SEO Premium plugin. -->","yoast_head_json":{"title":"RUFFONI Historia Decor Set 5 stk - Erresse Shop","description":"HISTORIA DECOR Eine Reihe von au\u00dfergew\u00f6hnlichen Kochen Gegenst\u00e4nde Obst der Kombination aus einer fortschrittlichen Technologie und eine Verarbeitung","robots":{"index":"index","follow":"follow","max-snippet":"max-snippet:-1","max-image-preview":"max-image-preview:large","max-video-preview":"max-video-preview:-1"},"canonical":"https:\/\/www.erresse-shop.it\/de\/shop\/toepfe-pfannen\/topfsets\/ruffoni-historia-decor-set-5-stk\/","og_locale":"de_DE","og_type":"article","og_title":"RUFFONI Historia Decor Set 5 stk","og_description":"HISTORIA DECOR Eine Reihe von au\u00dfergew\u00f6hnlichen Kochen Gegenst\u00e4nde Obst der Kombination aus einer fortschrittlichen Technologie und eine Verarbeitung","og_url":"https:\/\/www.erresse-shop.it\/de\/shop\/toepfe-pfannen\/topfsets\/ruffoni-historia-decor-set-5-stk\/","og_site_name":"Erresse Shop","article_modified_time":"2022-12-07T17:30:48+00:00","og_image":[{"width":"1500","height":"771","url":"https:\/\/www.erresse-shop.it\/wp-content\/uploads\/2017\/05\/products-3305B-2.jpg","type":"image\/jpeg"}],"twitter_card":"summary_large_image","schema":{"@context":"https:\/\/schema.org","@graph":[{"@type":"WebPage","@id":"https:\/\/www.erresse-shop.it\/de\/shop\/toepfe-pfannen\/topfsets\/ruffoni-historia-decor-set-5-stk\/","url":"https:\/\/www.erresse-shop.it\/de\/shop\/toepfe-pfannen\/topfsets\/ruffoni-historia-decor-set-5-stk\/","name":"RUFFONI Historia Decor Set 5 stk - Erresse Shop","isPartOf":{"@id":"https:\/\/www.erresse-shop.it\/de\/#website"},"datePublished":"2017-05-23T17:02:19+00:00","dateModified":"2022-12-07T17:30:48+00:00","description":"HISTORIA DECOR Eine Reihe von au\u00dfergew\u00f6hnlichen Kochen Gegenst\u00e4nde Obst der Kombination aus einer fortschrittlichen Technologie und eine Verarbeitung","breadcrumb":{"@id":"https:\/\/www.erresse-shop.it\/de\/shop\/toepfe-pfannen\/topfsets\/ruffoni-historia-decor-set-5-stk\/#breadcrumb"},"inLanguage":"de-DE","potentialAction":[{"@type":"ReadAction","target":["https:\/\/www.erresse-shop.it\/de\/shop\/toepfe-pfannen\/topfsets\/ruffoni-historia-decor-set-5-stk\/"]}]},{"@type":"BreadcrumbList","@id":"https:\/\/www.erresse-shop.it\/de\/shop\/toepfe-pfannen\/topfsets\/ruffoni-historia-decor-set-5-stk\/#breadcrumb","itemListElement":[{"@type":"ListItem","position":1,"name":"Home","item":"https:\/\/www.erresse-shop.it\/de\/"},{"@type":"ListItem","position":2,"name":"Shop","item":"https:\/\/www.erresse-shop.it\/de\/shop\/"},{"@type":"ListItem","position":3,"name":"RUFFONI Historia Decor Set 5 stk"}]},{"@type":"WebSite","@id":"https:\/\/www.erresse-shop.it\/de\/#website","url":"https:\/\/www.erresse-shop.it\/de\/","name":"Erresse Shop","description":"Articoli di qualit\u00e0 per la casa","potentialAction":[{"@type":"SearchAction","target":{"@type":"EntryPoint","urlTemplate":"https:\/\/www.erresse-shop.it\/de\/?s={search_term_string}"},"query-input":"required name=search_term_string"}],"inLanguage":"de-DE"}]}},"df_price":474.5,"df_sale_price":474.5,"df_regular_price":949,"df_image_link":"https:\/\/www.erresse-shop.it\/wp-content\/uploads\/2017\/05\/products-3305B-2.jpg","_links":{"self":[{"href":"https:\/\/www.erresse-shop.it\/de\/wp-json\/wp\/v2\/product\/22616"}],"collection":[{"href":"https:\/\/www.erresse-shop.it\/de\/wp-json\/wp\/v2\/product"}],"about":[{"href":"https:\/\/www.erresse-shop.it\/de\/wp-json\/wp\/v2\/types\/product"}],"wp:featuredmedia":[{"embeddable":true,"href":"https:\/\/www.erresse-shop.it\/de\/wp-json\/wp\/v2\/media\/22617"}],"wp:attachment":[{"href":"https:\/\/www.erresse-shop.it\/de\/wp-json\/wp\/v2\/media?parent=22616"}],"wp:term":[{"taxonomy":"product_cat","embeddable":true,"href":"https:\/\/www.erresse-shop.it\/de\/wp-json\/wp\/v2\/product_cat?post=22616"},{"taxonomy":"product_tag","embeddable":true,"href":"https:\/\/www.erresse-shop.it\/de\/wp-json\/wp\/v2\/product_tag?post=22616"}],"curies":[{"name":"wp","href":"https:\/\/api.w.org\/{rel}","templated":true}]}}