{"id":226159,"date":"2022-12-30T13:12:06","date_gmt":"2022-12-30T13:12:07","guid":{"rendered":"https:\/\/www.erresse-shop.it\/?post_type=product&#038;p=226159"},"modified":"2025-05-08T08:33:59","modified_gmt":"2025-05-08T08:33:59","slug":"emile-henry-delight-tajine-26-cm-schiefer","status":"publish","type":"product","link":"https:\/\/www.erresse-shop.it\/de\/shop\/toepfe-pfannen\/tajine-de\/emile-henry-delight-tajine-26-cm-schiefer\/","title":{"rendered":"EMILE HENRY Delight Tajine 27 cm Schiefer"},"content":{"rendered":"<p>Mit unserer Tagine &#8220;Delight&#8221; k\u00f6nnen Sie k\u00f6stliche traditionelle Rezepte f\u00fcr Tagines und andere Schmorgerichte auf allen Herdarten (einschlie\u00dflich Induktion) und im Ofen zubereiten.<\/p>\n<p>Sie besteht aus der neuesten innovativen Keramik, ist leichter als eine klassische Tajine und bietet den Vorteil einer gesunden K\u00fcche, die die N\u00e4hrwerte der verwendeten Zutaten respektiert.<\/p>\n<p>Sie hat eine hohe Reaktivit\u00e4t zum Anbraten, kann aber auch sanft sein und die Hitze gleichm\u00e4\u00dfig verteilen, so dass sie die feinen Aromen der Zutaten zur Geltung bringt. Das Ergebnis ist zart, saftig und geschmackvoll, dank der einzigartigen Form des Deckels, die den verdunsteten Saft zirkulieren l\u00e4sst.<\/p>\n<p>Die eleganten Linien des wei\u00dfen Deckels und des gro\u00dfz\u00fcgigen schwarzen Bodens sorgen f\u00fcr einen eleganten Auftritt auf dem Tisch und verfeinern alle Arten von Rezepten, ob exotisch oder eher traditionell. Dank der nat\u00fcrlichen Antihaft-Glasur ist sie leicht zu reinigen (sp\u00fclmaschinenfest) und zu pflegen.<\/p>\n<p>Die in unseren burgundischen Werkst\u00e4tten handgefertigte und gepr\u00fcfte Tagine &#8216;Delight&#8217; hat eine Garantie von 5 Jahren.<\/p>\n<p>Eigenschaften &amp; Pflege<br \/>\nL\u00e4nge\/Durchmesser 27 cm<br \/>\nH\u00f6he 20 cm<br \/>\nAnzahl der Personen 4-6<br \/>\nMaximale Temperatur 290 \u00b0C<br \/>\nTemperatur Minimum -20 \u00b0C<\/p>\n<p>Induktion, Gas, Keramikkochfeld, Halogen und Elektro\/Backofen\/Gefrierschrank\/Sp\u00fclmaschine\/Mikrowelle<\/p>\n<p>C\u00e9ramique Blei-, cadmium- und nickelfrei<\/p>\n","protected":false},"excerpt":{"rendered":"<p>Mit unserer Tagine &#8220;Delight&#8221; k\u00f6nnen Sie k\u00f6stliche traditionelle Rezepte f\u00fcr Tagines und andere Schmorgerichte auf allen Herdarten (einschlie\u00dflich Induktion) und<\/p>\n","protected":false},"featured_media":226657,"template":"","meta":{"_acf_changed":false,"inline_featured_image":false},"product_cat":[6709,14785],"product_tag":[13534],"acf":[],"yoast_head":"<!-- This site is optimized with the Yoast SEO Premium plugin v18.6 (Yoast SEO v19.13) - https:\/\/yoast.com\/wordpress\/plugins\/seo\/ -->\n<title>EMILE HENRY Delight Tajine 26 cm Schiefer<\/title>\n<meta name=\"description\" content=\"Entdecken Sie EMILE HENRY Delight Tajine 26 cm Schiefer bei ErresseShop. Qualit\u00e4t, Stil und Funktionalit\u00e4t \u2013 jetzt online bestellen!\" \/>\n<meta name=\"robots\" content=\"index, follow, max-snippet:-1, max-image-preview:large, max-video-preview:-1\" \/>\n<link rel=\"canonical\" href=\"https:\/\/www.erresse-shop.it\/de\/shop\/toepfe-pfannen\/tajine-de\/emile-henry-delight-tajine-26-cm-schiefer\/\" \/>\n<meta property=\"og:locale\" content=\"de_DE\" \/>\n<meta property=\"og:type\" content=\"article\" \/>\n<meta property=\"og:title\" content=\"EMILE HENRY Delight Tajine 27 cm Schiefer\" \/>\n<meta property=\"og:description\" content=\"Entdecken Sie EMILE HENRY Delight Tajine 26 cm Schiefer bei ErresseShop. Qualit\u00e4t, Stil und Funktionalit\u00e4t \u2013 jetzt online bestellen!\" \/>\n<meta property=\"og:url\" content=\"https:\/\/www.erresse-shop.it\/de\/shop\/toepfe-pfannen\/tajine-de\/emile-henry-delight-tajine-26-cm-schiefer\/\" \/>\n<meta property=\"og:site_name\" content=\"Erresse Shop\" \/>\n<meta property=\"article:modified_time\" content=\"2025-05-08T08:33:59+00:00\" \/>\n<meta property=\"og:image\" content=\"https:\/\/www.erresse-shop.it\/wp-content\/uploads\/2022\/12\/EMILE-HENRY-Tajine-26-cm-Nero.jpg\" \/>\n\t<meta property=\"og:image:width\" content=\"590\" \/>\n\t<meta property=\"og:image:height\" content=\"590\" \/>\n\t<meta property=\"og:image:type\" content=\"image\/jpeg\" \/>\n<meta name=\"twitter:card\" content=\"summary_large_image\" \/>\n<script type=\"application\/ld+json\" class=\"yoast-schema-graph\">{\"@context\":\"https:\/\/schema.org\",\"@graph\":[{\"@type\":\"WebPage\",\"@id\":\"https:\/\/www.erresse-shop.it\/de\/shop\/toepfe-pfannen\/tajine-de\/emile-henry-delight-tajine-26-cm-schiefer\/\",\"url\":\"https:\/\/www.erresse-shop.it\/de\/shop\/toepfe-pfannen\/tajine-de\/emile-henry-delight-tajine-26-cm-schiefer\/\",\"name\":\"EMILE HENRY Delight Tajine 26 cm Schiefer\",\"isPartOf\":{\"@id\":\"https:\/\/www.erresse-shop.it\/de\/#website\"},\"datePublished\":\"2022-12-30T13:12:07+00:00\",\"dateModified\":\"2025-05-08T08:33:59+00:00\",\"description\":\"Entdecken Sie EMILE HENRY Delight Tajine 26 cm Schiefer bei ErresseShop. Qualit\u00e4t, Stil und Funktionalit\u00e4t \u2013 jetzt online bestellen!\",\"breadcrumb\":{\"@id\":\"https:\/\/www.erresse-shop.it\/de\/shop\/toepfe-pfannen\/tajine-de\/emile-henry-delight-tajine-26-cm-schiefer\/#breadcrumb\"},\"inLanguage\":\"de-DE\",\"potentialAction\":[{\"@type\":\"ReadAction\",\"target\":[\"https:\/\/www.erresse-shop.it\/de\/shop\/toepfe-pfannen\/tajine-de\/emile-henry-delight-tajine-26-cm-schiefer\/\"]}]},{\"@type\":\"BreadcrumbList\",\"@id\":\"https:\/\/www.erresse-shop.it\/de\/shop\/toepfe-pfannen\/tajine-de\/emile-henry-delight-tajine-26-cm-schiefer\/#breadcrumb\",\"itemListElement\":[{\"@type\":\"ListItem\",\"position\":1,\"name\":\"Home\",\"item\":\"https:\/\/www.erresse-shop.it\/de\/\"},{\"@type\":\"ListItem\",\"position\":2,\"name\":\"Shop\",\"item\":\"https:\/\/www.erresse-shop.it\/de\/shop\/\"},{\"@type\":\"ListItem\",\"position\":3,\"name\":\"EMILE HENRY Delight Tajine 27 cm Schiefer\"}]},{\"@type\":\"WebSite\",\"@id\":\"https:\/\/www.erresse-shop.it\/de\/#website\",\"url\":\"https:\/\/www.erresse-shop.it\/de\/\",\"name\":\"Erresse Shop\",\"description\":\"Articoli di qualit\u00e0 per la casa\",\"potentialAction\":[{\"@type\":\"SearchAction\",\"target\":{\"@type\":\"EntryPoint\",\"urlTemplate\":\"https:\/\/www.erresse-shop.it\/de\/?s={search_term_string}\"},\"query-input\":\"required name=search_term_string\"}],\"inLanguage\":\"de-DE\"}]}<\/script>\n<!-- \/ Yoast SEO Premium plugin. -->","yoast_head_json":{"title":"EMILE HENRY Delight Tajine 26 cm Schiefer","description":"Entdecken Sie EMILE HENRY Delight Tajine 26 cm Schiefer bei ErresseShop. Qualit\u00e4t, Stil und Funktionalit\u00e4t \u2013 jetzt online bestellen!","robots":{"index":"index","follow":"follow","max-snippet":"max-snippet:-1","max-image-preview":"max-image-preview:large","max-video-preview":"max-video-preview:-1"},"canonical":"https:\/\/www.erresse-shop.it\/de\/shop\/toepfe-pfannen\/tajine-de\/emile-henry-delight-tajine-26-cm-schiefer\/","og_locale":"de_DE","og_type":"article","og_title":"EMILE HENRY Delight Tajine 27 cm Schiefer","og_description":"Entdecken Sie EMILE HENRY Delight Tajine 26 cm Schiefer bei ErresseShop. Qualit\u00e4t, Stil und Funktionalit\u00e4t \u2013 jetzt online bestellen!","og_url":"https:\/\/www.erresse-shop.it\/de\/shop\/toepfe-pfannen\/tajine-de\/emile-henry-delight-tajine-26-cm-schiefer\/","og_site_name":"Erresse Shop","article_modified_time":"2025-05-08T08:33:59+00:00","og_image":[{"width":590,"height":590,"url":"https:\/\/www.erresse-shop.it\/wp-content\/uploads\/2022\/12\/EMILE-HENRY-Tajine-26-cm-Nero.jpg","type":"image\/jpeg"}],"twitter_card":"summary_large_image","schema":{"@context":"https:\/\/schema.org","@graph":[{"@type":"WebPage","@id":"https:\/\/www.erresse-shop.it\/de\/shop\/toepfe-pfannen\/tajine-de\/emile-henry-delight-tajine-26-cm-schiefer\/","url":"https:\/\/www.erresse-shop.it\/de\/shop\/toepfe-pfannen\/tajine-de\/emile-henry-delight-tajine-26-cm-schiefer\/","name":"EMILE HENRY Delight Tajine 26 cm Schiefer","isPartOf":{"@id":"https:\/\/www.erresse-shop.it\/de\/#website"},"datePublished":"2022-12-30T13:12:07+00:00","dateModified":"2025-05-08T08:33:59+00:00","description":"Entdecken Sie EMILE HENRY Delight Tajine 26 cm Schiefer bei ErresseShop. Qualit\u00e4t, Stil und Funktionalit\u00e4t \u2013 jetzt online bestellen!","breadcrumb":{"@id":"https:\/\/www.erresse-shop.it\/de\/shop\/toepfe-pfannen\/tajine-de\/emile-henry-delight-tajine-26-cm-schiefer\/#breadcrumb"},"inLanguage":"de-DE","potentialAction":[{"@type":"ReadAction","target":["https:\/\/www.erresse-shop.it\/de\/shop\/toepfe-pfannen\/tajine-de\/emile-henry-delight-tajine-26-cm-schiefer\/"]}]},{"@type":"BreadcrumbList","@id":"https:\/\/www.erresse-shop.it\/de\/shop\/toepfe-pfannen\/tajine-de\/emile-henry-delight-tajine-26-cm-schiefer\/#breadcrumb","itemListElement":[{"@type":"ListItem","position":1,"name":"Home","item":"https:\/\/www.erresse-shop.it\/de\/"},{"@type":"ListItem","position":2,"name":"Shop","item":"https:\/\/www.erresse-shop.it\/de\/shop\/"},{"@type":"ListItem","position":3,"name":"EMILE HENRY Delight Tajine 27 cm Schiefer"}]},{"@type":"WebSite","@id":"https:\/\/www.erresse-shop.it\/de\/#website","url":"https:\/\/www.erresse-shop.it\/de\/","name":"Erresse Shop","description":"Articoli di qualit\u00e0 per la casa","potentialAction":[{"@type":"SearchAction","target":{"@type":"EntryPoint","urlTemplate":"https:\/\/www.erresse-shop.it\/de\/?s={search_term_string}"},"query-input":"required name=search_term_string"}],"inLanguage":"de-DE"}]}},"df_price":122.95,"df_sale_price":122.95,"df_regular_price":187.5,"df_image_link":"https:\/\/www.erresse-shop.it\/wp-content\/uploads\/2022\/12\/EMILE-HENRY-Tajine-26-cm-Nero-300x300.jpg","_links":{"self":[{"href":"https:\/\/www.erresse-shop.it\/de\/wp-json\/wp\/v2\/product\/226159"}],"collection":[{"href":"https:\/\/www.erresse-shop.it\/de\/wp-json\/wp\/v2\/product"}],"about":[{"href":"https:\/\/www.erresse-shop.it\/de\/wp-json\/wp\/v2\/types\/product"}],"wp:featuredmedia":[{"embeddable":true,"href":"https:\/\/www.erresse-shop.it\/de\/wp-json\/wp\/v2\/media\/226657"}],"wp:attachment":[{"href":"https:\/\/www.erresse-shop.it\/de\/wp-json\/wp\/v2\/media?parent=226159"}],"wp:term":[{"taxonomy":"product_cat","embeddable":true,"href":"https:\/\/www.erresse-shop.it\/de\/wp-json\/wp\/v2\/product_cat?post=226159"},{"taxonomy":"product_tag","embeddable":true,"href":"https:\/\/www.erresse-shop.it\/de\/wp-json\/wp\/v2\/product_tag?post=226159"}],"curies":[{"name":"wp","href":"https:\/\/api.w.org\/{rel}","templated":true}]}}