{"id":225838,"date":"2022-12-29T14:29:07","date_gmt":"2022-12-29T14:29:08","guid":{"rendered":"https:\/\/www.erresse-shop.it\/?post_type=product&#038;p=225838"},"modified":"2025-01-17T07:54:37","modified_gmt":"2025-01-17T07:54:37","slug":"jura-profi-kaffeemaschine-x6-dark-inox","status":"publish","type":"product","link":"https:\/\/www.erresse-shop.it\/de\/shop\/kleine-elektrogeraete\/kaffeemaschinen-espresso\/automatisch\/jura-profi-kaffeemaschine-x6-dark-inox\/","title":{"rendered":"JURA Profi-Kaffeemaschine X6 Dark Inox"},"content":{"rendered":"<p><strong>Der Profi f\u00fcr schwarzen Kaffee und hei\u00dfes Wasser f\u00fcr Tee<\/strong><\/p>\n<p>Die X6 zeigt sich von ihrer besten Seite bei der Herstellung von schwarzen Kaffeespezialit\u00e4ten, der professionellen Zubereitung von Kaffeebriketts und dem Aufbr\u00fchen von hei\u00dfem Wasser f\u00fcr Tee in zwei verschiedenen Temperaturen.<br \/>\nDie Einfachheit der Bedienung ist besonders vorteilhaft, wenn sie vom Personal oder direkt von den G\u00e4sten genutzt wird.<br \/>\nSelbstverst\u00e4ndlich kann die Position aller Kaffeespezialit\u00e4ten auf dem Display nach Belieben ver\u00e4ndert werden.<br \/>\nDank des gro\u00dfen Wassertanks und des optionalen Frischwasser-Kits ist der X6 sowohl f\u00fcr den Einsatz an festen als auch an variablen Stationen geeignet.<\/p>\n<p><strong>Modernste Technik f\u00fcr perfekten Genuss<\/strong><br \/>\nDas innovative AromaG3-Mahlwerk mahlt die Bohnen zum idealen Zeitpunkt und in der idealen Feinheit f\u00fcr jede Zubereitung.<br \/>\nEr arbeitet pr\u00e4zise, ist doppelt so schnell und bewahrt das gesamte Aroma der Bohnen.<br \/>\nDas gepulste Extraktionsverfahren (P.E.P.\u00ae) optimiert die Extraktionszeit f\u00fcr kurze Spezialit\u00e4ten und macht Ristretto und Espresso zu einem wahren Gaumenschmaus.<br \/>\nAlle Bedienelemente des X6 sind auf der Frontseite angeordnet, auf den ersten Blick gut sichtbar und leicht zug\u00e4nglich.<br \/>\nDas Bef\u00fcllen des Wassertanks und des Bohnenbeh\u00e4lters ist ebenfalls einfach von vorne m\u00f6glich.<br \/>\nDer Wassertank und der Bohnenbeh\u00e4lter sind serienm\u00e4\u00dfig mit einem Verriegelungsmechanismus ausgestattet, mit dem sie zum Schutz vor unbefugten Eingriffen verschlossen werden k\u00f6nnen.<br \/>\nDer Wassertank und der Kaffeesatzbeh\u00e4lter sind ergonomisch geformt und k\u00f6nnen f\u00fcr eine schnelle und hygienische Entleerung mit einer Hand entnommen werden.<br \/>\nDie Koh\u00e4renz der Betriebsphilosophie zeigt sich in den Bedienelementen.<br \/>\nDas TFT-Display im Hochformat in Kombination mit den gro\u00dfen, klar definierten Vorbereitungstasten macht die Bedienung auch f\u00fcr unge\u00fcbte Anwender einfach und intuitiv.<br \/>\nDie Tasten (Vorbereitung oder Wartung) k\u00f6nnen optional gesperrt werden, um Missbrauch, unbefugte Programmier\u00e4nderungen oder versehentliche Bedienung zu verhindern<br \/>\nw\u00e4hrend der Reinigungsarbeiten.<\/p>\n<p><strong>Hygienegarantie mit T\u00dcV-Zertifizierung<\/strong><br \/>\nDie Wartung des neuen X6 ist ebenso intuitiv wie die Bedienung.<br \/>\nIntegrierte Sp\u00fcl- und Reinigungsprogramme in Kombination mit original JURA-Pflegeprodukten garantieren Hygiene und Sauberkeit mit T\u00dcV-Zertifizierung.<\/p>\n<p><strong>So individuell wie Ihre Bed\u00fcrfnisse<\/strong><br \/>\nDank des speziell f\u00fcr professionelle JURA-Automaten entwickelten Zubeh\u00f6rs wie dem Frischwasser-Kit<br \/>\nCup-Warmer oder Abrechnungssystem kann der X6 optimiert werden, um Komplettl\u00f6sungen zu schaffen, die auf Ihre spezifischen Anforderungen zugeschnitten sind.<\/p>\n<p><strong>TECHNISCHE DATEN:<\/strong><\/p>\n<ul>\n<li>Anzahl der Kaffeespezialit\u00e4ten 12<\/li>\n<li>Aktive Bohnenkontrolle<\/li>\n<li>Intelligent verbinden<\/li>\n<li>Gepulstes Extraktionsverfahren (P.E.P.\u00ae)<\/li>\n<li>Br\u00fchgruppe mit variabler Kapazit\u00e4t<\/li>\n<li>Aroma G3 Mehrstufenmahlwerk<\/li>\n<li>Hochleistungspumpe, 15 bar<\/li>\n<li>Thermoblock-Heizsystem<\/li>\n<li>Fl\u00fcssigkeitssystem<\/li>\n<li>Milchsystem \/ austauschbarer Milchaufsch\u00e4umer<\/li>\n<li>Aromaschutzdeckel<\/li>\n<li>2,8&#8243;-Farbdisplay<\/li>\n<li>Programmierbare und individuell anpassbare Wassermenge f\u00fcr den Kaffee<\/li>\n<li>Kaffeeintensit\u00e4t in 10 Stufen programmierbar und anpassbar<\/li>\n<li>Programmierbare Br\u00fchtemperatur in 2 Stufen<\/li>\n<li>Warmwassertemperatur in 3 Stufen programmierbar<\/li>\n<li>Zur\u00fccksetzbarer Tagesz\u00e4hler<\/li>\n<li>Angabe der Anzahl der Zubereitungen f\u00fcr jedes einzelne Produkt<\/li>\n<li>Integriertes Sp\u00fcl-, Reinigungs- und Entkalkungsprogramm<\/li>\n<li>\u00dcberwachte Wasserauffangwanne<\/li>\n<li>Energiesparmodus, E.S.M.\u00a9<\/li>\n<li>Null-Energie-Schalter oder Netzschalter<\/li>\n<li>Programmierbare Abschaltzeit<\/li>\n<li>Bernsteinfarbene\/wei\u00dfe Becher-Beleuchtung<\/li>\n<li>5 Liter Wassertankinhalt<\/li>\n<li>550 g Fassungsverm\u00f6gen des Bohnenbeh\u00e4lters<\/li>\n<li>Kaffeebohnenbeh\u00e4lter optional erweiterbar auf 1 kg<\/li>\n<li>Kaffeesatzbeh\u00e4lter (Portionen) 40<\/li>\n<li>Hergestellt in der Schweiz\n<div class=\"su-youtube su-u-responsive-media-yes\"><iframe loading=\"lazy\" width=\"200\" height=\"200\" src=\"https:\/\/www.youtube.com\/embed\/dQvlPibiQQs?\" frameborder=\"0\" allowfullscreen allow=\"autoplay; encrypted-media; picture-in-picture\" title=\"\"><\/iframe><\/div><\/li>\n<\/ul>\n","protected":false},"excerpt":{"rendered":"<p>Der Profi f\u00fcr schwarzen Kaffee und hei\u00dfes Wasser f\u00fcr Tee Die X6 zeigt sich von ihrer besten Seite bei der<\/p>\n","protected":false},"featured_media":225994,"template":"","meta":{"_acf_changed":false,"inline_featured_image":false},"product_cat":[6733,6703,25361],"product_tag":[23569,11837,23564,11869,20766,13966,20627,21741,21795],"acf":[],"yoast_head":"<!-- This site is optimized with the Yoast SEO Premium plugin v18.6 (Yoast SEO v19.13) - https:\/\/yoast.com\/wordpress\/plugins\/seo\/ -->\n<title>JURA Profi-Kaffeemaschine X6 Dark Inox<\/title>\n<meta name=\"description\" content=\"Entdecken Sie JURA Profi-Kaffeemaschine X6 Dark Inox bei ErresseShop. Qualit\u00e4t, Stil und Funktionalit\u00e4t \u2013 jetzt online bestellen!\" \/>\n<meta name=\"robots\" content=\"index, follow, max-snippet:-1, max-image-preview:large, max-video-preview:-1\" \/>\n<link rel=\"canonical\" href=\"https:\/\/www.erresse-shop.it\/de\/shop\/kleine-elektrogeraete\/kaffeemaschinen-espresso\/automatisch\/jura-profi-kaffeemaschine-x6-dark-inox\/\" \/>\n<meta property=\"og:locale\" content=\"de_DE\" \/>\n<meta property=\"og:type\" content=\"article\" \/>\n<meta property=\"og:title\" content=\"JURA Profi-Kaffeemaschine X6 Dark Inox\" \/>\n<meta property=\"og:description\" content=\"Entdecken Sie JURA Profi-Kaffeemaschine X6 Dark Inox bei ErresseShop. Qualit\u00e4t, Stil und Funktionalit\u00e4t \u2013 jetzt online bestellen!\" \/>\n<meta property=\"og:url\" content=\"https:\/\/www.erresse-shop.it\/de\/shop\/kleine-elektrogeraete\/kaffeemaschinen-espresso\/automatisch\/jura-profi-kaffeemaschine-x6-dark-inox\/\" \/>\n<meta property=\"og:site_name\" content=\"Erresse Shop\" \/>\n<meta property=\"article:modified_time\" content=\"2025-01-17T07:54:37+00:00\" \/>\n<meta property=\"og:image\" content=\"https:\/\/www.erresse-shop.it\/wp-content\/uploads\/2022\/12\/JURA-Macchina-da-caffe-x6-Dark-Inox-1.jpg\" \/>\n\t<meta property=\"og:image:width\" content=\"800\" \/>\n\t<meta property=\"og:image:height\" content=\"800\" \/>\n\t<meta property=\"og:image:type\" content=\"image\/jpeg\" \/>\n<meta name=\"twitter:card\" content=\"summary_large_image\" \/>\n<script type=\"application\/ld+json\" class=\"yoast-schema-graph\">{\"@context\":\"https:\/\/schema.org\",\"@graph\":[{\"@type\":\"WebPage\",\"@id\":\"https:\/\/www.erresse-shop.it\/de\/shop\/kleine-elektrogeraete\/kaffeemaschinen-espresso\/automatisch\/jura-profi-kaffeemaschine-x6-dark-inox\/\",\"url\":\"https:\/\/www.erresse-shop.it\/de\/shop\/kleine-elektrogeraete\/kaffeemaschinen-espresso\/automatisch\/jura-profi-kaffeemaschine-x6-dark-inox\/\",\"name\":\"JURA Profi-Kaffeemaschine X6 Dark Inox\",\"isPartOf\":{\"@id\":\"https:\/\/www.erresse-shop.it\/de\/#website\"},\"datePublished\":\"2022-12-29T14:29:08+00:00\",\"dateModified\":\"2025-01-17T07:54:37+00:00\",\"description\":\"Entdecken Sie JURA Profi-Kaffeemaschine X6 Dark Inox bei ErresseShop. Qualit\u00e4t, Stil und Funktionalit\u00e4t \u2013 jetzt online bestellen!\",\"breadcrumb\":{\"@id\":\"https:\/\/www.erresse-shop.it\/de\/shop\/kleine-elektrogeraete\/kaffeemaschinen-espresso\/automatisch\/jura-profi-kaffeemaschine-x6-dark-inox\/#breadcrumb\"},\"inLanguage\":\"de-DE\",\"potentialAction\":[{\"@type\":\"ReadAction\",\"target\":[\"https:\/\/www.erresse-shop.it\/de\/shop\/kleine-elektrogeraete\/kaffeemaschinen-espresso\/automatisch\/jura-profi-kaffeemaschine-x6-dark-inox\/\"]}]},{\"@type\":\"BreadcrumbList\",\"@id\":\"https:\/\/www.erresse-shop.it\/de\/shop\/kleine-elektrogeraete\/kaffeemaschinen-espresso\/automatisch\/jura-profi-kaffeemaschine-x6-dark-inox\/#breadcrumb\",\"itemListElement\":[{\"@type\":\"ListItem\",\"position\":1,\"name\":\"Home\",\"item\":\"https:\/\/www.erresse-shop.it\/de\/\"},{\"@type\":\"ListItem\",\"position\":2,\"name\":\"Shop\",\"item\":\"https:\/\/www.erresse-shop.it\/de\/shop\/\"},{\"@type\":\"ListItem\",\"position\":3,\"name\":\"JURA Profi-Kaffeemaschine X6 Dark Inox\"}]},{\"@type\":\"WebSite\",\"@id\":\"https:\/\/www.erresse-shop.it\/de\/#website\",\"url\":\"https:\/\/www.erresse-shop.it\/de\/\",\"name\":\"Erresse Shop\",\"description\":\"Articoli di qualit\u00e0 per la casa\",\"potentialAction\":[{\"@type\":\"SearchAction\",\"target\":{\"@type\":\"EntryPoint\",\"urlTemplate\":\"https:\/\/www.erresse-shop.it\/de\/?s={search_term_string}\"},\"query-input\":\"required name=search_term_string\"}],\"inLanguage\":\"de-DE\"}]}<\/script>\n<!-- \/ Yoast SEO Premium plugin. -->","yoast_head_json":{"title":"JURA Profi-Kaffeemaschine X6 Dark Inox","description":"Entdecken Sie JURA Profi-Kaffeemaschine X6 Dark Inox bei ErresseShop. Qualit\u00e4t, Stil und Funktionalit\u00e4t \u2013 jetzt online bestellen!","robots":{"index":"index","follow":"follow","max-snippet":"max-snippet:-1","max-image-preview":"max-image-preview:large","max-video-preview":"max-video-preview:-1"},"canonical":"https:\/\/www.erresse-shop.it\/de\/shop\/kleine-elektrogeraete\/kaffeemaschinen-espresso\/automatisch\/jura-profi-kaffeemaschine-x6-dark-inox\/","og_locale":"de_DE","og_type":"article","og_title":"JURA Profi-Kaffeemaschine X6 Dark Inox","og_description":"Entdecken Sie JURA Profi-Kaffeemaschine X6 Dark Inox bei ErresseShop. Qualit\u00e4t, Stil und Funktionalit\u00e4t \u2013 jetzt online bestellen!","og_url":"https:\/\/www.erresse-shop.it\/de\/shop\/kleine-elektrogeraete\/kaffeemaschinen-espresso\/automatisch\/jura-profi-kaffeemaschine-x6-dark-inox\/","og_site_name":"Erresse Shop","article_modified_time":"2025-01-17T07:54:37+00:00","og_image":[{"width":800,"height":800,"url":"https:\/\/www.erresse-shop.it\/wp-content\/uploads\/2022\/12\/JURA-Macchina-da-caffe-x6-Dark-Inox-1.jpg","type":"image\/jpeg"}],"twitter_card":"summary_large_image","schema":{"@context":"https:\/\/schema.org","@graph":[{"@type":"WebPage","@id":"https:\/\/www.erresse-shop.it\/de\/shop\/kleine-elektrogeraete\/kaffeemaschinen-espresso\/automatisch\/jura-profi-kaffeemaschine-x6-dark-inox\/","url":"https:\/\/www.erresse-shop.it\/de\/shop\/kleine-elektrogeraete\/kaffeemaschinen-espresso\/automatisch\/jura-profi-kaffeemaschine-x6-dark-inox\/","name":"JURA Profi-Kaffeemaschine X6 Dark Inox","isPartOf":{"@id":"https:\/\/www.erresse-shop.it\/de\/#website"},"datePublished":"2022-12-29T14:29:08+00:00","dateModified":"2025-01-17T07:54:37+00:00","description":"Entdecken Sie JURA Profi-Kaffeemaschine X6 Dark Inox bei ErresseShop. Qualit\u00e4t, Stil und Funktionalit\u00e4t \u2013 jetzt online bestellen!","breadcrumb":{"@id":"https:\/\/www.erresse-shop.it\/de\/shop\/kleine-elektrogeraete\/kaffeemaschinen-espresso\/automatisch\/jura-profi-kaffeemaschine-x6-dark-inox\/#breadcrumb"},"inLanguage":"de-DE","potentialAction":[{"@type":"ReadAction","target":["https:\/\/www.erresse-shop.it\/de\/shop\/kleine-elektrogeraete\/kaffeemaschinen-espresso\/automatisch\/jura-profi-kaffeemaschine-x6-dark-inox\/"]}]},{"@type":"BreadcrumbList","@id":"https:\/\/www.erresse-shop.it\/de\/shop\/kleine-elektrogeraete\/kaffeemaschinen-espresso\/automatisch\/jura-profi-kaffeemaschine-x6-dark-inox\/#breadcrumb","itemListElement":[{"@type":"ListItem","position":1,"name":"Home","item":"https:\/\/www.erresse-shop.it\/de\/"},{"@type":"ListItem","position":2,"name":"Shop","item":"https:\/\/www.erresse-shop.it\/de\/shop\/"},{"@type":"ListItem","position":3,"name":"JURA Profi-Kaffeemaschine X6 Dark Inox"}]},{"@type":"WebSite","@id":"https:\/\/www.erresse-shop.it\/de\/#website","url":"https:\/\/www.erresse-shop.it\/de\/","name":"Erresse Shop","description":"Articoli di qualit\u00e0 per la casa","potentialAction":[{"@type":"SearchAction","target":{"@type":"EntryPoint","urlTemplate":"https:\/\/www.erresse-shop.it\/de\/?s={search_term_string}"},"query-input":"required name=search_term_string"}],"inLanguage":"de-DE"}]}},"df_price":2204.1,"df_sale_price":2204.1,"df_regular_price":2449,"df_image_link":"https:\/\/www.erresse-shop.it\/wp-content\/uploads\/2022\/12\/JURA-Macchina-da-caffe-x6-Dark-Inox-1-300x300.jpg","_links":{"self":[{"href":"https:\/\/www.erresse-shop.it\/de\/wp-json\/wp\/v2\/product\/225838"}],"collection":[{"href":"https:\/\/www.erresse-shop.it\/de\/wp-json\/wp\/v2\/product"}],"about":[{"href":"https:\/\/www.erresse-shop.it\/de\/wp-json\/wp\/v2\/types\/product"}],"wp:featuredmedia":[{"embeddable":true,"href":"https:\/\/www.erresse-shop.it\/de\/wp-json\/wp\/v2\/media\/225994"}],"wp:attachment":[{"href":"https:\/\/www.erresse-shop.it\/de\/wp-json\/wp\/v2\/media?parent=225838"}],"wp:term":[{"taxonomy":"product_cat","embeddable":true,"href":"https:\/\/www.erresse-shop.it\/de\/wp-json\/wp\/v2\/product_cat?post=225838"},{"taxonomy":"product_tag","embeddable":true,"href":"https:\/\/www.erresse-shop.it\/de\/wp-json\/wp\/v2\/product_tag?post=225838"}],"curies":[{"name":"wp","href":"https:\/\/api.w.org\/{rel}","templated":true}]}}