{"id":225333,"date":"2022-12-28T09:30:19","date_gmt":"2022-12-28T09:30:21","guid":{"rendered":"https:\/\/www.erresse-shop.it\/?post_type=product&#038;p=225333"},"modified":"2025-01-17T07:54:36","modified_gmt":"2025-01-17T07:54:36","slug":"jura-kaffeemaschine-s8-moonlight-silber","status":"publish","type":"product","link":"https:\/\/www.erresse-shop.it\/de\/shop\/kleine-elektrogeraete\/kaffeemaschinen-espresso\/automatisch\/jura-kaffeemaschine-s8-moonlight-silber\/","title":{"rendered":"JURA Kaffeemaschine S8 Moonlight Silber"},"content":{"rendered":"<p><strong>Gro\u00dfe Show mit kompaktem Design<\/strong><br \/>\nDie elegante S Line mit ihrem k\u00fchnen, skulpturalen Design zeichnet sich durch Qualit\u00e4t und Pr\u00e4zision aus. Er verbindet das Beste aus der Kompaktklasse mit Elementen aus dem Premiumsegment.<br \/>\nDie Vielfalt der Spezialit\u00e4ten und ihre Vorz\u00fcglichkeit \u00fcberzeugen auch die anspruchsvollsten Deep-L-Liebhaber. Die Bedienphilosophie ist von Einfachheit und Intelligenz gepr\u00e4gt.<br \/>\nMit der JURA S-Linie wird ein neues Automatensegment geschaffen: das mittlere Premiumsegment.<\/p>\n<p><strong>Professionelles Aroma-Mahlwerk<\/strong><br \/>\nDer Professional Aroma Grinder garantiert 12,2%* mehr Aroma und eine gleichbleibend hohe Mahlqualit\u00e4t w\u00e4hrend der gesamten Lebensdauer der Maschine.<br \/>\nSeine ausgereifte Geometrie sorgt f\u00fcr eine optimale Schleifkurve.<br \/>\nDas bedeutet, dass sich das Aroma durch den h\u00f6heren Anteil an feinen Partikeln in seiner ganzen Intensit\u00e4t entfalten kann.<\/p>\n<p>*Die professionelle Aromam\u00fchle im Vergleich zu herk\u00f6mmlichen Kaffeem\u00fchlen.<\/p>\n<p><strong>Abwechslungsreiche Momente der Freude<\/strong><br \/>\nMit der eleganten S8 wird die gesamte Palette an Spezialit\u00e4ten in hervorragender Qualit\u00e4t gebr\u00fcht, vom Espresso bis zum Latte Macchiato.<br \/>\nEin Druck auf das Farb-Touchscreen-Display und die 15 Spezialit\u00e4ten gelangen dank zahlreicher herausragender Innovationen in Ihre Tasse.<br \/>\nDie professionelle Aroma-Kaffeem\u00fchle mahlt die Bohnen noch pr\u00e4ziser, doppelt so schnell und aromaschonend.<br \/>\nDas gepulste Extraktionsverfahren (P.E.P.\u00ae) optimiert die Extraktionszeit f\u00fcr kurze Spezialit\u00e4ten und garantiert ein un\u00fcbertroffenes Aroma auch bei Espresso und Ristretto.<br \/>\nDie Mikroschaumtechnologie erm\u00f6glicht die Zubereitung von trendigen Spezialit\u00e4ten mit Milch und Milchschaum.<\/p>\n<p><strong>Bedienungskomfort, der eine \u00c4ra neu definiert<\/strong><br \/>\nDie Bedienung ist dank des in die Kaffeemaschine integrierten hochaufl\u00f6senden 4,3&#8243;-Farb-Touchscreens \u00fcbersichtlich und komfortabel.<br \/>\nEine sanfte Ber\u00fchrung des Bildschirms gen\u00fcgt, und schon ist Ihre Lieblingsspezialit\u00e4t in Ihrer Tasse.<br \/>\nDie innovative Bedienphilosophie \u00fcber den Gro\u00dfbildschirm besticht durch ihre Verst\u00e4ndlichkeit und passt sich der modernen Zeit an.<br \/>\nAnleitungen mit Grafiken und Animationen machen die Navigation selbsterkl\u00e4rend und zeigen alle Schritte der Zubereitung.<br \/>\nSo kommen Sie direkt zum Ziel. Individuelle Pr\u00e4ferenzen k\u00f6nnen in wenigen Schritten programmiert werden. Umbenennen, verschieben, kopieren, verdoppeln: Mit dem S8 ist das im Handumdrehen erledigt.<\/p>\n<p><strong>Ausgefallener Milchschaum<\/strong><br \/>\nPr\u00e4zision und Qualit\u00e4t bis ins kleinste Detail sind das Markenzeichen von JURA.<br \/>\nDie neue Mikroschaumd\u00fcse S8 Professional ist aus hochwertigen Materialien gefertigt und verbindet \u00c4sthetik mit angenehmer Haptik.<br \/>\nDie multifunktionale Aufsch\u00e4umd\u00fcse wurde speziell f\u00fcr die Zubereitung von Kaffeespezialit\u00e4ten mit hochwertiger Milch und Milchschaum entwickelt und zaubert Latte Macchiato<br \/>\nund vieles mehr. Moderne Grafiken und Animationen auf dem Display machen die Bedienung so einfach wie nie.<\/p>\n<p><strong>TECHNISCHE DATEN:<\/strong><\/p>\n<ul>\n<li>Anzahl der Kaffeespezialit\u00e4ten: 15<\/li>\n<li>Aktive Bohnenkontrolle<\/li>\n<li>Intelligent verbinden<\/li>\n<li>One-Touch-Funktion<\/li>\n<li>Br\u00fchgruppe mit variabler Kapazit\u00e4t<\/li>\n<li>Professionelles Aroma-Mahlwerk<\/li>\n<li>15 bar Pumpe<\/li>\n<li>Thermoblock-Heizsystem<\/li>\n<li>Milchsystem \/ austauschbarer Milchaufsch\u00e4umer<\/li>\n<li>Fach f\u00fcr gemahlenen Kaffee<\/li>\n<li>Aromaschutzdeckel<\/li>\n<li>4,3&#8221;-Farbdisplay mit Touchscreen-Technologie<\/li>\n<li>Einf\u00fcgen, Vervielf\u00e4ltigen und Anpassen von Produkten<\/li>\n<li>Programmierbare und individuell anpassbare Wassermenge f\u00fcr den Kaffee<\/li>\n<li>Programmierbare und anpassbare Kaffeeintensit\u00e4t &#8211; 10 Stufen<\/li>\n<li>Programmierbare Milch-\/Schaummenge<\/li>\n<li>Programmierbare Br\u00fchtemperatur &#8211; 3 Stufen<\/li>\n<li>Programmierbare Warmwassertemperatur &#8211; 3 Stufen<\/li>\n<li>Energiesparmodus<\/li>\n<li>Programmierbare Abschaltzeit<\/li>\n<li>H\u00f6hen- und breitenverstellbarer Kaffeeauslauf<\/li>\n<li>H\u00f6henverstellbarer Cappuccino-Spender<\/li>\n<li>H\u00f6henverstellbarer Hei\u00dfwasserspender<\/li>\n<li>Fassungsverm\u00f6gen des Wassertanks &#8211; 1,9 Lt<\/li>\n<li>Fassungsverm\u00f6gen des Kaffeebohnenbeh\u00e4lters &#8211; 280 g<\/li>\n<li>Kaffeesatzbeh\u00e4lter &#8211; 20 Portionen<\/li>\n<li>Hergestellt in der Schweiz<\/li>\n<\/ul>\n","protected":false},"excerpt":{"rendered":"<p>Gro\u00dfe Show mit kompaktem Design Die elegante S Line mit ihrem k\u00fchnen, skulpturalen Design zeichnet sich durch Qualit\u00e4t und Pr\u00e4zision<\/p>\n","protected":false},"featured_media":225685,"template":"","meta":{"_acf_changed":false,"inline_featured_image":false},"product_cat":[6733,6703,25361],"product_tag":[23569,23564,20766,13966,21741],"acf":[],"yoast_head":"<!-- This site is optimized with the Yoast SEO Premium plugin v18.6 (Yoast SEO v19.13) - https:\/\/yoast.com\/wordpress\/plugins\/seo\/ -->\n<title>JURA Kaffeemaschine S8 Moonlight Silber<\/title>\n<meta name=\"description\" content=\"Entdecken Sie JURA Kaffeemaschine S8 Moonlight Silber bei ErresseShop. Qualit\u00e4t, Stil und Funktionalit\u00e4t \u2013 jetzt online bestellen!\" \/>\n<meta name=\"robots\" content=\"index, follow, max-snippet:-1, max-image-preview:large, max-video-preview:-1\" \/>\n<link rel=\"canonical\" href=\"https:\/\/www.erresse-shop.it\/de\/shop\/kleine-elektrogeraete\/kaffeemaschinen-espresso\/automatisch\/jura-kaffeemaschine-s8-moonlight-silber\/\" \/>\n<meta property=\"og:locale\" content=\"de_DE\" \/>\n<meta property=\"og:type\" content=\"article\" \/>\n<meta property=\"og:title\" content=\"JURA Kaffeemaschine S8 Moonlight Silber\" \/>\n<meta property=\"og:description\" content=\"Entdecken Sie JURA Kaffeemaschine S8 Moonlight Silber bei ErresseShop. Qualit\u00e4t, Stil und Funktionalit\u00e4t \u2013 jetzt online bestellen!\" \/>\n<meta property=\"og:url\" content=\"https:\/\/www.erresse-shop.it\/de\/shop\/kleine-elektrogeraete\/kaffeemaschinen-espresso\/automatisch\/jura-kaffeemaschine-s8-moonlight-silber\/\" \/>\n<meta property=\"og:site_name\" content=\"Erresse Shop\" \/>\n<meta property=\"article:modified_time\" content=\"2025-01-17T07:54:36+00:00\" \/>\n<meta property=\"og:image\" content=\"https:\/\/www.erresse-shop.it\/wp-content\/uploads\/2022\/12\/JURA-Macchina-da-caffe-S8.jpg\" \/>\n\t<meta property=\"og:image:width\" content=\"800\" \/>\n\t<meta property=\"og:image:height\" content=\"800\" \/>\n\t<meta property=\"og:image:type\" content=\"image\/jpeg\" \/>\n<meta name=\"twitter:card\" content=\"summary_large_image\" \/>\n<script type=\"application\/ld+json\" class=\"yoast-schema-graph\">{\"@context\":\"https:\/\/schema.org\",\"@graph\":[{\"@type\":\"WebPage\",\"@id\":\"https:\/\/www.erresse-shop.it\/de\/shop\/kleine-elektrogeraete\/kaffeemaschinen-espresso\/automatisch\/jura-kaffeemaschine-s8-moonlight-silber\/\",\"url\":\"https:\/\/www.erresse-shop.it\/de\/shop\/kleine-elektrogeraete\/kaffeemaschinen-espresso\/automatisch\/jura-kaffeemaschine-s8-moonlight-silber\/\",\"name\":\"JURA Kaffeemaschine S8 Moonlight Silber\",\"isPartOf\":{\"@id\":\"https:\/\/www.erresse-shop.it\/de\/#website\"},\"datePublished\":\"2022-12-28T09:30:21+00:00\",\"dateModified\":\"2025-01-17T07:54:36+00:00\",\"description\":\"Entdecken Sie JURA Kaffeemaschine S8 Moonlight Silber bei ErresseShop. Qualit\u00e4t, Stil und Funktionalit\u00e4t \u2013 jetzt online bestellen!\",\"breadcrumb\":{\"@id\":\"https:\/\/www.erresse-shop.it\/de\/shop\/kleine-elektrogeraete\/kaffeemaschinen-espresso\/automatisch\/jura-kaffeemaschine-s8-moonlight-silber\/#breadcrumb\"},\"inLanguage\":\"de-DE\",\"potentialAction\":[{\"@type\":\"ReadAction\",\"target\":[\"https:\/\/www.erresse-shop.it\/de\/shop\/kleine-elektrogeraete\/kaffeemaschinen-espresso\/automatisch\/jura-kaffeemaschine-s8-moonlight-silber\/\"]}]},{\"@type\":\"BreadcrumbList\",\"@id\":\"https:\/\/www.erresse-shop.it\/de\/shop\/kleine-elektrogeraete\/kaffeemaschinen-espresso\/automatisch\/jura-kaffeemaschine-s8-moonlight-silber\/#breadcrumb\",\"itemListElement\":[{\"@type\":\"ListItem\",\"position\":1,\"name\":\"Home\",\"item\":\"https:\/\/www.erresse-shop.it\/de\/\"},{\"@type\":\"ListItem\",\"position\":2,\"name\":\"Shop\",\"item\":\"https:\/\/www.erresse-shop.it\/de\/shop\/\"},{\"@type\":\"ListItem\",\"position\":3,\"name\":\"JURA Kaffeemaschine S8 Moonlight Silber\"}]},{\"@type\":\"WebSite\",\"@id\":\"https:\/\/www.erresse-shop.it\/de\/#website\",\"url\":\"https:\/\/www.erresse-shop.it\/de\/\",\"name\":\"Erresse Shop\",\"description\":\"Articoli di qualit\u00e0 per la casa\",\"potentialAction\":[{\"@type\":\"SearchAction\",\"target\":{\"@type\":\"EntryPoint\",\"urlTemplate\":\"https:\/\/www.erresse-shop.it\/de\/?s={search_term_string}\"},\"query-input\":\"required name=search_term_string\"}],\"inLanguage\":\"de-DE\"}]}<\/script>\n<!-- \/ Yoast SEO Premium plugin. -->","yoast_head_json":{"title":"JURA Kaffeemaschine S8 Moonlight Silber","description":"Entdecken Sie JURA Kaffeemaschine S8 Moonlight Silber bei ErresseShop. Qualit\u00e4t, Stil und Funktionalit\u00e4t \u2013 jetzt online bestellen!","robots":{"index":"index","follow":"follow","max-snippet":"max-snippet:-1","max-image-preview":"max-image-preview:large","max-video-preview":"max-video-preview:-1"},"canonical":"https:\/\/www.erresse-shop.it\/de\/shop\/kleine-elektrogeraete\/kaffeemaschinen-espresso\/automatisch\/jura-kaffeemaschine-s8-moonlight-silber\/","og_locale":"de_DE","og_type":"article","og_title":"JURA Kaffeemaschine S8 Moonlight Silber","og_description":"Entdecken Sie JURA Kaffeemaschine S8 Moonlight Silber bei ErresseShop. Qualit\u00e4t, Stil und Funktionalit\u00e4t \u2013 jetzt online bestellen!","og_url":"https:\/\/www.erresse-shop.it\/de\/shop\/kleine-elektrogeraete\/kaffeemaschinen-espresso\/automatisch\/jura-kaffeemaschine-s8-moonlight-silber\/","og_site_name":"Erresse Shop","article_modified_time":"2025-01-17T07:54:36+00:00","og_image":[{"width":800,"height":800,"url":"https:\/\/www.erresse-shop.it\/wp-content\/uploads\/2022\/12\/JURA-Macchina-da-caffe-S8.jpg","type":"image\/jpeg"}],"twitter_card":"summary_large_image","schema":{"@context":"https:\/\/schema.org","@graph":[{"@type":"WebPage","@id":"https:\/\/www.erresse-shop.it\/de\/shop\/kleine-elektrogeraete\/kaffeemaschinen-espresso\/automatisch\/jura-kaffeemaschine-s8-moonlight-silber\/","url":"https:\/\/www.erresse-shop.it\/de\/shop\/kleine-elektrogeraete\/kaffeemaschinen-espresso\/automatisch\/jura-kaffeemaschine-s8-moonlight-silber\/","name":"JURA Kaffeemaschine S8 Moonlight Silber","isPartOf":{"@id":"https:\/\/www.erresse-shop.it\/de\/#website"},"datePublished":"2022-12-28T09:30:21+00:00","dateModified":"2025-01-17T07:54:36+00:00","description":"Entdecken Sie JURA Kaffeemaschine S8 Moonlight Silber bei ErresseShop. Qualit\u00e4t, Stil und Funktionalit\u00e4t \u2013 jetzt online bestellen!","breadcrumb":{"@id":"https:\/\/www.erresse-shop.it\/de\/shop\/kleine-elektrogeraete\/kaffeemaschinen-espresso\/automatisch\/jura-kaffeemaschine-s8-moonlight-silber\/#breadcrumb"},"inLanguage":"de-DE","potentialAction":[{"@type":"ReadAction","target":["https:\/\/www.erresse-shop.it\/de\/shop\/kleine-elektrogeraete\/kaffeemaschinen-espresso\/automatisch\/jura-kaffeemaschine-s8-moonlight-silber\/"]}]},{"@type":"BreadcrumbList","@id":"https:\/\/www.erresse-shop.it\/de\/shop\/kleine-elektrogeraete\/kaffeemaschinen-espresso\/automatisch\/jura-kaffeemaschine-s8-moonlight-silber\/#breadcrumb","itemListElement":[{"@type":"ListItem","position":1,"name":"Home","item":"https:\/\/www.erresse-shop.it\/de\/"},{"@type":"ListItem","position":2,"name":"Shop","item":"https:\/\/www.erresse-shop.it\/de\/shop\/"},{"@type":"ListItem","position":3,"name":"JURA Kaffeemaschine S8 Moonlight Silber"}]},{"@type":"WebSite","@id":"https:\/\/www.erresse-shop.it\/de\/#website","url":"https:\/\/www.erresse-shop.it\/de\/","name":"Erresse Shop","description":"Articoli di qualit\u00e0 per la casa","potentialAction":[{"@type":"SearchAction","target":{"@type":"EntryPoint","urlTemplate":"https:\/\/www.erresse-shop.it\/de\/?s={search_term_string}"},"query-input":"required name=search_term_string"}],"inLanguage":"de-DE"}]}},"df_price":1394.1000000000001,"df_sale_price":1394.1000000000001,"df_regular_price":1549,"df_image_link":"https:\/\/www.erresse-shop.it\/wp-content\/uploads\/2022\/12\/JURA-Macchina-da-caffe-S8-300x300.jpg","_links":{"self":[{"href":"https:\/\/www.erresse-shop.it\/de\/wp-json\/wp\/v2\/product\/225333"}],"collection":[{"href":"https:\/\/www.erresse-shop.it\/de\/wp-json\/wp\/v2\/product"}],"about":[{"href":"https:\/\/www.erresse-shop.it\/de\/wp-json\/wp\/v2\/types\/product"}],"wp:featuredmedia":[{"embeddable":true,"href":"https:\/\/www.erresse-shop.it\/de\/wp-json\/wp\/v2\/media\/225685"}],"wp:attachment":[{"href":"https:\/\/www.erresse-shop.it\/de\/wp-json\/wp\/v2\/media?parent=225333"}],"wp:term":[{"taxonomy":"product_cat","embeddable":true,"href":"https:\/\/www.erresse-shop.it\/de\/wp-json\/wp\/v2\/product_cat?post=225333"},{"taxonomy":"product_tag","embeddable":true,"href":"https:\/\/www.erresse-shop.it\/de\/wp-json\/wp\/v2\/product_tag?post=225333"}],"curies":[{"name":"wp","href":"https:\/\/api.w.org\/{rel}","templated":true}]}}