{"id":225131,"date":"2022-12-27T14:44:16","date_gmt":"2022-12-27T14:44:16","guid":{"rendered":"https:\/\/www.erresse-shop.it\/?post_type=product&#038;p=225131"},"modified":"2025-06-05T07:00:38","modified_gmt":"2025-06-05T07:00:38","slug":"jura-kaffeevollautomat-z10-aluminium-einschlieslich-10-kg-kaffee","status":"publish","type":"product","link":"https:\/\/www.erresse-shop.it\/de\/shop\/kleine-elektrogeraete\/kaffeemaschinen-espresso\/automatisch\/jura-kaffeevollautomat-z10-aluminium-einschlieslich-10-kg-kaffee\/","title":{"rendered":"JURA Kaffeevollautomat Z10 Aluminium"},"content":{"rendered":"<p><strong>Die revolution\u00e4re Z10 mit P.R.G. f\u00fcr hei\u00dfe und kalt gebr\u00fchte Kaffeespezialit\u00e4ten<\/strong><\/p>\n<p>Die neue Z10, ein Meisterwerk der Schweizer Ingenieurskunst, verdoppelt die Vielfalt der Kaffeespezialit\u00e4ten.<br \/>\nAuf Knopfdruck bereitet er die gesamte Palette an Hei\u00dfgetr\u00e4nken zu, vom intensiven Espresso bis zum trendigen Flat White,<br \/>\nMit den Cold Brew-Spezialit\u00e4ten er\u00f6ffnet er eine neue Dimension des Kaffeegenusses und erm\u00f6glicht den Zugang zu einem ganzen Paralleluniversum.<br \/>\nErm\u00f6glicht wird dies durch das Product Recognising Grinder (P.R.G.), das die gew\u00e4hlte Spezialit\u00e4t erkennt und die Mahlfeinheit innerhalb weniger Augenblicke exakt einstellt.<\/p>\n<p>JURA hat auch das originelle Kaltextraktionsverfahren entwickelt, eine ausserordentlich erfrischende Innovation.<br \/>\nKaltes Hochdruckwasser wird in intermittierenden Strahlen langsam durch das frisch gemahlene Kaffeepulver geleitet.<br \/>\nDas Ergebnis ist eine v\u00f6llig neue Art des Kaffeegenusses: erfrischende, belebende Kaffeespezialit\u00e4ten mit einem herrlich ausgewogenen Aroma.<\/p>\n<p>Dieser einzigartige Kaffeespezialit\u00e4ten-Vollautomat aus dem Premium-Segment ist mit einem 4,3&#8243;-Display mit Touchscreen-Technologie ausgestattet,<br \/>\nmit doppelt so schneller Ber\u00fchrungsgeschwindigkeit und Blue Crystal Rotary Switch.<br \/>\nDas Spezialit\u00e4tenauswahlmen\u00fc und die k\u00fcnstliche Intelligenz machen die Bedienung besonders einfach und intuitiv. Der Quantensprung in der Technologie spiegelt sich in der skulpturalen Gestaltung wider.<br \/>\nDie konvex-konkave Frontplatte ist ein sichtbarer Beweis f\u00fcr die Liebe zum Detail und die absolute Pr\u00e4zisionskonstruktion.<br \/>\nDie herausragende Qualit\u00e4t macht das Z10 auch in Sachen \u00c4sthetik zu einem echten Ausdruck guten Geschmacks.<\/p>\n<p><strong>Spezifikationen:<\/strong><\/p>\n<ul>\n<li>Anzahl der Kaffeespezialit\u00e4ten: 32<\/li>\n<li>Kaltextraktionsverfahren<\/li>\n<li>Intelligentes Vorheizen<\/li>\n<li>3D-Brautechnik<\/li>\n<li>Automatische Mahlwerkseinstellung<\/li>\n<li>Aktive Kontrolle der Kaffeebohnen<\/li>\n<li>Automatische Milch-\/Schaumumschaltung<\/li>\n<li>Anzeige des Wartungsstatus<\/li>\n<li>Wi-Fi-Verbindung<\/li>\n<li>4,3&#8243;-Farb-Touchscreen-Display<\/li>\n<li>Mehrere Produktanpassungen<\/li>\n<li>Programmierbare Kaffeeintensit\u00e4t<\/li>\n<li>Programmierbare Milch-\/Schaummenge<\/li>\n<li>Programmierbare Milch-\/Schaumtemperatur<\/li>\n<li>Programmierbare Warmwassertemperatur<\/li>\n<li>Energiesparmodus<\/li>\n<li>Programmierbare Abschaltzeit<\/li>\n<li>One-Touch-Systemsteuerung<\/li>\n<li>Integriertes Sp\u00fcl-, Reinigungs- und Entkalkungsprogramm<\/li>\n<li>Aluminium-Frontplatte<\/li>\n<li>Beleuchtung der Tasse<\/li>\n<li>Beleuchtung des Wassertanks<\/li>\n<li>Fassungsverm\u00f6gen des Wassertanks 2.4 Lt<\/li>\n<li>Fassungsverm\u00f6gen des Kaffeebohnenbeh\u00e4lters: 280 g<\/li>\n<li>Kaffeesatzbeh\u00e4lter: 20<\/li>\n<li>Energieeffizienzklasse: A<\/li>\n<li>Verbrauch im Bereitschaftszustand: 0 W<\/li>\n<li>Produkt Made in Switzerland<\/li>\n<\/ul>\n<div class=\"su-youtube su-u-responsive-media-yes\"><iframe loading=\"lazy\" width=\"200\" height=\"200\" src=\"https:\/\/www.youtube.com\/embed\/nfKHc-Zb7VM?\" frameborder=\"0\" allowfullscreen allow=\"autoplay; encrypted-media; picture-in-picture\" title=\"\"><\/iframe><\/div>\n","protected":false},"excerpt":{"rendered":"<p>Die revolution\u00e4re Z10 mit P.R.G. f\u00fcr hei\u00dfe und kalt gebr\u00fchte Kaffeespezialit\u00e4ten Die neue Z10, ein Meisterwerk der Schweizer Ingenieurskunst, verdoppelt<\/p>\n","protected":false},"featured_media":225643,"template":"","meta":{"_acf_changed":false,"inline_featured_image":false},"product_cat":[6733,6703,25361],"product_tag":[23569,23564,20766,13966,21741],"acf":[],"yoast_head":"<!-- This site is optimized with the Yoast SEO Premium plugin v18.6 (Yoast SEO v19.13) - https:\/\/yoast.com\/wordpress\/plugins\/seo\/ -->\n<title>JURA Kaffeevollautomat Z10 Aluminium - einschlie\u00dflich 10 kg Kaffee<\/title>\n<meta name=\"description\" content=\"Entdecken Sie JURA Kaffeevollautomat Z10 Aluminium - einschlie\u00dflich 10 kg Kaffee bei ErresseShop. Qualit\u00e4t, Stil und Funktionalit\u00e4t \u2013 jetzt online bestellen!\" \/>\n<meta name=\"robots\" content=\"index, follow, max-snippet:-1, max-image-preview:large, max-video-preview:-1\" \/>\n<link rel=\"canonical\" href=\"https:\/\/www.erresse-shop.it\/de\/shop\/kleine-elektrogeraete\/kaffeemaschinen-espresso\/automatisch\/jura-kaffeevollautomat-z10-aluminium-einschlieslich-10-kg-kaffee\/\" \/>\n<meta property=\"og:locale\" content=\"de_DE\" \/>\n<meta property=\"og:type\" content=\"article\" \/>\n<meta property=\"og:title\" content=\"JURA Kaffeevollautomat Z10 Aluminium\" \/>\n<meta property=\"og:description\" content=\"Entdecken Sie JURA Kaffeevollautomat Z10 Aluminium - einschlie\u00dflich 10 kg Kaffee bei ErresseShop. Qualit\u00e4t, Stil und Funktionalit\u00e4t \u2013 jetzt online bestellen!\" \/>\n<meta property=\"og:url\" content=\"https:\/\/www.erresse-shop.it\/de\/shop\/kleine-elektrogeraete\/kaffeemaschinen-espresso\/automatisch\/jura-kaffeevollautomat-z10-aluminium-einschlieslich-10-kg-kaffee\/\" \/>\n<meta property=\"og:site_name\" content=\"Erresse Shop\" \/>\n<meta property=\"article:modified_time\" content=\"2025-06-05T07:00:38+00:00\" \/>\n<meta property=\"og:image\" content=\"https:\/\/www.erresse-shop.it\/wp-content\/uploads\/2022\/12\/JURA-Macchina-da-caffe-Z10.jpg\" \/>\n\t<meta property=\"og:image:width\" content=\"800\" \/>\n\t<meta property=\"og:image:height\" content=\"800\" \/>\n\t<meta property=\"og:image:type\" content=\"image\/jpeg\" \/>\n<meta name=\"twitter:card\" content=\"summary_large_image\" \/>\n<script type=\"application\/ld+json\" class=\"yoast-schema-graph\">{\"@context\":\"https:\/\/schema.org\",\"@graph\":[{\"@type\":\"WebPage\",\"@id\":\"https:\/\/www.erresse-shop.it\/de\/shop\/kleine-elektrogeraete\/kaffeemaschinen-espresso\/automatisch\/jura-kaffeevollautomat-z10-aluminium-einschlieslich-10-kg-kaffee\/\",\"url\":\"https:\/\/www.erresse-shop.it\/de\/shop\/kleine-elektrogeraete\/kaffeemaschinen-espresso\/automatisch\/jura-kaffeevollautomat-z10-aluminium-einschlieslich-10-kg-kaffee\/\",\"name\":\"JURA Kaffeevollautomat Z10 Aluminium - einschlie\u00dflich 10 kg Kaffee\",\"isPartOf\":{\"@id\":\"https:\/\/www.erresse-shop.it\/de\/#website\"},\"datePublished\":\"2022-12-27T14:44:16+00:00\",\"dateModified\":\"2025-06-05T07:00:38+00:00\",\"description\":\"Entdecken Sie JURA Kaffeevollautomat Z10 Aluminium - einschlie\u00dflich 10 kg Kaffee bei ErresseShop. Qualit\u00e4t, Stil und Funktionalit\u00e4t \u2013 jetzt online bestellen!\",\"breadcrumb\":{\"@id\":\"https:\/\/www.erresse-shop.it\/de\/shop\/kleine-elektrogeraete\/kaffeemaschinen-espresso\/automatisch\/jura-kaffeevollautomat-z10-aluminium-einschlieslich-10-kg-kaffee\/#breadcrumb\"},\"inLanguage\":\"de-DE\",\"potentialAction\":[{\"@type\":\"ReadAction\",\"target\":[\"https:\/\/www.erresse-shop.it\/de\/shop\/kleine-elektrogeraete\/kaffeemaschinen-espresso\/automatisch\/jura-kaffeevollautomat-z10-aluminium-einschlieslich-10-kg-kaffee\/\"]}]},{\"@type\":\"BreadcrumbList\",\"@id\":\"https:\/\/www.erresse-shop.it\/de\/shop\/kleine-elektrogeraete\/kaffeemaschinen-espresso\/automatisch\/jura-kaffeevollautomat-z10-aluminium-einschlieslich-10-kg-kaffee\/#breadcrumb\",\"itemListElement\":[{\"@type\":\"ListItem\",\"position\":1,\"name\":\"Home\",\"item\":\"https:\/\/www.erresse-shop.it\/de\/\"},{\"@type\":\"ListItem\",\"position\":2,\"name\":\"Shop\",\"item\":\"https:\/\/www.erresse-shop.it\/de\/shop\/\"},{\"@type\":\"ListItem\",\"position\":3,\"name\":\"JURA Kaffeevollautomat Z10 Aluminium\"}]},{\"@type\":\"WebSite\",\"@id\":\"https:\/\/www.erresse-shop.it\/de\/#website\",\"url\":\"https:\/\/www.erresse-shop.it\/de\/\",\"name\":\"Erresse Shop\",\"description\":\"Articoli di qualit\u00e0 per la casa\",\"potentialAction\":[{\"@type\":\"SearchAction\",\"target\":{\"@type\":\"EntryPoint\",\"urlTemplate\":\"https:\/\/www.erresse-shop.it\/de\/?s={search_term_string}\"},\"query-input\":\"required name=search_term_string\"}],\"inLanguage\":\"de-DE\"}]}<\/script>\n<!-- \/ Yoast SEO Premium plugin. -->","yoast_head_json":{"title":"JURA Kaffeevollautomat Z10 Aluminium - einschlie\u00dflich 10 kg Kaffee","description":"Entdecken Sie JURA Kaffeevollautomat Z10 Aluminium - einschlie\u00dflich 10 kg Kaffee bei ErresseShop. Qualit\u00e4t, Stil und Funktionalit\u00e4t \u2013 jetzt online bestellen!","robots":{"index":"index","follow":"follow","max-snippet":"max-snippet:-1","max-image-preview":"max-image-preview:large","max-video-preview":"max-video-preview:-1"},"canonical":"https:\/\/www.erresse-shop.it\/de\/shop\/kleine-elektrogeraete\/kaffeemaschinen-espresso\/automatisch\/jura-kaffeevollautomat-z10-aluminium-einschlieslich-10-kg-kaffee\/","og_locale":"de_DE","og_type":"article","og_title":"JURA Kaffeevollautomat Z10 Aluminium","og_description":"Entdecken Sie JURA Kaffeevollautomat Z10 Aluminium - einschlie\u00dflich 10 kg Kaffee bei ErresseShop. Qualit\u00e4t, Stil und Funktionalit\u00e4t \u2013 jetzt online bestellen!","og_url":"https:\/\/www.erresse-shop.it\/de\/shop\/kleine-elektrogeraete\/kaffeemaschinen-espresso\/automatisch\/jura-kaffeevollautomat-z10-aluminium-einschlieslich-10-kg-kaffee\/","og_site_name":"Erresse Shop","article_modified_time":"2025-06-05T07:00:38+00:00","og_image":[{"width":800,"height":800,"url":"https:\/\/www.erresse-shop.it\/wp-content\/uploads\/2022\/12\/JURA-Macchina-da-caffe-Z10.jpg","type":"image\/jpeg"}],"twitter_card":"summary_large_image","schema":{"@context":"https:\/\/schema.org","@graph":[{"@type":"WebPage","@id":"https:\/\/www.erresse-shop.it\/de\/shop\/kleine-elektrogeraete\/kaffeemaschinen-espresso\/automatisch\/jura-kaffeevollautomat-z10-aluminium-einschlieslich-10-kg-kaffee\/","url":"https:\/\/www.erresse-shop.it\/de\/shop\/kleine-elektrogeraete\/kaffeemaschinen-espresso\/automatisch\/jura-kaffeevollautomat-z10-aluminium-einschlieslich-10-kg-kaffee\/","name":"JURA Kaffeevollautomat Z10 Aluminium - einschlie\u00dflich 10 kg Kaffee","isPartOf":{"@id":"https:\/\/www.erresse-shop.it\/de\/#website"},"datePublished":"2022-12-27T14:44:16+00:00","dateModified":"2025-06-05T07:00:38+00:00","description":"Entdecken Sie JURA Kaffeevollautomat Z10 Aluminium - einschlie\u00dflich 10 kg Kaffee bei ErresseShop. Qualit\u00e4t, Stil und Funktionalit\u00e4t \u2013 jetzt online bestellen!","breadcrumb":{"@id":"https:\/\/www.erresse-shop.it\/de\/shop\/kleine-elektrogeraete\/kaffeemaschinen-espresso\/automatisch\/jura-kaffeevollautomat-z10-aluminium-einschlieslich-10-kg-kaffee\/#breadcrumb"},"inLanguage":"de-DE","potentialAction":[{"@type":"ReadAction","target":["https:\/\/www.erresse-shop.it\/de\/shop\/kleine-elektrogeraete\/kaffeemaschinen-espresso\/automatisch\/jura-kaffeevollautomat-z10-aluminium-einschlieslich-10-kg-kaffee\/"]}]},{"@type":"BreadcrumbList","@id":"https:\/\/www.erresse-shop.it\/de\/shop\/kleine-elektrogeraete\/kaffeemaschinen-espresso\/automatisch\/jura-kaffeevollautomat-z10-aluminium-einschlieslich-10-kg-kaffee\/#breadcrumb","itemListElement":[{"@type":"ListItem","position":1,"name":"Home","item":"https:\/\/www.erresse-shop.it\/de\/"},{"@type":"ListItem","position":2,"name":"Shop","item":"https:\/\/www.erresse-shop.it\/de\/shop\/"},{"@type":"ListItem","position":3,"name":"JURA Kaffeevollautomat Z10 Aluminium"}]},{"@type":"WebSite","@id":"https:\/\/www.erresse-shop.it\/de\/#website","url":"https:\/\/www.erresse-shop.it\/de\/","name":"Erresse Shop","description":"Articoli di qualit\u00e0 per la casa","potentialAction":[{"@type":"SearchAction","target":{"@type":"EntryPoint","urlTemplate":"https:\/\/www.erresse-shop.it\/de\/?s={search_term_string}"},"query-input":"required name=search_term_string"}],"inLanguage":"de-DE"}]}},"df_price":2294.1,"df_sale_price":2294.1,"df_regular_price":2549,"df_image_link":"https:\/\/www.erresse-shop.it\/wp-content\/uploads\/2022\/12\/JURA-Macchina-da-caffe-Z10-300x300.jpg","_links":{"self":[{"href":"https:\/\/www.erresse-shop.it\/de\/wp-json\/wp\/v2\/product\/225131"}],"collection":[{"href":"https:\/\/www.erresse-shop.it\/de\/wp-json\/wp\/v2\/product"}],"about":[{"href":"https:\/\/www.erresse-shop.it\/de\/wp-json\/wp\/v2\/types\/product"}],"wp:featuredmedia":[{"embeddable":true,"href":"https:\/\/www.erresse-shop.it\/de\/wp-json\/wp\/v2\/media\/225643"}],"wp:attachment":[{"href":"https:\/\/www.erresse-shop.it\/de\/wp-json\/wp\/v2\/media?parent=225131"}],"wp:term":[{"taxonomy":"product_cat","embeddable":true,"href":"https:\/\/www.erresse-shop.it\/de\/wp-json\/wp\/v2\/product_cat?post=225131"},{"taxonomy":"product_tag","embeddable":true,"href":"https:\/\/www.erresse-shop.it\/de\/wp-json\/wp\/v2\/product_tag?post=225131"}],"curies":[{"name":"wp","href":"https:\/\/api.w.org\/{rel}","templated":true}]}}