{"id":22348,"date":"2017-05-15T12:45:54","date_gmt":"2017-05-15T12:45:54","guid":{"rendered":"https:\/\/www.erresse-shop.it\/?post_type=product&#038;p=22348"},"modified":"2023-08-08T08:07:23","modified_gmt":"2023-08-08T08:07:23","slug":"seletti-monkey-lamp-sit-14882","status":"publish","type":"product","link":"https:\/\/www.erresse-shop.it\/de\/shop\/einrichtung-haus\/lampen\/seletti-monkey-lamp-sit-14882\/","title":{"rendered":"SELETTI Monkey Lamp Sit"},"content":{"rendered":"<div>\n<p><b>MONKEY LAMP :\u00a0<\/b>Lampen entworfen von Marcantonio Raimondi Malerba zu Seletti: Harz Affen in verschiedenen Positionen (stehend, sitzend, h\u00e4ngen, h\u00e4ngend an einem Seil), die so lustig und nett leuchten Ihre R\u00e4ume.<br \/>\nDas Kabel ist 4,5 Meter lang und erm\u00f6glicht es Ihnen, Ihren Affen zu positionieren, wie Sie m\u00f6chten.<br \/>\nDiese urspr\u00fcnglichen Lampen und mit raffinierten Design verzieren Ihren Raum mit W\u00e4rme und Humor.<br \/>\nLED-Lampe ist E14 &#8211; 4W &#8211; 350 Lumen.<\/p>\n<\/div>\n","protected":false},"excerpt":{"rendered":"<p>MONKEY LAMP :\u00a0Lampen entworfen von Marcantonio Raimondi Malerba zu Seletti: Harz Affen in verschiedenen Positionen (stehend, sitzend, h\u00e4ngen, h\u00e4ngend an<\/p>\n","protected":false},"featured_media":22349,"template":"","meta":{"_acf_changed":false,"inline_featured_image":false},"product_cat":[6817,6862],"product_tag":[13025,13327,13328,13164,13329,25022],"acf":[],"yoast_head":"<!-- This site is optimized with the Yoast SEO Premium plugin v18.6 (Yoast SEO v19.13) - https:\/\/yoast.com\/wordpress\/plugins\/seo\/ -->\n<title>SELETTI Monkey Lamp Sit - Erresse Shop<\/title>\n<meta name=\"description\" content=\"MONKEY LAMP :\u00a0Lampen entworfen von Marcantonio Raimondi Malerba zu Seletti: Harz Affen in verschiedenen Positionen (stehend, sitzend, h\u00e4ngen, h\u00e4ngend an\" \/>\n<meta name=\"robots\" content=\"index, follow, max-snippet:-1, max-image-preview:large, max-video-preview:-1\" \/>\n<link rel=\"canonical\" href=\"https:\/\/www.erresse-shop.it\/de\/shop\/einrichtung-haus\/lampen\/seletti-monkey-lamp-sit-14882\/\" \/>\n<meta property=\"og:locale\" content=\"de_DE\" \/>\n<meta property=\"og:type\" content=\"article\" \/>\n<meta property=\"og:title\" content=\"SELETTI Monkey Lamp Sit\" \/>\n<meta property=\"og:description\" content=\"MONKEY LAMP :\u00a0Lampen entworfen von Marcantonio Raimondi Malerba zu Seletti: Harz Affen in verschiedenen Positionen (stehend, sitzend, h\u00e4ngen, h\u00e4ngend an\" \/>\n<meta property=\"og:url\" content=\"https:\/\/www.erresse-shop.it\/de\/shop\/einrichtung-haus\/lampen\/seletti-monkey-lamp-sit-14882\/\" \/>\n<meta property=\"og:site_name\" content=\"Erresse Shop\" \/>\n<meta property=\"article:modified_time\" content=\"2023-08-08T08:07:23+00:00\" \/>\n<meta property=\"og:image\" content=\"https:\/\/www.erresse-shop.it\/wp-content\/uploads\/2016\/02\/products-sitting-700x700-2.jpg\" \/>\n\t<meta property=\"og:image:width\" content=\"700\" \/>\n\t<meta property=\"og:image:height\" content=\"700\" \/>\n\t<meta property=\"og:image:type\" content=\"image\/jpeg\" \/>\n<meta name=\"twitter:card\" content=\"summary_large_image\" \/>\n<script type=\"application\/ld+json\" class=\"yoast-schema-graph\">{\"@context\":\"https:\/\/schema.org\",\"@graph\":[{\"@type\":\"WebPage\",\"@id\":\"https:\/\/www.erresse-shop.it\/de\/shop\/einrichtung-haus\/lampen\/seletti-monkey-lamp-sit-14882\/\",\"url\":\"https:\/\/www.erresse-shop.it\/de\/shop\/einrichtung-haus\/lampen\/seletti-monkey-lamp-sit-14882\/\",\"name\":\"SELETTI Monkey Lamp Sit - Erresse Shop\",\"isPartOf\":{\"@id\":\"https:\/\/www.erresse-shop.it\/de\/#website\"},\"datePublished\":\"2017-05-15T12:45:54+00:00\",\"dateModified\":\"2023-08-08T08:07:23+00:00\",\"description\":\"MONKEY LAMP :\u00a0Lampen entworfen von Marcantonio Raimondi Malerba zu Seletti: Harz Affen in verschiedenen Positionen (stehend, sitzend, h\u00e4ngen, h\u00e4ngend an\",\"breadcrumb\":{\"@id\":\"https:\/\/www.erresse-shop.it\/de\/shop\/einrichtung-haus\/lampen\/seletti-monkey-lamp-sit-14882\/#breadcrumb\"},\"inLanguage\":\"de-DE\",\"potentialAction\":[{\"@type\":\"ReadAction\",\"target\":[\"https:\/\/www.erresse-shop.it\/de\/shop\/einrichtung-haus\/lampen\/seletti-monkey-lamp-sit-14882\/\"]}]},{\"@type\":\"BreadcrumbList\",\"@id\":\"https:\/\/www.erresse-shop.it\/de\/shop\/einrichtung-haus\/lampen\/seletti-monkey-lamp-sit-14882\/#breadcrumb\",\"itemListElement\":[{\"@type\":\"ListItem\",\"position\":1,\"name\":\"Home\",\"item\":\"https:\/\/www.erresse-shop.it\/de\/\"},{\"@type\":\"ListItem\",\"position\":2,\"name\":\"Shop\",\"item\":\"https:\/\/www.erresse-shop.it\/de\/shop\/\"},{\"@type\":\"ListItem\",\"position\":3,\"name\":\"SELETTI Monkey Lamp Sit\"}]},{\"@type\":\"WebSite\",\"@id\":\"https:\/\/www.erresse-shop.it\/de\/#website\",\"url\":\"https:\/\/www.erresse-shop.it\/de\/\",\"name\":\"Erresse Shop\",\"description\":\"Articoli di qualit\u00e0 per la casa\",\"potentialAction\":[{\"@type\":\"SearchAction\",\"target\":{\"@type\":\"EntryPoint\",\"urlTemplate\":\"https:\/\/www.erresse-shop.it\/de\/?s={search_term_string}\"},\"query-input\":\"required name=search_term_string\"}],\"inLanguage\":\"de-DE\"}]}<\/script>\n<!-- \/ Yoast SEO Premium plugin. -->","yoast_head_json":{"title":"SELETTI Monkey Lamp Sit - Erresse Shop","description":"MONKEY LAMP :\u00a0Lampen entworfen von Marcantonio Raimondi Malerba zu Seletti: Harz Affen in verschiedenen Positionen (stehend, sitzend, h\u00e4ngen, h\u00e4ngend an","robots":{"index":"index","follow":"follow","max-snippet":"max-snippet:-1","max-image-preview":"max-image-preview:large","max-video-preview":"max-video-preview:-1"},"canonical":"https:\/\/www.erresse-shop.it\/de\/shop\/einrichtung-haus\/lampen\/seletti-monkey-lamp-sit-14882\/","og_locale":"de_DE","og_type":"article","og_title":"SELETTI Monkey Lamp Sit","og_description":"MONKEY LAMP :\u00a0Lampen entworfen von Marcantonio Raimondi Malerba zu Seletti: Harz Affen in verschiedenen Positionen (stehend, sitzend, h\u00e4ngen, h\u00e4ngend an","og_url":"https:\/\/www.erresse-shop.it\/de\/shop\/einrichtung-haus\/lampen\/seletti-monkey-lamp-sit-14882\/","og_site_name":"Erresse Shop","article_modified_time":"2023-08-08T08:07:23+00:00","og_image":[{"width":"700","height":"700","url":"https:\/\/www.erresse-shop.it\/wp-content\/uploads\/2016\/02\/products-sitting-700x700-2.jpg","type":"image\/jpeg"}],"twitter_card":"summary_large_image","schema":{"@context":"https:\/\/schema.org","@graph":[{"@type":"WebPage","@id":"https:\/\/www.erresse-shop.it\/de\/shop\/einrichtung-haus\/lampen\/seletti-monkey-lamp-sit-14882\/","url":"https:\/\/www.erresse-shop.it\/de\/shop\/einrichtung-haus\/lampen\/seletti-monkey-lamp-sit-14882\/","name":"SELETTI Monkey Lamp Sit - Erresse Shop","isPartOf":{"@id":"https:\/\/www.erresse-shop.it\/de\/#website"},"datePublished":"2017-05-15T12:45:54+00:00","dateModified":"2023-08-08T08:07:23+00:00","description":"MONKEY LAMP :\u00a0Lampen entworfen von Marcantonio Raimondi Malerba zu Seletti: Harz Affen in verschiedenen Positionen (stehend, sitzend, h\u00e4ngen, h\u00e4ngend an","breadcrumb":{"@id":"https:\/\/www.erresse-shop.it\/de\/shop\/einrichtung-haus\/lampen\/seletti-monkey-lamp-sit-14882\/#breadcrumb"},"inLanguage":"de-DE","potentialAction":[{"@type":"ReadAction","target":["https:\/\/www.erresse-shop.it\/de\/shop\/einrichtung-haus\/lampen\/seletti-monkey-lamp-sit-14882\/"]}]},{"@type":"BreadcrumbList","@id":"https:\/\/www.erresse-shop.it\/de\/shop\/einrichtung-haus\/lampen\/seletti-monkey-lamp-sit-14882\/#breadcrumb","itemListElement":[{"@type":"ListItem","position":1,"name":"Home","item":"https:\/\/www.erresse-shop.it\/de\/"},{"@type":"ListItem","position":2,"name":"Shop","item":"https:\/\/www.erresse-shop.it\/de\/shop\/"},{"@type":"ListItem","position":3,"name":"SELETTI Monkey Lamp Sit"}]},{"@type":"WebSite","@id":"https:\/\/www.erresse-shop.it\/de\/#website","url":"https:\/\/www.erresse-shop.it\/de\/","name":"Erresse Shop","description":"Articoli di qualit\u00e0 per la casa","potentialAction":[{"@type":"SearchAction","target":{"@type":"EntryPoint","urlTemplate":"https:\/\/www.erresse-shop.it\/de\/?s={search_term_string}"},"query-input":"required name=search_term_string"}],"inLanguage":"de-DE"}]}},"df_price":114.3,"df_sale_price":114.3,"df_regular_price":254,"df_image_link":"https:\/\/www.erresse-shop.it\/wp-content\/uploads\/2016\/02\/products-sitting-700x700-2.jpg","_links":{"self":[{"href":"https:\/\/www.erresse-shop.it\/de\/wp-json\/wp\/v2\/product\/22348"}],"collection":[{"href":"https:\/\/www.erresse-shop.it\/de\/wp-json\/wp\/v2\/product"}],"about":[{"href":"https:\/\/www.erresse-shop.it\/de\/wp-json\/wp\/v2\/types\/product"}],"wp:featuredmedia":[{"embeddable":true,"href":"https:\/\/www.erresse-shop.it\/de\/wp-json\/wp\/v2\/media\/22349"}],"wp:attachment":[{"href":"https:\/\/www.erresse-shop.it\/de\/wp-json\/wp\/v2\/media?parent=22348"}],"wp:term":[{"taxonomy":"product_cat","embeddable":true,"href":"https:\/\/www.erresse-shop.it\/de\/wp-json\/wp\/v2\/product_cat?post=22348"},{"taxonomy":"product_tag","embeddable":true,"href":"https:\/\/www.erresse-shop.it\/de\/wp-json\/wp\/v2\/product_tag?post=22348"}],"curies":[{"name":"wp","href":"https:\/\/api.w.org\/{rel}","templated":true}]}}