{"id":223423,"date":"2022-12-21T12:00:13","date_gmt":"2022-12-21T12:00:15","guid":{"rendered":"https:\/\/www.erresse-shop.it\/?post_type=product&#038;p=223423"},"modified":"2025-01-17T17:56:05","modified_gmt":"2025-01-17T17:56:05","slug":"venini-fantasmino-tischlampe-bernstein","status":"publish","type":"product","link":"https:\/\/www.erresse-shop.it\/de\/shop\/einrichtung-haus\/lampen\/venini-fantasmino-tischlampe-bernstein\/","title":{"rendered":"VENINI Fantasmino Tischlampe Bernstein"},"content":{"rendered":"<p><strong>EINHUNDERT JAHRE KUNST, SCH\u00d6NHEIT UND MADE IN ITALY<\/strong><\/p>\n<p>Die Silhouette erinnert an die ikonische Vase Fazzoletto von VENINI aus dem Jahr 1948, erh\u00e4lt aber durch ihre Tragbarkeit eine moderne Note. Erh\u00e4ltlich in den f\u00fcnf trendigen Farben Rosso, Arancio, Ambra, Acquamare und Lattimo, alle aus Opalglas, wird er zu einem lustigen und \u00fcberraschenden Blickfang im Haus.<\/p>\n<p>Diese Venini Art Light wird in der Arbeitstechnik Opalini hergestellt. Die Verarbeitungstechnik des Opalino-Glases besteht darin, dass dem &#8220;Lattimo&#8221;-Glas (eine bestimmte wei\u00dfe Farbe) w\u00e4hrend des Knetens tr\u00fcbende Substanzen zugesetzt werden, so dass es eine helle und gl\u00e4nzende Farbe annimmt.<\/p>\n<p>Dieses Werk ist Teil der Sammlung Architetture di Luce (Architekturen des Lichts), die Lampen und Kronleuchter umfasst, die sowohl im eingeschalteten als auch im ausgeschalteten Zustand Licht spenden. Als solche sind sie geeignet, jede Umgebung zu versch\u00f6nern, insbesondere das Innere einer modernen Wohnung oder eines B\u00fcros. Ein lustiger und farbenfroher Vorschlag, der dank der innovativen Beleuchtungsl\u00f6sung mit wiederaufladbaren Batterien transportiert werden kann.<\/p>\n<ul>\n<li>Modell: Fantasmino<\/li>\n<li>Sammlung: Architekturen des Lichts<\/li>\n<li>Abmessungen Struktur: \u00d8 cm 14 H cm 18<\/li>\n<\/ul>\n<p><strong>FANTASMINO<\/strong><br \/>\n<strong>Entwurf von Venini &#8211; 2022<\/strong><\/p>\n<div class=\"su-youtube su-u-responsive-media-yes\"><iframe loading=\"lazy\" width=\"200\" height=\"200\" src=\"https:\/\/www.youtube.com\/embed\/VaQdiOVv0rk?\" frameborder=\"0\" allowfullscreen allow=\"autoplay; encrypted-media; picture-in-picture\" title=\"\"><\/iframe><\/div>\n","protected":false},"excerpt":{"rendered":"<p>EINHUNDERT JAHRE KUNST, SCH\u00d6NHEIT UND MADE IN ITALY Die Silhouette erinnert an die ikonische Vase Fazzoletto von VENINI aus dem<\/p>\n","protected":false},"featured_media":232558,"template":"","meta":{"_acf_changed":false,"inline_featured_image":false},"product_cat":[6817,6862],"product_tag":[25182,17469,14411,21731,11949,24681,11718,17761,17470,25022],"acf":[],"yoast_head":"<!-- This site is optimized with the Yoast SEO Premium plugin v18.6 (Yoast SEO v19.13) - https:\/\/yoast.com\/wordpress\/plugins\/seo\/ -->\n<title>VENINI Fantasmino Tischlampe Bernstein<\/title>\n<meta name=\"description\" content=\"Entdecken Sie VENINI Fantasmino Tischlampe Bernstein bei ErresseShop. Qualit\u00e4t, Stil und Funktionalit\u00e4t \u2013 jetzt online bestellen!\" \/>\n<meta name=\"robots\" content=\"index, follow, max-snippet:-1, max-image-preview:large, max-video-preview:-1\" \/>\n<link rel=\"canonical\" href=\"https:\/\/www.erresse-shop.it\/de\/shop\/einrichtung-haus\/lampen\/venini-fantasmino-tischlampe-bernstein\/\" \/>\n<meta property=\"og:locale\" content=\"de_DE\" \/>\n<meta property=\"og:type\" content=\"article\" \/>\n<meta property=\"og:title\" content=\"VENINI Fantasmino Tischlampe Bernstein\" \/>\n<meta property=\"og:description\" content=\"Entdecken Sie VENINI Fantasmino Tischlampe Bernstein bei ErresseShop. Qualit\u00e4t, Stil und Funktionalit\u00e4t \u2013 jetzt online bestellen!\" \/>\n<meta property=\"og:url\" content=\"https:\/\/www.erresse-shop.it\/de\/shop\/einrichtung-haus\/lampen\/venini-fantasmino-tischlampe-bernstein\/\" \/>\n<meta property=\"og:site_name\" content=\"Erresse Shop\" \/>\n<meta property=\"article:modified_time\" content=\"2025-01-17T17:56:05+00:00\" \/>\n<meta property=\"og:image\" content=\"https:\/\/www.erresse-shop.it\/wp-content\/uploads\/2022\/12\/VENINI-Lampada-da-Tavolo-Fantasmino-Ambra.jpeg\" \/>\n\t<meta property=\"og:image:width\" content=\"800\" \/>\n\t<meta property=\"og:image:height\" content=\"800\" \/>\n\t<meta property=\"og:image:type\" content=\"image\/jpeg\" \/>\n<meta name=\"twitter:card\" content=\"summary_large_image\" \/>\n<script type=\"application\/ld+json\" class=\"yoast-schema-graph\">{\"@context\":\"https:\/\/schema.org\",\"@graph\":[{\"@type\":\"WebPage\",\"@id\":\"https:\/\/www.erresse-shop.it\/de\/shop\/einrichtung-haus\/lampen\/venini-fantasmino-tischlampe-bernstein\/\",\"url\":\"https:\/\/www.erresse-shop.it\/de\/shop\/einrichtung-haus\/lampen\/venini-fantasmino-tischlampe-bernstein\/\",\"name\":\"VENINI Fantasmino Tischlampe Bernstein\",\"isPartOf\":{\"@id\":\"https:\/\/www.erresse-shop.it\/de\/#website\"},\"datePublished\":\"2022-12-21T12:00:15+00:00\",\"dateModified\":\"2025-01-17T17:56:05+00:00\",\"description\":\"Entdecken Sie VENINI Fantasmino Tischlampe Bernstein bei ErresseShop. Qualit\u00e4t, Stil und Funktionalit\u00e4t \u2013 jetzt online bestellen!\",\"breadcrumb\":{\"@id\":\"https:\/\/www.erresse-shop.it\/de\/shop\/einrichtung-haus\/lampen\/venini-fantasmino-tischlampe-bernstein\/#breadcrumb\"},\"inLanguage\":\"de-DE\",\"potentialAction\":[{\"@type\":\"ReadAction\",\"target\":[\"https:\/\/www.erresse-shop.it\/de\/shop\/einrichtung-haus\/lampen\/venini-fantasmino-tischlampe-bernstein\/\"]}]},{\"@type\":\"BreadcrumbList\",\"@id\":\"https:\/\/www.erresse-shop.it\/de\/shop\/einrichtung-haus\/lampen\/venini-fantasmino-tischlampe-bernstein\/#breadcrumb\",\"itemListElement\":[{\"@type\":\"ListItem\",\"position\":1,\"name\":\"Home\",\"item\":\"https:\/\/www.erresse-shop.it\/de\/\"},{\"@type\":\"ListItem\",\"position\":2,\"name\":\"Shop\",\"item\":\"https:\/\/www.erresse-shop.it\/de\/shop\/\"},{\"@type\":\"ListItem\",\"position\":3,\"name\":\"VENINI Fantasmino Tischlampe Bernstein\"}]},{\"@type\":\"WebSite\",\"@id\":\"https:\/\/www.erresse-shop.it\/de\/#website\",\"url\":\"https:\/\/www.erresse-shop.it\/de\/\",\"name\":\"Erresse Shop\",\"description\":\"Articoli di qualit\u00e0 per la casa\",\"potentialAction\":[{\"@type\":\"SearchAction\",\"target\":{\"@type\":\"EntryPoint\",\"urlTemplate\":\"https:\/\/www.erresse-shop.it\/de\/?s={search_term_string}\"},\"query-input\":\"required name=search_term_string\"}],\"inLanguage\":\"de-DE\"}]}<\/script>\n<!-- \/ Yoast SEO Premium plugin. -->","yoast_head_json":{"title":"VENINI Fantasmino Tischlampe Bernstein","description":"Entdecken Sie VENINI Fantasmino Tischlampe Bernstein bei ErresseShop. Qualit\u00e4t, Stil und Funktionalit\u00e4t \u2013 jetzt online bestellen!","robots":{"index":"index","follow":"follow","max-snippet":"max-snippet:-1","max-image-preview":"max-image-preview:large","max-video-preview":"max-video-preview:-1"},"canonical":"https:\/\/www.erresse-shop.it\/de\/shop\/einrichtung-haus\/lampen\/venini-fantasmino-tischlampe-bernstein\/","og_locale":"de_DE","og_type":"article","og_title":"VENINI Fantasmino Tischlampe Bernstein","og_description":"Entdecken Sie VENINI Fantasmino Tischlampe Bernstein bei ErresseShop. Qualit\u00e4t, Stil und Funktionalit\u00e4t \u2013 jetzt online bestellen!","og_url":"https:\/\/www.erresse-shop.it\/de\/shop\/einrichtung-haus\/lampen\/venini-fantasmino-tischlampe-bernstein\/","og_site_name":"Erresse Shop","article_modified_time":"2025-01-17T17:56:05+00:00","og_image":[{"width":800,"height":800,"url":"https:\/\/www.erresse-shop.it\/wp-content\/uploads\/2022\/12\/VENINI-Lampada-da-Tavolo-Fantasmino-Ambra.jpeg","type":"image\/jpeg"}],"twitter_card":"summary_large_image","schema":{"@context":"https:\/\/schema.org","@graph":[{"@type":"WebPage","@id":"https:\/\/www.erresse-shop.it\/de\/shop\/einrichtung-haus\/lampen\/venini-fantasmino-tischlampe-bernstein\/","url":"https:\/\/www.erresse-shop.it\/de\/shop\/einrichtung-haus\/lampen\/venini-fantasmino-tischlampe-bernstein\/","name":"VENINI Fantasmino Tischlampe Bernstein","isPartOf":{"@id":"https:\/\/www.erresse-shop.it\/de\/#website"},"datePublished":"2022-12-21T12:00:15+00:00","dateModified":"2025-01-17T17:56:05+00:00","description":"Entdecken Sie VENINI Fantasmino Tischlampe Bernstein bei ErresseShop. Qualit\u00e4t, Stil und Funktionalit\u00e4t \u2013 jetzt online bestellen!","breadcrumb":{"@id":"https:\/\/www.erresse-shop.it\/de\/shop\/einrichtung-haus\/lampen\/venini-fantasmino-tischlampe-bernstein\/#breadcrumb"},"inLanguage":"de-DE","potentialAction":[{"@type":"ReadAction","target":["https:\/\/www.erresse-shop.it\/de\/shop\/einrichtung-haus\/lampen\/venini-fantasmino-tischlampe-bernstein\/"]}]},{"@type":"BreadcrumbList","@id":"https:\/\/www.erresse-shop.it\/de\/shop\/einrichtung-haus\/lampen\/venini-fantasmino-tischlampe-bernstein\/#breadcrumb","itemListElement":[{"@type":"ListItem","position":1,"name":"Home","item":"https:\/\/www.erresse-shop.it\/de\/"},{"@type":"ListItem","position":2,"name":"Shop","item":"https:\/\/www.erresse-shop.it\/de\/shop\/"},{"@type":"ListItem","position":3,"name":"VENINI Fantasmino Tischlampe Bernstein"}]},{"@type":"WebSite","@id":"https:\/\/www.erresse-shop.it\/de\/#website","url":"https:\/\/www.erresse-shop.it\/de\/","name":"Erresse Shop","description":"Articoli di qualit\u00e0 per la casa","potentialAction":[{"@type":"SearchAction","target":{"@type":"EntryPoint","urlTemplate":"https:\/\/www.erresse-shop.it\/de\/?s={search_term_string}"},"query-input":"required name=search_term_string"}],"inLanguage":"de-DE"}]}},"df_price":306.8,"df_sale_price":306.8,"df_regular_price":590,"df_image_link":"https:\/\/www.erresse-shop.it\/wp-content\/uploads\/2022\/12\/VENINI-Lampada-da-Tavolo-Fantasmino-Ambra-300x300.jpeg","_links":{"self":[{"href":"https:\/\/www.erresse-shop.it\/de\/wp-json\/wp\/v2\/product\/223423"}],"collection":[{"href":"https:\/\/www.erresse-shop.it\/de\/wp-json\/wp\/v2\/product"}],"about":[{"href":"https:\/\/www.erresse-shop.it\/de\/wp-json\/wp\/v2\/types\/product"}],"wp:featuredmedia":[{"embeddable":true,"href":"https:\/\/www.erresse-shop.it\/de\/wp-json\/wp\/v2\/media\/232558"}],"wp:attachment":[{"href":"https:\/\/www.erresse-shop.it\/de\/wp-json\/wp\/v2\/media?parent=223423"}],"wp:term":[{"taxonomy":"product_cat","embeddable":true,"href":"https:\/\/www.erresse-shop.it\/de\/wp-json\/wp\/v2\/product_cat?post=223423"},{"taxonomy":"product_tag","embeddable":true,"href":"https:\/\/www.erresse-shop.it\/de\/wp-json\/wp\/v2\/product_tag?post=223423"}],"curies":[{"name":"wp","href":"https:\/\/api.w.org\/{rel}","templated":true}]}}