{"id":223146,"date":"2022-12-21T09:29:42","date_gmt":"2022-12-21T09:29:45","guid":{"rendered":"https:\/\/www.erresse-shop.it\/?post_type=product&#038;p=223146"},"modified":"2025-01-17T09:07:52","modified_gmt":"2025-01-17T09:07:52","slug":"le-creuset-ovale-risotto-pfanne-aus-gusseisen-27-cm-schwarz-matt","status":"publish","type":"product","link":"https:\/\/www.erresse-shop.it\/de\/shop\/toepfe-pfannen\/schmorpfannen\/le-creuset-ovale-risotto-pfanne-aus-gusseisen-27-cm-schwarz-matt\/","title":{"rendered":"LE CREUSET Ovale Risotto-Pfanne aus Gusseisen 27 cm Schwarz Matt"},"content":{"rendered":"<p><strong>ALLE AM TISCH!<\/strong><\/p>\n<p>Diese ovale Cocotte ist genauso vielseitig wie das klassische runde Modell und bietet Platz f\u00fcr eine ganze Lammkeule, ohne den gesamten Backofen auszuf\u00fcllen, so dass Sie auch noch Platz f\u00fcr Beilagen haben. Wohin auch immer Ihre kulinarische Phantasie Sie f\u00fchrt, Sie haben den idealen Begleiter f\u00fcr eine berauschende Reise der Geschm\u00e4cker und Aromen gefunden.<\/p>\n<p>Seit Generationen sch\u00e4tzen die Familien die klassische gusseiserne Cocotte, die die Hitze gleichm\u00e4\u00dfig verteilt. Gusseisen ist ein hervorragender W\u00e4rmeleiter und daher eines der besten Materialien f\u00fcr die Verwendung in der K\u00fcche. Au\u00dferdem haben Boden, W\u00e4nde und Deckel die gleiche Dicke, so dass eine gleichm\u00e4\u00dfige W\u00e4rmeaufnahme und -verteilung gew\u00e4hrleistet ist, ohne dass \u00fcberhitzte Zonen entstehen. Dadurch brennen die Lebensmittel nicht an und bleiben im Inneren nicht roh. Au\u00dferdem verlieren sie beim Kochen keine Fl\u00fcssigkeit, so dass ihre N\u00e4hrstoffe und Vitamine erhalten bleiben.<\/p>\n<p><strong>Eigenschaften von emaillierten gusseisernen Cocottas<\/strong><\/p>\n<p>&#8211; Gleichm\u00e4\u00dfige W\u00e4rmeverteilung ohne \u00dcberhitzungszonen.<br \/>\n&#8211; Hervorragende W\u00e4rmespeicherung.<br \/>\n&#8211; Knauf aus rostfreiem Stahl, best\u00e4ndig gegen alle Temperaturen.<br \/>\n&#8211; Die Griffe sind f\u00fcr optimalen Halt konzipiert.<br \/>\n&#8211; Innen- und Au\u00dfenfl\u00e4che glasiert. Nimmt keine Feuchtigkeit, keinen Geschmack oder Geruch von Lebensmitteln auf.<br \/>\n&#8211; Von Spitzenk\u00f6chen und Bloggern zum Brotbacken empfohlen.<br \/>\n&#8211; Leichte Reinigung.<br \/>\n&#8211; Au\u00dfergew\u00f6hnliche Haltbarkeit.<\/p>\n<p>Material: verglastes Gusseisen<br \/>\nHergestellt in: Frankreich<br \/>\nGarantie: lebenslang<\/p>\n<p><strong>W\u00e4rmequelle<\/strong>:<\/p>\n<ul>\n<li>Backofen<\/li>\n<li>Backofen Grill-Modus<\/li>\n<li>Kochfeld elektrisch<\/li>\n<li>Keramisches Glas<\/li>\n<li>Gas-Kochfeld<\/li>\n<li>Induktionskochfeld<\/li>\n<\/ul>\n<p><strong>Reinigung und Pflege:<\/strong><\/p>\n<p>Warten Sie, bis das Produkt abgek\u00fchlt ist, bevor Sie es reinigen.<br \/>\nReinigen Sie den Boden und die Seiten des Produkts von eventuellen R\u00fcckst\u00e4nden. Wenn Lebensmittel daran haften, f\u00fcllen Sie das Produkt mit warmer Seifenlauge und lassen Sie es 15-20 Minuten einweichen, bevor Sie es wie gewohnt waschen.<br \/>\nVerwenden Sie keine scheuernden Reinigungsmittel oder scheuernde oder sehr steife Metallschw\u00e4mme oder B\u00fcrsten f\u00fcr die Oberfl\u00e4chen.<br \/>\nNach dem Waschen gut abtrocknen und an einem trockenen Ort aufbewahren.<\/p>\n<div class=\"su-youtube su-u-responsive-media-yes\"><iframe loading=\"lazy\" width=\"500\" height=\"200\" src=\"https:\/\/www.youtube.com\/embed\/YoiKOay1xos?\" frameborder=\"0\" allowfullscreen allow=\"autoplay; encrypted-media; picture-in-picture\" title=\"\"><\/iframe><\/div>\n","protected":false},"excerpt":{"rendered":"<p>ALLE AM TISCH! Diese ovale Cocotte ist genauso vielseitig wie das klassische runde Modell und bietet Platz f\u00fcr eine ganze<\/p>\n","protected":false},"featured_media":223614,"template":"","meta":{"_acf_changed":false,"inline_featured_image":false},"product_cat":[6709,14798],"product_tag":[25088,11381,14827,11383,11385,25022,11607,12205],"acf":[],"yoast_head":"<!-- This site is optimized with the Yoast SEO Premium plugin v18.6 (Yoast SEO v19.13) - https:\/\/yoast.com\/wordpress\/plugins\/seo\/ -->\n<title>LE CREUSET Ovale Risotto-Pfanne aus Gusseisen 27 cm Schwarz Matt<\/title>\n<meta name=\"description\" content=\"Entdecken Sie LE CREUSET Ovale Risotto-Pfanne aus Gusseisen 27 cm Schwarz Matt bei ErresseShop. Qualit\u00e4t, Stil und Funktionalit\u00e4t \u2013 jetzt online bestellen!\" \/>\n<meta name=\"robots\" content=\"index, follow, max-snippet:-1, max-image-preview:large, max-video-preview:-1\" \/>\n<link rel=\"canonical\" href=\"https:\/\/www.erresse-shop.it\/de\/shop\/toepfe-pfannen\/schmorpfannen\/le-creuset-ovale-risotto-pfanne-aus-gusseisen-27-cm-schwarz-matt\/\" \/>\n<meta property=\"og:locale\" content=\"de_DE\" \/>\n<meta property=\"og:type\" content=\"article\" \/>\n<meta property=\"og:title\" content=\"LE CREUSET Ovale Risotto-Pfanne aus Gusseisen 27 cm Schwarz Matt\" \/>\n<meta property=\"og:description\" content=\"Entdecken Sie LE CREUSET Ovale Risotto-Pfanne aus Gusseisen 27 cm Schwarz Matt bei ErresseShop. Qualit\u00e4t, Stil und Funktionalit\u00e4t \u2013 jetzt online bestellen!\" \/>\n<meta property=\"og:url\" content=\"https:\/\/www.erresse-shop.it\/de\/shop\/toepfe-pfannen\/schmorpfannen\/le-creuset-ovale-risotto-pfanne-aus-gusseisen-27-cm-schwarz-matt\/\" \/>\n<meta property=\"og:site_name\" content=\"Erresse Shop\" \/>\n<meta property=\"article:modified_time\" content=\"2025-01-17T09:07:52+00:00\" \/>\n<meta property=\"og:image\" content=\"https:\/\/www.erresse-shop.it\/wp-content\/uploads\/2022\/12\/LE-CREUSET-Tegame-risotto-ovale-in-ghisa-vetrificata.jpg\" \/>\n\t<meta property=\"og:image:width\" content=\"800\" \/>\n\t<meta property=\"og:image:height\" content=\"800\" \/>\n\t<meta property=\"og:image:type\" content=\"image\/jpeg\" \/>\n<meta name=\"twitter:card\" content=\"summary_large_image\" \/>\n<script type=\"application\/ld+json\" class=\"yoast-schema-graph\">{\"@context\":\"https:\/\/schema.org\",\"@graph\":[{\"@type\":\"WebPage\",\"@id\":\"https:\/\/www.erresse-shop.it\/de\/shop\/toepfe-pfannen\/schmorpfannen\/le-creuset-ovale-risotto-pfanne-aus-gusseisen-27-cm-schwarz-matt\/\",\"url\":\"https:\/\/www.erresse-shop.it\/de\/shop\/toepfe-pfannen\/schmorpfannen\/le-creuset-ovale-risotto-pfanne-aus-gusseisen-27-cm-schwarz-matt\/\",\"name\":\"LE CREUSET Ovale Risotto-Pfanne aus Gusseisen 27 cm Schwarz Matt\",\"isPartOf\":{\"@id\":\"https:\/\/www.erresse-shop.it\/de\/#website\"},\"datePublished\":\"2022-12-21T09:29:45+00:00\",\"dateModified\":\"2025-01-17T09:07:52+00:00\",\"description\":\"Entdecken Sie LE CREUSET Ovale Risotto-Pfanne aus Gusseisen 27 cm Schwarz Matt bei ErresseShop. Qualit\u00e4t, Stil und Funktionalit\u00e4t \u2013 jetzt online bestellen!\",\"breadcrumb\":{\"@id\":\"https:\/\/www.erresse-shop.it\/de\/shop\/toepfe-pfannen\/schmorpfannen\/le-creuset-ovale-risotto-pfanne-aus-gusseisen-27-cm-schwarz-matt\/#breadcrumb\"},\"inLanguage\":\"de-DE\",\"potentialAction\":[{\"@type\":\"ReadAction\",\"target\":[\"https:\/\/www.erresse-shop.it\/de\/shop\/toepfe-pfannen\/schmorpfannen\/le-creuset-ovale-risotto-pfanne-aus-gusseisen-27-cm-schwarz-matt\/\"]}]},{\"@type\":\"BreadcrumbList\",\"@id\":\"https:\/\/www.erresse-shop.it\/de\/shop\/toepfe-pfannen\/schmorpfannen\/le-creuset-ovale-risotto-pfanne-aus-gusseisen-27-cm-schwarz-matt\/#breadcrumb\",\"itemListElement\":[{\"@type\":\"ListItem\",\"position\":1,\"name\":\"Home\",\"item\":\"https:\/\/www.erresse-shop.it\/de\/\"},{\"@type\":\"ListItem\",\"position\":2,\"name\":\"Shop\",\"item\":\"https:\/\/www.erresse-shop.it\/de\/shop\/\"},{\"@type\":\"ListItem\",\"position\":3,\"name\":\"LE CREUSET Ovale Risotto-Pfanne aus Gusseisen 27 cm Schwarz Matt\"}]},{\"@type\":\"WebSite\",\"@id\":\"https:\/\/www.erresse-shop.it\/de\/#website\",\"url\":\"https:\/\/www.erresse-shop.it\/de\/\",\"name\":\"Erresse Shop\",\"description\":\"Articoli di qualit\u00e0 per la casa\",\"potentialAction\":[{\"@type\":\"SearchAction\",\"target\":{\"@type\":\"EntryPoint\",\"urlTemplate\":\"https:\/\/www.erresse-shop.it\/de\/?s={search_term_string}\"},\"query-input\":\"required name=search_term_string\"}],\"inLanguage\":\"de-DE\"}]}<\/script>\n<!-- \/ Yoast SEO Premium plugin. -->","yoast_head_json":{"title":"LE CREUSET Ovale Risotto-Pfanne aus Gusseisen 27 cm Schwarz Matt","description":"Entdecken Sie LE CREUSET Ovale Risotto-Pfanne aus Gusseisen 27 cm Schwarz Matt bei ErresseShop. Qualit\u00e4t, Stil und Funktionalit\u00e4t \u2013 jetzt online bestellen!","robots":{"index":"index","follow":"follow","max-snippet":"max-snippet:-1","max-image-preview":"max-image-preview:large","max-video-preview":"max-video-preview:-1"},"canonical":"https:\/\/www.erresse-shop.it\/de\/shop\/toepfe-pfannen\/schmorpfannen\/le-creuset-ovale-risotto-pfanne-aus-gusseisen-27-cm-schwarz-matt\/","og_locale":"de_DE","og_type":"article","og_title":"LE CREUSET Ovale Risotto-Pfanne aus Gusseisen 27 cm Schwarz Matt","og_description":"Entdecken Sie LE CREUSET Ovale Risotto-Pfanne aus Gusseisen 27 cm Schwarz Matt bei ErresseShop. Qualit\u00e4t, Stil und Funktionalit\u00e4t \u2013 jetzt online bestellen!","og_url":"https:\/\/www.erresse-shop.it\/de\/shop\/toepfe-pfannen\/schmorpfannen\/le-creuset-ovale-risotto-pfanne-aus-gusseisen-27-cm-schwarz-matt\/","og_site_name":"Erresse Shop","article_modified_time":"2025-01-17T09:07:52+00:00","og_image":[{"width":800,"height":800,"url":"https:\/\/www.erresse-shop.it\/wp-content\/uploads\/2022\/12\/LE-CREUSET-Tegame-risotto-ovale-in-ghisa-vetrificata.jpg","type":"image\/jpeg"}],"twitter_card":"summary_large_image","schema":{"@context":"https:\/\/schema.org","@graph":[{"@type":"WebPage","@id":"https:\/\/www.erresse-shop.it\/de\/shop\/toepfe-pfannen\/schmorpfannen\/le-creuset-ovale-risotto-pfanne-aus-gusseisen-27-cm-schwarz-matt\/","url":"https:\/\/www.erresse-shop.it\/de\/shop\/toepfe-pfannen\/schmorpfannen\/le-creuset-ovale-risotto-pfanne-aus-gusseisen-27-cm-schwarz-matt\/","name":"LE CREUSET Ovale Risotto-Pfanne aus Gusseisen 27 cm Schwarz Matt","isPartOf":{"@id":"https:\/\/www.erresse-shop.it\/de\/#website"},"datePublished":"2022-12-21T09:29:45+00:00","dateModified":"2025-01-17T09:07:52+00:00","description":"Entdecken Sie LE CREUSET Ovale Risotto-Pfanne aus Gusseisen 27 cm Schwarz Matt bei ErresseShop. Qualit\u00e4t, Stil und Funktionalit\u00e4t \u2013 jetzt online bestellen!","breadcrumb":{"@id":"https:\/\/www.erresse-shop.it\/de\/shop\/toepfe-pfannen\/schmorpfannen\/le-creuset-ovale-risotto-pfanne-aus-gusseisen-27-cm-schwarz-matt\/#breadcrumb"},"inLanguage":"de-DE","potentialAction":[{"@type":"ReadAction","target":["https:\/\/www.erresse-shop.it\/de\/shop\/toepfe-pfannen\/schmorpfannen\/le-creuset-ovale-risotto-pfanne-aus-gusseisen-27-cm-schwarz-matt\/"]}]},{"@type":"BreadcrumbList","@id":"https:\/\/www.erresse-shop.it\/de\/shop\/toepfe-pfannen\/schmorpfannen\/le-creuset-ovale-risotto-pfanne-aus-gusseisen-27-cm-schwarz-matt\/#breadcrumb","itemListElement":[{"@type":"ListItem","position":1,"name":"Home","item":"https:\/\/www.erresse-shop.it\/de\/"},{"@type":"ListItem","position":2,"name":"Shop","item":"https:\/\/www.erresse-shop.it\/de\/shop\/"},{"@type":"ListItem","position":3,"name":"LE CREUSET Ovale Risotto-Pfanne aus Gusseisen 27 cm Schwarz Matt"}]},{"@type":"WebSite","@id":"https:\/\/www.erresse-shop.it\/de\/#website","url":"https:\/\/www.erresse-shop.it\/de\/","name":"Erresse Shop","description":"Articoli di qualit\u00e0 per la casa","potentialAction":[{"@type":"SearchAction","target":{"@type":"EntryPoint","urlTemplate":"https:\/\/www.erresse-shop.it\/de\/?s={search_term_string}"},"query-input":"required name=search_term_string"}],"inLanguage":"de-DE"}]}},"df_price":179.95,"df_sale_price":179.95,"df_regular_price":309,"df_image_link":"https:\/\/www.erresse-shop.it\/wp-content\/uploads\/2022\/12\/LE-CREUSET-Tegame-risotto-ovale-in-ghisa-vetrificata-300x300.jpg","_links":{"self":[{"href":"https:\/\/www.erresse-shop.it\/de\/wp-json\/wp\/v2\/product\/223146"}],"collection":[{"href":"https:\/\/www.erresse-shop.it\/de\/wp-json\/wp\/v2\/product"}],"about":[{"href":"https:\/\/www.erresse-shop.it\/de\/wp-json\/wp\/v2\/types\/product"}],"wp:featuredmedia":[{"embeddable":true,"href":"https:\/\/www.erresse-shop.it\/de\/wp-json\/wp\/v2\/media\/223614"}],"wp:attachment":[{"href":"https:\/\/www.erresse-shop.it\/de\/wp-json\/wp\/v2\/media?parent=223146"}],"wp:term":[{"taxonomy":"product_cat","embeddable":true,"href":"https:\/\/www.erresse-shop.it\/de\/wp-json\/wp\/v2\/product_cat?post=223146"},{"taxonomy":"product_tag","embeddable":true,"href":"https:\/\/www.erresse-shop.it\/de\/wp-json\/wp\/v2\/product_tag?post=223146"}],"curies":[{"name":"wp","href":"https:\/\/api.w.org\/{rel}","templated":true}]}}