{"id":222835,"date":"2022-12-20T13:48:39","date_gmt":"2022-12-20T13:48:41","guid":{"rendered":"https:\/\/www.erresse-shop.it\/?post_type=product&#038;p=222835"},"modified":"2025-01-17T09:00:22","modified_gmt":"2025-01-17T09:00:22","slug":"le-creuset-niedrige-bratpfanne-mit-langem-antihaft-aluminiumgriff-28-cm","status":"publish","type":"product","link":"https:\/\/www.erresse-shop.it\/de\/shop\/toepfe-pfannen\/pfannen\/le-creuset-niedrige-bratpfanne-mit-langem-antihaft-aluminiumgriff-28-cm\/","title":{"rendered":"LE CREUSET Niedrige Bratpfanne mit langem Antihaft-Aluminiumgriff 28 cm"},"content":{"rendered":"<p>Diese flache Aluminiumpfanne ist ein vielseitiges Must-have f\u00fcr den Alltag. Innen mit unserer erstklassigen Antihaftbeschichtung versehen sowie mit einer geh\u00e4rteten Au\u00dfenbeschichtung f\u00fcr einfaches Reinigen, eignet sich diese praktische Pfanne zur Verwendung auf W\u00e4rmequellen jeder Art. Ihr modernes, elegantes Design macht sie au\u00dferdem zu einem echten Hingucker in Ihrer K\u00fcche.<\/p>\n<p>Produktinformationen<br \/>\n&#8211; Eigenschaften: Gro\u00dfartige Erg\u00e4nzungen: Erreichen Sie neue Geschmackserlebnisse, indem Sie Ihre bevorzugte Pfanne mit hitzebest\u00e4ndigen Glasdeckeln versehen, die wir separat anbieten.<br \/>\nDie Reinigung ist ein Traum: Mit unserer Antihaftbeschichtung lassen sich Speisen problemlos l\u00f6sen und die Reinigung ist kinderleicht.<br \/>\nUnsere beste Antihaftbeschichtung: Getestet, bew\u00e4hrt und mit 30 Jahren Garantie ist unsere Antihaftbeschichtung jetzt 4x st\u00e4rker. (Die Abriebfestigkeit gegen\u00fcber Metallutensilien wurde in einem unabh\u00e4ngigen Labor getestet.)<br \/>\nStark durch und durch: Das Material wurde hart eloxiert, um eine effiziente W\u00e4rmeleitung und -verteilung zu schaffen, die ein gleichm\u00e4\u00dfiges Kochen erm\u00f6glicht.<br \/>\nH\u00e4lt l\u00e4nger: Unsere Pfannen sind abriebfest und so hergestellt, dass sie viele Jahre in Ihrer K\u00fcche erfreuen.<br \/>\nGes\u00fcnderes Kochen: Unsere widerstandsf\u00e4hige, PFOA-freie antihaftbeschichtete Oberfl\u00e4che ist f\u00fcr alle Bratweisen geeignet \u2013 auch ohne \u00d6l oder Fett.<br \/>\n&#8211; Material: Geschmiedetes Aluminium (harteloxiert)<br \/>\n&#8211; Garantie: 30 Jahre<\/p>\n<p>Warmequelle<br \/>\n&#8211; Backofen mit Grillfunktion<br \/>\n&#8211; Backofen<br \/>\n&#8211; Elektroherd<br \/>\n&#8211; Glaskeramik-Kochfeld<br \/>\n&#8211; Gasherd<br \/>\n&#8211; Induktionsherd<\/p>\n<p>Abmessungen<br \/>\n&#8211; L\u00e4nge: 49 cm<br \/>\n&#8211; Breite: 29.1 cm<br \/>\n&#8211; H\u00f6he: 7.6 cm<br \/>\n&#8211; Tiefe: 4.5 cm<\/p>\n<p>Gebrauch &amp; Pflege<br \/>\n&#8211; Aufbewahrung: F\u00fcr den Gefrierschrank geeignet<br \/>\n&#8211; Pflege: Sp\u00fclmaschinengeeignet<br \/>\n&#8211; Vor dem ersten Gebrauch: Wir w\u00fcnschen Ihnen viel Freude beim Auspacken Ihres neuen Einkaufs! (Entfernen Sie die Aufkleber und die Verpackung.)<br \/>\nSp\u00fclen Sie Ihr Produkt von Le Creuset vor dem ersten Gebrauch mit hei\u00dfem Sp\u00fclwasser; sp\u00fclen Sie es abschlie\u00dfend gr\u00fcndlich ab und trocknen Sie es.<br \/>\nReiben Sie die Innenseite der antihaftbeschichteten Oberfl\u00e4che leicht mit einem Tuch mit Pflanzen- oder Mais\u00f6l ein. Sp\u00fclen\u00b7Sie das\u00b7Produkt danach mit hei\u00dfem Wasser ab und trocknen Sie es gut ab.<br \/>\nReiben Sie die schwarze \u00e4u\u00dfere Seitenwand nicht mit \u00d6l ein.<br \/>\n&#8211; Kochen: Sch\u00fctzen Sie sich \u2013 verwenden Sie beim Umgang mit hei\u00dfen Gegenst\u00e4nden stets Ofenhandschuhe.<br \/>\nBeim Kochen empfehlen wir, ein K\u00fcchenhelfer aus Silikon, Holz oder hitzebest\u00e4ndigem Kunststoff von Le Creuset zu verwenden. Metallutensilien sollten mit Vorsicht verwendet werden. Sie sollten nicht stark \u00fcber die antihaftbeschichtete Oberfl\u00e4che kratzen oder schaben. Vermeiden Sie das Abklopfen von Metallutensilien am oberen Rand von antihaftbeschichteten Produkten, um Besch\u00e4digungen zu vermeiden. Verwenden Sie KEINE elektrischen oder batteriebetriebenen Handquirle oder Mixer, Messer oder scharfen Arbeitsger\u00e4te in antihaftbeschichteten Pfannen, da diese die Oberfl\u00e4che besch\u00e4digen k\u00f6nnen.<br \/>\nVerwenden Sie das Produkt auf dem Kochfeld mit der am besten geeigneten Gr\u00f6\u00dfe \u2013 dadurch werden Ihre Speisen gleichm\u00e4\u00dfiger gegart und das Risiko von Besch\u00e4digungen an den Griffen und Seiten verringert. Dies ist besonders wichtig bei Induktionsherden: Wenn Sie ein Kochfeld mit falschem Durchmesser verwenden, besteht die Gefahr, dass das Produkt vom Kochfeld nicht \u201eerkannt\u201c wird.<br \/>\nDas Kochen bei mittlerer oder niedriger Hitze bringt die besten Ergebnisse \u2013 auch beim Braten und Anbraten. Lassen Sie die Pfanne gleichm\u00e4ssig hei\u00df werden, um gegarte, wohlschmeckende Gerichte zu erzielen. Sollten Sie dennoch eine hohe Temperatur ben\u00f6tigen, reduzieren Sie die Hitze, sobald die gew\u00fcnschte Temperatur erreicht ist.<br \/>\nErhitzen Sie Ihr Produkt zum fettfreien Kochen bei mittlerer Hitze etwa f\u00fcr 2 Minuten. Geben Sie dann Ihre Lebensmittel hinzu. Lassen Sie das Produkt nicht unbeaufsichtigt und achten Sie darauf, dass die trockene antihaftbeschichtete Oberfl\u00e4che nicht \u00fcberhitzt wird. Dies k\u00f6nnte zu Besch\u00e4digungen f\u00fchren.<br \/>\nKochzutaten mit einem niedrigen Rauchpunkt (z. B. Oliven\u00f6l) k\u00f6nnen bei h\u00f6heren Temperaturen dauerhafte Besch\u00e4digungen der antihaftbeschichteten Oberfl\u00e4che und Verf\u00e4rbungen verursachen. Verwenden Sie keine Speise\u00f6le zum Aufspr\u00fchen, da sie einen niedrigen Rauchpunkt haben.<br \/>\nVermeiden Sie beim Kochen auf Induktionsherden die \u201ePower\u201c-Funktion, da sie nur zum schnellen Erhitzen gro\u00dfer Wassermengen verwendet werden sollte.<br \/>\nSchieben Sie das Produkt niemals \u00fcber eine Glaskochmulde\/Herdplatte, da dies zu Besch\u00e4digungen der Unterseite des Produkts und der Glasplatte f\u00fchren kann. Heben Sie das Produkt stattdessen immer an und stellen Sie es auf der Oberfl\u00e4che ab.<br \/>\nBei Verwendung im Backofen mit Grillfunktion sollten Sie immer einen Abstand von mindestens 6,5 cm (2\u00bd Zoll) zwischen der W\u00e4rmequelle und der Oberseite Ihres Produkts einhalten.<br \/>\nDie besten Ergebnisse erhalten Sie, wenn Sie Ihr Produkt auf ein Rost oder Backblech stellen. Stellen Sie Ihr Produkt niemals auf den Boden Ihres Backofens \u2013 dies w\u00fcrde die Gartemperatur erh\u00f6hen und zu einem schnelleren, unkontrollierten Kochen f\u00fchren, was Besch\u00e4digungen zur Folge haben k\u00f6nnte.<br \/>\n&#8211; Reinigung: Lassen Sie das Produkt vor dem Reinigen ein paar Minuten abk\u00fchlen. Tauchen Sie es niemals hei\u00df in kaltes Wasser ein oder f\u00fcllen es nicht mit kaltem Wasser, da eine \u00fcberm\u00e4\u00dfige Ver\u00e4nderung der Oberfl\u00e4chentemperatur das Produkt besch\u00e4digen kann.<br \/>\nWir empfehlen eine Reinigung von Hand mit warmem Sp\u00fclwasser und nicht in der Sp\u00fclmaschine, da die antihaftbeschichtete Oberfl\u00e4che so l\u00e4nger h\u00e4lt.<br \/>\nVerwenden Sie auf keiner der Oberfl\u00e4chen scheuernde Reinigungsmittel oder Metall, raue oder sehr harte Reinigungspads bzw. -b\u00fcrsten.<\/p>\n","protected":false},"excerpt":{"rendered":"<p>Diese flache Aluminiumpfanne ist ein vielseitiges Must-have f\u00fcr den Alltag. Innen mit unserer erstklassigen Antihaftbeschichtung versehen sowie mit einer geh\u00e4rteten<\/p>\n","protected":false},"featured_media":181296,"template":"","meta":{"_acf_changed":false,"inline_featured_image":false},"product_cat":[6709,14801],"product_tag":[11593,11605],"acf":[],"yoast_head":"<!-- This site is optimized with the Yoast SEO Premium plugin v18.6 (Yoast SEO v19.13) - https:\/\/yoast.com\/wordpress\/plugins\/seo\/ -->\n<title>LE CREUSET Niedrige Bratpfanne mit langem Antihaft-Aluminiumgriff 28 cm - Erresse Shop<\/title>\n<meta name=\"description\" content=\"Diese flache Aluminiumpfanne ist ein vielseitiges Must-have f\u00fcr den Alltag. Innen mit unserer erstklassigen Antihaftbeschichtung versehen sowie mit einer\" \/>\n<meta name=\"robots\" content=\"index, follow, max-snippet:-1, max-image-preview:large, max-video-preview:-1\" \/>\n<link rel=\"canonical\" href=\"https:\/\/www.erresse-shop.it\/de\/shop\/toepfe-pfannen\/pfannen\/le-creuset-niedrige-bratpfanne-mit-langem-antihaft-aluminiumgriff-28-cm\/\" \/>\n<meta property=\"og:locale\" content=\"de_DE\" \/>\n<meta property=\"og:type\" content=\"article\" \/>\n<meta property=\"og:title\" content=\"LE CREUSET Niedrige Bratpfanne mit langem Antihaft-Aluminiumgriff 28 cm\" \/>\n<meta property=\"og:description\" content=\"Diese flache Aluminiumpfanne ist ein vielseitiges Must-have f\u00fcr den Alltag. Innen mit unserer erstklassigen Antihaftbeschichtung versehen sowie mit einer\" \/>\n<meta property=\"og:url\" content=\"https:\/\/www.erresse-shop.it\/de\/shop\/toepfe-pfannen\/pfannen\/le-creuset-niedrige-bratpfanne-mit-langem-antihaft-aluminiumgriff-28-cm\/\" \/>\n<meta property=\"og:site_name\" content=\"Erresse Shop\" \/>\n<meta property=\"article:modified_time\" content=\"2025-01-17T09:00:22+00:00\" \/>\n<meta property=\"og:image\" content=\"https:\/\/www.erresse-shop.it\/wp-content\/uploads\/2020\/06\/LE-CREUSET-Padella-Bassa-Alluminio-Antiaderente-6.jpg\" \/>\n\t<meta property=\"og:image:width\" content=\"800\" \/>\n\t<meta property=\"og:image:height\" content=\"800\" \/>\n\t<meta property=\"og:image:type\" content=\"image\/jpeg\" \/>\n<meta name=\"twitter:card\" content=\"summary_large_image\" \/>\n<script type=\"application\/ld+json\" class=\"yoast-schema-graph\">{\"@context\":\"https:\/\/schema.org\",\"@graph\":[{\"@type\":\"WebPage\",\"@id\":\"https:\/\/www.erresse-shop.it\/de\/shop\/toepfe-pfannen\/pfannen\/le-creuset-niedrige-bratpfanne-mit-langem-antihaft-aluminiumgriff-28-cm\/\",\"url\":\"https:\/\/www.erresse-shop.it\/de\/shop\/toepfe-pfannen\/pfannen\/le-creuset-niedrige-bratpfanne-mit-langem-antihaft-aluminiumgriff-28-cm\/\",\"name\":\"LE CREUSET Niedrige Bratpfanne mit langem Antihaft-Aluminiumgriff 28 cm - Erresse Shop\",\"isPartOf\":{\"@id\":\"https:\/\/www.erresse-shop.it\/de\/#website\"},\"datePublished\":\"2022-12-20T13:48:41+00:00\",\"dateModified\":\"2025-01-17T09:00:22+00:00\",\"description\":\"Diese flache Aluminiumpfanne ist ein vielseitiges Must-have f\u00fcr den Alltag. Innen mit unserer erstklassigen Antihaftbeschichtung versehen sowie mit einer\",\"breadcrumb\":{\"@id\":\"https:\/\/www.erresse-shop.it\/de\/shop\/toepfe-pfannen\/pfannen\/le-creuset-niedrige-bratpfanne-mit-langem-antihaft-aluminiumgriff-28-cm\/#breadcrumb\"},\"inLanguage\":\"de-DE\",\"potentialAction\":[{\"@type\":\"ReadAction\",\"target\":[\"https:\/\/www.erresse-shop.it\/de\/shop\/toepfe-pfannen\/pfannen\/le-creuset-niedrige-bratpfanne-mit-langem-antihaft-aluminiumgriff-28-cm\/\"]}]},{\"@type\":\"BreadcrumbList\",\"@id\":\"https:\/\/www.erresse-shop.it\/de\/shop\/toepfe-pfannen\/pfannen\/le-creuset-niedrige-bratpfanne-mit-langem-antihaft-aluminiumgriff-28-cm\/#breadcrumb\",\"itemListElement\":[{\"@type\":\"ListItem\",\"position\":1,\"name\":\"Home\",\"item\":\"https:\/\/www.erresse-shop.it\/de\/\"},{\"@type\":\"ListItem\",\"position\":2,\"name\":\"Shop\",\"item\":\"https:\/\/www.erresse-shop.it\/de\/shop\/\"},{\"@type\":\"ListItem\",\"position\":3,\"name\":\"LE CREUSET Niedrige Bratpfanne mit langem Antihaft-Aluminiumgriff 28 cm\"}]},{\"@type\":\"WebSite\",\"@id\":\"https:\/\/www.erresse-shop.it\/de\/#website\",\"url\":\"https:\/\/www.erresse-shop.it\/de\/\",\"name\":\"Erresse Shop\",\"description\":\"Articoli di qualit\u00e0 per la casa\",\"potentialAction\":[{\"@type\":\"SearchAction\",\"target\":{\"@type\":\"EntryPoint\",\"urlTemplate\":\"https:\/\/www.erresse-shop.it\/de\/?s={search_term_string}\"},\"query-input\":\"required name=search_term_string\"}],\"inLanguage\":\"de-DE\"}]}<\/script>\n<!-- \/ Yoast SEO Premium plugin. -->","yoast_head_json":{"title":"LE CREUSET Niedrige Bratpfanne mit langem Antihaft-Aluminiumgriff 28 cm - Erresse Shop","description":"Diese flache Aluminiumpfanne ist ein vielseitiges Must-have f\u00fcr den Alltag. Innen mit unserer erstklassigen Antihaftbeschichtung versehen sowie mit einer","robots":{"index":"index","follow":"follow","max-snippet":"max-snippet:-1","max-image-preview":"max-image-preview:large","max-video-preview":"max-video-preview:-1"},"canonical":"https:\/\/www.erresse-shop.it\/de\/shop\/toepfe-pfannen\/pfannen\/le-creuset-niedrige-bratpfanne-mit-langem-antihaft-aluminiumgriff-28-cm\/","og_locale":"de_DE","og_type":"article","og_title":"LE CREUSET Niedrige Bratpfanne mit langem Antihaft-Aluminiumgriff 28 cm","og_description":"Diese flache Aluminiumpfanne ist ein vielseitiges Must-have f\u00fcr den Alltag. Innen mit unserer erstklassigen Antihaftbeschichtung versehen sowie mit einer","og_url":"https:\/\/www.erresse-shop.it\/de\/shop\/toepfe-pfannen\/pfannen\/le-creuset-niedrige-bratpfanne-mit-langem-antihaft-aluminiumgriff-28-cm\/","og_site_name":"Erresse Shop","article_modified_time":"2025-01-17T09:00:22+00:00","og_image":[{"width":800,"height":800,"url":"https:\/\/www.erresse-shop.it\/wp-content\/uploads\/2020\/06\/LE-CREUSET-Padella-Bassa-Alluminio-Antiaderente-6.jpg","type":"image\/jpeg"}],"twitter_card":"summary_large_image","schema":{"@context":"https:\/\/schema.org","@graph":[{"@type":"WebPage","@id":"https:\/\/www.erresse-shop.it\/de\/shop\/toepfe-pfannen\/pfannen\/le-creuset-niedrige-bratpfanne-mit-langem-antihaft-aluminiumgriff-28-cm\/","url":"https:\/\/www.erresse-shop.it\/de\/shop\/toepfe-pfannen\/pfannen\/le-creuset-niedrige-bratpfanne-mit-langem-antihaft-aluminiumgriff-28-cm\/","name":"LE CREUSET Niedrige Bratpfanne mit langem Antihaft-Aluminiumgriff 28 cm - Erresse Shop","isPartOf":{"@id":"https:\/\/www.erresse-shop.it\/de\/#website"},"datePublished":"2022-12-20T13:48:41+00:00","dateModified":"2025-01-17T09:00:22+00:00","description":"Diese flache Aluminiumpfanne ist ein vielseitiges Must-have f\u00fcr den Alltag. Innen mit unserer erstklassigen Antihaftbeschichtung versehen sowie mit einer","breadcrumb":{"@id":"https:\/\/www.erresse-shop.it\/de\/shop\/toepfe-pfannen\/pfannen\/le-creuset-niedrige-bratpfanne-mit-langem-antihaft-aluminiumgriff-28-cm\/#breadcrumb"},"inLanguage":"de-DE","potentialAction":[{"@type":"ReadAction","target":["https:\/\/www.erresse-shop.it\/de\/shop\/toepfe-pfannen\/pfannen\/le-creuset-niedrige-bratpfanne-mit-langem-antihaft-aluminiumgriff-28-cm\/"]}]},{"@type":"BreadcrumbList","@id":"https:\/\/www.erresse-shop.it\/de\/shop\/toepfe-pfannen\/pfannen\/le-creuset-niedrige-bratpfanne-mit-langem-antihaft-aluminiumgriff-28-cm\/#breadcrumb","itemListElement":[{"@type":"ListItem","position":1,"name":"Home","item":"https:\/\/www.erresse-shop.it\/de\/"},{"@type":"ListItem","position":2,"name":"Shop","item":"https:\/\/www.erresse-shop.it\/de\/shop\/"},{"@type":"ListItem","position":3,"name":"LE CREUSET Niedrige Bratpfanne mit langem Antihaft-Aluminiumgriff 28 cm"}]},{"@type":"WebSite","@id":"https:\/\/www.erresse-shop.it\/de\/#website","url":"https:\/\/www.erresse-shop.it\/de\/","name":"Erresse Shop","description":"Articoli di qualit\u00e0 per la casa","potentialAction":[{"@type":"SearchAction","target":{"@type":"EntryPoint","urlTemplate":"https:\/\/www.erresse-shop.it\/de\/?s={search_term_string}"},"query-input":"required name=search_term_string"}],"inLanguage":"de-DE"}]}},"df_price":69.75,"df_sale_price":69.75,"df_regular_price":155,"df_image_link":"https:\/\/www.erresse-shop.it\/wp-content\/uploads\/2020\/06\/LE-CREUSET-Padella-Bassa-Alluminio-Antiaderente-6-300x300.jpg","_links":{"self":[{"href":"https:\/\/www.erresse-shop.it\/de\/wp-json\/wp\/v2\/product\/222835"}],"collection":[{"href":"https:\/\/www.erresse-shop.it\/de\/wp-json\/wp\/v2\/product"}],"about":[{"href":"https:\/\/www.erresse-shop.it\/de\/wp-json\/wp\/v2\/types\/product"}],"wp:featuredmedia":[{"embeddable":true,"href":"https:\/\/www.erresse-shop.it\/de\/wp-json\/wp\/v2\/media\/181296"}],"wp:attachment":[{"href":"https:\/\/www.erresse-shop.it\/de\/wp-json\/wp\/v2\/media?parent=222835"}],"wp:term":[{"taxonomy":"product_cat","embeddable":true,"href":"https:\/\/www.erresse-shop.it\/de\/wp-json\/wp\/v2\/product_cat?post=222835"},{"taxonomy":"product_tag","embeddable":true,"href":"https:\/\/www.erresse-shop.it\/de\/wp-json\/wp\/v2\/product_tag?post=222835"}],"curies":[{"name":"wp","href":"https:\/\/api.w.org\/{rel}","templated":true}]}}