{"id":222589,"date":"2022-12-19T15:43:11","date_gmt":"2022-12-19T15:43:14","guid":{"rendered":"https:\/\/www.erresse-shop.it\/?post_type=product&#038;p=222589"},"modified":"2025-01-17T09:00:21","modified_gmt":"2025-01-17T09:00:21","slug":"le-creuset-ovaler-risottotopf-aus-gusseisen-27-cm-orange","status":"publish","type":"product","link":"https:\/\/www.erresse-shop.it\/de\/shop\/toepfe-pfannen\/schmorpfannen\/le-creuset-ovaler-risottotopf-aus-gusseisen-27-cm-orange\/","title":{"rendered":"LE CREUSET Ovaler Risottotopf aus Gusseisen 27 cm Orange"},"content":{"rendered":"<p>Unsere von K\u00f6chen auf der ganzen Welt gesch\u00e4tzte Risottokasserolle ist ideal f\u00fcr die Zubereitung von perfekt gebratenen Risottos, aber auch f\u00fcr viele andere Rezepte, von Braten und Suppen bis hin zu Brot und Kuchen. Aus verglastem Gusseisen hergestellt und mit einer eleganten ovalen Form versehen, wird er Ihrer K\u00fcche einen Hauch von Klasse verleihen.<\/p>\n<p><strong>Einzelheiten<\/strong><br \/>\nSchnelle Reinigung: Eine d\u00fcnne keramische Innenschicht erleichtert die Reinigung.<\/p>\n<p>Traumhafte Griffe: Dank unserer gro\u00dfen Griffe k\u00f6nnen Sie sich auch mit Ofenhandschuhen leicht von der Herdplatte zum Tisch bewegen.<\/p>\n<p>Vielseitigkeit: Dieses Produkt ist f\u00fcr Backofen, Herd und Grill geeignet.<\/p>\n<p>Hervorragender Geschmack: Das verglaste Gusseisen speichert die Hitze f\u00fcr gleichm\u00e4\u00dfiges Garen und Br\u00e4unen. So bleiben Ihre k\u00f6stlichen Kreationen am Tisch l\u00e4nger hei\u00df.<\/p>\n<p>Bewahrt die Saftigkeit: Unser Deckel h\u00e4lt den Dampf, der beim Garen der Speisen entsteht, zur\u00fcck und verst\u00e4rkt die Aromen f\u00fcr au\u00dfergew\u00f6hnliche Garergebnisse.<\/p>\n<p>Einfach zu halten: Die eleganten und bequemen Griffe erm\u00f6glichen es Ihnen, das Produkt sicher anzuheben.<\/p>\n<p>Best in Class: Unsere Produkte werden aus den besten Materialien in Fabriken auf der ganzen Welt hergestellt, um die Qualit\u00e4t zu gew\u00e4hrleisten, die Sie von Le Creuset erwarten.<\/p>\n<p>Material: verglastes Gusseisen<br \/>\nHergestellt in: Frankreich<br \/>\nGarantie: lebenslang<\/p>\n<p><strong>W\u00e4rmequelle:<\/strong><\/p>\n<ul>\n<li>Backofen<\/li>\n<li>Backofen Grill-Modus<\/li>\n<li>Kochfeld elektrisch<\/li>\n<li>Keramisches Glas<\/li>\n<li>Gas-Kochfeld<\/li>\n<li>Induktionskochfeld<\/li>\n<\/ul>\n<p><strong>Empfehlungen f\u00fcr die Verwendung<\/strong><\/p>\n<p><strong>Lagerung<\/strong><br \/>\nGeeignet zum Einfrieren<\/p>\n<p><strong>Pflege<\/strong><br \/>\nHandw\u00e4sche<\/p>\n<p><strong>Vor der ersten Benutzung<\/strong><br \/>\nGenie\u00dfen Sie den Moment, in dem Sie die Verpackung Ihrer Neuanschaffung \u00f6ffnen! Achten Sie darauf, alle Etiketten und Verpackungen zu entfernen.<br \/>\nWaschen Sie Ihr Le Creuset-Produkt in warmer Seifenlauge, sp\u00fclen Sie es ab und trocknen Sie es gr\u00fcndlich.<\/p>\n<p><strong>Kochen<\/strong><br \/>\nSch\u00fctzen Sie sich immer mit Topflappen, wenn Sie mit hei\u00dfem Kochgeschirr hantieren.<br \/>\nWir empfehlen, nur Le Creuset-Silikonbesteck oder Besteck aus Holz oder hitzebest\u00e4ndigem Kunststoff zu verwenden. Verwenden Sie KEINE Messer oder Metallutensilien, um Kratzer auf der verglasten Oberfl\u00e4che des Produkts zu vermeiden.<br \/>\nVerwenden Sie das Produkt auf dem Kochfeld mit der am besten geeigneten Gr\u00f6\u00dfe: So werden die Speisen gleichm\u00e4\u00dfiger gegart und das Risiko einer Besch\u00e4digung von Griffen und R\u00e4ndern verringert. Dies ist vor allem bei Induktionskochfeldern wichtig: Wenn die falsche Ringgr\u00f6\u00dfe verwendet wird, besteht die Gefahr, dass das Kochfeld das Produkt nicht &#8220;erkennt&#8221;.<br \/>\nDie besten Ergebnisse werden bei mittlerer oder niedriger Hitze erzielt. Erhitzen Sie die Kasserolle nach und nach, um einen au\u00dfergew\u00f6hnlichen Geschmack und ein gleichm\u00e4\u00dfiges Garen zu erreichen. Wenn eine hohe Hitze erforderlich ist, drehen Sie die Intensit\u00e4t herunter, sobald die gew\u00fcnschte Hitze erreicht ist.<br \/>\nSchieben Sie das Ger\u00e4t nicht auf ein Glaskochfeld, da dies zu Sch\u00e4den an der Basis des Ger\u00e4ts und am Glas f\u00fchren kann. Heben Sie das Produkt immer an, wenn Sie es aufstellen, bewegen oder von der Oberfl\u00e4che entfernen.<\/p>\n<p><strong>Sauber<\/strong><br \/>\nWarten Sie, bis das Produkt vollst\u00e4ndig abgek\u00fchlt ist, bevor Sie es reinigen.<br \/>\nEntfernen Sie alle R\u00fcckst\u00e4nde vom Boden und den Seitenw\u00e4nden des Produkts. Bei hartn\u00e4ckigen Essensresten f\u00fcllen Sie das Produkt mit lauwarmem Seifenwasser und lassen es 15-20 Minuten einweichen, bevor Sie es wie gewohnt waschen.<br \/>\nVerwenden Sie zum Reinigen der Oberfl\u00e4chen keine Scheuermittel oder Metall, Scheuerschw\u00e4mme oder sehr harte, steife B\u00fcrsten.<br \/>\nTrocknen Sie das Produkt nach dem Waschen gr\u00fcndlich ab und bewahren Sie es an einem trockenen Ort auf.<\/p>\n<div class=\"su-youtube su-u-responsive-media-yes\"><iframe loading=\"lazy\" width=\"500\" height=\"200\" src=\"https:\/\/www.youtube.com\/embed\/YoiKOay1xos?\" frameborder=\"0\" allowfullscreen allow=\"autoplay; encrypted-media; picture-in-picture\" title=\"\"><\/iframe><\/div>\n","protected":false},"excerpt":{"rendered":"<p>Unsere von K\u00f6chen auf der ganzen Welt gesch\u00e4tzte Risottokasserolle ist ideal f\u00fcr die Zubereitung von perfekt gebratenen Risottos, aber auch<\/p>\n","protected":false},"featured_media":223057,"template":"","meta":{"_acf_changed":false,"inline_featured_image":false},"product_cat":[6709,14798],"product_tag":[25088,23911,14827,25022],"acf":[],"yoast_head":"<!-- This site is optimized with the Yoast SEO Premium plugin v18.6 (Yoast SEO v19.13) - https:\/\/yoast.com\/wordpress\/plugins\/seo\/ -->\n<title>LE CREUSET Ovaler Risottotopf aus Gusseisen 27 cm Orange<\/title>\n<meta name=\"description\" content=\"Entdecken Sie LE CREUSET Ovaler Risottotopf aus Gusseisen 27 cm Orange bei ErresseShop. Qualit\u00e4t, Stil und Funktionalit\u00e4t \u2013 jetzt online bestellen!\" \/>\n<meta name=\"robots\" content=\"index, follow, max-snippet:-1, max-image-preview:large, max-video-preview:-1\" \/>\n<link rel=\"canonical\" href=\"https:\/\/www.erresse-shop.it\/de\/shop\/toepfe-pfannen\/schmorpfannen\/le-creuset-ovaler-risottotopf-aus-gusseisen-27-cm-orange\/\" \/>\n<meta property=\"og:locale\" content=\"de_DE\" \/>\n<meta property=\"og:type\" content=\"article\" \/>\n<meta property=\"og:title\" content=\"LE CREUSET Ovaler Risottotopf aus Gusseisen 27 cm Orange\" \/>\n<meta property=\"og:description\" content=\"Entdecken Sie LE CREUSET Ovaler Risottotopf aus Gusseisen 27 cm Orange bei ErresseShop. Qualit\u00e4t, Stil und Funktionalit\u00e4t \u2013 jetzt online bestellen!\" \/>\n<meta property=\"og:url\" content=\"https:\/\/www.erresse-shop.it\/de\/shop\/toepfe-pfannen\/schmorpfannen\/le-creuset-ovaler-risottotopf-aus-gusseisen-27-cm-orange\/\" \/>\n<meta property=\"og:site_name\" content=\"Erresse Shop\" \/>\n<meta property=\"article:modified_time\" content=\"2025-01-17T09:00:21+00:00\" \/>\n<meta property=\"og:image\" content=\"https:\/\/www.erresse-shop.it\/wp-content\/uploads\/2022\/12\/LE-CREUSET-Tegame-Alto-Risotto-Arancione1.jpg\" \/>\n\t<meta property=\"og:image:width\" content=\"800\" \/>\n\t<meta property=\"og:image:height\" content=\"800\" \/>\n\t<meta property=\"og:image:type\" content=\"image\/jpeg\" \/>\n<meta name=\"twitter:card\" content=\"summary_large_image\" \/>\n<script type=\"application\/ld+json\" class=\"yoast-schema-graph\">{\"@context\":\"https:\/\/schema.org\",\"@graph\":[{\"@type\":\"WebPage\",\"@id\":\"https:\/\/www.erresse-shop.it\/de\/shop\/toepfe-pfannen\/schmorpfannen\/le-creuset-ovaler-risottotopf-aus-gusseisen-27-cm-orange\/\",\"url\":\"https:\/\/www.erresse-shop.it\/de\/shop\/toepfe-pfannen\/schmorpfannen\/le-creuset-ovaler-risottotopf-aus-gusseisen-27-cm-orange\/\",\"name\":\"LE CREUSET Ovaler Risottotopf aus Gusseisen 27 cm Orange\",\"isPartOf\":{\"@id\":\"https:\/\/www.erresse-shop.it\/de\/#website\"},\"datePublished\":\"2022-12-19T15:43:14+00:00\",\"dateModified\":\"2025-01-17T09:00:21+00:00\",\"description\":\"Entdecken Sie LE CREUSET Ovaler Risottotopf aus Gusseisen 27 cm Orange bei ErresseShop. Qualit\u00e4t, Stil und Funktionalit\u00e4t \u2013 jetzt online bestellen!\",\"breadcrumb\":{\"@id\":\"https:\/\/www.erresse-shop.it\/de\/shop\/toepfe-pfannen\/schmorpfannen\/le-creuset-ovaler-risottotopf-aus-gusseisen-27-cm-orange\/#breadcrumb\"},\"inLanguage\":\"de-DE\",\"potentialAction\":[{\"@type\":\"ReadAction\",\"target\":[\"https:\/\/www.erresse-shop.it\/de\/shop\/toepfe-pfannen\/schmorpfannen\/le-creuset-ovaler-risottotopf-aus-gusseisen-27-cm-orange\/\"]}]},{\"@type\":\"BreadcrumbList\",\"@id\":\"https:\/\/www.erresse-shop.it\/de\/shop\/toepfe-pfannen\/schmorpfannen\/le-creuset-ovaler-risottotopf-aus-gusseisen-27-cm-orange\/#breadcrumb\",\"itemListElement\":[{\"@type\":\"ListItem\",\"position\":1,\"name\":\"Home\",\"item\":\"https:\/\/www.erresse-shop.it\/de\/\"},{\"@type\":\"ListItem\",\"position\":2,\"name\":\"Shop\",\"item\":\"https:\/\/www.erresse-shop.it\/de\/shop\/\"},{\"@type\":\"ListItem\",\"position\":3,\"name\":\"LE CREUSET Ovaler Risottotopf aus Gusseisen 27 cm Orange\"}]},{\"@type\":\"WebSite\",\"@id\":\"https:\/\/www.erresse-shop.it\/de\/#website\",\"url\":\"https:\/\/www.erresse-shop.it\/de\/\",\"name\":\"Erresse Shop\",\"description\":\"Articoli di qualit\u00e0 per la casa\",\"potentialAction\":[{\"@type\":\"SearchAction\",\"target\":{\"@type\":\"EntryPoint\",\"urlTemplate\":\"https:\/\/www.erresse-shop.it\/de\/?s={search_term_string}\"},\"query-input\":\"required name=search_term_string\"}],\"inLanguage\":\"de-DE\"}]}<\/script>\n<!-- \/ Yoast SEO Premium plugin. -->","yoast_head_json":{"title":"LE CREUSET Ovaler Risottotopf aus Gusseisen 27 cm Orange","description":"Entdecken Sie LE CREUSET Ovaler Risottotopf aus Gusseisen 27 cm Orange bei ErresseShop. Qualit\u00e4t, Stil und Funktionalit\u00e4t \u2013 jetzt online bestellen!","robots":{"index":"index","follow":"follow","max-snippet":"max-snippet:-1","max-image-preview":"max-image-preview:large","max-video-preview":"max-video-preview:-1"},"canonical":"https:\/\/www.erresse-shop.it\/de\/shop\/toepfe-pfannen\/schmorpfannen\/le-creuset-ovaler-risottotopf-aus-gusseisen-27-cm-orange\/","og_locale":"de_DE","og_type":"article","og_title":"LE CREUSET Ovaler Risottotopf aus Gusseisen 27 cm Orange","og_description":"Entdecken Sie LE CREUSET Ovaler Risottotopf aus Gusseisen 27 cm Orange bei ErresseShop. Qualit\u00e4t, Stil und Funktionalit\u00e4t \u2013 jetzt online bestellen!","og_url":"https:\/\/www.erresse-shop.it\/de\/shop\/toepfe-pfannen\/schmorpfannen\/le-creuset-ovaler-risottotopf-aus-gusseisen-27-cm-orange\/","og_site_name":"Erresse Shop","article_modified_time":"2025-01-17T09:00:21+00:00","og_image":[{"width":800,"height":800,"url":"https:\/\/www.erresse-shop.it\/wp-content\/uploads\/2022\/12\/LE-CREUSET-Tegame-Alto-Risotto-Arancione1.jpg","type":"image\/jpeg"}],"twitter_card":"summary_large_image","schema":{"@context":"https:\/\/schema.org","@graph":[{"@type":"WebPage","@id":"https:\/\/www.erresse-shop.it\/de\/shop\/toepfe-pfannen\/schmorpfannen\/le-creuset-ovaler-risottotopf-aus-gusseisen-27-cm-orange\/","url":"https:\/\/www.erresse-shop.it\/de\/shop\/toepfe-pfannen\/schmorpfannen\/le-creuset-ovaler-risottotopf-aus-gusseisen-27-cm-orange\/","name":"LE CREUSET Ovaler Risottotopf aus Gusseisen 27 cm Orange","isPartOf":{"@id":"https:\/\/www.erresse-shop.it\/de\/#website"},"datePublished":"2022-12-19T15:43:14+00:00","dateModified":"2025-01-17T09:00:21+00:00","description":"Entdecken Sie LE CREUSET Ovaler Risottotopf aus Gusseisen 27 cm Orange bei ErresseShop. Qualit\u00e4t, Stil und Funktionalit\u00e4t \u2013 jetzt online bestellen!","breadcrumb":{"@id":"https:\/\/www.erresse-shop.it\/de\/shop\/toepfe-pfannen\/schmorpfannen\/le-creuset-ovaler-risottotopf-aus-gusseisen-27-cm-orange\/#breadcrumb"},"inLanguage":"de-DE","potentialAction":[{"@type":"ReadAction","target":["https:\/\/www.erresse-shop.it\/de\/shop\/toepfe-pfannen\/schmorpfannen\/le-creuset-ovaler-risottotopf-aus-gusseisen-27-cm-orange\/"]}]},{"@type":"BreadcrumbList","@id":"https:\/\/www.erresse-shop.it\/de\/shop\/toepfe-pfannen\/schmorpfannen\/le-creuset-ovaler-risottotopf-aus-gusseisen-27-cm-orange\/#breadcrumb","itemListElement":[{"@type":"ListItem","position":1,"name":"Home","item":"https:\/\/www.erresse-shop.it\/de\/"},{"@type":"ListItem","position":2,"name":"Shop","item":"https:\/\/www.erresse-shop.it\/de\/shop\/"},{"@type":"ListItem","position":3,"name":"LE CREUSET Ovaler Risottotopf aus Gusseisen 27 cm Orange"}]},{"@type":"WebSite","@id":"https:\/\/www.erresse-shop.it\/de\/#website","url":"https:\/\/www.erresse-shop.it\/de\/","name":"Erresse Shop","description":"Articoli di qualit\u00e0 per la casa","potentialAction":[{"@type":"SearchAction","target":{"@type":"EntryPoint","urlTemplate":"https:\/\/www.erresse-shop.it\/de\/?s={search_term_string}"},"query-input":"required name=search_term_string"}],"inLanguage":"de-DE"}]}},"df_price":179.95,"df_sale_price":179.95,"df_regular_price":309,"df_image_link":"https:\/\/www.erresse-shop.it\/wp-content\/uploads\/2022\/12\/LE-CREUSET-Tegame-Alto-Risotto-Arancione1-300x300.jpg","_links":{"self":[{"href":"https:\/\/www.erresse-shop.it\/de\/wp-json\/wp\/v2\/product\/222589"}],"collection":[{"href":"https:\/\/www.erresse-shop.it\/de\/wp-json\/wp\/v2\/product"}],"about":[{"href":"https:\/\/www.erresse-shop.it\/de\/wp-json\/wp\/v2\/types\/product"}],"wp:featuredmedia":[{"embeddable":true,"href":"https:\/\/www.erresse-shop.it\/de\/wp-json\/wp\/v2\/media\/223057"}],"wp:attachment":[{"href":"https:\/\/www.erresse-shop.it\/de\/wp-json\/wp\/v2\/media?parent=222589"}],"wp:term":[{"taxonomy":"product_cat","embeddable":true,"href":"https:\/\/www.erresse-shop.it\/de\/wp-json\/wp\/v2\/product_cat?post=222589"},{"taxonomy":"product_tag","embeddable":true,"href":"https:\/\/www.erresse-shop.it\/de\/wp-json\/wp\/v2\/product_tag?post=222589"}],"curies":[{"name":"wp","href":"https:\/\/api.w.org\/{rel}","templated":true}]}}