{"id":222549,"date":"2022-12-19T14:44:30","date_gmt":"2022-12-19T14:44:31","guid":{"rendered":"https:\/\/www.erresse-shop.it\/?post_type=product&#038;p=222549"},"modified":"2025-01-17T09:00:21","modified_gmt":"2025-01-17T09:00:21","slug":"le-creuset-gusseiserner-balti-topf-24-cm-meringue","status":"publish","type":"product","link":"https:\/\/www.erresse-shop.it\/de\/shop\/toepfe-pfannen\/toepfe-und-kochtoepfen\/le-creuset-gusseiserner-balti-topf-24-cm-meringue\/","title":{"rendered":"LE CREUSET Gusseiserner Balti-Topf 24 cm Meringue"},"content":{"rendered":"<p><strong>GEW\u00dcRZE UND GESCHMACKSRICHTUNGEN<\/strong><\/p>\n<p>Balti stammt aus der asiatischen Region Baltistan im Norden Pakistans. Unser Balti-Topf aus verglastem Gusseisen hat einen flachen, kochfeldtauglichen Boden. Sie k\u00f6nnen ihn auch im Backofen im Grillmodus verwenden. Wie der Name schon sagt, ist er ideal f\u00fcr die Zubereitung k\u00f6stlicher Currygerichte. Sie k\u00f6nnen so viel mehr tun, um Ihre Kreativit\u00e4t zu entfesseln.<\/p>\n<p>Vielseitigkeit: Dieses Produkt ist f\u00fcr Backofen, Herd und Grill geeignet.<br \/>\nHervorragender Geschmack: Das verglaste Gusseisen speichert die Hitze f\u00fcr gleichm\u00e4\u00dfiges Garen und Br\u00e4unen. So bleiben Ihre k\u00f6stlichen Kreationen auch am Tisch l\u00e4nger hei\u00df.<br \/>\nEinfach zu halten: Die eleganten und bequemen Griffe erm\u00f6glichen ein sicheres Anheben des Produkts.<br \/>\nNicht zu hei\u00df: Kochen Sie bei gleichbleibend niedriger bis mittlerer Hitze, um Ihr Produkt aus verglastem Gusseisen zu schonen und k\u00f6stliche Ergebnisse zu erzielen.<br \/>\nVerbessert sich mit der Zeit: Die verglaste Innenseite entwickelt eine nat\u00fcrliche Patina, die fast wie eine Antihaftbeschichtung wirkt. Seine Oberfl\u00e4che hat Eigenschaften, die verhindern<br \/>\nDie Speisen bleiben auch bei geringen Mengen \u00d6l nicht kleben. Waschen Sie das Produkt nur mit Wasser, damit sich die Patina entwickeln kann.<br \/>\nUnsere Produkte werden aus den besten Materialien in Fabriken auf der ganzen Welt hergestellt, um die Qualit\u00e4t zu garantieren, die Sie von Le Creuset erwarten.<br \/>\nMaterial: verglastes Gusseisen<br \/>\nHergestellt in: Frankreich<br \/>\nGarantie: lebenslang<\/p>\n<p><strong>W\u00e4rmequelle:<\/strong><\/p>\n<ul>\n<li>Elektrokochfeld<\/li>\n<li>Keramisches Glas<\/li>\n<li>Gas-Kochfeld<\/li>\n<li>Induktionskochfeld<\/li>\n<\/ul>\n<p><strong>Reinigung und Pflege:<\/strong><\/p>\n<p>Warten Sie, bis das Produkt abgek\u00fchlt ist, bevor Sie es reinigen.<br \/>\nReinigen Sie den Boden und die Seiten des Produkts von eventuellen R\u00fcckst\u00e4nden. Wenn Lebensmittel daran haften, f\u00fcllen Sie das Produkt mit warmer Seifenlauge und lassen Sie es 15-20 Minuten einweichen, bevor Sie es wie gewohnt waschen.<br \/>\nVerwenden Sie keine scheuernden Reinigungsmittel oder scheuernde oder sehr steife Metallschw\u00e4mme oder B\u00fcrsten f\u00fcr die Oberfl\u00e4chen.<br \/>\nNach dem Waschen gut abtrocknen und an einem trockenen Ort aufbewahren.<\/p>\n<div class=\"su-youtube su-u-responsive-media-yes\"><iframe loading=\"lazy\" width=\"500\" height=\"200\" src=\"https:\/\/www.youtube.com\/embed\/drbRmKhuElo?\" frameborder=\"0\" allowfullscreen allow=\"autoplay; encrypted-media; picture-in-picture\" title=\"\"><\/iframe><\/div>\n","protected":false},"excerpt":{"rendered":"<p>GEW\u00dcRZE UND GESCHMACKSRICHTUNGEN Balti stammt aus der asiatischen Region Baltistan im Norden Pakistans. Unser Balti-Topf aus verglastem Gusseisen hat einen<\/p>\n","protected":false},"featured_media":498347,"template":"","meta":{"_acf_changed":false,"inline_featured_image":false},"product_cat":[6709,14776],"product_tag":[13538,11383,11385],"acf":[],"yoast_head":"<!-- This site is optimized with the Yoast SEO Premium plugin v18.6 (Yoast SEO v19.13) - https:\/\/yoast.com\/wordpress\/plugins\/seo\/ -->\n<title>LE CREUSET Gusseiserner Balti-Topf 24 cm Meringue<\/title>\n<meta name=\"description\" content=\"Entdecken Sie LE CREUSET Gusseiserner Balti-Topf 24 cm Meringue bei ErresseShop. Qualit\u00e4t, Stil und Funktionalit\u00e4t \u2013 jetzt online bestellen!\" \/>\n<meta name=\"robots\" content=\"index, follow, max-snippet:-1, max-image-preview:large, max-video-preview:-1\" \/>\n<link rel=\"canonical\" href=\"https:\/\/www.erresse-shop.it\/de\/shop\/toepfe-pfannen\/toepfe-und-kochtoepfen\/le-creuset-gusseiserner-balti-topf-24-cm-meringue\/\" \/>\n<meta property=\"og:locale\" content=\"de_DE\" \/>\n<meta property=\"og:type\" content=\"article\" \/>\n<meta property=\"og:title\" content=\"LE CREUSET Gusseiserner Balti-Topf 24 cm Meringue\" \/>\n<meta property=\"og:description\" content=\"Entdecken Sie LE CREUSET Gusseiserner Balti-Topf 24 cm Meringue bei ErresseShop. Qualit\u00e4t, Stil und Funktionalit\u00e4t \u2013 jetzt online bestellen!\" \/>\n<meta property=\"og:url\" content=\"https:\/\/www.erresse-shop.it\/de\/shop\/toepfe-pfannen\/toepfe-und-kochtoepfen\/le-creuset-gusseiserner-balti-topf-24-cm-meringue\/\" \/>\n<meta property=\"og:site_name\" content=\"Erresse Shop\" \/>\n<meta property=\"article:modified_time\" content=\"2025-01-17T09:00:21+00:00\" \/>\n<meta property=\"og:image\" content=\"https:\/\/www.erresse-shop.it\/wp-content\/uploads\/2022\/12\/Le-Creuset-Balti-casseruola-meringa-1.png\" \/>\n\t<meta property=\"og:image:width\" content=\"765\" \/>\n\t<meta property=\"og:image:height\" content=\"510\" \/>\n\t<meta property=\"og:image:type\" content=\"image\/png\" \/>\n<meta name=\"twitter:card\" content=\"summary_large_image\" \/>\n<script type=\"application\/ld+json\" class=\"yoast-schema-graph\">{\"@context\":\"https:\/\/schema.org\",\"@graph\":[{\"@type\":\"WebPage\",\"@id\":\"https:\/\/www.erresse-shop.it\/de\/shop\/toepfe-pfannen\/toepfe-und-kochtoepfen\/le-creuset-gusseiserner-balti-topf-24-cm-meringue\/\",\"url\":\"https:\/\/www.erresse-shop.it\/de\/shop\/toepfe-pfannen\/toepfe-und-kochtoepfen\/le-creuset-gusseiserner-balti-topf-24-cm-meringue\/\",\"name\":\"LE CREUSET Gusseiserner Balti-Topf 24 cm Meringue\",\"isPartOf\":{\"@id\":\"https:\/\/www.erresse-shop.it\/de\/#website\"},\"datePublished\":\"2022-12-19T14:44:31+00:00\",\"dateModified\":\"2025-01-17T09:00:21+00:00\",\"description\":\"Entdecken Sie LE CREUSET Gusseiserner Balti-Topf 24 cm Meringue bei ErresseShop. Qualit\u00e4t, Stil und Funktionalit\u00e4t \u2013 jetzt online bestellen!\",\"breadcrumb\":{\"@id\":\"https:\/\/www.erresse-shop.it\/de\/shop\/toepfe-pfannen\/toepfe-und-kochtoepfen\/le-creuset-gusseiserner-balti-topf-24-cm-meringue\/#breadcrumb\"},\"inLanguage\":\"de-DE\",\"potentialAction\":[{\"@type\":\"ReadAction\",\"target\":[\"https:\/\/www.erresse-shop.it\/de\/shop\/toepfe-pfannen\/toepfe-und-kochtoepfen\/le-creuset-gusseiserner-balti-topf-24-cm-meringue\/\"]}]},{\"@type\":\"BreadcrumbList\",\"@id\":\"https:\/\/www.erresse-shop.it\/de\/shop\/toepfe-pfannen\/toepfe-und-kochtoepfen\/le-creuset-gusseiserner-balti-topf-24-cm-meringue\/#breadcrumb\",\"itemListElement\":[{\"@type\":\"ListItem\",\"position\":1,\"name\":\"Home\",\"item\":\"https:\/\/www.erresse-shop.it\/de\/\"},{\"@type\":\"ListItem\",\"position\":2,\"name\":\"Shop\",\"item\":\"https:\/\/www.erresse-shop.it\/de\/shop\/\"},{\"@type\":\"ListItem\",\"position\":3,\"name\":\"LE CREUSET Gusseiserner Balti-Topf 24 cm Meringue\"}]},{\"@type\":\"WebSite\",\"@id\":\"https:\/\/www.erresse-shop.it\/de\/#website\",\"url\":\"https:\/\/www.erresse-shop.it\/de\/\",\"name\":\"Erresse Shop\",\"description\":\"Articoli di qualit\u00e0 per la casa\",\"potentialAction\":[{\"@type\":\"SearchAction\",\"target\":{\"@type\":\"EntryPoint\",\"urlTemplate\":\"https:\/\/www.erresse-shop.it\/de\/?s={search_term_string}\"},\"query-input\":\"required name=search_term_string\"}],\"inLanguage\":\"de-DE\"}]}<\/script>\n<!-- \/ Yoast SEO Premium plugin. -->","yoast_head_json":{"title":"LE CREUSET Gusseiserner Balti-Topf 24 cm Meringue","description":"Entdecken Sie LE CREUSET Gusseiserner Balti-Topf 24 cm Meringue bei ErresseShop. Qualit\u00e4t, Stil und Funktionalit\u00e4t \u2013 jetzt online bestellen!","robots":{"index":"index","follow":"follow","max-snippet":"max-snippet:-1","max-image-preview":"max-image-preview:large","max-video-preview":"max-video-preview:-1"},"canonical":"https:\/\/www.erresse-shop.it\/de\/shop\/toepfe-pfannen\/toepfe-und-kochtoepfen\/le-creuset-gusseiserner-balti-topf-24-cm-meringue\/","og_locale":"de_DE","og_type":"article","og_title":"LE CREUSET Gusseiserner Balti-Topf 24 cm Meringue","og_description":"Entdecken Sie LE CREUSET Gusseiserner Balti-Topf 24 cm Meringue bei ErresseShop. Qualit\u00e4t, Stil und Funktionalit\u00e4t \u2013 jetzt online bestellen!","og_url":"https:\/\/www.erresse-shop.it\/de\/shop\/toepfe-pfannen\/toepfe-und-kochtoepfen\/le-creuset-gusseiserner-balti-topf-24-cm-meringue\/","og_site_name":"Erresse Shop","article_modified_time":"2025-01-17T09:00:21+00:00","og_image":[{"width":765,"height":510,"url":"https:\/\/www.erresse-shop.it\/wp-content\/uploads\/2022\/12\/Le-Creuset-Balti-casseruola-meringa-1.png","type":"image\/png"}],"twitter_card":"summary_large_image","schema":{"@context":"https:\/\/schema.org","@graph":[{"@type":"WebPage","@id":"https:\/\/www.erresse-shop.it\/de\/shop\/toepfe-pfannen\/toepfe-und-kochtoepfen\/le-creuset-gusseiserner-balti-topf-24-cm-meringue\/","url":"https:\/\/www.erresse-shop.it\/de\/shop\/toepfe-pfannen\/toepfe-und-kochtoepfen\/le-creuset-gusseiserner-balti-topf-24-cm-meringue\/","name":"LE CREUSET Gusseiserner Balti-Topf 24 cm Meringue","isPartOf":{"@id":"https:\/\/www.erresse-shop.it\/de\/#website"},"datePublished":"2022-12-19T14:44:31+00:00","dateModified":"2025-01-17T09:00:21+00:00","description":"Entdecken Sie LE CREUSET Gusseiserner Balti-Topf 24 cm Meringue bei ErresseShop. Qualit\u00e4t, Stil und Funktionalit\u00e4t \u2013 jetzt online bestellen!","breadcrumb":{"@id":"https:\/\/www.erresse-shop.it\/de\/shop\/toepfe-pfannen\/toepfe-und-kochtoepfen\/le-creuset-gusseiserner-balti-topf-24-cm-meringue\/#breadcrumb"},"inLanguage":"de-DE","potentialAction":[{"@type":"ReadAction","target":["https:\/\/www.erresse-shop.it\/de\/shop\/toepfe-pfannen\/toepfe-und-kochtoepfen\/le-creuset-gusseiserner-balti-topf-24-cm-meringue\/"]}]},{"@type":"BreadcrumbList","@id":"https:\/\/www.erresse-shop.it\/de\/shop\/toepfe-pfannen\/toepfe-und-kochtoepfen\/le-creuset-gusseiserner-balti-topf-24-cm-meringue\/#breadcrumb","itemListElement":[{"@type":"ListItem","position":1,"name":"Home","item":"https:\/\/www.erresse-shop.it\/de\/"},{"@type":"ListItem","position":2,"name":"Shop","item":"https:\/\/www.erresse-shop.it\/de\/shop\/"},{"@type":"ListItem","position":3,"name":"LE CREUSET Gusseiserner Balti-Topf 24 cm Meringue"}]},{"@type":"WebSite","@id":"https:\/\/www.erresse-shop.it\/de\/#website","url":"https:\/\/www.erresse-shop.it\/de\/","name":"Erresse Shop","description":"Articoli di qualit\u00e0 per la casa","potentialAction":[{"@type":"SearchAction","target":{"@type":"EntryPoint","urlTemplate":"https:\/\/www.erresse-shop.it\/de\/?s={search_term_string}"},"query-input":"required name=search_term_string"}],"inLanguage":"de-DE"}]}},"df_price":74.25,"df_sale_price":74.25,"df_regular_price":165,"df_image_link":"https:\/\/www.erresse-shop.it\/wp-content\/uploads\/2022\/12\/LE-CREUSET-Casseruola-Balti-in-Ghisa-24-cm-Meringa-2-300x300.jpg","_links":{"self":[{"href":"https:\/\/www.erresse-shop.it\/de\/wp-json\/wp\/v2\/product\/222549"}],"collection":[{"href":"https:\/\/www.erresse-shop.it\/de\/wp-json\/wp\/v2\/product"}],"about":[{"href":"https:\/\/www.erresse-shop.it\/de\/wp-json\/wp\/v2\/types\/product"}],"wp:featuredmedia":[{"embeddable":true,"href":"https:\/\/www.erresse-shop.it\/de\/wp-json\/wp\/v2\/media\/498347"}],"wp:attachment":[{"href":"https:\/\/www.erresse-shop.it\/de\/wp-json\/wp\/v2\/media?parent=222549"}],"wp:term":[{"taxonomy":"product_cat","embeddable":true,"href":"https:\/\/www.erresse-shop.it\/de\/wp-json\/wp\/v2\/product_cat?post=222549"},{"taxonomy":"product_tag","embeddable":true,"href":"https:\/\/www.erresse-shop.it\/de\/wp-json\/wp\/v2\/product_tag?post=222549"}],"curies":[{"name":"wp","href":"https:\/\/api.w.org\/{rel}","templated":true}]}}