{"id":221653,"date":"2022-12-16T11:34:57","date_gmt":"2022-12-16T11:34:59","guid":{"rendered":"https:\/\/www.erresse-shop.it\/?post_type=product&#038;p=221653"},"modified":"2025-01-22T07:20:34","modified_gmt":"2025-01-22T07:20:34","slug":"zwilling-enfinigy-stabmixer-schwarz","status":"publish","type":"product","link":"https:\/\/www.erresse-shop.it\/de\/shop\/kleine-elektrogeraete\/mixer\/zwilling-enfinigy-stabmixer-schwarz\/","title":{"rendered":"ZWILLING ENFINIGY Stabmixer Schwarz"},"content":{"rendered":"<p><strong>BESCHREIBUNG<\/strong><\/p>\n<p>Ein Mixer, ein Mixbecher, unendlich viele M\u00f6glichkeiten. Der <strong>ZWILLING<\/strong> <strong>ENFINIGY<\/strong> Stabmixer mit Messbecher ist praktisch<br \/>\npraktisch und vielseitig f\u00fcr viele verschiedene Zubereitungen, ob Smoothies, Saucen oder homogenisierte Lebensmittel.<\/p>\n<p>Dank des leistungsstarken 800-Watt-Motors und seiner 9 Geschwindigkeitsstufen hat der Minipimer immer die richtige Einstellung, um jede Zubereitung perfekt zu machen.<br \/>\nDie scharfe, geriffelte ZWILLING-Klinge mit Pirahna-Zahnung sorgt f\u00fcr perfekte Mixergebnisse.<br \/>\nDer 600 ml Messbecher ist ohne BPA hergestellt und hat einen Deckel, der mit ZWILLING FRESH &amp; SAVE kompatibel ist.<br \/>\nAuf diese Weise k\u00f6nnen Saucen im Voraus zubereitet, vakuumverpackt und sp\u00e4ter frisch genossen werden.<br \/>\nWeitere exklusive Vorteile des Eintauch-Obstmixers sind: die Soft-Start-Funktion zur Reduzierung von Spritzern, die intuitive 2-Tasten-Bedienung und das 1,2 Meter lange Kabel<br \/>\nf\u00fcr eine bequeme Bedienung w\u00e4hrend des Kochens.<\/p>\n<ul>\n<li>Kraftvoller 800-Watt-Hochleistungsmotor f\u00fcr perfektes Mixen<\/li>\n<li>9 verschiedene einstellbare Geschwindigkeiten (6.500 &#8211; 13.000 RPM), einschlie\u00dflich Pulsfunktion<\/li>\n<li>ZWILLING Rippenklinge mit Piranha-Zahnung f\u00fcr au\u00dfergew\u00f6hnliches<\/li>\n<li>Zerkleinern von Zutaten<\/li>\n<li>Robuste Klinge aus hochwertigem, rostfreiem Stahl<\/li>\n<li>600-ml-Kanne, BFA-frei, mit luftdichtem Deckel zur sachgerechten<\/li>\n<li>Lagerung der Pr\u00e4parate<\/li>\n<li>Das 1,2 m lange Netzkabel f\u00fcr bequeme Nutzung<\/li>\n<li>Inklusive Baumwollbeutel f\u00fcr die bequeme Aufbewahrung des Stabmixers nach jedem Gebrauch<\/li>\n<li>Plastikfreie Verpackung<\/li>\n<\/ul>\n<p><strong>MERKMALE<\/strong><\/p>\n<ul>\n<li>Farbe: Stahl-Schwarz<\/li>\n<li>Werkstoff: ABS<\/li>\n<li>Anzahl der Teile: 1<\/li>\n<li>Spannung: 220-240 V<\/li>\n<li>Frequenz: 50\/60 Hz<\/li>\n<li>Sicherheitsschloss: Ja<\/li>\n<li>Motortyp: Gleichstrommotor<\/li>\n<li>Sendungen: 1<\/li>\n<li>Klingenart: Fl\u00fcgelklinge<\/li>\n<li>Geschwindigkeitseinstellungen: 9<\/li>\n<li>Leistungsaufnahme: 800 W<\/li>\n<li>Nettogewicht: 1,20 kg<\/li>\n<\/ul>\n<p><strong>Design:<\/strong> Matteo Thun &amp; Antonio Rodriguez<\/p>\n<p><strong>NICHT ZUM VERKAUF AUSSERHALB EUROPAS<\/strong><\/p>\n","protected":false},"excerpt":{"rendered":"<p>BESCHREIBUNG Ein Mixer, ein Mixbecher, unendlich viele M\u00f6glichkeiten. Der ZWILLING ENFINIGY Stabmixer mit Messbecher ist praktisch praktisch und vielseitig f\u00fcr<\/p>\n","protected":false},"featured_media":223855,"template":"","meta":{"_acf_changed":false,"inline_featured_image":false},"product_cat":[6703,6886],"product_tag":[25038,11415,11413,13723,11925,24762,25022,20851],"acf":[],"yoast_head":"<!-- This site is optimized with the Yoast SEO Premium plugin v18.6 (Yoast SEO v19.13) - https:\/\/yoast.com\/wordpress\/plugins\/seo\/ -->\n<title>ZWILLING ENFINIGY Stabmixer Schwarz<\/title>\n<meta name=\"description\" content=\"Entdecken Sie ZWILLING ENFINIGY Stabmixer Schwarz bei ErresseShop. Qualit\u00e4t, Stil und Funktionalit\u00e4t \u2013 jetzt online bestellen!\" \/>\n<meta name=\"robots\" content=\"index, follow, max-snippet:-1, max-image-preview:large, max-video-preview:-1\" \/>\n<link rel=\"canonical\" href=\"https:\/\/www.erresse-shop.it\/de\/shop\/kleine-elektrogeraete\/mixer\/zwilling-enfinigy-stabmixer-schwarz\/\" \/>\n<meta property=\"og:locale\" content=\"de_DE\" \/>\n<meta property=\"og:type\" content=\"article\" \/>\n<meta property=\"og:title\" content=\"ZWILLING ENFINIGY Stabmixer Schwarz\" \/>\n<meta property=\"og:description\" content=\"Entdecken Sie ZWILLING ENFINIGY Stabmixer Schwarz bei ErresseShop. Qualit\u00e4t, Stil und Funktionalit\u00e4t \u2013 jetzt online bestellen!\" \/>\n<meta property=\"og:url\" content=\"https:\/\/www.erresse-shop.it\/de\/shop\/kleine-elektrogeraete\/mixer\/zwilling-enfinigy-stabmixer-schwarz\/\" \/>\n<meta property=\"og:site_name\" content=\"Erresse Shop\" \/>\n<meta property=\"article:modified_time\" content=\"2025-01-22T07:20:34+00:00\" \/>\n<meta property=\"og:image\" content=\"https:\/\/www.erresse-shop.it\/wp-content\/uploads\/2022\/12\/ZWILLING-ENFINIGY-Frullatore-ad-Immersione-Nero.jpg\" \/>\n\t<meta property=\"og:image:width\" content=\"800\" \/>\n\t<meta property=\"og:image:height\" content=\"800\" \/>\n\t<meta property=\"og:image:type\" content=\"image\/jpeg\" \/>\n<meta name=\"twitter:card\" content=\"summary_large_image\" \/>\n<script type=\"application\/ld+json\" class=\"yoast-schema-graph\">{\"@context\":\"https:\/\/schema.org\",\"@graph\":[{\"@type\":\"WebPage\",\"@id\":\"https:\/\/www.erresse-shop.it\/de\/shop\/kleine-elektrogeraete\/mixer\/zwilling-enfinigy-stabmixer-schwarz\/\",\"url\":\"https:\/\/www.erresse-shop.it\/de\/shop\/kleine-elektrogeraete\/mixer\/zwilling-enfinigy-stabmixer-schwarz\/\",\"name\":\"ZWILLING ENFINIGY Stabmixer Schwarz\",\"isPartOf\":{\"@id\":\"https:\/\/www.erresse-shop.it\/de\/#website\"},\"datePublished\":\"2022-12-16T11:34:59+00:00\",\"dateModified\":\"2025-01-22T07:20:34+00:00\",\"description\":\"Entdecken Sie ZWILLING ENFINIGY Stabmixer Schwarz bei ErresseShop. Qualit\u00e4t, Stil und Funktionalit\u00e4t \u2013 jetzt online bestellen!\",\"breadcrumb\":{\"@id\":\"https:\/\/www.erresse-shop.it\/de\/shop\/kleine-elektrogeraete\/mixer\/zwilling-enfinigy-stabmixer-schwarz\/#breadcrumb\"},\"inLanguage\":\"de-DE\",\"potentialAction\":[{\"@type\":\"ReadAction\",\"target\":[\"https:\/\/www.erresse-shop.it\/de\/shop\/kleine-elektrogeraete\/mixer\/zwilling-enfinigy-stabmixer-schwarz\/\"]}]},{\"@type\":\"BreadcrumbList\",\"@id\":\"https:\/\/www.erresse-shop.it\/de\/shop\/kleine-elektrogeraete\/mixer\/zwilling-enfinigy-stabmixer-schwarz\/#breadcrumb\",\"itemListElement\":[{\"@type\":\"ListItem\",\"position\":1,\"name\":\"Home\",\"item\":\"https:\/\/www.erresse-shop.it\/de\/\"},{\"@type\":\"ListItem\",\"position\":2,\"name\":\"Shop\",\"item\":\"https:\/\/www.erresse-shop.it\/de\/shop\/\"},{\"@type\":\"ListItem\",\"position\":3,\"name\":\"ZWILLING ENFINIGY Stabmixer Schwarz\"}]},{\"@type\":\"WebSite\",\"@id\":\"https:\/\/www.erresse-shop.it\/de\/#website\",\"url\":\"https:\/\/www.erresse-shop.it\/de\/\",\"name\":\"Erresse Shop\",\"description\":\"Articoli di qualit\u00e0 per la casa\",\"potentialAction\":[{\"@type\":\"SearchAction\",\"target\":{\"@type\":\"EntryPoint\",\"urlTemplate\":\"https:\/\/www.erresse-shop.it\/de\/?s={search_term_string}\"},\"query-input\":\"required name=search_term_string\"}],\"inLanguage\":\"de-DE\"}]}<\/script>\n<!-- \/ Yoast SEO Premium plugin. -->","yoast_head_json":{"title":"ZWILLING ENFINIGY Stabmixer Schwarz","description":"Entdecken Sie ZWILLING ENFINIGY Stabmixer Schwarz bei ErresseShop. Qualit\u00e4t, Stil und Funktionalit\u00e4t \u2013 jetzt online bestellen!","robots":{"index":"index","follow":"follow","max-snippet":"max-snippet:-1","max-image-preview":"max-image-preview:large","max-video-preview":"max-video-preview:-1"},"canonical":"https:\/\/www.erresse-shop.it\/de\/shop\/kleine-elektrogeraete\/mixer\/zwilling-enfinigy-stabmixer-schwarz\/","og_locale":"de_DE","og_type":"article","og_title":"ZWILLING ENFINIGY Stabmixer Schwarz","og_description":"Entdecken Sie ZWILLING ENFINIGY Stabmixer Schwarz bei ErresseShop. Qualit\u00e4t, Stil und Funktionalit\u00e4t \u2013 jetzt online bestellen!","og_url":"https:\/\/www.erresse-shop.it\/de\/shop\/kleine-elektrogeraete\/mixer\/zwilling-enfinigy-stabmixer-schwarz\/","og_site_name":"Erresse Shop","article_modified_time":"2025-01-22T07:20:34+00:00","og_image":[{"width":800,"height":800,"url":"https:\/\/www.erresse-shop.it\/wp-content\/uploads\/2022\/12\/ZWILLING-ENFINIGY-Frullatore-ad-Immersione-Nero.jpg","type":"image\/jpeg"}],"twitter_card":"summary_large_image","schema":{"@context":"https:\/\/schema.org","@graph":[{"@type":"WebPage","@id":"https:\/\/www.erresse-shop.it\/de\/shop\/kleine-elektrogeraete\/mixer\/zwilling-enfinigy-stabmixer-schwarz\/","url":"https:\/\/www.erresse-shop.it\/de\/shop\/kleine-elektrogeraete\/mixer\/zwilling-enfinigy-stabmixer-schwarz\/","name":"ZWILLING ENFINIGY Stabmixer Schwarz","isPartOf":{"@id":"https:\/\/www.erresse-shop.it\/de\/#website"},"datePublished":"2022-12-16T11:34:59+00:00","dateModified":"2025-01-22T07:20:34+00:00","description":"Entdecken Sie ZWILLING ENFINIGY Stabmixer Schwarz bei ErresseShop. Qualit\u00e4t, Stil und Funktionalit\u00e4t \u2013 jetzt online bestellen!","breadcrumb":{"@id":"https:\/\/www.erresse-shop.it\/de\/shop\/kleine-elektrogeraete\/mixer\/zwilling-enfinigy-stabmixer-schwarz\/#breadcrumb"},"inLanguage":"de-DE","potentialAction":[{"@type":"ReadAction","target":["https:\/\/www.erresse-shop.it\/de\/shop\/kleine-elektrogeraete\/mixer\/zwilling-enfinigy-stabmixer-schwarz\/"]}]},{"@type":"BreadcrumbList","@id":"https:\/\/www.erresse-shop.it\/de\/shop\/kleine-elektrogeraete\/mixer\/zwilling-enfinigy-stabmixer-schwarz\/#breadcrumb","itemListElement":[{"@type":"ListItem","position":1,"name":"Home","item":"https:\/\/www.erresse-shop.it\/de\/"},{"@type":"ListItem","position":2,"name":"Shop","item":"https:\/\/www.erresse-shop.it\/de\/shop\/"},{"@type":"ListItem","position":3,"name":"ZWILLING ENFINIGY Stabmixer Schwarz"}]},{"@type":"WebSite","@id":"https:\/\/www.erresse-shop.it\/de\/#website","url":"https:\/\/www.erresse-shop.it\/de\/","name":"Erresse Shop","description":"Articoli di qualit\u00e0 per la casa","potentialAction":[{"@type":"SearchAction","target":{"@type":"EntryPoint","urlTemplate":"https:\/\/www.erresse-shop.it\/de\/?s={search_term_string}"},"query-input":"required name=search_term_string"}],"inLanguage":"de-DE"}]}},"df_price":79.95,"df_sale_price":79.95,"df_regular_price":119,"df_image_link":"https:\/\/www.erresse-shop.it\/wp-content\/uploads\/2022\/12\/ZWILLING-ENFINIGY-Frullatore-ad-Immersione-Nero-300x300.jpg","_links":{"self":[{"href":"https:\/\/www.erresse-shop.it\/de\/wp-json\/wp\/v2\/product\/221653"}],"collection":[{"href":"https:\/\/www.erresse-shop.it\/de\/wp-json\/wp\/v2\/product"}],"about":[{"href":"https:\/\/www.erresse-shop.it\/de\/wp-json\/wp\/v2\/types\/product"}],"wp:featuredmedia":[{"embeddable":true,"href":"https:\/\/www.erresse-shop.it\/de\/wp-json\/wp\/v2\/media\/223855"}],"wp:attachment":[{"href":"https:\/\/www.erresse-shop.it\/de\/wp-json\/wp\/v2\/media?parent=221653"}],"wp:term":[{"taxonomy":"product_cat","embeddable":true,"href":"https:\/\/www.erresse-shop.it\/de\/wp-json\/wp\/v2\/product_cat?post=221653"},{"taxonomy":"product_tag","embeddable":true,"href":"https:\/\/www.erresse-shop.it\/de\/wp-json\/wp\/v2\/product_tag?post=221653"}],"curies":[{"name":"wp","href":"https:\/\/api.w.org\/{rel}","templated":true}]}}