{"id":22079,"date":"2017-05-08T09:18:25","date_gmt":"2017-05-08T09:18:25","guid":{"rendered":"https:\/\/www.erresse-shop.it\/?post_type=product&#038;p=22079"},"modified":"2025-01-17T15:46:36","modified_gmt":"2025-01-17T15:46:36","slug":"staub-wok-mit-glassdeckel-37cm","status":"publish","type":"product","link":"https:\/\/www.erresse-shop.it\/de\/shop\/toepfe-pfannen\/wok-topf-pfanne\/staub-wok-mit-glassdeckel-37cm\/","title":{"rendered":"STAUB Wok mit Glassdeckel 37 cm Schwarz"},"content":{"rendered":"<p>Der runde Wok aus der Reihe Staub Specialities ist die ideale Ausstattung f\u00fcr alle Liebhaber der chinesischen K\u00fcche. In ihm gelingen Bami Goreng, Wok-Gem\u00fcse und klein geschnittenes Fleisch besonders gut, denn er besteht aus Gusseisen und wird daher bis an den oberen Rand ausreichend hei\u00df. Dadurch ben\u00f6tigen s\u00e4mtliche Zutaten nur eine kurze Garzeit, bleiben bissfest und behalten eine ansprechende, nat\u00fcrliche Farbe. Der Staub-Wok hat einen Durchmesser von 37 cm und besitzt einen Glasdeckel, mithilfe dessen er sich sogar zum Schmoren und f\u00fcr Gerichte mit hohem Fl\u00fcssigkeitsanteil eignet. Er kann au\u00dferdem mit dem passenden Edelstahleinsatz aus derselben Serie ausgestattet werden, den Sie zum D\u00e4mpfen oder zum Warmhalten bereits gegarter Fleisch- oder Gem\u00fcsest\u00fccke verwenden k\u00f6nnen. Sein Fassungsverm\u00f6gen liegt bei 5,7 l und sein Gewicht bei knapp 7 kg. Durch seine beiden Griffe ist dieser Wok praktisch im Gebrauch und leicht zu handhaben. Der schwarze Wok von Staub eignet sich f\u00fcr jede Art von Kochplatte einschlie\u00dflich der Induktionskochfelder und h\u00e4lt nach der Zubereitung des Essens die Speisen warm. In ihm bereiten Sie stilecht und mit viel Freude ein k\u00f6stliches und durch die kurze Garzeit gleichzeitig sehr vitaminreiches und gesundes Gericht aus der asiatischen K\u00fcche zu \u2013 selbst Spitzenk\u00f6che machen von diesem K\u00fcchenutensil Gebrauch.<\/p>\n<p>&#8211; Vielseitig einsetzbar zum kurzen Anbraten, Schmoren oder D\u00e4mpfen<br \/>\n&#8211; Die schwarzmatte Innenemaillierung eignet sich zum besonders krossen Anbraten und ist besonders strapazierf\u00e4hig<br \/>\n&#8211; F\u00fcr alle Herdarten inkl. Induktion geeignet, auch im Backofen\/Grill einsetzbar<\/p>\n<p><strong>Eigenschaften<\/strong><br \/>\n&#8211; Hitzebest\u00e4ndigkeit: 240,00 \u00baC<br \/>\n&#8211; K\u00e4ltebest\u00e4ndigkeit: -20,00 \u00baC<br \/>\n&#8211; Material: Gusseisen<br \/>\n&#8211; Griffart: Seitengriff<br \/>\n&#8211; Deckel vorhanden: Ja<br \/>\n&#8211; Induktion: Ja<br \/>\n&#8211; Backofen geeignet: Ja<br \/>\n&#8211; Gefrierschrank geeignet: Ja<br \/>\n&#8211; Herdplatten geeignet: Ja<br \/>\n&#8211; sp\u00fclmaschinengeeignet: Ja<\/p>\n<p><strong>Abmessungen<\/strong><br \/>\n&#8211; Gewicht netto: 6,12 kg<br \/>\n&#8211; Volumen: 5,70 l<br \/>\n&#8211; Produktl\u00e4nge: 46,00 cm<br \/>\n&#8211; Produktbreite: 37,00 cm<br \/>\n&#8211; Produkth\u00f6he: 10,20 cm<br \/>\n&#8211; Produkth\u00f6he ohne Deckel: 9,70 cm<br \/>\n&#8211; Oberer Durchmesser: 37,00 cm<br \/>\n&#8211; Bodendurchmesser: 14,00 cm<br \/>\n&#8211; Griffl\u00e4nge: 4,50 cm<\/p>\n","protected":false},"excerpt":{"rendered":"<p>Der runde Wok aus der Reihe Staub Specialities ist die ideale Ausstattung f\u00fcr alle Liebhaber der chinesischen K\u00fcche. In ihm<\/p>\n","protected":false},"featured_media":22080,"template":"","meta":{"_acf_changed":false,"inline_featured_image":false},"product_cat":[6709,6781],"product_tag":[11385,12315,12205],"acf":[],"yoast_head":"<!-- This site is optimized with the Yoast SEO Premium plugin v18.6 (Yoast SEO v19.13) - https:\/\/yoast.com\/wordpress\/plugins\/seo\/ -->\n<title>STAUB Wok mit Glassdeckel 37 cm Schwarz<\/title>\n<meta name=\"description\" content=\"Entdecken Sie STAUB Wok mit Glassdeckel 37 cm Schwarz bei ErresseShop. Qualit\u00e4t, Stil und Funktionalit\u00e4t \u2013 jetzt online bestellen!\" \/>\n<meta name=\"robots\" content=\"index, follow, max-snippet:-1, max-image-preview:large, max-video-preview:-1\" \/>\n<link rel=\"canonical\" href=\"https:\/\/www.erresse-shop.it\/de\/shop\/toepfe-pfannen\/wok-topf-pfanne\/staub-wok-mit-glassdeckel-37cm\/\" \/>\n<meta property=\"og:locale\" content=\"de_DE\" \/>\n<meta property=\"og:type\" content=\"article\" \/>\n<meta property=\"og:title\" content=\"STAUB Wok mit Glassdeckel 37 cm Schwarz\" \/>\n<meta property=\"og:description\" content=\"Entdecken Sie STAUB Wok mit Glassdeckel 37 cm Schwarz bei ErresseShop. Qualit\u00e4t, Stil und Funktionalit\u00e4t \u2013 jetzt online bestellen!\" \/>\n<meta property=\"og:url\" content=\"https:\/\/www.erresse-shop.it\/de\/shop\/toepfe-pfannen\/wok-topf-pfanne\/staub-wok-mit-glassdeckel-37cm\/\" \/>\n<meta property=\"og:site_name\" content=\"Erresse Shop\" \/>\n<meta property=\"article:modified_time\" content=\"2025-01-17T15:46:36+00:00\" \/>\n<meta property=\"og:image\" content=\"https:\/\/www.erresse-shop.it\/wp-content\/uploads\/2017\/05\/products-40509-398-2.jpeg\" \/>\n\t<meta property=\"og:image:width\" content=\"1024\" \/>\n\t<meta property=\"og:image:height\" content=\"1024\" \/>\n\t<meta property=\"og:image:type\" content=\"image\/jpeg\" \/>\n<meta name=\"twitter:card\" content=\"summary_large_image\" \/>\n<script type=\"application\/ld+json\" class=\"yoast-schema-graph\">{\"@context\":\"https:\/\/schema.org\",\"@graph\":[{\"@type\":\"WebPage\",\"@id\":\"https:\/\/www.erresse-shop.it\/de\/shop\/toepfe-pfannen\/wok-topf-pfanne\/staub-wok-mit-glassdeckel-37cm\/\",\"url\":\"https:\/\/www.erresse-shop.it\/de\/shop\/toepfe-pfannen\/wok-topf-pfanne\/staub-wok-mit-glassdeckel-37cm\/\",\"name\":\"STAUB Wok mit Glassdeckel 37 cm Schwarz\",\"isPartOf\":{\"@id\":\"https:\/\/www.erresse-shop.it\/de\/#website\"},\"datePublished\":\"2017-05-08T09:18:25+00:00\",\"dateModified\":\"2025-01-17T15:46:36+00:00\",\"description\":\"Entdecken Sie STAUB Wok mit Glassdeckel 37 cm Schwarz bei ErresseShop. Qualit\u00e4t, Stil und Funktionalit\u00e4t \u2013 jetzt online bestellen!\",\"breadcrumb\":{\"@id\":\"https:\/\/www.erresse-shop.it\/de\/shop\/toepfe-pfannen\/wok-topf-pfanne\/staub-wok-mit-glassdeckel-37cm\/#breadcrumb\"},\"inLanguage\":\"de-DE\",\"potentialAction\":[{\"@type\":\"ReadAction\",\"target\":[\"https:\/\/www.erresse-shop.it\/de\/shop\/toepfe-pfannen\/wok-topf-pfanne\/staub-wok-mit-glassdeckel-37cm\/\"]}]},{\"@type\":\"BreadcrumbList\",\"@id\":\"https:\/\/www.erresse-shop.it\/de\/shop\/toepfe-pfannen\/wok-topf-pfanne\/staub-wok-mit-glassdeckel-37cm\/#breadcrumb\",\"itemListElement\":[{\"@type\":\"ListItem\",\"position\":1,\"name\":\"Home\",\"item\":\"https:\/\/www.erresse-shop.it\/de\/\"},{\"@type\":\"ListItem\",\"position\":2,\"name\":\"Shop\",\"item\":\"https:\/\/www.erresse-shop.it\/de\/shop\/\"},{\"@type\":\"ListItem\",\"position\":3,\"name\":\"STAUB Wok mit Glassdeckel 37 cm Schwarz\"}]},{\"@type\":\"WebSite\",\"@id\":\"https:\/\/www.erresse-shop.it\/de\/#website\",\"url\":\"https:\/\/www.erresse-shop.it\/de\/\",\"name\":\"Erresse Shop\",\"description\":\"Articoli di qualit\u00e0 per la casa\",\"potentialAction\":[{\"@type\":\"SearchAction\",\"target\":{\"@type\":\"EntryPoint\",\"urlTemplate\":\"https:\/\/www.erresse-shop.it\/de\/?s={search_term_string}\"},\"query-input\":\"required name=search_term_string\"}],\"inLanguage\":\"de-DE\"}]}<\/script>\n<!-- \/ Yoast SEO Premium plugin. -->","yoast_head_json":{"title":"STAUB Wok mit Glassdeckel 37 cm Schwarz","description":"Entdecken Sie STAUB Wok mit Glassdeckel 37 cm Schwarz bei ErresseShop. Qualit\u00e4t, Stil und Funktionalit\u00e4t \u2013 jetzt online bestellen!","robots":{"index":"index","follow":"follow","max-snippet":"max-snippet:-1","max-image-preview":"max-image-preview:large","max-video-preview":"max-video-preview:-1"},"canonical":"https:\/\/www.erresse-shop.it\/de\/shop\/toepfe-pfannen\/wok-topf-pfanne\/staub-wok-mit-glassdeckel-37cm\/","og_locale":"de_DE","og_type":"article","og_title":"STAUB Wok mit Glassdeckel 37 cm Schwarz","og_description":"Entdecken Sie STAUB Wok mit Glassdeckel 37 cm Schwarz bei ErresseShop. Qualit\u00e4t, Stil und Funktionalit\u00e4t \u2013 jetzt online bestellen!","og_url":"https:\/\/www.erresse-shop.it\/de\/shop\/toepfe-pfannen\/wok-topf-pfanne\/staub-wok-mit-glassdeckel-37cm\/","og_site_name":"Erresse Shop","article_modified_time":"2025-01-17T15:46:36+00:00","og_image":[{"width":"1024","height":"1024","url":"https:\/\/www.erresse-shop.it\/wp-content\/uploads\/2017\/05\/products-40509-398-2.jpeg","type":"image\/jpeg"}],"twitter_card":"summary_large_image","schema":{"@context":"https:\/\/schema.org","@graph":[{"@type":"WebPage","@id":"https:\/\/www.erresse-shop.it\/de\/shop\/toepfe-pfannen\/wok-topf-pfanne\/staub-wok-mit-glassdeckel-37cm\/","url":"https:\/\/www.erresse-shop.it\/de\/shop\/toepfe-pfannen\/wok-topf-pfanne\/staub-wok-mit-glassdeckel-37cm\/","name":"STAUB Wok mit Glassdeckel 37 cm Schwarz","isPartOf":{"@id":"https:\/\/www.erresse-shop.it\/de\/#website"},"datePublished":"2017-05-08T09:18:25+00:00","dateModified":"2025-01-17T15:46:36+00:00","description":"Entdecken Sie STAUB Wok mit Glassdeckel 37 cm Schwarz bei ErresseShop. Qualit\u00e4t, Stil und Funktionalit\u00e4t \u2013 jetzt online bestellen!","breadcrumb":{"@id":"https:\/\/www.erresse-shop.it\/de\/shop\/toepfe-pfannen\/wok-topf-pfanne\/staub-wok-mit-glassdeckel-37cm\/#breadcrumb"},"inLanguage":"de-DE","potentialAction":[{"@type":"ReadAction","target":["https:\/\/www.erresse-shop.it\/de\/shop\/toepfe-pfannen\/wok-topf-pfanne\/staub-wok-mit-glassdeckel-37cm\/"]}]},{"@type":"BreadcrumbList","@id":"https:\/\/www.erresse-shop.it\/de\/shop\/toepfe-pfannen\/wok-topf-pfanne\/staub-wok-mit-glassdeckel-37cm\/#breadcrumb","itemListElement":[{"@type":"ListItem","position":1,"name":"Home","item":"https:\/\/www.erresse-shop.it\/de\/"},{"@type":"ListItem","position":2,"name":"Shop","item":"https:\/\/www.erresse-shop.it\/de\/shop\/"},{"@type":"ListItem","position":3,"name":"STAUB Wok mit Glassdeckel 37 cm Schwarz"}]},{"@type":"WebSite","@id":"https:\/\/www.erresse-shop.it\/de\/#website","url":"https:\/\/www.erresse-shop.it\/de\/","name":"Erresse Shop","description":"Articoli di qualit\u00e0 per la casa","potentialAction":[{"@type":"SearchAction","target":{"@type":"EntryPoint","urlTemplate":"https:\/\/www.erresse-shop.it\/de\/?s={search_term_string}"},"query-input":"required name=search_term_string"}],"inLanguage":"de-DE"}]}},"df_price":129.5,"df_sale_price":129.5,"df_regular_price":259,"df_image_link":"https:\/\/www.erresse-shop.it\/wp-content\/uploads\/2017\/05\/products-40509-398-2.jpeg","_links":{"self":[{"href":"https:\/\/www.erresse-shop.it\/de\/wp-json\/wp\/v2\/product\/22079"}],"collection":[{"href":"https:\/\/www.erresse-shop.it\/de\/wp-json\/wp\/v2\/product"}],"about":[{"href":"https:\/\/www.erresse-shop.it\/de\/wp-json\/wp\/v2\/types\/product"}],"wp:featuredmedia":[{"embeddable":true,"href":"https:\/\/www.erresse-shop.it\/de\/wp-json\/wp\/v2\/media\/22080"}],"wp:attachment":[{"href":"https:\/\/www.erresse-shop.it\/de\/wp-json\/wp\/v2\/media?parent=22079"}],"wp:term":[{"taxonomy":"product_cat","embeddable":true,"href":"https:\/\/www.erresse-shop.it\/de\/wp-json\/wp\/v2\/product_cat?post=22079"},{"taxonomy":"product_tag","embeddable":true,"href":"https:\/\/www.erresse-shop.it\/de\/wp-json\/wp\/v2\/product_tag?post=22079"}],"curies":[{"name":"wp","href":"https:\/\/api.w.org\/{rel}","templated":true}]}}