{"id":220404,"date":"2022-12-14T11:02:23","date_gmt":"2022-12-14T11:02:26","guid":{"rendered":"https:\/\/www.erresse-shop.it\/?post_type=product&#038;p=220404"},"modified":"2025-05-21T13:21:39","modified_gmt":"2025-05-21T13:21:39","slug":"coravin-pivot-schwarz","status":"publish","type":"product","link":"https:\/\/www.erresse-shop.it\/de\/shop\/tisch\/weinbar-korkenzieher-dekanter-eiskubel\/beluefter\/coravin-pivot-schwarz\/","title":{"rendered":"CORAVIN Pivot+ Schwarz"},"content":{"rendered":"<p>Schenken Sie Ihre Lieblingsweine ein, ohne den Korken zu entfernen. Der Coravin Timeless Six hebt die Eleganz auf ein neues Niveau, denn Sie k\u00f6nnen aus einer Vielzahl von raffinierten Farben w\u00e4hlen, alle mit gl\u00e4nzenden Oberfl\u00e4chen, metallischen Akzenten und einem Angebot an hochwertigem Zubeh\u00f6r. Einfach einstecken, kippen und so viel Wein einschenken, wie Sie m\u00f6chten, w\u00e4hrend Sie den Rest der Flasche in aller Ruhe f\u00fcr Wochen, Monate oder sogar Jahre aufbewahren. Dieses elegante Weinlagersystem ist perfekt f\u00fcr Kenner, aber auch f\u00fcr alle Weinliebhaber.<\/p>\n<p><strong>WINE STORAGE SYSTEM:<\/strong> Bewahren Sie den Geschmack, die Farbe und das Aroma Ihres Rot- oder Wei\u00dfweins bis zu 4 Wochen lang, indem Sie das Pivot Plus Weinlagersystem und den Pivot Bel\u00fcfter als Zubeh\u00f6r verwenden<br \/>\n<strong>GENIESSEN SIE WEIN ZU IHREN EIGENEN BEZEICHNUNGEN:<\/strong> Weinliebhaber k\u00f6nnen so viel oder so wenig Wein genie\u00dfen, wie sie m\u00f6chten, ohne den Druck, die Flasche in einer Sitzung austrinken zu m\u00fcssen &#8211; er h\u00e4lt l\u00e4nger vor.<br \/>\n<strong>SCH\u00dcTZT WEIN VOR OXIDATION:<\/strong> Das Pivot-System ersetzt den Sauerstoff in einer ge\u00f6ffneten Flasche durch reines, lebensmittelechtes Argongas, damit Ihr Wein l\u00e4nger frisch bleibt.<br \/>\n<strong>H\u00e4lt den Wein frisch:<\/strong> einfach den Korken oder den Schraubverschluss durch einen Stopfen ersetzen, den Luftsprudler an die Drehvorrichtung anschlie\u00dfen und dann die Vorrichtung einsetzen, wenn Sie bereit sind, den Wein auszugie\u00dfen. Wenn Sie fertig sind, entfernen Sie das Ger\u00e4t und schlie\u00dfen Sie den Stopfen.<br \/>\n<strong>PACKUNGSINHALT:<\/strong> 1 Drehvorrichtung, 2 Drehverschl\u00fcsse, 2 Coravin Pure-Kappen und 1 Drehbel\u00fcfter.<\/p>\n<p>Das Pivot\u2122+ System kombiniert Weinkonservierung mit perfekter Sauerstoffzufuhr. Dank des Pivot-Bel\u00fcfters (im Lieferumfang enthalten) kann w\u00e4hrend des Einschenkens ein 90-min\u00fctiger Dekantiereffekt erzielt werden, der den Geschmack und das Aroma unseres Weins verst\u00e4rkt. Die verbleibende Menge in der Flasche kann dann in den n\u00e4chsten 4 Wochen getrunken werden, mit der Garantie, dass das letzte Glas genauso perfekt ist wie das erste. Stimmen Sie den Wein auf Ihre Stimmung, das Gericht oder das Wetter ab, Sie haben die Wahl.<\/p>\n<p><strong>F\u00fcr Neophyten und Enthusiasten<\/strong><br \/>\nDas Pivot-System ist die ideale L\u00f6sung sowohl f\u00fcr &#8220;Gelegenheitsliebhaber&#8221; als auch f\u00fcr &#8220;angehende Enthusiasten&#8221;.<\/p>\n<p><strong>Lebensdauer der Kapsel<\/strong><br \/>\nMit jeder Kapsel k\u00f6nnen Sie bis zu zwanzig 150-ml-Gl\u00e4ser Wein einschenken.<\/p>\n<p><strong>Einzigartiges Design<\/strong><br \/>\n\u00d6ffnen Sie die Flasche, ersetzen Sie den Originalstopfen durch den Stopper Pivot und genie\u00dfen Sie ein oder mehrere Gl\u00e4ser Wein nur dann, wenn Sie es w\u00fcnschen.<\/p>\n<p><strong>Materialien<\/strong><\/p>\n<ul>\n<li>Pivot\u2122-Vorrichtung: Kunststoff-Spritzguss, Edelstahl, Elastomere<\/li>\n<li>Pivot\u2122-Bel\u00fcfter: Elastomere, rostfreier Stahl<\/li>\n<li>Pivot\u2122 Stopper: Spritzgegossener Kunststoff<\/li>\n<li>Coravin Pure\u2122 Argon-Kapseln: Recycelbarer Stahl, 100% reines Argon-Gas, synthetischer Gummi, glasfaserverst\u00e4rktes Nylon<\/li>\n<li>Flaschendeckel: Polyester<\/li>\n<\/ul>\n<div class=\"su-youtube su-u-responsive-media-yes\"><iframe loading=\"lazy\" width=\"200\" height=\"200\" src=\"https:\/\/www.youtube.com\/embed\/l8foetvN05I?\" frameborder=\"0\" allowfullscreen allow=\"autoplay; encrypted-media; picture-in-picture\" title=\"\"><\/iframe><\/div>\n","protected":false},"excerpt":{"rendered":"<p>Schenken Sie Ihre Lieblingsweine ein, ohne den Korken zu entfernen. Der Coravin Timeless Six hebt die Eleganz auf ein neues<\/p>\n","protected":false},"featured_media":500458,"template":"","meta":{"_acf_changed":false,"inline_featured_image":false},"product_cat":[6787,6850,25983],"product_tag":[25038,24398,21717,25022,11969],"acf":[],"yoast_head":"<!-- This site is optimized with the Yoast SEO Premium plugin v18.6 (Yoast SEO v19.13) - https:\/\/yoast.com\/wordpress\/plugins\/seo\/ -->\n<title>CORAVIN Pivot\u2122+ Schwarz<\/title>\n<meta name=\"description\" content=\"Entdecken Sie CORAVIN Pivot\u2122+ Schwarz bei ErresseShop. Qualit\u00e4t, Stil und Funktionalit\u00e4t \u2013 jetzt online bestellen!\" \/>\n<meta name=\"robots\" content=\"index, follow, max-snippet:-1, max-image-preview:large, max-video-preview:-1\" \/>\n<link rel=\"canonical\" href=\"https:\/\/www.erresse-shop.it\/de\/shop\/tisch\/weinbar-korkenzieher-dekanter-eiskubel\/beluefter\/coravin-pivot-schwarz\/\" \/>\n<meta property=\"og:locale\" content=\"de_DE\" \/>\n<meta property=\"og:type\" content=\"article\" \/>\n<meta property=\"og:title\" content=\"CORAVIN Pivot+ Schwarz\" \/>\n<meta property=\"og:description\" content=\"Entdecken Sie CORAVIN Pivot\u2122+ Schwarz bei ErresseShop. Qualit\u00e4t, Stil und Funktionalit\u00e4t \u2013 jetzt online bestellen!\" \/>\n<meta property=\"og:url\" content=\"https:\/\/www.erresse-shop.it\/de\/shop\/tisch\/weinbar-korkenzieher-dekanter-eiskubel\/beluefter\/coravin-pivot-schwarz\/\" \/>\n<meta property=\"og:site_name\" content=\"Erresse Shop\" \/>\n<meta property=\"article:modified_time\" content=\"2025-05-21T13:21:39+00:00\" \/>\n<meta property=\"og:image\" content=\"https:\/\/www.erresse-shop.it\/wp-content\/uploads\/2022\/12\/CORAVIN-Pivot-Nero.jpg\" \/>\n\t<meta property=\"og:image:width\" content=\"1200\" \/>\n\t<meta property=\"og:image:height\" content=\"1200\" \/>\n\t<meta property=\"og:image:type\" content=\"image\/jpeg\" \/>\n<meta name=\"twitter:card\" content=\"summary_large_image\" \/>\n<script type=\"application\/ld+json\" class=\"yoast-schema-graph\">{\"@context\":\"https:\/\/schema.org\",\"@graph\":[{\"@type\":\"WebPage\",\"@id\":\"https:\/\/www.erresse-shop.it\/de\/shop\/tisch\/weinbar-korkenzieher-dekanter-eiskubel\/beluefter\/coravin-pivot-schwarz\/\",\"url\":\"https:\/\/www.erresse-shop.it\/de\/shop\/tisch\/weinbar-korkenzieher-dekanter-eiskubel\/beluefter\/coravin-pivot-schwarz\/\",\"name\":\"CORAVIN Pivot\u2122+ Schwarz\",\"isPartOf\":{\"@id\":\"https:\/\/www.erresse-shop.it\/de\/#website\"},\"datePublished\":\"2022-12-14T11:02:26+00:00\",\"dateModified\":\"2025-05-21T13:21:39+00:00\",\"description\":\"Entdecken Sie CORAVIN Pivot\u2122+ Schwarz bei ErresseShop. Qualit\u00e4t, Stil und Funktionalit\u00e4t \u2013 jetzt online bestellen!\",\"breadcrumb\":{\"@id\":\"https:\/\/www.erresse-shop.it\/de\/shop\/tisch\/weinbar-korkenzieher-dekanter-eiskubel\/beluefter\/coravin-pivot-schwarz\/#breadcrumb\"},\"inLanguage\":\"de-DE\",\"potentialAction\":[{\"@type\":\"ReadAction\",\"target\":[\"https:\/\/www.erresse-shop.it\/de\/shop\/tisch\/weinbar-korkenzieher-dekanter-eiskubel\/beluefter\/coravin-pivot-schwarz\/\"]}]},{\"@type\":\"BreadcrumbList\",\"@id\":\"https:\/\/www.erresse-shop.it\/de\/shop\/tisch\/weinbar-korkenzieher-dekanter-eiskubel\/beluefter\/coravin-pivot-schwarz\/#breadcrumb\",\"itemListElement\":[{\"@type\":\"ListItem\",\"position\":1,\"name\":\"Home\",\"item\":\"https:\/\/www.erresse-shop.it\/de\/\"},{\"@type\":\"ListItem\",\"position\":2,\"name\":\"Shop\",\"item\":\"https:\/\/www.erresse-shop.it\/de\/shop\/\"},{\"@type\":\"ListItem\",\"position\":3,\"name\":\"CORAVIN Pivot+ Schwarz\"}]},{\"@type\":\"WebSite\",\"@id\":\"https:\/\/www.erresse-shop.it\/de\/#website\",\"url\":\"https:\/\/www.erresse-shop.it\/de\/\",\"name\":\"Erresse Shop\",\"description\":\"Articoli di qualit\u00e0 per la casa\",\"potentialAction\":[{\"@type\":\"SearchAction\",\"target\":{\"@type\":\"EntryPoint\",\"urlTemplate\":\"https:\/\/www.erresse-shop.it\/de\/?s={search_term_string}\"},\"query-input\":\"required name=search_term_string\"}],\"inLanguage\":\"de-DE\"}]}<\/script>\n<!-- \/ Yoast SEO Premium plugin. -->","yoast_head_json":{"title":"CORAVIN Pivot\u2122+ Schwarz","description":"Entdecken Sie CORAVIN Pivot\u2122+ Schwarz bei ErresseShop. Qualit\u00e4t, Stil und Funktionalit\u00e4t \u2013 jetzt online bestellen!","robots":{"index":"index","follow":"follow","max-snippet":"max-snippet:-1","max-image-preview":"max-image-preview:large","max-video-preview":"max-video-preview:-1"},"canonical":"https:\/\/www.erresse-shop.it\/de\/shop\/tisch\/weinbar-korkenzieher-dekanter-eiskubel\/beluefter\/coravin-pivot-schwarz\/","og_locale":"de_DE","og_type":"article","og_title":"CORAVIN Pivot+ Schwarz","og_description":"Entdecken Sie CORAVIN Pivot\u2122+ Schwarz bei ErresseShop. Qualit\u00e4t, Stil und Funktionalit\u00e4t \u2013 jetzt online bestellen!","og_url":"https:\/\/www.erresse-shop.it\/de\/shop\/tisch\/weinbar-korkenzieher-dekanter-eiskubel\/beluefter\/coravin-pivot-schwarz\/","og_site_name":"Erresse Shop","article_modified_time":"2025-05-21T13:21:39+00:00","og_image":[{"width":1200,"height":1200,"url":"https:\/\/www.erresse-shop.it\/wp-content\/uploads\/2022\/12\/CORAVIN-Pivot-Nero.jpg","type":"image\/jpeg"}],"twitter_card":"summary_large_image","schema":{"@context":"https:\/\/schema.org","@graph":[{"@type":"WebPage","@id":"https:\/\/www.erresse-shop.it\/de\/shop\/tisch\/weinbar-korkenzieher-dekanter-eiskubel\/beluefter\/coravin-pivot-schwarz\/","url":"https:\/\/www.erresse-shop.it\/de\/shop\/tisch\/weinbar-korkenzieher-dekanter-eiskubel\/beluefter\/coravin-pivot-schwarz\/","name":"CORAVIN Pivot\u2122+ Schwarz","isPartOf":{"@id":"https:\/\/www.erresse-shop.it\/de\/#website"},"datePublished":"2022-12-14T11:02:26+00:00","dateModified":"2025-05-21T13:21:39+00:00","description":"Entdecken Sie CORAVIN Pivot\u2122+ Schwarz bei ErresseShop. Qualit\u00e4t, Stil und Funktionalit\u00e4t \u2013 jetzt online bestellen!","breadcrumb":{"@id":"https:\/\/www.erresse-shop.it\/de\/shop\/tisch\/weinbar-korkenzieher-dekanter-eiskubel\/beluefter\/coravin-pivot-schwarz\/#breadcrumb"},"inLanguage":"de-DE","potentialAction":[{"@type":"ReadAction","target":["https:\/\/www.erresse-shop.it\/de\/shop\/tisch\/weinbar-korkenzieher-dekanter-eiskubel\/beluefter\/coravin-pivot-schwarz\/"]}]},{"@type":"BreadcrumbList","@id":"https:\/\/www.erresse-shop.it\/de\/shop\/tisch\/weinbar-korkenzieher-dekanter-eiskubel\/beluefter\/coravin-pivot-schwarz\/#breadcrumb","itemListElement":[{"@type":"ListItem","position":1,"name":"Home","item":"https:\/\/www.erresse-shop.it\/de\/"},{"@type":"ListItem","position":2,"name":"Shop","item":"https:\/\/www.erresse-shop.it\/de\/shop\/"},{"@type":"ListItem","position":3,"name":"CORAVIN Pivot+ Schwarz"}]},{"@type":"WebSite","@id":"https:\/\/www.erresse-shop.it\/de\/#website","url":"https:\/\/www.erresse-shop.it\/de\/","name":"Erresse Shop","description":"Articoli di qualit\u00e0 per la casa","potentialAction":[{"@type":"SearchAction","target":{"@type":"EntryPoint","urlTemplate":"https:\/\/www.erresse-shop.it\/de\/?s={search_term_string}"},"query-input":"required name=search_term_string"}],"inLanguage":"de-DE"}]}},"df_price":139.993,"df_sale_price":139.993,"df_regular_price":199.99,"df_image_link":"https:\/\/www.erresse-shop.it\/wp-content\/uploads\/2022\/12\/CORAVIN-Pivot-Nero-300x300.jpg","_links":{"self":[{"href":"https:\/\/www.erresse-shop.it\/de\/wp-json\/wp\/v2\/product\/220404"}],"collection":[{"href":"https:\/\/www.erresse-shop.it\/de\/wp-json\/wp\/v2\/product"}],"about":[{"href":"https:\/\/www.erresse-shop.it\/de\/wp-json\/wp\/v2\/types\/product"}],"wp:featuredmedia":[{"embeddable":true,"href":"https:\/\/www.erresse-shop.it\/de\/wp-json\/wp\/v2\/media\/500458"}],"wp:attachment":[{"href":"https:\/\/www.erresse-shop.it\/de\/wp-json\/wp\/v2\/media?parent=220404"}],"wp:term":[{"taxonomy":"product_cat","embeddable":true,"href":"https:\/\/www.erresse-shop.it\/de\/wp-json\/wp\/v2\/product_cat?post=220404"},{"taxonomy":"product_tag","embeddable":true,"href":"https:\/\/www.erresse-shop.it\/de\/wp-json\/wp\/v2\/product_tag?post=220404"}],"curies":[{"name":"wp","href":"https:\/\/api.w.org\/{rel}","templated":true}]}}