{"id":219949,"date":"2022-12-13T11:08:59","date_gmt":"2022-12-13T11:09:01","guid":{"rendered":"https:\/\/www.erresse-shop.it\/?post_type=product&#038;p=219949"},"modified":"2025-01-17T07:54:35","modified_gmt":"2025-01-17T07:54:35","slug":"jura-kaffeevollautomat-giga-6-aluminium","status":"publish","type":"product","link":"https:\/\/www.erresse-shop.it\/de\/shop\/kleine-elektrogeraete\/kaffeemaschinen-espresso\/automatisch\/jura-kaffeevollautomat-giga-6-aluminium\/","title":{"rendered":"JURA Kaffeevollautomat GIGA 6 Aluminium"},"content":{"rendered":"<p><strong>Perfektion, Pr\u00e4zision, Professionalit\u00e4t in einer neuen Dimension<\/strong><br \/>\nDie JURA GIGA 6 definiert den Begriff des &#8220;Kaffeespezialit\u00e4ten-Vollautomaten&#8221; neu. Die professionelle Kaffeemaschine f\u00fcr den Haushalt zeichnet sich durch den Einsatz modernster Technik mit hervorragenden Ergebnissen aus.<\/p>\n<p>Die mit Schweizer Pr\u00e4zision und hochwertigen Materialien gefertigte Designsprache spiegelt die St\u00e4rke und Kompetenz der GIGA 6 wider: Die massive Aluminium-Frontplatte mit einer St\u00e4rke von 3 Millimetern und die robusten Aromaschutzdeckel aus verchromtem Zinkdruckguss unterstreichen die hohe Qualit\u00e4t dieser neuen Ikone unter den Kaffeemaschinen.<br \/>\nDank des Displays mit Touchscreen-Technologie und dem Rotary Switch in Blue Crystal ist die GIGA 6, ein Juwel der Schweizer Ingenieurskunst, intuitiv bedienbar und bietet Deep L-Liebhabern eine Auswahl von 28 un\u00fcbertroffenen Spezialit\u00e4ten. K\u00fcnstliche Intelligenz und ein durchdachtes Design erm\u00f6glichen einen F\u00fcnf-Sterne-Betrieb.<\/p>\n<p><strong>Doppelte Leistung, doppelte Wirkung f\u00fcr 28 Spezialit\u00e4ten<\/strong><br \/>\nMaximaler Kaffeegenuss ist das Ergebnis idealer Extraktionsbedingungen. Trendige Spezialit\u00e4ten sind die Summe der perfekten Zutaten.<br \/>\nDeshalb beherrscht die neue GIGA 6 drei verschiedene Br\u00fchverfahren f\u00fcr Kaffee sowie die optimale Erw\u00e4rmung und Aufsch\u00e4umung von Milch, die bei der Zubereitung trendiger Spezialit\u00e4ten zur Geltung kommen. Eine v\u00f6llig neue interne Struktur mit zwei Heizsystemen und zwei Pumpen erm\u00f6glicht die parallele Zubereitung von Kaffee und Milch oder Schaum. So k\u00f6nnen Kaffeeliebhaber k\u00f6stliche Getr\u00e4nke wie Caffelatte, Flat White oder Cortado genie\u00dfen. Mit dem neuen Premiumprodukt von JURA lassen sich sogar zwei Spezialit\u00e4ten gleichzeitig zubereiten.<br \/>\nMilch und Milchschaum k\u00f6nnen nach pers\u00f6nlichem Geschmack kalibriert und auf zehn Temperaturstufen programmiert werden.<\/p>\n<p><strong>Spezialit\u00e4ten:<\/strong><\/p>\n<ul>\n<li>Espresso<\/li>\n<li>2 x Espresso<\/li>\n<li>Kaffee<\/li>\n<li>2 x Kaffee<\/li>\n<li>Barista-Kaffee<\/li>\n<li>2 x Barista<\/li>\n<li>Langer Barista<\/li>\n<li>2 x Lungo Barista<\/li>\n<li>Doppelter Espresso<\/li>\n<li>Kaffee-Brikett<\/li>\n<li>Cortado<\/li>\n<li>2 x Cortado<\/li>\n<li>Espresso Macchiato<\/li>\n<li>2 x Espresso Macchiato<\/li>\n<li>Kaffee-Milch<\/li>\n<li>Cappuccino<\/li>\n<li>2 x Cappuccino<\/li>\n<li>Flacher Wei\u00dfer<\/li>\n<li>2 x Flacher Wei\u00dfer<\/li>\n<li>Latte Macchiato<\/li>\n<li>2 x Latte Macchiato<\/li>\n<li>Portion Milchschaum<\/li>\n<li>2 x Milchschaum<\/li>\n<li>Milchportion<\/li>\n<li>2 x Milchportion<\/li>\n<li>Hei\u00dfes Wasser<\/li>\n<li>Gr\u00fcner Tee Wasser<\/li>\n<\/ul>\n<p><strong>Besondere Vorteile:<\/strong><\/p>\n<ul>\n<li>Intelligentes Vorheizen<\/li>\n<li>Automatische Mahlwerkseinstellung<\/li>\n<li>Milch-\/Schaumumschaltung<\/li>\n<li>Jura-Cockpit mit Wartungsstatus-Anzeige<\/li>\n<li>Wi-Fi-Verbindung<\/li>\n<\/ul>\n<p><strong>Standard f\u00fcr JURA-Kaffeespezialit\u00e4ten-Vollautomaten:<\/strong><\/p>\n<ul>\n<li>Gepulstes Extraktionsverfahren (P.E.P.\u00ae)<\/li>\n<li>Lange One-Touch-Funktion<\/li>\n<li>Variable Power Dispenser-Gruppe (5\/16 gr)<\/li>\n<li>2 Kaffeem\u00fchlen mit Keramikmahlwerk<\/li>\n<li>15 Bar Pumpe<\/li>\n<li>Thermoblock-Heizsystem<\/li>\n<li>Instant-Milchspender<\/li>\n<li>Fach f\u00fcr gemahlenen Kaffee<\/li>\n<li>Aromaschutzdeckel<\/li>\n<\/ul>\n<p><strong>Standardsteuerung und -programmierung:<\/strong><\/p>\n<ul>\n<li>4,3&#8243;-Farbdisplay mit Touche Screen Technologie<\/li>\n<li>Produktanpassung<\/li>\n<li>Programmierbare Kaffeeintensit\u00e4t (10 Stufen)<\/li>\n<li>Programmierbare Milch-\/Schaummenge<\/li>\n<li>Programmierbare Warmwassertemperatur<\/li>\n<li>Smartphone-Steuerung<\/li>\n<\/ul>\n<p><strong>Hygienische Standards:<\/strong><\/p>\n<ul>\n<li>Intelligentes Wassersystem<\/li>\n<li>Claris Smart-Filter<\/li>\n<li>Integriertes Reinigungs- und Entkalkungsprogramm<\/li>\n<li>\u00dcberwachte Wasserauffangwanne<\/li>\n<li>Jura Hygiene T \u00dc V zertifiziert<\/li>\n<\/ul>\n<p><strong>Andere Spezifikationen:<\/strong><\/p>\n<ul>\n<li>Energiesparmodus<\/li>\n<li>Programmierbare Abschaltzeit<\/li>\n<li>Programmierbar Ein\/Aus<\/li>\n<li>Tasse Beleuchtung<\/li>\n<li>Fassungsverm\u00f6gen des Beh\u00e4lters 2,6 Liter<\/li>\n<li>Kaffeebohnenbeh\u00e4lter Kapazit\u00e4t 2 x 280 g<\/li>\n<li>Kaffeesatzbeh\u00e4lter 20 Portionen<\/li>\n<li>Kabell\u00e4nge 1,2 M<\/li>\n<li>Spannung Absorption 230V<\/li>\n<li>Absorption Stand By 0,5W<\/li>\n<li>Gewicht 18 kg<\/li>\n<li>Abmessungen (B x H x T) 32 x 41,5 x 48 cm<\/li>\n<li>Land der Produktion Schweiz\n<div class=\"su-youtube su-u-responsive-media-yes\"><iframe loading=\"lazy\" width=\"200\" height=\"200\" src=\"https:\/\/www.youtube.com\/embed\/XGNvoexI48c?\" frameborder=\"0\" allowfullscreen allow=\"autoplay; encrypted-media; picture-in-picture\" title=\"\"><\/iframe><\/div><\/li>\n<\/ul>\n","protected":false},"excerpt":{"rendered":"<p>Perfektion, Pr\u00e4zision, Professionalit\u00e4t in einer neuen Dimension Die JURA GIGA 6 definiert den Begriff des &#8220;Kaffeespezialit\u00e4ten-Vollautomaten&#8221; neu. Die professionelle Kaffeemaschine<\/p>\n","protected":false},"featured_media":225629,"template":"","meta":{"_acf_changed":false,"inline_featured_image":false},"product_cat":[6733,6703,25361],"product_tag":[23569,23564,11869,20766],"acf":[],"yoast_head":"<!-- This site is optimized with the Yoast SEO Premium plugin v18.6 (Yoast SEO v19.13) - https:\/\/yoast.com\/wordpress\/plugins\/seo\/ -->\n<title>JURA Kaffeevollautomat GIGA 6 Aluminium<\/title>\n<meta name=\"description\" content=\"Entdecken Sie JURA Kaffeevollautomat GIGA 6 Aluminium bei ErresseShop. Qualit\u00e4t, Stil und Funktionalit\u00e4t \u2013 jetzt online bestellen!\" \/>\n<meta name=\"robots\" content=\"index, follow, max-snippet:-1, max-image-preview:large, max-video-preview:-1\" \/>\n<link rel=\"canonical\" href=\"https:\/\/www.erresse-shop.it\/de\/shop\/kleine-elektrogeraete\/kaffeemaschinen-espresso\/automatisch\/jura-kaffeevollautomat-giga-6-aluminium\/\" \/>\n<meta property=\"og:locale\" content=\"de_DE\" \/>\n<meta property=\"og:type\" content=\"article\" \/>\n<meta property=\"og:title\" content=\"JURA Kaffeevollautomat GIGA 6 Aluminium\" \/>\n<meta property=\"og:description\" content=\"Entdecken Sie JURA Kaffeevollautomat GIGA 6 Aluminium bei ErresseShop. Qualit\u00e4t, Stil und Funktionalit\u00e4t \u2013 jetzt online bestellen!\" \/>\n<meta property=\"og:url\" content=\"https:\/\/www.erresse-shop.it\/de\/shop\/kleine-elektrogeraete\/kaffeemaschinen-espresso\/automatisch\/jura-kaffeevollautomat-giga-6-aluminium\/\" \/>\n<meta property=\"og:site_name\" content=\"Erresse Shop\" \/>\n<meta property=\"article:modified_time\" content=\"2025-01-17T07:54:35+00:00\" \/>\n<meta property=\"og:image\" content=\"https:\/\/www.erresse-shop.it\/wp-content\/uploads\/2022\/12\/JURA-Macchina-da-caffe-Giga-6.jpg\" \/>\n\t<meta property=\"og:image:width\" content=\"800\" \/>\n\t<meta property=\"og:image:height\" content=\"800\" \/>\n\t<meta property=\"og:image:type\" content=\"image\/jpeg\" \/>\n<meta name=\"twitter:card\" content=\"summary_large_image\" \/>\n<script type=\"application\/ld+json\" class=\"yoast-schema-graph\">{\"@context\":\"https:\/\/schema.org\",\"@graph\":[{\"@type\":\"WebPage\",\"@id\":\"https:\/\/www.erresse-shop.it\/de\/shop\/kleine-elektrogeraete\/kaffeemaschinen-espresso\/automatisch\/jura-kaffeevollautomat-giga-6-aluminium\/\",\"url\":\"https:\/\/www.erresse-shop.it\/de\/shop\/kleine-elektrogeraete\/kaffeemaschinen-espresso\/automatisch\/jura-kaffeevollautomat-giga-6-aluminium\/\",\"name\":\"JURA Kaffeevollautomat GIGA 6 Aluminium\",\"isPartOf\":{\"@id\":\"https:\/\/www.erresse-shop.it\/de\/#website\"},\"datePublished\":\"2022-12-13T11:09:01+00:00\",\"dateModified\":\"2025-01-17T07:54:35+00:00\",\"description\":\"Entdecken Sie JURA Kaffeevollautomat GIGA 6 Aluminium bei ErresseShop. Qualit\u00e4t, Stil und Funktionalit\u00e4t \u2013 jetzt online bestellen!\",\"breadcrumb\":{\"@id\":\"https:\/\/www.erresse-shop.it\/de\/shop\/kleine-elektrogeraete\/kaffeemaschinen-espresso\/automatisch\/jura-kaffeevollautomat-giga-6-aluminium\/#breadcrumb\"},\"inLanguage\":\"de-DE\",\"potentialAction\":[{\"@type\":\"ReadAction\",\"target\":[\"https:\/\/www.erresse-shop.it\/de\/shop\/kleine-elektrogeraete\/kaffeemaschinen-espresso\/automatisch\/jura-kaffeevollautomat-giga-6-aluminium\/\"]}]},{\"@type\":\"BreadcrumbList\",\"@id\":\"https:\/\/www.erresse-shop.it\/de\/shop\/kleine-elektrogeraete\/kaffeemaschinen-espresso\/automatisch\/jura-kaffeevollautomat-giga-6-aluminium\/#breadcrumb\",\"itemListElement\":[{\"@type\":\"ListItem\",\"position\":1,\"name\":\"Home\",\"item\":\"https:\/\/www.erresse-shop.it\/de\/\"},{\"@type\":\"ListItem\",\"position\":2,\"name\":\"Shop\",\"item\":\"https:\/\/www.erresse-shop.it\/de\/shop\/\"},{\"@type\":\"ListItem\",\"position\":3,\"name\":\"JURA Kaffeevollautomat GIGA 6 Aluminium\"}]},{\"@type\":\"WebSite\",\"@id\":\"https:\/\/www.erresse-shop.it\/de\/#website\",\"url\":\"https:\/\/www.erresse-shop.it\/de\/\",\"name\":\"Erresse Shop\",\"description\":\"Articoli di qualit\u00e0 per la casa\",\"potentialAction\":[{\"@type\":\"SearchAction\",\"target\":{\"@type\":\"EntryPoint\",\"urlTemplate\":\"https:\/\/www.erresse-shop.it\/de\/?s={search_term_string}\"},\"query-input\":\"required name=search_term_string\"}],\"inLanguage\":\"de-DE\"}]}<\/script>\n<!-- \/ Yoast SEO Premium plugin. -->","yoast_head_json":{"title":"JURA Kaffeevollautomat GIGA 6 Aluminium","description":"Entdecken Sie JURA Kaffeevollautomat GIGA 6 Aluminium bei ErresseShop. Qualit\u00e4t, Stil und Funktionalit\u00e4t \u2013 jetzt online bestellen!","robots":{"index":"index","follow":"follow","max-snippet":"max-snippet:-1","max-image-preview":"max-image-preview:large","max-video-preview":"max-video-preview:-1"},"canonical":"https:\/\/www.erresse-shop.it\/de\/shop\/kleine-elektrogeraete\/kaffeemaschinen-espresso\/automatisch\/jura-kaffeevollautomat-giga-6-aluminium\/","og_locale":"de_DE","og_type":"article","og_title":"JURA Kaffeevollautomat GIGA 6 Aluminium","og_description":"Entdecken Sie JURA Kaffeevollautomat GIGA 6 Aluminium bei ErresseShop. Qualit\u00e4t, Stil und Funktionalit\u00e4t \u2013 jetzt online bestellen!","og_url":"https:\/\/www.erresse-shop.it\/de\/shop\/kleine-elektrogeraete\/kaffeemaschinen-espresso\/automatisch\/jura-kaffeevollautomat-giga-6-aluminium\/","og_site_name":"Erresse Shop","article_modified_time":"2025-01-17T07:54:35+00:00","og_image":[{"width":800,"height":800,"url":"https:\/\/www.erresse-shop.it\/wp-content\/uploads\/2022\/12\/JURA-Macchina-da-caffe-Giga-6.jpg","type":"image\/jpeg"}],"twitter_card":"summary_large_image","schema":{"@context":"https:\/\/schema.org","@graph":[{"@type":"WebPage","@id":"https:\/\/www.erresse-shop.it\/de\/shop\/kleine-elektrogeraete\/kaffeemaschinen-espresso\/automatisch\/jura-kaffeevollautomat-giga-6-aluminium\/","url":"https:\/\/www.erresse-shop.it\/de\/shop\/kleine-elektrogeraete\/kaffeemaschinen-espresso\/automatisch\/jura-kaffeevollautomat-giga-6-aluminium\/","name":"JURA Kaffeevollautomat GIGA 6 Aluminium","isPartOf":{"@id":"https:\/\/www.erresse-shop.it\/de\/#website"},"datePublished":"2022-12-13T11:09:01+00:00","dateModified":"2025-01-17T07:54:35+00:00","description":"Entdecken Sie JURA Kaffeevollautomat GIGA 6 Aluminium bei ErresseShop. Qualit\u00e4t, Stil und Funktionalit\u00e4t \u2013 jetzt online bestellen!","breadcrumb":{"@id":"https:\/\/www.erresse-shop.it\/de\/shop\/kleine-elektrogeraete\/kaffeemaschinen-espresso\/automatisch\/jura-kaffeevollautomat-giga-6-aluminium\/#breadcrumb"},"inLanguage":"de-DE","potentialAction":[{"@type":"ReadAction","target":["https:\/\/www.erresse-shop.it\/de\/shop\/kleine-elektrogeraete\/kaffeemaschinen-espresso\/automatisch\/jura-kaffeevollautomat-giga-6-aluminium\/"]}]},{"@type":"BreadcrumbList","@id":"https:\/\/www.erresse-shop.it\/de\/shop\/kleine-elektrogeraete\/kaffeemaschinen-espresso\/automatisch\/jura-kaffeevollautomat-giga-6-aluminium\/#breadcrumb","itemListElement":[{"@type":"ListItem","position":1,"name":"Home","item":"https:\/\/www.erresse-shop.it\/de\/"},{"@type":"ListItem","position":2,"name":"Shop","item":"https:\/\/www.erresse-shop.it\/de\/shop\/"},{"@type":"ListItem","position":3,"name":"JURA Kaffeevollautomat GIGA 6 Aluminium"}]},{"@type":"WebSite","@id":"https:\/\/www.erresse-shop.it\/de\/#website","url":"https:\/\/www.erresse-shop.it\/de\/","name":"Erresse Shop","description":"Articoli di qualit\u00e0 per la casa","potentialAction":[{"@type":"SearchAction","target":{"@type":"EntryPoint","urlTemplate":"https:\/\/www.erresse-shop.it\/de\/?s={search_term_string}"},"query-input":"required name=search_term_string"}],"inLanguage":"de-DE"}]}},"df_price":3599.1,"df_sale_price":3599.1,"df_regular_price":3999,"df_image_link":"https:\/\/www.erresse-shop.it\/wp-content\/uploads\/2022\/12\/JURA-Macchina-da-caffe-Giga-6-300x300.jpg","_links":{"self":[{"href":"https:\/\/www.erresse-shop.it\/de\/wp-json\/wp\/v2\/product\/219949"}],"collection":[{"href":"https:\/\/www.erresse-shop.it\/de\/wp-json\/wp\/v2\/product"}],"about":[{"href":"https:\/\/www.erresse-shop.it\/de\/wp-json\/wp\/v2\/types\/product"}],"wp:featuredmedia":[{"embeddable":true,"href":"https:\/\/www.erresse-shop.it\/de\/wp-json\/wp\/v2\/media\/225629"}],"wp:attachment":[{"href":"https:\/\/www.erresse-shop.it\/de\/wp-json\/wp\/v2\/media?parent=219949"}],"wp:term":[{"taxonomy":"product_cat","embeddable":true,"href":"https:\/\/www.erresse-shop.it\/de\/wp-json\/wp\/v2\/product_cat?post=219949"},{"taxonomy":"product_tag","embeddable":true,"href":"https:\/\/www.erresse-shop.it\/de\/wp-json\/wp\/v2\/product_tag?post=219949"}],"curies":[{"name":"wp","href":"https:\/\/api.w.org\/{rel}","templated":true}]}}