{"id":219308,"date":"2022-12-14T08:49:40","date_gmt":"2022-12-14T08:49:40","guid":{"rendered":"https:\/\/www.erresse-shop.it\/?post_type=product&#038;p=219308"},"modified":"2025-01-16T13:12:25","modified_gmt":"2025-01-16T13:12:25","slug":"cilio-zitruspresse-amalfi-schwarz","status":"publish","type":"product","link":"https:\/\/www.erresse-shop.it\/de\/shop\/kleine-elektrogeraete\/zitruspressen\/cilio-zitruspresse-amalfi-schwarz\/","title":{"rendered":"CILIO Zitruspresse Amalfi schwarz"},"content":{"rendered":"<p>Orangensaft oder Zitronensaft &#8211; frisch gepresst?<br \/>\nMit der Cilio Amalfi Saftpresse k\u00f6nnen Sie Zitrusfr\u00fcchte im Handumdrehen in k\u00f6stlichen Saft verwandeln.<\/p>\n<ul>\n<li>25% mehr Saft als ein herk\u00f6mmlicher Entsafter.<\/li>\n<li>Geeignet f\u00fcr alle Arten von Zitrusfr\u00fcchten.<\/li>\n<li>Einfach zu bedienen<\/li>\n<li>Entsaftungssystem mit Hebelbedienung<\/li>\n<li>Vier Saugf\u00fc\u00dfe garantieren einen sicheren Stand.<\/li>\n<li>Praktisch: Kerne und Fruchtfleisch bleiben im Presskegel!<\/li>\n<li>Professionelle Qualit\u00e4t: Der robuste Edelstahl sieht nicht nur elegant und stilvoll aus, sondern ist auch langlebig und sehr robust.<\/li>\n<\/ul>\n<p><strong>Professionelle Entsafter sind nicht nur ein Designelement in jeder K\u00fcche, sie \u00fcberzeugen auch durch perfekte Funktionalit\u00e4t und Qualit\u00e4t.\u00a0 \u00a0<\/strong><\/p>\n<p><strong>FRISCH, LECKER UND GESUND:<\/strong><\/p>\n<ul>\n<li>Frisch gepresster Fruchtsaft ist nicht nur gesund, sondern auch lecker. Mit der professionellen Saftpresse Amalfi von Cilio lassen sich alle Zitruss\u00e4fte m\u00fchelos und \u00fcberall auspressen, auch ohne Strom.<\/li>\n<li>Der Vorteil des manuellen Entsafters ist, dass im Vergleich zu elektrischen Entsaftern viel weniger Bitterstoffe in die Schale gepresst werden und der Saft s\u00fc\u00df und fruchtig bleibt.<\/li>\n<\/ul>\n<p><strong>HERVORRAGENDE QUALIT\u00c4T F\u00dcR EIN HERVORRAGENDES ERGEBNIS:<\/strong><\/p>\n<ul>\n<li>Einfaches Entsaften mit minimalem Aufwand. Die mechanische Kraft\u00fcbertragung beruht auf dem uralten physikalischen Gesetz der Hebelwirkung.<\/li>\n<li>Der lange Griff mit ausgekl\u00fcgelter \u00dcbersetzung garantiert ein leichtes Ausdr\u00fccken ohne gro\u00dfen Kraftaufwand<\/li>\n<\/ul>\n<p><strong>TRICHTER UND KONUS AUS STAHLDRUCKGUSS:<\/strong><\/p>\n<ul>\n<li>Der hochwertige Presskegel garantiert die h\u00f6chstm\u00f6gliche Safteffizienz. Trichter und Konus sind aus rostfreiem Stahl, leicht zu entfernen und sp\u00fclmaschinenfest.<\/li>\n<\/ul>\n<p><strong>Produktspezifikationen<\/strong><\/p>\n<p><strong>Marke:<\/strong> Cilio<br \/>\n<strong>Farbe:<\/strong> Schwarz<br \/>\n<strong>Material:<\/strong> Stahl<br \/>\n<strong>Produktpflege:<\/strong> Sp\u00fclmaschinenfest<br \/>\n<strong>Produktgewicht:<\/strong> 4,5 kg<br \/>\n<strong>Klingenmaterial:<\/strong> Rostfreier Stahl<br \/>\n<strong>Abmessungen des Produkts:<\/strong> 18 x 23 x 40\/72 cm<\/p>\n","protected":false},"excerpt":{"rendered":"<p>Orangensaft oder Zitronensaft &#8211; frisch gepresst? Mit der Cilio Amalfi Saftpresse k\u00f6nnen Sie Zitrusfr\u00fcchte im Handumdrehen in k\u00f6stlichen Saft verwandeln.<\/p>\n","protected":false},"featured_media":219292,"template":"","meta":{"_acf_changed":false,"inline_featured_image":false},"product_cat":[6703,6889],"product_tag":[25027,24604,21679,25022,11929],"acf":[],"yoast_head":"<!-- This site is optimized with the Yoast SEO Premium plugin v18.6 (Yoast SEO v19.13) - https:\/\/yoast.com\/wordpress\/plugins\/seo\/ -->\n<title>CILIO Zitruspresse Amalfi schwarz<\/title>\n<meta name=\"description\" content=\"Entdecken Sie CILIO Zitruspresse Amalfi schwarz bei ErresseShop. Qualit\u00e4t, Stil und Funktionalit\u00e4t \u2013 jetzt online bestellen!\" \/>\n<meta name=\"robots\" content=\"index, follow, max-snippet:-1, max-image-preview:large, max-video-preview:-1\" \/>\n<link rel=\"canonical\" href=\"https:\/\/www.erresse-shop.it\/de\/shop\/kleine-elektrogeraete\/zitruspressen\/cilio-zitruspresse-amalfi-schwarz\/\" \/>\n<meta property=\"og:locale\" content=\"de_DE\" \/>\n<meta property=\"og:type\" content=\"article\" \/>\n<meta property=\"og:title\" content=\"CILIO Zitruspresse Amalfi schwarz\" \/>\n<meta property=\"og:description\" content=\"Entdecken Sie CILIO Zitruspresse Amalfi schwarz bei ErresseShop. Qualit\u00e4t, Stil und Funktionalit\u00e4t \u2013 jetzt online bestellen!\" \/>\n<meta property=\"og:url\" content=\"https:\/\/www.erresse-shop.it\/de\/shop\/kleine-elektrogeraete\/zitruspressen\/cilio-zitruspresse-amalfi-schwarz\/\" \/>\n<meta property=\"og:site_name\" content=\"Erresse Shop\" \/>\n<meta property=\"article:modified_time\" content=\"2025-01-16T13:12:25+00:00\" \/>\n<meta property=\"og:image\" content=\"https:\/\/www.erresse-shop.it\/wp-content\/uploads\/2022\/12\/amalfi-nero.jpg\" \/>\n\t<meta property=\"og:image:width\" content=\"1535\" \/>\n\t<meta property=\"og:image:height\" content=\"1535\" \/>\n\t<meta property=\"og:image:type\" content=\"image\/jpeg\" \/>\n<meta name=\"twitter:card\" content=\"summary_large_image\" \/>\n<script type=\"application\/ld+json\" class=\"yoast-schema-graph\">{\"@context\":\"https:\/\/schema.org\",\"@graph\":[{\"@type\":\"WebPage\",\"@id\":\"https:\/\/www.erresse-shop.it\/de\/shop\/kleine-elektrogeraete\/zitruspressen\/cilio-zitruspresse-amalfi-schwarz\/\",\"url\":\"https:\/\/www.erresse-shop.it\/de\/shop\/kleine-elektrogeraete\/zitruspressen\/cilio-zitruspresse-amalfi-schwarz\/\",\"name\":\"CILIO Zitruspresse Amalfi schwarz\",\"isPartOf\":{\"@id\":\"https:\/\/www.erresse-shop.it\/de\/#website\"},\"datePublished\":\"2022-12-14T08:49:40+00:00\",\"dateModified\":\"2025-01-16T13:12:25+00:00\",\"description\":\"Entdecken Sie CILIO Zitruspresse Amalfi schwarz bei ErresseShop. Qualit\u00e4t, Stil und Funktionalit\u00e4t \u2013 jetzt online bestellen!\",\"breadcrumb\":{\"@id\":\"https:\/\/www.erresse-shop.it\/de\/shop\/kleine-elektrogeraete\/zitruspressen\/cilio-zitruspresse-amalfi-schwarz\/#breadcrumb\"},\"inLanguage\":\"de-DE\",\"potentialAction\":[{\"@type\":\"ReadAction\",\"target\":[\"https:\/\/www.erresse-shop.it\/de\/shop\/kleine-elektrogeraete\/zitruspressen\/cilio-zitruspresse-amalfi-schwarz\/\"]}]},{\"@type\":\"BreadcrumbList\",\"@id\":\"https:\/\/www.erresse-shop.it\/de\/shop\/kleine-elektrogeraete\/zitruspressen\/cilio-zitruspresse-amalfi-schwarz\/#breadcrumb\",\"itemListElement\":[{\"@type\":\"ListItem\",\"position\":1,\"name\":\"Home\",\"item\":\"https:\/\/www.erresse-shop.it\/de\/\"},{\"@type\":\"ListItem\",\"position\":2,\"name\":\"Shop\",\"item\":\"https:\/\/www.erresse-shop.it\/de\/shop\/\"},{\"@type\":\"ListItem\",\"position\":3,\"name\":\"CILIO Zitruspresse Amalfi schwarz\"}]},{\"@type\":\"WebSite\",\"@id\":\"https:\/\/www.erresse-shop.it\/de\/#website\",\"url\":\"https:\/\/www.erresse-shop.it\/de\/\",\"name\":\"Erresse Shop\",\"description\":\"Articoli di qualit\u00e0 per la casa\",\"potentialAction\":[{\"@type\":\"SearchAction\",\"target\":{\"@type\":\"EntryPoint\",\"urlTemplate\":\"https:\/\/www.erresse-shop.it\/de\/?s={search_term_string}\"},\"query-input\":\"required name=search_term_string\"}],\"inLanguage\":\"de-DE\"}]}<\/script>\n<!-- \/ Yoast SEO Premium plugin. -->","yoast_head_json":{"title":"CILIO Zitruspresse Amalfi schwarz","description":"Entdecken Sie CILIO Zitruspresse Amalfi schwarz bei ErresseShop. Qualit\u00e4t, Stil und Funktionalit\u00e4t \u2013 jetzt online bestellen!","robots":{"index":"index","follow":"follow","max-snippet":"max-snippet:-1","max-image-preview":"max-image-preview:large","max-video-preview":"max-video-preview:-1"},"canonical":"https:\/\/www.erresse-shop.it\/de\/shop\/kleine-elektrogeraete\/zitruspressen\/cilio-zitruspresse-amalfi-schwarz\/","og_locale":"de_DE","og_type":"article","og_title":"CILIO Zitruspresse Amalfi schwarz","og_description":"Entdecken Sie CILIO Zitruspresse Amalfi schwarz bei ErresseShop. Qualit\u00e4t, Stil und Funktionalit\u00e4t \u2013 jetzt online bestellen!","og_url":"https:\/\/www.erresse-shop.it\/de\/shop\/kleine-elektrogeraete\/zitruspressen\/cilio-zitruspresse-amalfi-schwarz\/","og_site_name":"Erresse Shop","article_modified_time":"2025-01-16T13:12:25+00:00","og_image":[{"width":1535,"height":1535,"url":"https:\/\/www.erresse-shop.it\/wp-content\/uploads\/2022\/12\/amalfi-nero.jpg","type":"image\/jpeg"}],"twitter_card":"summary_large_image","schema":{"@context":"https:\/\/schema.org","@graph":[{"@type":"WebPage","@id":"https:\/\/www.erresse-shop.it\/de\/shop\/kleine-elektrogeraete\/zitruspressen\/cilio-zitruspresse-amalfi-schwarz\/","url":"https:\/\/www.erresse-shop.it\/de\/shop\/kleine-elektrogeraete\/zitruspressen\/cilio-zitruspresse-amalfi-schwarz\/","name":"CILIO Zitruspresse Amalfi schwarz","isPartOf":{"@id":"https:\/\/www.erresse-shop.it\/de\/#website"},"datePublished":"2022-12-14T08:49:40+00:00","dateModified":"2025-01-16T13:12:25+00:00","description":"Entdecken Sie CILIO Zitruspresse Amalfi schwarz bei ErresseShop. Qualit\u00e4t, Stil und Funktionalit\u00e4t \u2013 jetzt online bestellen!","breadcrumb":{"@id":"https:\/\/www.erresse-shop.it\/de\/shop\/kleine-elektrogeraete\/zitruspressen\/cilio-zitruspresse-amalfi-schwarz\/#breadcrumb"},"inLanguage":"de-DE","potentialAction":[{"@type":"ReadAction","target":["https:\/\/www.erresse-shop.it\/de\/shop\/kleine-elektrogeraete\/zitruspressen\/cilio-zitruspresse-amalfi-schwarz\/"]}]},{"@type":"BreadcrumbList","@id":"https:\/\/www.erresse-shop.it\/de\/shop\/kleine-elektrogeraete\/zitruspressen\/cilio-zitruspresse-amalfi-schwarz\/#breadcrumb","itemListElement":[{"@type":"ListItem","position":1,"name":"Home","item":"https:\/\/www.erresse-shop.it\/de\/"},{"@type":"ListItem","position":2,"name":"Shop","item":"https:\/\/www.erresse-shop.it\/de\/shop\/"},{"@type":"ListItem","position":3,"name":"CILIO Zitruspresse Amalfi schwarz"}]},{"@type":"WebSite","@id":"https:\/\/www.erresse-shop.it\/de\/#website","url":"https:\/\/www.erresse-shop.it\/de\/","name":"Erresse Shop","description":"Articoli di qualit\u00e0 per la casa","potentialAction":[{"@type":"SearchAction","target":{"@type":"EntryPoint","urlTemplate":"https:\/\/www.erresse-shop.it\/de\/?s={search_term_string}"},"query-input":"required name=search_term_string"}],"inLanguage":"de-DE"}]}},"df_price":169.5,"df_sale_price":169.5,"df_regular_price":189.9,"df_image_link":"https:\/\/www.erresse-shop.it\/wp-content\/uploads\/2022\/12\/amalfi-nero-300x300.jpg","_links":{"self":[{"href":"https:\/\/www.erresse-shop.it\/de\/wp-json\/wp\/v2\/product\/219308"}],"collection":[{"href":"https:\/\/www.erresse-shop.it\/de\/wp-json\/wp\/v2\/product"}],"about":[{"href":"https:\/\/www.erresse-shop.it\/de\/wp-json\/wp\/v2\/types\/product"}],"wp:featuredmedia":[{"embeddable":true,"href":"https:\/\/www.erresse-shop.it\/de\/wp-json\/wp\/v2\/media\/219292"}],"wp:attachment":[{"href":"https:\/\/www.erresse-shop.it\/de\/wp-json\/wp\/v2\/media?parent=219308"}],"wp:term":[{"taxonomy":"product_cat","embeddable":true,"href":"https:\/\/www.erresse-shop.it\/de\/wp-json\/wp\/v2\/product_cat?post=219308"},{"taxonomy":"product_tag","embeddable":true,"href":"https:\/\/www.erresse-shop.it\/de\/wp-json\/wp\/v2\/product_tag?post=219308"}],"curies":[{"name":"wp","href":"https:\/\/api.w.org\/{rel}","templated":true}]}}