{"id":218333,"date":"2022-12-09T10:37:47","date_gmt":"2022-12-09T10:37:48","guid":{"rendered":"https:\/\/www.erresse-shop.it\/?post_type=product&#038;p=218333"},"modified":"2025-09-21T14:30:09","modified_gmt":"2025-09-21T14:30:09","slug":"joseph-joseph-pocket-plus-klapptisch-bugelbrett-schwarz","status":"publish","type":"product","link":"https:\/\/www.erresse-shop.it\/de\/shop\/einrichtung-haus\/buegelbretter\/joseph-joseph-pocket-plus-klapptisch-bugelbrett-schwarz\/","title":{"rendered":"JOSEPH JOSEPH Pocket Plus Klapptisch B\u00fcgelbrett Schwarz"},"content":{"rendered":"<p><strong>Joseph Joseph<\/strong>, der weltweit f\u00fchrende Hersteller von K\u00fcchen- und Haushaltswaren.<br \/>\nDas im Jahr 2003 gegr\u00fcndete Unternehmen Joseph Joseph verbindet innovatives Design mit modernem Stil.<br \/>\nDie Verwendung von Farben charakterisiert die Produkte unverkennbar und das sorgf\u00e4ltige Design<br \/>\nmacht sie absolut funktional und praktisch.<\/p>\n<p><strong>Produktmerkmale<\/strong><\/p>\n<ul>\n<li>Faltbares und kompaktes Design<\/li>\n<li>Integrierte Tasche zur Aufbewahrung des B\u00fcgeleisens<\/li>\n<li>Separate Aufh\u00e4ngevorrichtung zur einfachen Aufbewahrung enthalten<\/li>\n<li>Fortschrittlicher, leicht zu wechselnder Deckel mit Drip Lock-Technologie<\/li>\n<li>Gro\u00dfe B\u00fcgelfl\u00e4che<\/li>\n<\/ul>\n<p><strong>Vorsichtsma\u00dfnahmen und Verwendung<\/strong><\/p>\n<ul>\n<li>Wandmontage: Eine Halterung, Schrauben und D\u00fcbel werden f\u00fcr die<\/li>\n<li>Montage des Pocket an einer geeigneten Oberfl\u00e4che mitgeliefert.<\/li>\n<li>Deckel: nur mit einem Tuch abwischen, nicht in der Maschine waschen<\/li>\n<li>Rahmen: mit einem feuchten Tuch reinigen, keine Schw\u00e4mme oder scharfe Chemikalien verwenden.<\/li>\n<li>Achtung: Lassen Sie das B\u00fcgeleisen auf Raumtemperatur abk\u00fchlen, bevor Sie es in die Aufbewahrungstasche legen.<\/li>\n<li>Vergewissern Sie sich, dass der Bezug trocken ist, bevor Sie ihn falten und aufbewahren.<\/li>\n<li>W\u00e4hrend des Gebrauchs au\u00dferhalb der Reichweite von Kindern aufbewahren. Bewahren Sie es nach dem Gebrauch sicher auf.<\/li>\n<li>Die Garantiezeit f\u00fcr Fabrikationsfehler betr\u00e4gt 5 Jahre, alle Einzelheiten finden Sie auf der Garantieseite hier, f\u00fcr alle anderen Komponenten gilt eine<\/li>\n<li>Garantie von 2 Jahren.<\/li>\n<\/ul>\n<p><strong>Abmessungen:<\/strong><br \/>\nGeschlossen: H45,5 x B34 x T15,5 cm (H18 x B13\u00bd x T6\u00bc Zoll)<br \/>\nB\u00fcgelfl\u00e4che: H90 x B33cm (H35\u00bd x L13 Zoll)<br \/>\nIn ge\u00f6ffnetem Zustand ist die B\u00fcgelfl\u00e4che 11 cm von der Tischplatte entfernt.<\/p>\n<p><strong>Gewicht:<\/strong><br \/>\n2,68 kg<\/p>\n<p><strong>Zusammensetzung der Textilien:<\/strong><br \/>\nObere Schicht des Polsters: 100% Baumwolle<br \/>\nFilzunterlage: 100% Polyester<br \/>\nWasserdichte Schicht: 100% Polyester mit Polyurethan-Beschichtung<\/p>\n<p><strong>Entworfen von Joseph Joseph<\/strong><\/p>\n","protected":false},"excerpt":{"rendered":"<p><br data-mce-bogus=\"1\"><\/p>\n","protected":false},"featured_media":443135,"template":"","meta":{"_acf_changed":false,"inline_featured_image":false},"product_cat":[6817,18096],"product_tag":[25027,21664,25022],"acf":[],"yoast_head":"<!-- This site is optimized with the Yoast SEO Premium plugin v18.6 (Yoast SEO v19.13) - https:\/\/yoast.com\/wordpress\/plugins\/seo\/ -->\n<title>JOSEPH JOSEPH Pocket Plus Klapptisch B\u00fcgelbrett Schwarz<\/title>\n<meta name=\"description\" content=\"Entdecken Sie JOSEPH JOSEPH Pocket Plus Klapptisch B\u00fcgelbrett Schwarz bei ErresseShop. Qualit\u00e4t, Stil und Funktionalit\u00e4t \u2013 jetzt online bestellen!\" \/>\n<meta name=\"robots\" content=\"index, follow, max-snippet:-1, max-image-preview:large, max-video-preview:-1\" \/>\n<link rel=\"canonical\" href=\"https:\/\/www.erresse-shop.it\/de\/shop\/einrichtung-haus\/buegelbretter\/joseph-joseph-pocket-plus-klapptisch-bugelbrett-schwarz\/\" \/>\n<meta property=\"og:locale\" content=\"de_DE\" \/>\n<meta property=\"og:type\" content=\"article\" \/>\n<meta property=\"og:title\" content=\"JOSEPH JOSEPH Pocket Plus Klapptisch B\u00fcgelbrett Schwarz\" \/>\n<meta property=\"og:description\" content=\"Entdecken Sie JOSEPH JOSEPH Pocket Plus Klapptisch B\u00fcgelbrett Schwarz bei ErresseShop. Qualit\u00e4t, Stil und Funktionalit\u00e4t \u2013 jetzt online bestellen!\" \/>\n<meta property=\"og:url\" content=\"https:\/\/www.erresse-shop.it\/de\/shop\/einrichtung-haus\/buegelbretter\/joseph-joseph-pocket-plus-klapptisch-bugelbrett-schwarz\/\" \/>\n<meta property=\"og:site_name\" content=\"Erresse Shop\" \/>\n<meta property=\"article:modified_time\" content=\"2025-09-21T14:30:09+00:00\" \/>\n<meta property=\"og:image\" content=\"https:\/\/www.erresse-shop.it\/wp-content\/uploads\/2022\/12\/JOSEPH-JOSEPH-Pocket-Plus-Asse-da-Stiro-da-Tavolo-Pieghevole-Nero.jpg\" \/>\n\t<meta property=\"og:image:width\" content=\"1200\" \/>\n\t<meta property=\"og:image:height\" content=\"1200\" \/>\n\t<meta property=\"og:image:type\" content=\"image\/jpeg\" \/>\n<meta name=\"twitter:card\" content=\"summary_large_image\" \/>\n<script type=\"application\/ld+json\" class=\"yoast-schema-graph\">{\"@context\":\"https:\/\/schema.org\",\"@graph\":[{\"@type\":\"WebPage\",\"@id\":\"https:\/\/www.erresse-shop.it\/de\/shop\/einrichtung-haus\/buegelbretter\/joseph-joseph-pocket-plus-klapptisch-bugelbrett-schwarz\/\",\"url\":\"https:\/\/www.erresse-shop.it\/de\/shop\/einrichtung-haus\/buegelbretter\/joseph-joseph-pocket-plus-klapptisch-bugelbrett-schwarz\/\",\"name\":\"JOSEPH JOSEPH Pocket Plus Klapptisch B\u00fcgelbrett Schwarz\",\"isPartOf\":{\"@id\":\"https:\/\/www.erresse-shop.it\/de\/#website\"},\"datePublished\":\"2022-12-09T10:37:48+00:00\",\"dateModified\":\"2025-09-21T14:30:09+00:00\",\"description\":\"Entdecken Sie JOSEPH JOSEPH Pocket Plus Klapptisch B\u00fcgelbrett Schwarz bei ErresseShop. Qualit\u00e4t, Stil und Funktionalit\u00e4t \u2013 jetzt online bestellen!\",\"breadcrumb\":{\"@id\":\"https:\/\/www.erresse-shop.it\/de\/shop\/einrichtung-haus\/buegelbretter\/joseph-joseph-pocket-plus-klapptisch-bugelbrett-schwarz\/#breadcrumb\"},\"inLanguage\":\"de-DE\",\"potentialAction\":[{\"@type\":\"ReadAction\",\"target\":[\"https:\/\/www.erresse-shop.it\/de\/shop\/einrichtung-haus\/buegelbretter\/joseph-joseph-pocket-plus-klapptisch-bugelbrett-schwarz\/\"]}]},{\"@type\":\"BreadcrumbList\",\"@id\":\"https:\/\/www.erresse-shop.it\/de\/shop\/einrichtung-haus\/buegelbretter\/joseph-joseph-pocket-plus-klapptisch-bugelbrett-schwarz\/#breadcrumb\",\"itemListElement\":[{\"@type\":\"ListItem\",\"position\":1,\"name\":\"Home\",\"item\":\"https:\/\/www.erresse-shop.it\/de\/\"},{\"@type\":\"ListItem\",\"position\":2,\"name\":\"Shop\",\"item\":\"https:\/\/www.erresse-shop.it\/de\/shop\/\"},{\"@type\":\"ListItem\",\"position\":3,\"name\":\"JOSEPH JOSEPH Pocket Plus Klapptisch B\u00fcgelbrett Schwarz\"}]},{\"@type\":\"WebSite\",\"@id\":\"https:\/\/www.erresse-shop.it\/de\/#website\",\"url\":\"https:\/\/www.erresse-shop.it\/de\/\",\"name\":\"Erresse Shop\",\"description\":\"Articoli di qualit\u00e0 per la casa\",\"potentialAction\":[{\"@type\":\"SearchAction\",\"target\":{\"@type\":\"EntryPoint\",\"urlTemplate\":\"https:\/\/www.erresse-shop.it\/de\/?s={search_term_string}\"},\"query-input\":\"required name=search_term_string\"}],\"inLanguage\":\"de-DE\"}]}<\/script>\n<!-- \/ Yoast SEO Premium plugin. -->","yoast_head_json":{"title":"JOSEPH JOSEPH Pocket Plus Klapptisch B\u00fcgelbrett Schwarz","description":"Entdecken Sie JOSEPH JOSEPH Pocket Plus Klapptisch B\u00fcgelbrett Schwarz bei ErresseShop. Qualit\u00e4t, Stil und Funktionalit\u00e4t \u2013 jetzt online bestellen!","robots":{"index":"index","follow":"follow","max-snippet":"max-snippet:-1","max-image-preview":"max-image-preview:large","max-video-preview":"max-video-preview:-1"},"canonical":"https:\/\/www.erresse-shop.it\/de\/shop\/einrichtung-haus\/buegelbretter\/joseph-joseph-pocket-plus-klapptisch-bugelbrett-schwarz\/","og_locale":"de_DE","og_type":"article","og_title":"JOSEPH JOSEPH Pocket Plus Klapptisch B\u00fcgelbrett Schwarz","og_description":"Entdecken Sie JOSEPH JOSEPH Pocket Plus Klapptisch B\u00fcgelbrett Schwarz bei ErresseShop. Qualit\u00e4t, Stil und Funktionalit\u00e4t \u2013 jetzt online bestellen!","og_url":"https:\/\/www.erresse-shop.it\/de\/shop\/einrichtung-haus\/buegelbretter\/joseph-joseph-pocket-plus-klapptisch-bugelbrett-schwarz\/","og_site_name":"Erresse Shop","article_modified_time":"2025-09-21T14:30:09+00:00","og_image":[{"width":1200,"height":1200,"url":"https:\/\/www.erresse-shop.it\/wp-content\/uploads\/2022\/12\/JOSEPH-JOSEPH-Pocket-Plus-Asse-da-Stiro-da-Tavolo-Pieghevole-Nero.jpg","type":"image\/jpeg"}],"twitter_card":"summary_large_image","schema":{"@context":"https:\/\/schema.org","@graph":[{"@type":"WebPage","@id":"https:\/\/www.erresse-shop.it\/de\/shop\/einrichtung-haus\/buegelbretter\/joseph-joseph-pocket-plus-klapptisch-bugelbrett-schwarz\/","url":"https:\/\/www.erresse-shop.it\/de\/shop\/einrichtung-haus\/buegelbretter\/joseph-joseph-pocket-plus-klapptisch-bugelbrett-schwarz\/","name":"JOSEPH JOSEPH Pocket Plus Klapptisch B\u00fcgelbrett Schwarz","isPartOf":{"@id":"https:\/\/www.erresse-shop.it\/de\/#website"},"datePublished":"2022-12-09T10:37:48+00:00","dateModified":"2025-09-21T14:30:09+00:00","description":"Entdecken Sie JOSEPH JOSEPH Pocket Plus Klapptisch B\u00fcgelbrett Schwarz bei ErresseShop. Qualit\u00e4t, Stil und Funktionalit\u00e4t \u2013 jetzt online bestellen!","breadcrumb":{"@id":"https:\/\/www.erresse-shop.it\/de\/shop\/einrichtung-haus\/buegelbretter\/joseph-joseph-pocket-plus-klapptisch-bugelbrett-schwarz\/#breadcrumb"},"inLanguage":"de-DE","potentialAction":[{"@type":"ReadAction","target":["https:\/\/www.erresse-shop.it\/de\/shop\/einrichtung-haus\/buegelbretter\/joseph-joseph-pocket-plus-klapptisch-bugelbrett-schwarz\/"]}]},{"@type":"BreadcrumbList","@id":"https:\/\/www.erresse-shop.it\/de\/shop\/einrichtung-haus\/buegelbretter\/joseph-joseph-pocket-plus-klapptisch-bugelbrett-schwarz\/#breadcrumb","itemListElement":[{"@type":"ListItem","position":1,"name":"Home","item":"https:\/\/www.erresse-shop.it\/de\/"},{"@type":"ListItem","position":2,"name":"Shop","item":"https:\/\/www.erresse-shop.it\/de\/shop\/"},{"@type":"ListItem","position":3,"name":"JOSEPH JOSEPH Pocket Plus Klapptisch B\u00fcgelbrett Schwarz"}]},{"@type":"WebSite","@id":"https:\/\/www.erresse-shop.it\/de\/#website","url":"https:\/\/www.erresse-shop.it\/de\/","name":"Erresse Shop","description":"Articoli di qualit\u00e0 per la casa","potentialAction":[{"@type":"SearchAction","target":{"@type":"EntryPoint","urlTemplate":"https:\/\/www.erresse-shop.it\/de\/?s={search_term_string}"},"query-input":"required name=search_term_string"}],"inLanguage":"de-DE"}]}},"df_price":96.95,"df_sale_price":96.95,"df_regular_price":139.95,"df_image_link":"https:\/\/www.erresse-shop.it\/wp-content\/uploads\/2022\/12\/JOSEPH-JOSEPH-Pocket-Plus-Asse-da-Stiro-da-Tavolo-Pieghevole-Nero-300x300.jpg","_links":{"self":[{"href":"https:\/\/www.erresse-shop.it\/de\/wp-json\/wp\/v2\/product\/218333"}],"collection":[{"href":"https:\/\/www.erresse-shop.it\/de\/wp-json\/wp\/v2\/product"}],"about":[{"href":"https:\/\/www.erresse-shop.it\/de\/wp-json\/wp\/v2\/types\/product"}],"wp:featuredmedia":[{"embeddable":true,"href":"https:\/\/www.erresse-shop.it\/de\/wp-json\/wp\/v2\/media\/443135"}],"wp:attachment":[{"href":"https:\/\/www.erresse-shop.it\/de\/wp-json\/wp\/v2\/media?parent=218333"}],"wp:term":[{"taxonomy":"product_cat","embeddable":true,"href":"https:\/\/www.erresse-shop.it\/de\/wp-json\/wp\/v2\/product_cat?post=218333"},{"taxonomy":"product_tag","embeddable":true,"href":"https:\/\/www.erresse-shop.it\/de\/wp-json\/wp\/v2\/product_tag?post=218333"}],"curies":[{"name":"wp","href":"https:\/\/api.w.org\/{rel}","templated":true}]}}