{"id":218230,"date":"2022-12-09T09:56:08","date_gmt":"2022-12-09T09:56:09","guid":{"rendered":"https:\/\/www.erresse-shop.it\/?post_type=product&#038;p=218230"},"modified":"2025-05-21T12:44:06","modified_gmt":"2025-05-21T12:44:06","slug":"joseph-joseph-elevate-set-6-kuchenutensilien-karussell-multicolour","status":"publish","type":"product","link":"https:\/\/www.erresse-shop.it\/de\/shop\/kuche\/werkzeuge\/joseph-joseph-elevate-set-6-kuchenutensilien-karussell-multicolour\/","title":{"rendered":"JOSEPH JOSEPH Elevate Set 6 K\u00fcchenutensilien Karussell Multicolour"},"content":{"rendered":"<p><strong>Produktmerkmale<\/strong><\/p>\n<ul>\n<li>Die in diesem Set enthaltenen K\u00fcchenutensilien haben beschwerte Griffe f\u00fcr optimale Hygiene und eine effiziente Arbeitsfl\u00e4che.<\/li>\n<li>Das Set enth\u00e4lt: Schauml\u00f6ffel, Spaghettikelle, Schlitzspatel, flexibel und fest, Sch\u00f6pfkelle<\/li>\n<li>Gewichtete Griffe sorgen daf\u00fcr, dass die K\u00f6pfe die Arbeitsfl\u00e4che nicht ber\u00fchren, wenn sie nach unten gerichtet sind<\/li>\n<li>Nylonk\u00f6pfe sind hitzebest\u00e4ndig bis zu 200\u00b0C (392\u00b0F)<\/li>\n<li>Silikongriffe sind hitzebest\u00e4ndig bis zu 270\u00b0C (520\u00b0F)<\/li>\n<li>Das Karussell ist mit einer rutschfesten Unterlage ausgestattet und l\u00e4sst sich leicht bewegen, um die Werkzeugauswahl zu erleichtern.<\/li>\n<li>Geeignet f\u00fcr alle Arten von Kochgeschirr<\/li>\n<\/ul>\n<p><strong>Vorsichtsma\u00dfnahmen und Verwendung<\/strong><\/p>\n<ul>\n<li>Sp\u00fclmaschinengeeignet<\/li>\n<li>Reinigen Sie das Karussell mit einem feuchten Tuch<\/li>\n<li>Um Flecken zu vermeiden, sollten Sie keine stark f\u00e4rbenden Produkte, wie z. B. Kurkuma, verwenden.<\/li>\n<li>BPA-frei<\/li>\n<\/ul>\n<p><strong>Abmessungen:<\/strong><br \/>\nH35 x B16,5 x T16,5 cm (H13\u00be x L6\u00bd x T6\u00bd Zoll)<\/p>\n<p><strong>Entworfen von Joseph Joseph<\/strong><\/p>\n","protected":false},"excerpt":{"rendered":"<p>Produktmerkmale Die in diesem Set enthaltenen K\u00fcchenutensilien haben beschwerte Griffe f\u00fcr optimale Hygiene und eine effiziente Arbeitsfl\u00e4che. Das Set enth\u00e4lt:<\/p>\n","protected":false},"featured_media":500401,"template":"","meta":{"_acf_changed":false,"inline_featured_image":false},"product_cat":[6742,25334],"product_tag":[25027,21636,11453,25022,21637,18367],"acf":[],"yoast_head":"<!-- This site is optimized with the Yoast SEO Premium plugin v18.6 (Yoast SEO v19.13) - https:\/\/yoast.com\/wordpress\/plugins\/seo\/ -->\n<title>JOSEPH JOSEPH Elevate\u2122 Set 6 K\u00fcchenutensilien Karussell Multicolour<\/title>\n<meta name=\"description\" content=\"Entdecken Sie JOSEPH JOSEPH Elevate\u2122 Set 6 K\u00fcchenutensilien Karussell Multicolour bei ErresseShop. Qualit\u00e4t, Stil und Funktionalit\u00e4t \u2013 jetzt online bestellen!\" \/>\n<meta name=\"robots\" content=\"index, follow, max-snippet:-1, max-image-preview:large, max-video-preview:-1\" \/>\n<link rel=\"canonical\" href=\"https:\/\/www.erresse-shop.it\/de\/shop\/kuche\/werkzeuge\/joseph-joseph-elevate-set-6-kuchenutensilien-karussell-multicolour\/\" \/>\n<meta property=\"og:locale\" content=\"de_DE\" \/>\n<meta property=\"og:type\" content=\"article\" \/>\n<meta property=\"og:title\" content=\"JOSEPH JOSEPH Elevate Set 6 K\u00fcchenutensilien Karussell Multicolour\" \/>\n<meta property=\"og:description\" content=\"Entdecken Sie JOSEPH JOSEPH Elevate\u2122 Set 6 K\u00fcchenutensilien Karussell Multicolour bei ErresseShop. Qualit\u00e4t, Stil und Funktionalit\u00e4t \u2013 jetzt online bestellen!\" \/>\n<meta property=\"og:url\" content=\"https:\/\/www.erresse-shop.it\/de\/shop\/kuche\/werkzeuge\/joseph-joseph-elevate-set-6-kuchenutensilien-karussell-multicolour\/\" \/>\n<meta property=\"og:site_name\" content=\"Erresse Shop\" \/>\n<meta property=\"article:modified_time\" content=\"2025-05-21T12:44:06+00:00\" \/>\n<meta property=\"og:image\" content=\"https:\/\/www.erresse-shop.it\/wp-content\/uploads\/2022\/12\/JOSEPH-JOSEPH-Set-6-Utensili-da-Cucina-Carosello-Multicolore.jpg\" \/>\n\t<meta property=\"og:image:width\" content=\"1200\" \/>\n\t<meta property=\"og:image:height\" content=\"1200\" \/>\n\t<meta property=\"og:image:type\" content=\"image\/jpeg\" \/>\n<meta name=\"twitter:card\" content=\"summary_large_image\" \/>\n<script type=\"application\/ld+json\" class=\"yoast-schema-graph\">{\"@context\":\"https:\/\/schema.org\",\"@graph\":[{\"@type\":\"WebPage\",\"@id\":\"https:\/\/www.erresse-shop.it\/de\/shop\/kuche\/werkzeuge\/joseph-joseph-elevate-set-6-kuchenutensilien-karussell-multicolour\/\",\"url\":\"https:\/\/www.erresse-shop.it\/de\/shop\/kuche\/werkzeuge\/joseph-joseph-elevate-set-6-kuchenutensilien-karussell-multicolour\/\",\"name\":\"JOSEPH JOSEPH Elevate\u2122 Set 6 K\u00fcchenutensilien Karussell Multicolour\",\"isPartOf\":{\"@id\":\"https:\/\/www.erresse-shop.it\/de\/#website\"},\"datePublished\":\"2022-12-09T09:56:09+00:00\",\"dateModified\":\"2025-05-21T12:44:06+00:00\",\"description\":\"Entdecken Sie JOSEPH JOSEPH Elevate\u2122 Set 6 K\u00fcchenutensilien Karussell Multicolour bei ErresseShop. Qualit\u00e4t, Stil und Funktionalit\u00e4t \u2013 jetzt online bestellen!\",\"breadcrumb\":{\"@id\":\"https:\/\/www.erresse-shop.it\/de\/shop\/kuche\/werkzeuge\/joseph-joseph-elevate-set-6-kuchenutensilien-karussell-multicolour\/#breadcrumb\"},\"inLanguage\":\"de-DE\",\"potentialAction\":[{\"@type\":\"ReadAction\",\"target\":[\"https:\/\/www.erresse-shop.it\/de\/shop\/kuche\/werkzeuge\/joseph-joseph-elevate-set-6-kuchenutensilien-karussell-multicolour\/\"]}]},{\"@type\":\"BreadcrumbList\",\"@id\":\"https:\/\/www.erresse-shop.it\/de\/shop\/kuche\/werkzeuge\/joseph-joseph-elevate-set-6-kuchenutensilien-karussell-multicolour\/#breadcrumb\",\"itemListElement\":[{\"@type\":\"ListItem\",\"position\":1,\"name\":\"Home\",\"item\":\"https:\/\/www.erresse-shop.it\/de\/\"},{\"@type\":\"ListItem\",\"position\":2,\"name\":\"Shop\",\"item\":\"https:\/\/www.erresse-shop.it\/de\/shop\/\"},{\"@type\":\"ListItem\",\"position\":3,\"name\":\"JOSEPH JOSEPH Elevate Set 6 K\u00fcchenutensilien Karussell Multicolour\"}]},{\"@type\":\"WebSite\",\"@id\":\"https:\/\/www.erresse-shop.it\/de\/#website\",\"url\":\"https:\/\/www.erresse-shop.it\/de\/\",\"name\":\"Erresse Shop\",\"description\":\"Articoli di qualit\u00e0 per la casa\",\"potentialAction\":[{\"@type\":\"SearchAction\",\"target\":{\"@type\":\"EntryPoint\",\"urlTemplate\":\"https:\/\/www.erresse-shop.it\/de\/?s={search_term_string}\"},\"query-input\":\"required name=search_term_string\"}],\"inLanguage\":\"de-DE\"}]}<\/script>\n<!-- \/ Yoast SEO Premium plugin. -->","yoast_head_json":{"title":"JOSEPH JOSEPH Elevate\u2122 Set 6 K\u00fcchenutensilien Karussell Multicolour","description":"Entdecken Sie JOSEPH JOSEPH Elevate\u2122 Set 6 K\u00fcchenutensilien Karussell Multicolour bei ErresseShop. Qualit\u00e4t, Stil und Funktionalit\u00e4t \u2013 jetzt online bestellen!","robots":{"index":"index","follow":"follow","max-snippet":"max-snippet:-1","max-image-preview":"max-image-preview:large","max-video-preview":"max-video-preview:-1"},"canonical":"https:\/\/www.erresse-shop.it\/de\/shop\/kuche\/werkzeuge\/joseph-joseph-elevate-set-6-kuchenutensilien-karussell-multicolour\/","og_locale":"de_DE","og_type":"article","og_title":"JOSEPH JOSEPH Elevate Set 6 K\u00fcchenutensilien Karussell Multicolour","og_description":"Entdecken Sie JOSEPH JOSEPH Elevate\u2122 Set 6 K\u00fcchenutensilien Karussell Multicolour bei ErresseShop. Qualit\u00e4t, Stil und Funktionalit\u00e4t \u2013 jetzt online bestellen!","og_url":"https:\/\/www.erresse-shop.it\/de\/shop\/kuche\/werkzeuge\/joseph-joseph-elevate-set-6-kuchenutensilien-karussell-multicolour\/","og_site_name":"Erresse Shop","article_modified_time":"2025-05-21T12:44:06+00:00","og_image":[{"width":1200,"height":1200,"url":"https:\/\/www.erresse-shop.it\/wp-content\/uploads\/2022\/12\/JOSEPH-JOSEPH-Set-6-Utensili-da-Cucina-Carosello-Multicolore.jpg","type":"image\/jpeg"}],"twitter_card":"summary_large_image","schema":{"@context":"https:\/\/schema.org","@graph":[{"@type":"WebPage","@id":"https:\/\/www.erresse-shop.it\/de\/shop\/kuche\/werkzeuge\/joseph-joseph-elevate-set-6-kuchenutensilien-karussell-multicolour\/","url":"https:\/\/www.erresse-shop.it\/de\/shop\/kuche\/werkzeuge\/joseph-joseph-elevate-set-6-kuchenutensilien-karussell-multicolour\/","name":"JOSEPH JOSEPH Elevate\u2122 Set 6 K\u00fcchenutensilien Karussell Multicolour","isPartOf":{"@id":"https:\/\/www.erresse-shop.it\/de\/#website"},"datePublished":"2022-12-09T09:56:09+00:00","dateModified":"2025-05-21T12:44:06+00:00","description":"Entdecken Sie JOSEPH JOSEPH Elevate\u2122 Set 6 K\u00fcchenutensilien Karussell Multicolour bei ErresseShop. Qualit\u00e4t, Stil und Funktionalit\u00e4t \u2013 jetzt online bestellen!","breadcrumb":{"@id":"https:\/\/www.erresse-shop.it\/de\/shop\/kuche\/werkzeuge\/joseph-joseph-elevate-set-6-kuchenutensilien-karussell-multicolour\/#breadcrumb"},"inLanguage":"de-DE","potentialAction":[{"@type":"ReadAction","target":["https:\/\/www.erresse-shop.it\/de\/shop\/kuche\/werkzeuge\/joseph-joseph-elevate-set-6-kuchenutensilien-karussell-multicolour\/"]}]},{"@type":"BreadcrumbList","@id":"https:\/\/www.erresse-shop.it\/de\/shop\/kuche\/werkzeuge\/joseph-joseph-elevate-set-6-kuchenutensilien-karussell-multicolour\/#breadcrumb","itemListElement":[{"@type":"ListItem","position":1,"name":"Home","item":"https:\/\/www.erresse-shop.it\/de\/"},{"@type":"ListItem","position":2,"name":"Shop","item":"https:\/\/www.erresse-shop.it\/de\/shop\/"},{"@type":"ListItem","position":3,"name":"JOSEPH JOSEPH Elevate Set 6 K\u00fcchenutensilien Karussell Multicolour"}]},{"@type":"WebSite","@id":"https:\/\/www.erresse-shop.it\/de\/#website","url":"https:\/\/www.erresse-shop.it\/de\/","name":"Erresse Shop","description":"Articoli di qualit\u00e0 per la casa","potentialAction":[{"@type":"SearchAction","target":{"@type":"EntryPoint","urlTemplate":"https:\/\/www.erresse-shop.it\/de\/?s={search_term_string}"},"query-input":"required name=search_term_string"}],"inLanguage":"de-DE"}]}},"df_price":39.95,"df_sale_price":39.95,"df_regular_price":79.9,"df_image_link":"https:\/\/www.erresse-shop.it\/wp-content\/uploads\/2022\/12\/JOSEPH-JOSEPH-Set-6-Utensili-da-Cucina-Carosello-Multicolore-300x300.jpg","_links":{"self":[{"href":"https:\/\/www.erresse-shop.it\/de\/wp-json\/wp\/v2\/product\/218230"}],"collection":[{"href":"https:\/\/www.erresse-shop.it\/de\/wp-json\/wp\/v2\/product"}],"about":[{"href":"https:\/\/www.erresse-shop.it\/de\/wp-json\/wp\/v2\/types\/product"}],"wp:featuredmedia":[{"embeddable":true,"href":"https:\/\/www.erresse-shop.it\/de\/wp-json\/wp\/v2\/media\/500401"}],"wp:attachment":[{"href":"https:\/\/www.erresse-shop.it\/de\/wp-json\/wp\/v2\/media?parent=218230"}],"wp:term":[{"taxonomy":"product_cat","embeddable":true,"href":"https:\/\/www.erresse-shop.it\/de\/wp-json\/wp\/v2\/product_cat?post=218230"},{"taxonomy":"product_tag","embeddable":true,"href":"https:\/\/www.erresse-shop.it\/de\/wp-json\/wp\/v2\/product_tag?post=218230"}],"curies":[{"name":"wp","href":"https:\/\/api.w.org\/{rel}","templated":true}]}}