{"id":218043,"date":"2022-12-09T07:44:47","date_gmt":"2022-12-09T07:44:49","guid":{"rendered":"https:\/\/www.erresse-shop.it\/?post_type=product&#038;p=218043"},"modified":"2025-05-21T10:18:29","modified_gmt":"2025-05-21T10:18:29","slug":"joseph-joseph-elevate-5-karussell-messer-grun","status":"publish","type":"product","link":"https:\/\/www.erresse-shop.it\/de\/shop\/kuche\/messer\/joseph-joseph-elevate-5-karussell-messer-grun\/","title":{"rendered":"JOSEPH JOSEPH Elevate 5 Karussell-Messer Gr\u00fcn"},"content":{"rendered":"<p><strong>Produktmerkmale<\/strong><\/p>\n<ul>\n<li>Alle diese Messer sind aus japanischem rostfreiem Stahl gefertigt und k\u00f6nnen leicht aus dem rotierenden Messer ausgew\u00e4hlt werden, auch wenn es in einem Schrank aufbewahrt wird.<\/li>\n<li>Die Elevate\u2122-Technologie wurde entwickelt, um die Hygiene zu verbessern und die Abfallmenge zu minimieren.<\/li>\n<li>Beschwerte Griffe und integrierte Messerablagen verhindern, dass die<\/li>\n<li>Klingen die Arbeitsfl\u00e4che ber\u00fchren, wenn sie abgelegt werden<\/li>\n<li><strong>Japanische Klingen aus rostfreiem Stahl<\/strong><\/li>\n<li>Der drehbare Messerhalter hat vertikale Schlitze f\u00fcr einen einfachen Zugriff und einen rutschfesten Boden.<\/li>\n<li>Packung enth\u00e4lt: 3\u00bd&#8221; Kochmesser, 4\u00bd&#8221; Wellenschliffmesser, 5\u00bd&#8221; Santokumesser, 6\u00bd&#8221; Kochmesser, 8&#8243; Brotmesser und drehbaren Messerhalter<\/li>\n<\/ul>\n<p><strong>Vorsichtsma\u00dfnahmen und Verwendung:<\/strong><\/p>\n<ul>\n<li>Nicht sp\u00fclmaschinengeeignet<\/li>\n<li>Messer &#8211; nur von Hand waschen und sofort abtrocknen<\/li>\n<li>Karussell &#8211; mit einem feuchten Tuch reinigen<\/li>\n<li>BPA-frei<\/li>\n<\/ul>\n<p><strong>Abmessungen:<\/strong><br \/>\nH35 x B13,3 x T13,3 cm (H13\u00be x L5\u00bc x T5\u00bc Zoll)<\/p>\n<p><strong>Entworfen von Joseph Joseph<\/strong><\/p>\n","protected":false},"excerpt":{"rendered":"<p>Produktmerkmale Alle diese Messer sind aus japanischem rostfreiem Stahl gefertigt und k\u00f6nnen leicht aus dem rotierenden Messer ausgew\u00e4hlt werden, auch<\/p>\n","protected":false},"featured_media":500175,"template":"","meta":{"_acf_changed":false,"inline_featured_image":false},"product_cat":[6742,6706,14454],"product_tag":[25027,11397,21624,14044,25022],"acf":[],"yoast_head":"<!-- This site is optimized with the Yoast SEO Premium plugin v18.6 (Yoast SEO v19.13) - https:\/\/yoast.com\/wordpress\/plugins\/seo\/ -->\n<title>JOSEPH JOSEPH Elevate\u2122 5 Karussell-Messer Gr\u00fcn<\/title>\n<meta name=\"description\" content=\"Entdecken Sie JOSEPH JOSEPH Elevate\u2122 5 Karussell-Messer Gr\u00fcn bei ErresseShop. Qualit\u00e4t, Stil und Funktionalit\u00e4t \u2013 jetzt online bestellen!\" \/>\n<meta name=\"robots\" content=\"index, follow, max-snippet:-1, max-image-preview:large, max-video-preview:-1\" \/>\n<link rel=\"canonical\" href=\"https:\/\/www.erresse-shop.it\/de\/shop\/kuche\/messer\/joseph-joseph-elevate-5-karussell-messer-grun\/\" \/>\n<meta property=\"og:locale\" content=\"de_DE\" \/>\n<meta property=\"og:type\" content=\"article\" \/>\n<meta property=\"og:title\" content=\"JOSEPH JOSEPH Elevate 5 Karussell-Messer Gr\u00fcn\" \/>\n<meta property=\"og:description\" content=\"Entdecken Sie JOSEPH JOSEPH Elevate\u2122 5 Karussell-Messer Gr\u00fcn bei ErresseShop. Qualit\u00e4t, Stil und Funktionalit\u00e4t \u2013 jetzt online bestellen!\" \/>\n<meta property=\"og:url\" content=\"https:\/\/www.erresse-shop.it\/de\/shop\/kuche\/messer\/joseph-joseph-elevate-5-karussell-messer-grun\/\" \/>\n<meta property=\"og:site_name\" content=\"Erresse Shop\" \/>\n<meta property=\"article:modified_time\" content=\"2025-05-21T10:18:29+00:00\" \/>\n<meta property=\"og:image\" content=\"https:\/\/www.erresse-shop.it\/wp-content\/uploads\/2022\/12\/JOSEPH-JOSEPH-5-coltelli-a-Giostra-Verde.jpg\" \/>\n\t<meta property=\"og:image:width\" content=\"1200\" \/>\n\t<meta property=\"og:image:height\" content=\"1200\" \/>\n\t<meta property=\"og:image:type\" content=\"image\/jpeg\" \/>\n<meta name=\"twitter:card\" content=\"summary_large_image\" \/>\n<script type=\"application\/ld+json\" class=\"yoast-schema-graph\">{\"@context\":\"https:\/\/schema.org\",\"@graph\":[{\"@type\":\"WebPage\",\"@id\":\"https:\/\/www.erresse-shop.it\/de\/shop\/kuche\/messer\/joseph-joseph-elevate-5-karussell-messer-grun\/\",\"url\":\"https:\/\/www.erresse-shop.it\/de\/shop\/kuche\/messer\/joseph-joseph-elevate-5-karussell-messer-grun\/\",\"name\":\"JOSEPH JOSEPH Elevate\u2122 5 Karussell-Messer Gr\u00fcn\",\"isPartOf\":{\"@id\":\"https:\/\/www.erresse-shop.it\/de\/#website\"},\"datePublished\":\"2022-12-09T07:44:49+00:00\",\"dateModified\":\"2025-05-21T10:18:29+00:00\",\"description\":\"Entdecken Sie JOSEPH JOSEPH Elevate\u2122 5 Karussell-Messer Gr\u00fcn bei ErresseShop. Qualit\u00e4t, Stil und Funktionalit\u00e4t \u2013 jetzt online bestellen!\",\"breadcrumb\":{\"@id\":\"https:\/\/www.erresse-shop.it\/de\/shop\/kuche\/messer\/joseph-joseph-elevate-5-karussell-messer-grun\/#breadcrumb\"},\"inLanguage\":\"de-DE\",\"potentialAction\":[{\"@type\":\"ReadAction\",\"target\":[\"https:\/\/www.erresse-shop.it\/de\/shop\/kuche\/messer\/joseph-joseph-elevate-5-karussell-messer-grun\/\"]}]},{\"@type\":\"BreadcrumbList\",\"@id\":\"https:\/\/www.erresse-shop.it\/de\/shop\/kuche\/messer\/joseph-joseph-elevate-5-karussell-messer-grun\/#breadcrumb\",\"itemListElement\":[{\"@type\":\"ListItem\",\"position\":1,\"name\":\"Home\",\"item\":\"https:\/\/www.erresse-shop.it\/de\/\"},{\"@type\":\"ListItem\",\"position\":2,\"name\":\"Shop\",\"item\":\"https:\/\/www.erresse-shop.it\/de\/shop\/\"},{\"@type\":\"ListItem\",\"position\":3,\"name\":\"JOSEPH JOSEPH Elevate 5 Karussell-Messer Gr\u00fcn\"}]},{\"@type\":\"WebSite\",\"@id\":\"https:\/\/www.erresse-shop.it\/de\/#website\",\"url\":\"https:\/\/www.erresse-shop.it\/de\/\",\"name\":\"Erresse Shop\",\"description\":\"Articoli di qualit\u00e0 per la casa\",\"potentialAction\":[{\"@type\":\"SearchAction\",\"target\":{\"@type\":\"EntryPoint\",\"urlTemplate\":\"https:\/\/www.erresse-shop.it\/de\/?s={search_term_string}\"},\"query-input\":\"required name=search_term_string\"}],\"inLanguage\":\"de-DE\"}]}<\/script>\n<!-- \/ Yoast SEO Premium plugin. -->","yoast_head_json":{"title":"JOSEPH JOSEPH Elevate\u2122 5 Karussell-Messer Gr\u00fcn","description":"Entdecken Sie JOSEPH JOSEPH Elevate\u2122 5 Karussell-Messer Gr\u00fcn bei ErresseShop. Qualit\u00e4t, Stil und Funktionalit\u00e4t \u2013 jetzt online bestellen!","robots":{"index":"index","follow":"follow","max-snippet":"max-snippet:-1","max-image-preview":"max-image-preview:large","max-video-preview":"max-video-preview:-1"},"canonical":"https:\/\/www.erresse-shop.it\/de\/shop\/kuche\/messer\/joseph-joseph-elevate-5-karussell-messer-grun\/","og_locale":"de_DE","og_type":"article","og_title":"JOSEPH JOSEPH Elevate 5 Karussell-Messer Gr\u00fcn","og_description":"Entdecken Sie JOSEPH JOSEPH Elevate\u2122 5 Karussell-Messer Gr\u00fcn bei ErresseShop. Qualit\u00e4t, Stil und Funktionalit\u00e4t \u2013 jetzt online bestellen!","og_url":"https:\/\/www.erresse-shop.it\/de\/shop\/kuche\/messer\/joseph-joseph-elevate-5-karussell-messer-grun\/","og_site_name":"Erresse Shop","article_modified_time":"2025-05-21T10:18:29+00:00","og_image":[{"width":1200,"height":1200,"url":"https:\/\/www.erresse-shop.it\/wp-content\/uploads\/2022\/12\/JOSEPH-JOSEPH-5-coltelli-a-Giostra-Verde.jpg","type":"image\/jpeg"}],"twitter_card":"summary_large_image","schema":{"@context":"https:\/\/schema.org","@graph":[{"@type":"WebPage","@id":"https:\/\/www.erresse-shop.it\/de\/shop\/kuche\/messer\/joseph-joseph-elevate-5-karussell-messer-grun\/","url":"https:\/\/www.erresse-shop.it\/de\/shop\/kuche\/messer\/joseph-joseph-elevate-5-karussell-messer-grun\/","name":"JOSEPH JOSEPH Elevate\u2122 5 Karussell-Messer Gr\u00fcn","isPartOf":{"@id":"https:\/\/www.erresse-shop.it\/de\/#website"},"datePublished":"2022-12-09T07:44:49+00:00","dateModified":"2025-05-21T10:18:29+00:00","description":"Entdecken Sie JOSEPH JOSEPH Elevate\u2122 5 Karussell-Messer Gr\u00fcn bei ErresseShop. Qualit\u00e4t, Stil und Funktionalit\u00e4t \u2013 jetzt online bestellen!","breadcrumb":{"@id":"https:\/\/www.erresse-shop.it\/de\/shop\/kuche\/messer\/joseph-joseph-elevate-5-karussell-messer-grun\/#breadcrumb"},"inLanguage":"de-DE","potentialAction":[{"@type":"ReadAction","target":["https:\/\/www.erresse-shop.it\/de\/shop\/kuche\/messer\/joseph-joseph-elevate-5-karussell-messer-grun\/"]}]},{"@type":"BreadcrumbList","@id":"https:\/\/www.erresse-shop.it\/de\/shop\/kuche\/messer\/joseph-joseph-elevate-5-karussell-messer-grun\/#breadcrumb","itemListElement":[{"@type":"ListItem","position":1,"name":"Home","item":"https:\/\/www.erresse-shop.it\/de\/"},{"@type":"ListItem","position":2,"name":"Shop","item":"https:\/\/www.erresse-shop.it\/de\/shop\/"},{"@type":"ListItem","position":3,"name":"JOSEPH JOSEPH Elevate 5 Karussell-Messer Gr\u00fcn"}]},{"@type":"WebSite","@id":"https:\/\/www.erresse-shop.it\/de\/#website","url":"https:\/\/www.erresse-shop.it\/de\/","name":"Erresse Shop","description":"Articoli di qualit\u00e0 per la casa","potentialAction":[{"@type":"SearchAction","target":{"@type":"EntryPoint","urlTemplate":"https:\/\/www.erresse-shop.it\/de\/?s={search_term_string}"},"query-input":"required name=search_term_string"}],"inLanguage":"de-DE"}]}},"df_price":54.995,"df_sale_price":54.995,"df_regular_price":109.99,"df_image_link":"https:\/\/www.erresse-shop.it\/wp-content\/uploads\/2022\/12\/JOSEPH-JOSEPH-5-coltelli-a-Giostra-Verde-300x300.jpg","_links":{"self":[{"href":"https:\/\/www.erresse-shop.it\/de\/wp-json\/wp\/v2\/product\/218043"}],"collection":[{"href":"https:\/\/www.erresse-shop.it\/de\/wp-json\/wp\/v2\/product"}],"about":[{"href":"https:\/\/www.erresse-shop.it\/de\/wp-json\/wp\/v2\/types\/product"}],"wp:featuredmedia":[{"embeddable":true,"href":"https:\/\/www.erresse-shop.it\/de\/wp-json\/wp\/v2\/media\/500175"}],"wp:attachment":[{"href":"https:\/\/www.erresse-shop.it\/de\/wp-json\/wp\/v2\/media?parent=218043"}],"wp:term":[{"taxonomy":"product_cat","embeddable":true,"href":"https:\/\/www.erresse-shop.it\/de\/wp-json\/wp\/v2\/product_cat?post=218043"},{"taxonomy":"product_tag","embeddable":true,"href":"https:\/\/www.erresse-shop.it\/de\/wp-json\/wp\/v2\/product_tag?post=218043"}],"curies":[{"name":"wp","href":"https:\/\/api.w.org\/{rel}","templated":true}]}}