{"id":217314,"date":"2022-12-07T13:44:40","date_gmt":"2022-12-07T13:44:41","guid":{"rendered":"https:\/\/www.erresse-shop.it\/?post_type=product&#038;p=217314"},"modified":"2025-05-21T10:55:47","modified_gmt":"2025-05-21T10:55:47","slug":"joseph-joseph-4er-set-folio-schneidebretter-mit-stahlkoffer","status":"publish","type":"product","link":"https:\/\/www.erresse-shop.it\/de\/shop\/kuche\/schneidebretter\/joseph-joseph-4er-set-folio-schneidebretter-mit-stahlkoffer\/","title":{"rendered":"JOSEPH JOSEPH 4er-Set Folio Schneidebretter mit Stahlkoffer"},"content":{"rendered":"<p><strong>Produktmerkmale:<\/strong><\/p>\n<ul>\n<li>4 Schneidebretter mit rutschfesten Auflagen<\/li>\n<li>Strukturierte, messerscharfe Schnittfl\u00e4chen<\/li>\n<li>Edelstahlstangen f\u00fcr einfache Brettauswahl<\/li>\n<li>Beh\u00e4lter aus rostfreiem Stahl, resistent gegen digitale Mitarbeiter<\/li>\n<li>Der Halter h\u00e4lt die Bretter voneinander getrennt, damit die Luft zirkulieren kann.<\/li>\n<li>Ma\u00dfe der Tafel: 24 x 34 cm (9\u00bd x 13 \u00bd Zoll)<\/li>\n<\/ul>\n<p><strong>Vorsichtsma\u00dfnahmen und Verwendung<\/strong><\/p>\n<ul>\n<li>Sp\u00fclmaschinengeeignete Bretter<\/li>\n<li>Geh\u00e4use &#8211; mit einem feuchten Tuch reinigen<\/li>\n<li>Verwenden Sie kein Chiffon oder scharfe chemische Reinigungsmittel<\/li>\n<li>Die an die Couteaux angepasste Oberfl\u00e4che ist so konzipiert, dass sie bei der<\/li>\n<li>Benutzung leichte Spuren hinterl\u00e4sst.<\/li>\n<\/ul>\n<p><strong>Abmessungen:<\/strong><br \/>\nH26,5 x B35,5 x T7,4 cm (H10\u00bd x L14 x T3 Zoll)<\/p>\n<p><strong>Gewicht:<\/strong> 3,3 kg<\/p>\n<p><strong>Entworfen von Joseph Joseph<\/strong><\/p>\n","protected":false},"excerpt":{"rendered":"<p>Produktmerkmale: 4 Schneidebretter mit rutschfesten Auflagen Strukturierte, messerscharfe Schnittfl\u00e4chen Edelstahlstangen f\u00fcr einfache Brettauswahl Beh\u00e4lter aus rostfreiem Stahl, resistent gegen digitale<\/p>\n","protected":false},"featured_media":500294,"template":"","meta":{"_acf_changed":false,"inline_featured_image":false},"product_cat":[6742,6769],"product_tag":[21536,21533,21265,21534,21535],"acf":[],"yoast_head":"<!-- This site is optimized with the Yoast SEO Premium plugin v18.6 (Yoast SEO v19.13) - https:\/\/yoast.com\/wordpress\/plugins\/seo\/ -->\n<title>JOSEPH JOSEPH 4er-Set Folio\u2122 Schneidebretter mit Stahlkoffer<\/title>\n<meta name=\"description\" content=\"Entdecken Sie JOSEPH JOSEPH 4er-Set Folio\u2122 Schneidebretter mit Stahlkoffer bei ErresseShop. Qualit\u00e4t, Stil und Funktionalit\u00e4t \u2013 jetzt online bestellen!\" \/>\n<meta name=\"robots\" content=\"index, follow, max-snippet:-1, max-image-preview:large, max-video-preview:-1\" \/>\n<link rel=\"canonical\" href=\"https:\/\/www.erresse-shop.it\/de\/shop\/kuche\/schneidebretter\/joseph-joseph-4er-set-folio-schneidebretter-mit-stahlkoffer\/\" \/>\n<meta property=\"og:locale\" content=\"de_DE\" \/>\n<meta property=\"og:type\" content=\"article\" \/>\n<meta property=\"og:title\" content=\"JOSEPH JOSEPH 4er-Set Folio Schneidebretter mit Stahlkoffer\" \/>\n<meta property=\"og:description\" content=\"Entdecken Sie JOSEPH JOSEPH 4er-Set Folio\u2122 Schneidebretter mit Stahlkoffer bei ErresseShop. Qualit\u00e4t, Stil und Funktionalit\u00e4t \u2013 jetzt online bestellen!\" \/>\n<meta property=\"og:url\" content=\"https:\/\/www.erresse-shop.it\/de\/shop\/kuche\/schneidebretter\/joseph-joseph-4er-set-folio-schneidebretter-mit-stahlkoffer\/\" \/>\n<meta property=\"og:site_name\" content=\"Erresse Shop\" \/>\n<meta property=\"article:modified_time\" content=\"2025-05-21T10:55:47+00:00\" \/>\n<meta property=\"og:image\" content=\"https:\/\/www.erresse-shop.it\/wp-content\/uploads\/2022\/12\/JOSEPH-JOSEPH-Set-4-Taglieri-con-Custodia-Acciaio-Nero.jpg\" \/>\n\t<meta property=\"og:image:width\" content=\"1200\" \/>\n\t<meta property=\"og:image:height\" content=\"1200\" \/>\n\t<meta property=\"og:image:type\" content=\"image\/jpeg\" \/>\n<meta name=\"twitter:card\" content=\"summary_large_image\" \/>\n<script type=\"application\/ld+json\" class=\"yoast-schema-graph\">{\"@context\":\"https:\/\/schema.org\",\"@graph\":[{\"@type\":\"WebPage\",\"@id\":\"https:\/\/www.erresse-shop.it\/de\/shop\/kuche\/schneidebretter\/joseph-joseph-4er-set-folio-schneidebretter-mit-stahlkoffer\/\",\"url\":\"https:\/\/www.erresse-shop.it\/de\/shop\/kuche\/schneidebretter\/joseph-joseph-4er-set-folio-schneidebretter-mit-stahlkoffer\/\",\"name\":\"JOSEPH JOSEPH 4er-Set Folio\u2122 Schneidebretter mit Stahlkoffer\",\"isPartOf\":{\"@id\":\"https:\/\/www.erresse-shop.it\/de\/#website\"},\"datePublished\":\"2022-12-07T13:44:41+00:00\",\"dateModified\":\"2025-05-21T10:55:47+00:00\",\"description\":\"Entdecken Sie JOSEPH JOSEPH 4er-Set Folio\u2122 Schneidebretter mit Stahlkoffer bei ErresseShop. Qualit\u00e4t, Stil und Funktionalit\u00e4t \u2013 jetzt online bestellen!\",\"breadcrumb\":{\"@id\":\"https:\/\/www.erresse-shop.it\/de\/shop\/kuche\/schneidebretter\/joseph-joseph-4er-set-folio-schneidebretter-mit-stahlkoffer\/#breadcrumb\"},\"inLanguage\":\"de-DE\",\"potentialAction\":[{\"@type\":\"ReadAction\",\"target\":[\"https:\/\/www.erresse-shop.it\/de\/shop\/kuche\/schneidebretter\/joseph-joseph-4er-set-folio-schneidebretter-mit-stahlkoffer\/\"]}]},{\"@type\":\"BreadcrumbList\",\"@id\":\"https:\/\/www.erresse-shop.it\/de\/shop\/kuche\/schneidebretter\/joseph-joseph-4er-set-folio-schneidebretter-mit-stahlkoffer\/#breadcrumb\",\"itemListElement\":[{\"@type\":\"ListItem\",\"position\":1,\"name\":\"Home\",\"item\":\"https:\/\/www.erresse-shop.it\/de\/\"},{\"@type\":\"ListItem\",\"position\":2,\"name\":\"Shop\",\"item\":\"https:\/\/www.erresse-shop.it\/de\/shop\/\"},{\"@type\":\"ListItem\",\"position\":3,\"name\":\"JOSEPH JOSEPH 4er-Set Folio Schneidebretter mit Stahlkoffer\"}]},{\"@type\":\"WebSite\",\"@id\":\"https:\/\/www.erresse-shop.it\/de\/#website\",\"url\":\"https:\/\/www.erresse-shop.it\/de\/\",\"name\":\"Erresse Shop\",\"description\":\"Articoli di qualit\u00e0 per la casa\",\"potentialAction\":[{\"@type\":\"SearchAction\",\"target\":{\"@type\":\"EntryPoint\",\"urlTemplate\":\"https:\/\/www.erresse-shop.it\/de\/?s={search_term_string}\"},\"query-input\":\"required name=search_term_string\"}],\"inLanguage\":\"de-DE\"}]}<\/script>\n<!-- \/ Yoast SEO Premium plugin. -->","yoast_head_json":{"title":"JOSEPH JOSEPH 4er-Set Folio\u2122 Schneidebretter mit Stahlkoffer","description":"Entdecken Sie JOSEPH JOSEPH 4er-Set Folio\u2122 Schneidebretter mit Stahlkoffer bei ErresseShop. Qualit\u00e4t, Stil und Funktionalit\u00e4t \u2013 jetzt online bestellen!","robots":{"index":"index","follow":"follow","max-snippet":"max-snippet:-1","max-image-preview":"max-image-preview:large","max-video-preview":"max-video-preview:-1"},"canonical":"https:\/\/www.erresse-shop.it\/de\/shop\/kuche\/schneidebretter\/joseph-joseph-4er-set-folio-schneidebretter-mit-stahlkoffer\/","og_locale":"de_DE","og_type":"article","og_title":"JOSEPH JOSEPH 4er-Set Folio Schneidebretter mit Stahlkoffer","og_description":"Entdecken Sie JOSEPH JOSEPH 4er-Set Folio\u2122 Schneidebretter mit Stahlkoffer bei ErresseShop. Qualit\u00e4t, Stil und Funktionalit\u00e4t \u2013 jetzt online bestellen!","og_url":"https:\/\/www.erresse-shop.it\/de\/shop\/kuche\/schneidebretter\/joseph-joseph-4er-set-folio-schneidebretter-mit-stahlkoffer\/","og_site_name":"Erresse Shop","article_modified_time":"2025-05-21T10:55:47+00:00","og_image":[{"width":1200,"height":1200,"url":"https:\/\/www.erresse-shop.it\/wp-content\/uploads\/2022\/12\/JOSEPH-JOSEPH-Set-4-Taglieri-con-Custodia-Acciaio-Nero.jpg","type":"image\/jpeg"}],"twitter_card":"summary_large_image","schema":{"@context":"https:\/\/schema.org","@graph":[{"@type":"WebPage","@id":"https:\/\/www.erresse-shop.it\/de\/shop\/kuche\/schneidebretter\/joseph-joseph-4er-set-folio-schneidebretter-mit-stahlkoffer\/","url":"https:\/\/www.erresse-shop.it\/de\/shop\/kuche\/schneidebretter\/joseph-joseph-4er-set-folio-schneidebretter-mit-stahlkoffer\/","name":"JOSEPH JOSEPH 4er-Set Folio\u2122 Schneidebretter mit Stahlkoffer","isPartOf":{"@id":"https:\/\/www.erresse-shop.it\/de\/#website"},"datePublished":"2022-12-07T13:44:41+00:00","dateModified":"2025-05-21T10:55:47+00:00","description":"Entdecken Sie JOSEPH JOSEPH 4er-Set Folio\u2122 Schneidebretter mit Stahlkoffer bei ErresseShop. Qualit\u00e4t, Stil und Funktionalit\u00e4t \u2013 jetzt online bestellen!","breadcrumb":{"@id":"https:\/\/www.erresse-shop.it\/de\/shop\/kuche\/schneidebretter\/joseph-joseph-4er-set-folio-schneidebretter-mit-stahlkoffer\/#breadcrumb"},"inLanguage":"de-DE","potentialAction":[{"@type":"ReadAction","target":["https:\/\/www.erresse-shop.it\/de\/shop\/kuche\/schneidebretter\/joseph-joseph-4er-set-folio-schneidebretter-mit-stahlkoffer\/"]}]},{"@type":"BreadcrumbList","@id":"https:\/\/www.erresse-shop.it\/de\/shop\/kuche\/schneidebretter\/joseph-joseph-4er-set-folio-schneidebretter-mit-stahlkoffer\/#breadcrumb","itemListElement":[{"@type":"ListItem","position":1,"name":"Home","item":"https:\/\/www.erresse-shop.it\/de\/"},{"@type":"ListItem","position":2,"name":"Shop","item":"https:\/\/www.erresse-shop.it\/de\/shop\/"},{"@type":"ListItem","position":3,"name":"JOSEPH JOSEPH 4er-Set Folio Schneidebretter mit Stahlkoffer"}]},{"@type":"WebSite","@id":"https:\/\/www.erresse-shop.it\/de\/#website","url":"https:\/\/www.erresse-shop.it\/de\/","name":"Erresse Shop","description":"Articoli di qualit\u00e0 per la casa","potentialAction":[{"@type":"SearchAction","target":{"@type":"EntryPoint","urlTemplate":"https:\/\/www.erresse-shop.it\/de\/?s={search_term_string}"},"query-input":"required name=search_term_string"}],"inLanguage":"de-DE"}]}},"df_price":59,"df_sale_price":59,"df_regular_price":109.99,"df_image_link":"https:\/\/www.erresse-shop.it\/wp-content\/uploads\/2022\/12\/JOSEPH-JOSEPH-Set-4-Taglieri-con-Custodia-Acciaio-Nero-300x300.jpg","_links":{"self":[{"href":"https:\/\/www.erresse-shop.it\/de\/wp-json\/wp\/v2\/product\/217314"}],"collection":[{"href":"https:\/\/www.erresse-shop.it\/de\/wp-json\/wp\/v2\/product"}],"about":[{"href":"https:\/\/www.erresse-shop.it\/de\/wp-json\/wp\/v2\/types\/product"}],"wp:featuredmedia":[{"embeddable":true,"href":"https:\/\/www.erresse-shop.it\/de\/wp-json\/wp\/v2\/media\/500294"}],"wp:attachment":[{"href":"https:\/\/www.erresse-shop.it\/de\/wp-json\/wp\/v2\/media?parent=217314"}],"wp:term":[{"taxonomy":"product_cat","embeddable":true,"href":"https:\/\/www.erresse-shop.it\/de\/wp-json\/wp\/v2\/product_cat?post=217314"},{"taxonomy":"product_tag","embeddable":true,"href":"https:\/\/www.erresse-shop.it\/de\/wp-json\/wp\/v2\/product_tag?post=217314"}],"curies":[{"name":"wp","href":"https:\/\/api.w.org\/{rel}","templated":true}]}}