{"id":217175,"date":"2022-12-07T11:50:06","date_gmt":"2022-12-07T11:50:07","guid":{"rendered":"https:\/\/www.erresse-shop.it\/?post_type=product&#038;p=217175"},"modified":"2025-05-22T06:13:11","modified_gmt":"2025-05-22T06:13:11","slug":"joseph-joseph-folio-plus-8-teiliges-messer-und-schneidebrett-set","status":"publish","type":"product","link":"https:\/\/www.erresse-shop.it\/de\/shop\/kuche\/schneidebretter\/joseph-joseph-folio-plus-8-teiliges-messer-und-schneidebrett-set\/","title":{"rendered":"JOSEPH JOSEPH Folio Plus 8-teiliges Messer- und Schneidebrett-Set"},"content":{"rendered":"<p>Elegantes und praktisches Design, das es Ihnen erm\u00f6glicht, alle Ihre Schneidwerkzeuge besser zu organisieren.<br \/>\nEs wird mit einem schlanken, eleganten Koffer geliefert, der vier farbcodierte Schneidebretter und vier passende Elevate\u2122-Messer enth\u00e4lt.<\/p>\n<ul>\n<li>Schlankes Etui zur geordneten Aufbewahrung.<\/li>\n<li>Mehrstufiges Design und Edelstahlstangen an den Brettern f\u00fcr eine einfache Auswahl.<\/li>\n<li>Doppelseitige Bretter mit strukturierter, messerfreundlicher Schnittfl\u00e4che und rutschfesten F\u00fc\u00dfen.<\/li>\n<li>Elevate\u2122-Messer mit Klingen aus japanischem Edelstahl und integrierten Werkzeugablagen<\/li>\n<li>Enthaltene Messer: 3,5&#8243; Sch\u00e4lmesser; 4,5&#8243; Messer mit Wellenschliff; 5,5&#8243; Santoku-Messer; 6,5&#8243; Kochmesser.<\/li>\n<\/ul>\n<p><strong>Pflege und Verwendung:<\/strong><\/p>\n<ul>\n<li>Tische: Sp\u00fclmaschinenfest.<\/li>\n<li>Geh\u00e4use: Mit einem weichen, feuchten Tuch reinigen.<\/li>\n<li>Wie bei allen Kunststoff-Schneidebrettern werden die Messeroberfl\u00e4chen w\u00e4hrend des Gebrauchs eingekerbt.<\/li>\n<li>Messer: Nicht sp\u00fclmaschinengeeignet. Nur von Hand waschen und sofort trocknen.<\/li>\n<\/ul>\n<p><strong>Entworfen von Joseph Joseph<\/strong><\/p>\n","protected":false},"excerpt":{"rendered":"<p>Elegantes und praktisches Design, das es Ihnen erm\u00f6glicht, alle Ihre Schneidwerkzeuge besser zu organisieren. Es wird mit einem schlanken, eleganten<\/p>\n","protected":false},"featured_media":455776,"template":"","meta":{"_acf_changed":false,"inline_featured_image":false},"product_cat":[6742,6769],"product_tag":[25027,20992,25022],"acf":[],"yoast_head":"<!-- This site is optimized with the Yoast SEO Premium plugin v18.6 (Yoast SEO v19.13) - https:\/\/yoast.com\/wordpress\/plugins\/seo\/ -->\n<title>JOSEPH JOSEPH Folio\u2122 Plus 8-teiliges Messer- und Schneidebrett-Set<\/title>\n<meta name=\"description\" content=\"Entdecken Sie JOSEPH JOSEPH Folio\u2122 Plus 8-teiliges Messer- und Schneidebrett-Set bei ErresseShop. Qualit\u00e4t, Stil und Funktionalit\u00e4t \u2013 jetzt online bestellen!\" \/>\n<meta name=\"robots\" content=\"index, follow, max-snippet:-1, max-image-preview:large, max-video-preview:-1\" \/>\n<link rel=\"canonical\" href=\"https:\/\/www.erresse-shop.it\/de\/shop\/kuche\/schneidebretter\/joseph-joseph-folio-plus-8-teiliges-messer-und-schneidebrett-set\/\" \/>\n<meta property=\"og:locale\" content=\"de_DE\" \/>\n<meta property=\"og:type\" content=\"article\" \/>\n<meta property=\"og:title\" content=\"JOSEPH JOSEPH Folio Plus 8-teiliges Messer- und Schneidebrett-Set\" \/>\n<meta property=\"og:description\" content=\"Entdecken Sie JOSEPH JOSEPH Folio\u2122 Plus 8-teiliges Messer- und Schneidebrett-Set bei ErresseShop. Qualit\u00e4t, Stil und Funktionalit\u00e4t \u2013 jetzt online bestellen!\" \/>\n<meta property=\"og:url\" content=\"https:\/\/www.erresse-shop.it\/de\/shop\/kuche\/schneidebretter\/joseph-joseph-folio-plus-8-teiliges-messer-und-schneidebrett-set\/\" \/>\n<meta property=\"og:site_name\" content=\"Erresse Shop\" \/>\n<meta property=\"article:modified_time\" content=\"2025-05-22T06:13:11+00:00\" \/>\n<meta property=\"og:image\" content=\"https:\/\/www.erresse-shop.it\/wp-content\/uploads\/2022\/12\/joseph-joseph-folio-con-coltelli-1.jpg\" \/>\n\t<meta property=\"og:image:width\" content=\"1200\" \/>\n\t<meta property=\"og:image:height\" content=\"1200\" \/>\n\t<meta property=\"og:image:type\" content=\"image\/jpeg\" \/>\n<meta name=\"twitter:card\" content=\"summary_large_image\" \/>\n<script type=\"application\/ld+json\" class=\"yoast-schema-graph\">{\"@context\":\"https:\/\/schema.org\",\"@graph\":[{\"@type\":\"WebPage\",\"@id\":\"https:\/\/www.erresse-shop.it\/de\/shop\/kuche\/schneidebretter\/joseph-joseph-folio-plus-8-teiliges-messer-und-schneidebrett-set\/\",\"url\":\"https:\/\/www.erresse-shop.it\/de\/shop\/kuche\/schneidebretter\/joseph-joseph-folio-plus-8-teiliges-messer-und-schneidebrett-set\/\",\"name\":\"JOSEPH JOSEPH Folio\u2122 Plus 8-teiliges Messer- und Schneidebrett-Set\",\"isPartOf\":{\"@id\":\"https:\/\/www.erresse-shop.it\/de\/#website\"},\"datePublished\":\"2022-12-07T11:50:07+00:00\",\"dateModified\":\"2025-05-22T06:13:11+00:00\",\"description\":\"Entdecken Sie JOSEPH JOSEPH Folio\u2122 Plus 8-teiliges Messer- und Schneidebrett-Set bei ErresseShop. Qualit\u00e4t, Stil und Funktionalit\u00e4t \u2013 jetzt online bestellen!\",\"breadcrumb\":{\"@id\":\"https:\/\/www.erresse-shop.it\/de\/shop\/kuche\/schneidebretter\/joseph-joseph-folio-plus-8-teiliges-messer-und-schneidebrett-set\/#breadcrumb\"},\"inLanguage\":\"de-DE\",\"potentialAction\":[{\"@type\":\"ReadAction\",\"target\":[\"https:\/\/www.erresse-shop.it\/de\/shop\/kuche\/schneidebretter\/joseph-joseph-folio-plus-8-teiliges-messer-und-schneidebrett-set\/\"]}]},{\"@type\":\"BreadcrumbList\",\"@id\":\"https:\/\/www.erresse-shop.it\/de\/shop\/kuche\/schneidebretter\/joseph-joseph-folio-plus-8-teiliges-messer-und-schneidebrett-set\/#breadcrumb\",\"itemListElement\":[{\"@type\":\"ListItem\",\"position\":1,\"name\":\"Home\",\"item\":\"https:\/\/www.erresse-shop.it\/de\/\"},{\"@type\":\"ListItem\",\"position\":2,\"name\":\"Shop\",\"item\":\"https:\/\/www.erresse-shop.it\/de\/shop\/\"},{\"@type\":\"ListItem\",\"position\":3,\"name\":\"JOSEPH JOSEPH Folio Plus 8-teiliges Messer- und Schneidebrett-Set\"}]},{\"@type\":\"WebSite\",\"@id\":\"https:\/\/www.erresse-shop.it\/de\/#website\",\"url\":\"https:\/\/www.erresse-shop.it\/de\/\",\"name\":\"Erresse Shop\",\"description\":\"Articoli di qualit\u00e0 per la casa\",\"potentialAction\":[{\"@type\":\"SearchAction\",\"target\":{\"@type\":\"EntryPoint\",\"urlTemplate\":\"https:\/\/www.erresse-shop.it\/de\/?s={search_term_string}\"},\"query-input\":\"required name=search_term_string\"}],\"inLanguage\":\"de-DE\"}]}<\/script>\n<!-- \/ Yoast SEO Premium plugin. -->","yoast_head_json":{"title":"JOSEPH JOSEPH Folio\u2122 Plus 8-teiliges Messer- und Schneidebrett-Set","description":"Entdecken Sie JOSEPH JOSEPH Folio\u2122 Plus 8-teiliges Messer- und Schneidebrett-Set bei ErresseShop. Qualit\u00e4t, Stil und Funktionalit\u00e4t \u2013 jetzt online bestellen!","robots":{"index":"index","follow":"follow","max-snippet":"max-snippet:-1","max-image-preview":"max-image-preview:large","max-video-preview":"max-video-preview:-1"},"canonical":"https:\/\/www.erresse-shop.it\/de\/shop\/kuche\/schneidebretter\/joseph-joseph-folio-plus-8-teiliges-messer-und-schneidebrett-set\/","og_locale":"de_DE","og_type":"article","og_title":"JOSEPH JOSEPH Folio Plus 8-teiliges Messer- und Schneidebrett-Set","og_description":"Entdecken Sie JOSEPH JOSEPH Folio\u2122 Plus 8-teiliges Messer- und Schneidebrett-Set bei ErresseShop. Qualit\u00e4t, Stil und Funktionalit\u00e4t \u2013 jetzt online bestellen!","og_url":"https:\/\/www.erresse-shop.it\/de\/shop\/kuche\/schneidebretter\/joseph-joseph-folio-plus-8-teiliges-messer-und-schneidebrett-set\/","og_site_name":"Erresse Shop","article_modified_time":"2025-05-22T06:13:11+00:00","og_image":[{"width":1200,"height":1200,"url":"https:\/\/www.erresse-shop.it\/wp-content\/uploads\/2022\/12\/joseph-joseph-folio-con-coltelli-1.jpg","type":"image\/jpeg"}],"twitter_card":"summary_large_image","schema":{"@context":"https:\/\/schema.org","@graph":[{"@type":"WebPage","@id":"https:\/\/www.erresse-shop.it\/de\/shop\/kuche\/schneidebretter\/joseph-joseph-folio-plus-8-teiliges-messer-und-schneidebrett-set\/","url":"https:\/\/www.erresse-shop.it\/de\/shop\/kuche\/schneidebretter\/joseph-joseph-folio-plus-8-teiliges-messer-und-schneidebrett-set\/","name":"JOSEPH JOSEPH Folio\u2122 Plus 8-teiliges Messer- und Schneidebrett-Set","isPartOf":{"@id":"https:\/\/www.erresse-shop.it\/de\/#website"},"datePublished":"2022-12-07T11:50:07+00:00","dateModified":"2025-05-22T06:13:11+00:00","description":"Entdecken Sie JOSEPH JOSEPH Folio\u2122 Plus 8-teiliges Messer- und Schneidebrett-Set bei ErresseShop. Qualit\u00e4t, Stil und Funktionalit\u00e4t \u2013 jetzt online bestellen!","breadcrumb":{"@id":"https:\/\/www.erresse-shop.it\/de\/shop\/kuche\/schneidebretter\/joseph-joseph-folio-plus-8-teiliges-messer-und-schneidebrett-set\/#breadcrumb"},"inLanguage":"de-DE","potentialAction":[{"@type":"ReadAction","target":["https:\/\/www.erresse-shop.it\/de\/shop\/kuche\/schneidebretter\/joseph-joseph-folio-plus-8-teiliges-messer-und-schneidebrett-set\/"]}]},{"@type":"BreadcrumbList","@id":"https:\/\/www.erresse-shop.it\/de\/shop\/kuche\/schneidebretter\/joseph-joseph-folio-plus-8-teiliges-messer-und-schneidebrett-set\/#breadcrumb","itemListElement":[{"@type":"ListItem","position":1,"name":"Home","item":"https:\/\/www.erresse-shop.it\/de\/"},{"@type":"ListItem","position":2,"name":"Shop","item":"https:\/\/www.erresse-shop.it\/de\/shop\/"},{"@type":"ListItem","position":3,"name":"JOSEPH JOSEPH Folio Plus 8-teiliges Messer- und Schneidebrett-Set"}]},{"@type":"WebSite","@id":"https:\/\/www.erresse-shop.it\/de\/#website","url":"https:\/\/www.erresse-shop.it\/de\/","name":"Erresse Shop","description":"Articoli di qualit\u00e0 per la casa","potentialAction":[{"@type":"SearchAction","target":{"@type":"EntryPoint","urlTemplate":"https:\/\/www.erresse-shop.it\/de\/?s={search_term_string}"},"query-input":"required name=search_term_string"}],"inLanguage":"de-DE"}]}},"df_price":54.95,"df_sale_price":54.95,"df_regular_price":109.9,"df_image_link":"https:\/\/www.erresse-shop.it\/wp-content\/uploads\/2022\/12\/joseph-joseph-folio-con-coltelli-1-300x300.jpg","_links":{"self":[{"href":"https:\/\/www.erresse-shop.it\/de\/wp-json\/wp\/v2\/product\/217175"}],"collection":[{"href":"https:\/\/www.erresse-shop.it\/de\/wp-json\/wp\/v2\/product"}],"about":[{"href":"https:\/\/www.erresse-shop.it\/de\/wp-json\/wp\/v2\/types\/product"}],"wp:featuredmedia":[{"embeddable":true,"href":"https:\/\/www.erresse-shop.it\/de\/wp-json\/wp\/v2\/media\/455776"}],"wp:attachment":[{"href":"https:\/\/www.erresse-shop.it\/de\/wp-json\/wp\/v2\/media?parent=217175"}],"wp:term":[{"taxonomy":"product_cat","embeddable":true,"href":"https:\/\/www.erresse-shop.it\/de\/wp-json\/wp\/v2\/product_cat?post=217175"},{"taxonomy":"product_tag","embeddable":true,"href":"https:\/\/www.erresse-shop.it\/de\/wp-json\/wp\/v2\/product_tag?post=217175"}],"curies":[{"name":"wp","href":"https:\/\/api.w.org\/{rel}","templated":true}]}}