{"id":216628,"date":"2022-12-06T13:57:50","date_gmt":"2022-12-06T13:57:52","guid":{"rendered":"https:\/\/www.erresse-shop.it\/?post_type=product&#038;p=216628"},"modified":"2025-05-21T13:31:52","modified_gmt":"2025-05-21T13:31:52","slug":"coravin-pivot-belufter-schwarz","status":"publish","type":"product","link":"https:\/\/www.erresse-shop.it\/de\/shop\/tisch\/weinbar-korkenzieher-dekanter-eiskubel\/beluefter\/coravin-pivot-belufter-schwarz\/","title":{"rendered":"CORAVIN Pivot Bel\u00fcfter Schwarz"},"content":{"rendered":"<p>Der Pivot\u2122 Bel\u00fcfter, der f\u00fcr die Verwendung mit den Pivot-Weinlagerungssystemen entwickelt wurde, ist das perfekte Zubeh\u00f6r, um in Sekundenschnelle einen aromatischeren und geschmackvolleren Wein zu erhalten. Dieses einzigartige Zubeh\u00f6r bel\u00fcftet den Wein w\u00e4hrend des Einschenkens und sorgt f\u00fcr ein seidiges, geschmeidiges und aromatisches Ergebnis, das einer Dekantierung von 60-90 Minuten entspricht. Nicht kompatibel mit Coravin Timeless Weinkonservierungssystemen (die eine Nadel zum Durchstechen des Korkens verwenden).<\/p>\n<p>Wein in Sekundenschnelle bel\u00fcften<br \/>\nBefestigen Sie den Bel\u00fcfter an der T\u00fclle des Pivot, um den Wein beim Einschenken zu bel\u00fcften und sofort den gleichen Effekt wie bei einem 90-min\u00fctigen Dekantieren zu erzielen.<\/p>\n<p>Pivot\u2122-kompatibel<br \/>\nDer Pivot\u2122-Bel\u00fcfter passt sicher auf das Pivot-Weinlagerungssystem, so dass Sie jeden beliebigen Wein beim Einschenken bel\u00fcften k\u00f6nnen.<\/p>\n<p>Leicht zu reinigen<br \/>\nReinigen Sie den Pivot-Bel\u00fcfter regelm\u00e4\u00dfig, indem Sie ihn nach jedem Gebrauch mit warmem Wasser absp\u00fclen. F\u00fcr eine gr\u00fcndlichere Reinigung schrauben Sie einfach den Kopf ab, nehmen das innere Sieb aus dem Geh\u00e4use und sp\u00fclen alle drei Teile mit warmem Wasser ab.<\/p>\n","protected":false},"excerpt":{"rendered":"<p>Der Pivot\u2122 Bel\u00fcfter, der f\u00fcr die Verwendung mit den Pivot-Weinlagerungssystemen entwickelt wurde, ist das perfekte Zubeh\u00f6r, um in Sekundenschnelle einen<\/p>\n","protected":false},"featured_media":500469,"template":"","meta":{"_acf_changed":false,"inline_featured_image":false},"product_cat":[6787,6850,25983],"product_tag":[25038,24398,21484,25022,21412,23683],"acf":[],"yoast_head":"<!-- This site is optimized with the Yoast SEO Premium plugin v18.6 (Yoast SEO v19.13) - https:\/\/yoast.com\/wordpress\/plugins\/seo\/ -->\n<title>CORAVIN Pivot\u2122 Bel\u00fcfter Schwarz<\/title>\n<meta name=\"description\" content=\"Entdecken Sie CORAVIN Pivot\u2122 Bel\u00fcfter Schwarz bei ErresseShop. Qualit\u00e4t, Stil und Funktionalit\u00e4t \u2013 jetzt online bestellen!\" \/>\n<meta name=\"robots\" content=\"index, follow, max-snippet:-1, max-image-preview:large, max-video-preview:-1\" \/>\n<link rel=\"canonical\" href=\"https:\/\/www.erresse-shop.it\/de\/shop\/tisch\/weinbar-korkenzieher-dekanter-eiskubel\/beluefter\/coravin-pivot-belufter-schwarz\/\" \/>\n<meta property=\"og:locale\" content=\"de_DE\" \/>\n<meta property=\"og:type\" content=\"article\" \/>\n<meta property=\"og:title\" content=\"CORAVIN Pivot Bel\u00fcfter Schwarz\" \/>\n<meta property=\"og:description\" content=\"Entdecken Sie CORAVIN Pivot\u2122 Bel\u00fcfter Schwarz bei ErresseShop. Qualit\u00e4t, Stil und Funktionalit\u00e4t \u2013 jetzt online bestellen!\" \/>\n<meta property=\"og:url\" content=\"https:\/\/www.erresse-shop.it\/de\/shop\/tisch\/weinbar-korkenzieher-dekanter-eiskubel\/beluefter\/coravin-pivot-belufter-schwarz\/\" \/>\n<meta property=\"og:site_name\" content=\"Erresse Shop\" \/>\n<meta property=\"article:modified_time\" content=\"2025-05-21T13:31:52+00:00\" \/>\n<meta property=\"og:image\" content=\"https:\/\/www.erresse-shop.it\/wp-content\/uploads\/2022\/12\/CORAVIN-Pivot-Aeratore-Nero.jpg\" \/>\n\t<meta property=\"og:image:width\" content=\"1200\" \/>\n\t<meta property=\"og:image:height\" content=\"1200\" \/>\n\t<meta property=\"og:image:type\" content=\"image\/jpeg\" \/>\n<meta name=\"twitter:card\" content=\"summary_large_image\" \/>\n<script type=\"application\/ld+json\" class=\"yoast-schema-graph\">{\"@context\":\"https:\/\/schema.org\",\"@graph\":[{\"@type\":\"WebPage\",\"@id\":\"https:\/\/www.erresse-shop.it\/de\/shop\/tisch\/weinbar-korkenzieher-dekanter-eiskubel\/beluefter\/coravin-pivot-belufter-schwarz\/\",\"url\":\"https:\/\/www.erresse-shop.it\/de\/shop\/tisch\/weinbar-korkenzieher-dekanter-eiskubel\/beluefter\/coravin-pivot-belufter-schwarz\/\",\"name\":\"CORAVIN Pivot\u2122 Bel\u00fcfter Schwarz\",\"isPartOf\":{\"@id\":\"https:\/\/www.erresse-shop.it\/de\/#website\"},\"datePublished\":\"2022-12-06T13:57:52+00:00\",\"dateModified\":\"2025-05-21T13:31:52+00:00\",\"description\":\"Entdecken Sie CORAVIN Pivot\u2122 Bel\u00fcfter Schwarz bei ErresseShop. Qualit\u00e4t, Stil und Funktionalit\u00e4t \u2013 jetzt online bestellen!\",\"breadcrumb\":{\"@id\":\"https:\/\/www.erresse-shop.it\/de\/shop\/tisch\/weinbar-korkenzieher-dekanter-eiskubel\/beluefter\/coravin-pivot-belufter-schwarz\/#breadcrumb\"},\"inLanguage\":\"de-DE\",\"potentialAction\":[{\"@type\":\"ReadAction\",\"target\":[\"https:\/\/www.erresse-shop.it\/de\/shop\/tisch\/weinbar-korkenzieher-dekanter-eiskubel\/beluefter\/coravin-pivot-belufter-schwarz\/\"]}]},{\"@type\":\"BreadcrumbList\",\"@id\":\"https:\/\/www.erresse-shop.it\/de\/shop\/tisch\/weinbar-korkenzieher-dekanter-eiskubel\/beluefter\/coravin-pivot-belufter-schwarz\/#breadcrumb\",\"itemListElement\":[{\"@type\":\"ListItem\",\"position\":1,\"name\":\"Home\",\"item\":\"https:\/\/www.erresse-shop.it\/de\/\"},{\"@type\":\"ListItem\",\"position\":2,\"name\":\"Shop\",\"item\":\"https:\/\/www.erresse-shop.it\/de\/shop\/\"},{\"@type\":\"ListItem\",\"position\":3,\"name\":\"CORAVIN Pivot Bel\u00fcfter Schwarz\"}]},{\"@type\":\"WebSite\",\"@id\":\"https:\/\/www.erresse-shop.it\/de\/#website\",\"url\":\"https:\/\/www.erresse-shop.it\/de\/\",\"name\":\"Erresse Shop\",\"description\":\"Articoli di qualit\u00e0 per la casa\",\"potentialAction\":[{\"@type\":\"SearchAction\",\"target\":{\"@type\":\"EntryPoint\",\"urlTemplate\":\"https:\/\/www.erresse-shop.it\/de\/?s={search_term_string}\"},\"query-input\":\"required name=search_term_string\"}],\"inLanguage\":\"de-DE\"}]}<\/script>\n<!-- \/ Yoast SEO Premium plugin. -->","yoast_head_json":{"title":"CORAVIN Pivot\u2122 Bel\u00fcfter Schwarz","description":"Entdecken Sie CORAVIN Pivot\u2122 Bel\u00fcfter Schwarz bei ErresseShop. Qualit\u00e4t, Stil und Funktionalit\u00e4t \u2013 jetzt online bestellen!","robots":{"index":"index","follow":"follow","max-snippet":"max-snippet:-1","max-image-preview":"max-image-preview:large","max-video-preview":"max-video-preview:-1"},"canonical":"https:\/\/www.erresse-shop.it\/de\/shop\/tisch\/weinbar-korkenzieher-dekanter-eiskubel\/beluefter\/coravin-pivot-belufter-schwarz\/","og_locale":"de_DE","og_type":"article","og_title":"CORAVIN Pivot Bel\u00fcfter Schwarz","og_description":"Entdecken Sie CORAVIN Pivot\u2122 Bel\u00fcfter Schwarz bei ErresseShop. Qualit\u00e4t, Stil und Funktionalit\u00e4t \u2013 jetzt online bestellen!","og_url":"https:\/\/www.erresse-shop.it\/de\/shop\/tisch\/weinbar-korkenzieher-dekanter-eiskubel\/beluefter\/coravin-pivot-belufter-schwarz\/","og_site_name":"Erresse Shop","article_modified_time":"2025-05-21T13:31:52+00:00","og_image":[{"width":1200,"height":1200,"url":"https:\/\/www.erresse-shop.it\/wp-content\/uploads\/2022\/12\/CORAVIN-Pivot-Aeratore-Nero.jpg","type":"image\/jpeg"}],"twitter_card":"summary_large_image","schema":{"@context":"https:\/\/schema.org","@graph":[{"@type":"WebPage","@id":"https:\/\/www.erresse-shop.it\/de\/shop\/tisch\/weinbar-korkenzieher-dekanter-eiskubel\/beluefter\/coravin-pivot-belufter-schwarz\/","url":"https:\/\/www.erresse-shop.it\/de\/shop\/tisch\/weinbar-korkenzieher-dekanter-eiskubel\/beluefter\/coravin-pivot-belufter-schwarz\/","name":"CORAVIN Pivot\u2122 Bel\u00fcfter Schwarz","isPartOf":{"@id":"https:\/\/www.erresse-shop.it\/de\/#website"},"datePublished":"2022-12-06T13:57:52+00:00","dateModified":"2025-05-21T13:31:52+00:00","description":"Entdecken Sie CORAVIN Pivot\u2122 Bel\u00fcfter Schwarz bei ErresseShop. Qualit\u00e4t, Stil und Funktionalit\u00e4t \u2013 jetzt online bestellen!","breadcrumb":{"@id":"https:\/\/www.erresse-shop.it\/de\/shop\/tisch\/weinbar-korkenzieher-dekanter-eiskubel\/beluefter\/coravin-pivot-belufter-schwarz\/#breadcrumb"},"inLanguage":"de-DE","potentialAction":[{"@type":"ReadAction","target":["https:\/\/www.erresse-shop.it\/de\/shop\/tisch\/weinbar-korkenzieher-dekanter-eiskubel\/beluefter\/coravin-pivot-belufter-schwarz\/"]}]},{"@type":"BreadcrumbList","@id":"https:\/\/www.erresse-shop.it\/de\/shop\/tisch\/weinbar-korkenzieher-dekanter-eiskubel\/beluefter\/coravin-pivot-belufter-schwarz\/#breadcrumb","itemListElement":[{"@type":"ListItem","position":1,"name":"Home","item":"https:\/\/www.erresse-shop.it\/de\/"},{"@type":"ListItem","position":2,"name":"Shop","item":"https:\/\/www.erresse-shop.it\/de\/shop\/"},{"@type":"ListItem","position":3,"name":"CORAVIN Pivot Bel\u00fcfter Schwarz"}]},{"@type":"WebSite","@id":"https:\/\/www.erresse-shop.it\/de\/#website","url":"https:\/\/www.erresse-shop.it\/de\/","name":"Erresse Shop","description":"Articoli di qualit\u00e0 per la casa","potentialAction":[{"@type":"SearchAction","target":{"@type":"EntryPoint","urlTemplate":"https:\/\/www.erresse-shop.it\/de\/?s={search_term_string}"},"query-input":"required name=search_term_string"}],"inLanguage":"de-DE"}]}},"df_price":18.95,"df_sale_price":18.95,"df_regular_price":19.99,"df_image_link":"https:\/\/www.erresse-shop.it\/wp-content\/uploads\/2022\/12\/CORAVIN-Pivot-Aeratore-Nero-300x300.jpg","_links":{"self":[{"href":"https:\/\/www.erresse-shop.it\/de\/wp-json\/wp\/v2\/product\/216628"}],"collection":[{"href":"https:\/\/www.erresse-shop.it\/de\/wp-json\/wp\/v2\/product"}],"about":[{"href":"https:\/\/www.erresse-shop.it\/de\/wp-json\/wp\/v2\/types\/product"}],"wp:featuredmedia":[{"embeddable":true,"href":"https:\/\/www.erresse-shop.it\/de\/wp-json\/wp\/v2\/media\/500469"}],"wp:attachment":[{"href":"https:\/\/www.erresse-shop.it\/de\/wp-json\/wp\/v2\/media?parent=216628"}],"wp:term":[{"taxonomy":"product_cat","embeddable":true,"href":"https:\/\/www.erresse-shop.it\/de\/wp-json\/wp\/v2\/product_cat?post=216628"},{"taxonomy":"product_tag","embeddable":true,"href":"https:\/\/www.erresse-shop.it\/de\/wp-json\/wp\/v2\/product_tag?post=216628"}],"curies":[{"name":"wp","href":"https:\/\/api.w.org\/{rel}","templated":true}]}}