{"id":216560,"date":"2022-12-06T13:42:27","date_gmt":"2022-12-06T13:42:29","guid":{"rendered":"https:\/\/www.erresse-shop.it\/?post_type=product&#038;p=216560"},"modified":"2025-01-22T07:20:33","modified_gmt":"2025-01-22T07:20:33","slug":"zwilling-luftfritteuse-4-l-schwarz","status":"publish","type":"product","link":"https:\/\/www.erresse-shop.it\/de\/shop\/kleine-elektrogeraete\/heissluftfritteusen\/zwilling-luftfritteuse-4-l-schwarz\/","title":{"rendered":"ZWILLING Luftfritteuse 4 L Schwarz"},"content":{"rendered":"<p>3&#8230;2&#8230;1&#8230; Viel Spa\u00df! Die ZWILLING Hei\u00dfluftfritteuse bereitet herzhafte und s\u00fc\u00dfe Speisen im Handumdrehen und ohne Vorheizen zu. Sie k\u00f6nnen ganz einfach Chips, Pizza, Muffins und vieles mehr zubereiten. Sie k\u00f6nnen in der Fritteuse ohne \u00d6l oder mit wenig Fett garen. Auf dem LED-Touchscreen k\u00f6nnen Sie sechs voreingestellte Programme f\u00fcr Pommes frites, H\u00e4hnchen, Shrimps, Fisch, Pizza und Kuchen ausw\u00e4hlen. Die Temperatur und die Zeit k\u00f6nnen auch individuell eingestellt werden. Das beiliegende Rezeptbuch liefert weitere k\u00f6stliche Ideen, die Sie sofort in der Fritteuse ausprobieren k\u00f6nnen. Am Ende der Garzeit ert\u00f6nt ein akustisches Signal und die Fritteuse beendet automatisch den Garvorgang. Mit einem Fassungsverm\u00f6gen von 4 Litern bietet der Korb ausreichend Platz f\u00fcr gro\u00dfz\u00fcgige Portionen. Der Korb und der Grill sind sp\u00fclmaschinenfest. Die Fritteuse hat keine Fettreste, die entsorgt werden m\u00fcssen, was sie besonders praktisch f\u00fcr den t\u00e4glichen Gebrauch macht.<\/p>\n<p>Ihr neuer Verb\u00fcndeter in der K\u00fcche f\u00fcr einfache, schmackhafte Gerichte; dank der ZWILLING-Luftfritteuse k\u00f6nnen Sie ganz einfach Chips, Pizzen, Chicken Wings zubereiten. Er eignet sich aber nicht nur f\u00fcr herzhafte Speisen, sondern auch f\u00fcr k\u00f6stliche Muffins und Kuchen. Braten, Backen oder Frittieren &#8211; alles ist m\u00f6glich dank des Hei\u00dfluftstroms unserer neuen Hei\u00dfluftfritteuse.<\/p>\n<p><strong>Technische Daten:<\/strong><\/p>\n<p>Brateffekt, Braten in der Pfanne und Backen wie im Ofen<br \/>\n4 Liter Fassungsverm\u00f6gen<br \/>\nLED-Touchscreen f\u00fcr sofortige Bedienung<br \/>\n6 voreingestellte Programme<br \/>\nEinstellbare Temperatur zwischen 80 und 200 Grad<br \/>\nSp\u00fclmaschinenfestes Gitter und Korb<br \/>\nInklusive Rezeptbuch auf Englisch<\/p>\n<p><strong>Abmessungen:<\/strong><\/p>\n<p>Gewicht: 3,91 kg<br \/>\nFassungsverm\u00f6gen: 4 l<br \/>\nL\u00e4nge: 34,70 cm<br \/>\nBreite: 29,10 cm<br \/>\nH\u00f6he: 30 cm<\/p>\n<p><strong>Nicht zum Verkauf au\u00dferhalb Europas<\/strong><\/p>\n","protected":false},"excerpt":{"rendered":"<p>3&#8230;2&#8230;1&#8230; Viel Spa\u00df! Die ZWILLING Hei\u00dfluftfritteuse bereitet herzhafte und s\u00fc\u00dfe Speisen im Handumdrehen und ohne Vorheizen zu. Sie k\u00f6nnen ganz<\/p>\n","protected":false},"featured_media":216666,"template":"","meta":{"_acf_changed":false,"inline_featured_image":false},"product_cat":[6703,25388],"product_tag":[13398,21496,13399],"acf":[],"yoast_head":"<!-- This site is optimized with the Yoast SEO Premium plugin v18.6 (Yoast SEO v19.13) - https:\/\/yoast.com\/wordpress\/plugins\/seo\/ -->\n<title>ZWILLING Luftfritteuse 4 L Schwarz<\/title>\n<meta name=\"description\" content=\"Entdecken Sie ZWILLING Luftfritteuse 4 L Schwarz bei ErresseShop. Qualit\u00e4t, Stil und Funktionalit\u00e4t \u2013 jetzt online bestellen!\" \/>\n<meta name=\"robots\" content=\"index, follow, max-snippet:-1, max-image-preview:large, max-video-preview:-1\" \/>\n<link rel=\"canonical\" href=\"https:\/\/www.erresse-shop.it\/de\/shop\/kleine-elektrogeraete\/heissluftfritteusen\/zwilling-luftfritteuse-4-l-schwarz\/\" \/>\n<meta property=\"og:locale\" content=\"de_DE\" \/>\n<meta property=\"og:type\" content=\"article\" \/>\n<meta property=\"og:title\" content=\"ZWILLING Luftfritteuse 4 L Schwarz\" \/>\n<meta property=\"og:description\" content=\"Entdecken Sie ZWILLING Luftfritteuse 4 L Schwarz bei ErresseShop. Qualit\u00e4t, Stil und Funktionalit\u00e4t \u2013 jetzt online bestellen!\" \/>\n<meta property=\"og:url\" content=\"https:\/\/www.erresse-shop.it\/de\/shop\/kleine-elektrogeraete\/heissluftfritteusen\/zwilling-luftfritteuse-4-l-schwarz\/\" \/>\n<meta property=\"og:site_name\" content=\"Erresse Shop\" \/>\n<meta property=\"article:modified_time\" content=\"2025-01-22T07:20:33+00:00\" \/>\n<meta property=\"og:image\" content=\"https:\/\/www.erresse-shop.it\/wp-content\/uploads\/2022\/12\/Zwilling-friggitrice-ad-aria2.jpg\" \/>\n\t<meta property=\"og:image:width\" content=\"800\" \/>\n\t<meta property=\"og:image:height\" content=\"800\" \/>\n\t<meta property=\"og:image:type\" content=\"image\/jpeg\" \/>\n<meta name=\"twitter:card\" content=\"summary_large_image\" \/>\n<script type=\"application\/ld+json\" class=\"yoast-schema-graph\">{\"@context\":\"https:\/\/schema.org\",\"@graph\":[{\"@type\":\"WebPage\",\"@id\":\"https:\/\/www.erresse-shop.it\/de\/shop\/kleine-elektrogeraete\/heissluftfritteusen\/zwilling-luftfritteuse-4-l-schwarz\/\",\"url\":\"https:\/\/www.erresse-shop.it\/de\/shop\/kleine-elektrogeraete\/heissluftfritteusen\/zwilling-luftfritteuse-4-l-schwarz\/\",\"name\":\"ZWILLING Luftfritteuse 4 L Schwarz\",\"isPartOf\":{\"@id\":\"https:\/\/www.erresse-shop.it\/de\/#website\"},\"datePublished\":\"2022-12-06T13:42:29+00:00\",\"dateModified\":\"2025-01-22T07:20:33+00:00\",\"description\":\"Entdecken Sie ZWILLING Luftfritteuse 4 L Schwarz bei ErresseShop. Qualit\u00e4t, Stil und Funktionalit\u00e4t \u2013 jetzt online bestellen!\",\"breadcrumb\":{\"@id\":\"https:\/\/www.erresse-shop.it\/de\/shop\/kleine-elektrogeraete\/heissluftfritteusen\/zwilling-luftfritteuse-4-l-schwarz\/#breadcrumb\"},\"inLanguage\":\"de-DE\",\"potentialAction\":[{\"@type\":\"ReadAction\",\"target\":[\"https:\/\/www.erresse-shop.it\/de\/shop\/kleine-elektrogeraete\/heissluftfritteusen\/zwilling-luftfritteuse-4-l-schwarz\/\"]}]},{\"@type\":\"BreadcrumbList\",\"@id\":\"https:\/\/www.erresse-shop.it\/de\/shop\/kleine-elektrogeraete\/heissluftfritteusen\/zwilling-luftfritteuse-4-l-schwarz\/#breadcrumb\",\"itemListElement\":[{\"@type\":\"ListItem\",\"position\":1,\"name\":\"Home\",\"item\":\"https:\/\/www.erresse-shop.it\/de\/\"},{\"@type\":\"ListItem\",\"position\":2,\"name\":\"Shop\",\"item\":\"https:\/\/www.erresse-shop.it\/de\/shop\/\"},{\"@type\":\"ListItem\",\"position\":3,\"name\":\"ZWILLING Luftfritteuse 4 L Schwarz\"}]},{\"@type\":\"WebSite\",\"@id\":\"https:\/\/www.erresse-shop.it\/de\/#website\",\"url\":\"https:\/\/www.erresse-shop.it\/de\/\",\"name\":\"Erresse Shop\",\"description\":\"Articoli di qualit\u00e0 per la casa\",\"potentialAction\":[{\"@type\":\"SearchAction\",\"target\":{\"@type\":\"EntryPoint\",\"urlTemplate\":\"https:\/\/www.erresse-shop.it\/de\/?s={search_term_string}\"},\"query-input\":\"required name=search_term_string\"}],\"inLanguage\":\"de-DE\"}]}<\/script>\n<!-- \/ Yoast SEO Premium plugin. -->","yoast_head_json":{"title":"ZWILLING Luftfritteuse 4 L Schwarz","description":"Entdecken Sie ZWILLING Luftfritteuse 4 L Schwarz bei ErresseShop. Qualit\u00e4t, Stil und Funktionalit\u00e4t \u2013 jetzt online bestellen!","robots":{"index":"index","follow":"follow","max-snippet":"max-snippet:-1","max-image-preview":"max-image-preview:large","max-video-preview":"max-video-preview:-1"},"canonical":"https:\/\/www.erresse-shop.it\/de\/shop\/kleine-elektrogeraete\/heissluftfritteusen\/zwilling-luftfritteuse-4-l-schwarz\/","og_locale":"de_DE","og_type":"article","og_title":"ZWILLING Luftfritteuse 4 L Schwarz","og_description":"Entdecken Sie ZWILLING Luftfritteuse 4 L Schwarz bei ErresseShop. Qualit\u00e4t, Stil und Funktionalit\u00e4t \u2013 jetzt online bestellen!","og_url":"https:\/\/www.erresse-shop.it\/de\/shop\/kleine-elektrogeraete\/heissluftfritteusen\/zwilling-luftfritteuse-4-l-schwarz\/","og_site_name":"Erresse Shop","article_modified_time":"2025-01-22T07:20:33+00:00","og_image":[{"width":800,"height":800,"url":"https:\/\/www.erresse-shop.it\/wp-content\/uploads\/2022\/12\/Zwilling-friggitrice-ad-aria2.jpg","type":"image\/jpeg"}],"twitter_card":"summary_large_image","schema":{"@context":"https:\/\/schema.org","@graph":[{"@type":"WebPage","@id":"https:\/\/www.erresse-shop.it\/de\/shop\/kleine-elektrogeraete\/heissluftfritteusen\/zwilling-luftfritteuse-4-l-schwarz\/","url":"https:\/\/www.erresse-shop.it\/de\/shop\/kleine-elektrogeraete\/heissluftfritteusen\/zwilling-luftfritteuse-4-l-schwarz\/","name":"ZWILLING Luftfritteuse 4 L Schwarz","isPartOf":{"@id":"https:\/\/www.erresse-shop.it\/de\/#website"},"datePublished":"2022-12-06T13:42:29+00:00","dateModified":"2025-01-22T07:20:33+00:00","description":"Entdecken Sie ZWILLING Luftfritteuse 4 L Schwarz bei ErresseShop. Qualit\u00e4t, Stil und Funktionalit\u00e4t \u2013 jetzt online bestellen!","breadcrumb":{"@id":"https:\/\/www.erresse-shop.it\/de\/shop\/kleine-elektrogeraete\/heissluftfritteusen\/zwilling-luftfritteuse-4-l-schwarz\/#breadcrumb"},"inLanguage":"de-DE","potentialAction":[{"@type":"ReadAction","target":["https:\/\/www.erresse-shop.it\/de\/shop\/kleine-elektrogeraete\/heissluftfritteusen\/zwilling-luftfritteuse-4-l-schwarz\/"]}]},{"@type":"BreadcrumbList","@id":"https:\/\/www.erresse-shop.it\/de\/shop\/kleine-elektrogeraete\/heissluftfritteusen\/zwilling-luftfritteuse-4-l-schwarz\/#breadcrumb","itemListElement":[{"@type":"ListItem","position":1,"name":"Home","item":"https:\/\/www.erresse-shop.it\/de\/"},{"@type":"ListItem","position":2,"name":"Shop","item":"https:\/\/www.erresse-shop.it\/de\/shop\/"},{"@type":"ListItem","position":3,"name":"ZWILLING Luftfritteuse 4 L Schwarz"}]},{"@type":"WebSite","@id":"https:\/\/www.erresse-shop.it\/de\/#website","url":"https:\/\/www.erresse-shop.it\/de\/","name":"Erresse Shop","description":"Articoli di qualit\u00e0 per la casa","potentialAction":[{"@type":"SearchAction","target":{"@type":"EntryPoint","urlTemplate":"https:\/\/www.erresse-shop.it\/de\/?s={search_term_string}"},"query-input":"required name=search_term_string"}],"inLanguage":"de-DE"}]}},"df_price":59,"df_sale_price":59,"df_regular_price":139,"df_image_link":"https:\/\/www.erresse-shop.it\/wp-content\/uploads\/2022\/12\/Zwilling-friggitrice-ad-aria2-300x300.jpg","_links":{"self":[{"href":"https:\/\/www.erresse-shop.it\/de\/wp-json\/wp\/v2\/product\/216560"}],"collection":[{"href":"https:\/\/www.erresse-shop.it\/de\/wp-json\/wp\/v2\/product"}],"about":[{"href":"https:\/\/www.erresse-shop.it\/de\/wp-json\/wp\/v2\/types\/product"}],"wp:featuredmedia":[{"embeddable":true,"href":"https:\/\/www.erresse-shop.it\/de\/wp-json\/wp\/v2\/media\/216666"}],"wp:attachment":[{"href":"https:\/\/www.erresse-shop.it\/de\/wp-json\/wp\/v2\/media?parent=216560"}],"wp:term":[{"taxonomy":"product_cat","embeddable":true,"href":"https:\/\/www.erresse-shop.it\/de\/wp-json\/wp\/v2\/product_cat?post=216560"},{"taxonomy":"product_tag","embeddable":true,"href":"https:\/\/www.erresse-shop.it\/de\/wp-json\/wp\/v2\/product_tag?post=216560"}],"curies":[{"name":"wp","href":"https:\/\/api.w.org\/{rel}","templated":true}]}}