{"id":216550,"date":"2022-12-06T13:34:30","date_gmt":"2022-12-06T13:34:33","guid":{"rendered":"https:\/\/www.erresse-shop.it\/?post_type=product&#038;p=216550"},"modified":"2025-01-16T13:13:11","modified_gmt":"2025-01-16T13:13:11","slug":"coravin-timeless-belufter-grau","status":"publish","type":"product","link":"https:\/\/www.erresse-shop.it\/de\/shop\/tisch\/weinbar-korkenzieher-dekanter-eiskubel\/beluefter\/coravin-timeless-belufter-grau\/","title":{"rendered":"CORAVIN Timeless Bel\u00fcfter Grau"},"content":{"rendered":"<p>Der Coravin Timeless-Bel\u00fcfter, der exklusiv f\u00fcr Coravin-Weinlagerungssysteme entwickelt wurde, ist das ideale Zubeh\u00f6r, um den Geschmack von Wein zu verbessern. Dieses einzigartige Zubeh\u00f6r bel\u00fcftet den Wein w\u00e4hrend des Einschenkens schnell und garantiert die gleichen Ergebnisse in Bezug auf Aromatik, Homogenit\u00e4t und Geschmeidigkeit wie ein 60-90-min\u00fctiges Dekantieren. Nicht kompatibel mit dem Pivot\u00ae Weinkonservierungssystem.<\/p>\n<p><strong>Eine schnellere Art der Weinbel\u00fcftung<\/strong><\/p>\n<p>Installieren Sie<br \/>\nSetzen Sie den Luftsprudler auf den Auslauf des Coravin-Systems.<\/p>\n<p>Pour<br \/>\nVerwenden Sie das Coravin-System ganz normal, indem Sie direkt durch den Perlator einschenken.<\/p>\n<p>Einzigartiges Design<br \/>\nDie 30 sorgf\u00e4ltig positionierten und ideal dimensionierten L\u00f6cher des Bel\u00fcfters optimieren den Kontakt des Weins mit der Luft.<\/p>\n<p>Glatter und seidiger Wein<br \/>\nDer Bel\u00fcfter setzt den Wein w\u00e4hrend des Einschenkens schnell und in feinen Str\u00f6men der Luft aus. Das Ergebnis entspricht einem Dekantieren von etwa 60-90 Minuten.<\/p>\n<p>Coravin-kompatibel<br \/>\nDer Bel\u00fcfter kann sicher an jedes Coravin-System angeschlossen werden, so dass jeder Wein bel\u00fcftet werden kann.<\/p>\n","protected":false},"excerpt":{"rendered":"<p>Der Coravin Timeless-Bel\u00fcfter, der exklusiv f\u00fcr Coravin-Weinlagerungssysteme entwickelt wurde, ist das ideale Zubeh\u00f6r, um den Geschmack von Wein zu verbessern.<\/p>\n","protected":false},"featured_media":216581,"template":"","meta":{"_acf_changed":false,"inline_featured_image":false},"product_cat":[6787,6850,25983],"product_tag":[21412,23683,21478],"acf":[],"yoast_head":"<!-- This site is optimized with the Yoast SEO Premium plugin v18.6 (Yoast SEO v19.13) - https:\/\/yoast.com\/wordpress\/plugins\/seo\/ -->\n<title>CORAVIN Timeless Bel\u00fcfter Grau<\/title>\n<meta name=\"description\" content=\"Entdecken Sie CORAVIN Timeless Bel\u00fcfter Grau bei ErresseShop. Qualit\u00e4t, Stil und Funktionalit\u00e4t \u2013 jetzt online bestellen!\" \/>\n<meta name=\"robots\" content=\"index, follow, max-snippet:-1, max-image-preview:large, max-video-preview:-1\" \/>\n<link rel=\"canonical\" href=\"https:\/\/www.erresse-shop.it\/de\/shop\/tisch\/weinbar-korkenzieher-dekanter-eiskubel\/beluefter\/coravin-timeless-belufter-grau\/\" \/>\n<meta property=\"og:locale\" content=\"de_DE\" \/>\n<meta property=\"og:type\" content=\"article\" \/>\n<meta property=\"og:title\" content=\"CORAVIN Timeless Bel\u00fcfter Grau\" \/>\n<meta property=\"og:description\" content=\"Entdecken Sie CORAVIN Timeless Bel\u00fcfter Grau bei ErresseShop. Qualit\u00e4t, Stil und Funktionalit\u00e4t \u2013 jetzt online bestellen!\" \/>\n<meta property=\"og:url\" content=\"https:\/\/www.erresse-shop.it\/de\/shop\/tisch\/weinbar-korkenzieher-dekanter-eiskubel\/beluefter\/coravin-timeless-belufter-grau\/\" \/>\n<meta property=\"og:site_name\" content=\"Erresse Shop\" \/>\n<meta property=\"article:modified_time\" content=\"2025-01-16T13:13:11+00:00\" \/>\n<meta property=\"og:image\" content=\"https:\/\/www.erresse-shop.it\/wp-content\/uploads\/2022\/12\/4631019.jpg\" \/>\n\t<meta property=\"og:image:width\" content=\"800\" \/>\n\t<meta property=\"og:image:height\" content=\"800\" \/>\n\t<meta property=\"og:image:type\" content=\"image\/jpeg\" \/>\n<meta name=\"twitter:card\" content=\"summary_large_image\" \/>\n<script type=\"application\/ld+json\" class=\"yoast-schema-graph\">{\"@context\":\"https:\/\/schema.org\",\"@graph\":[{\"@type\":\"WebPage\",\"@id\":\"https:\/\/www.erresse-shop.it\/de\/shop\/tisch\/weinbar-korkenzieher-dekanter-eiskubel\/beluefter\/coravin-timeless-belufter-grau\/\",\"url\":\"https:\/\/www.erresse-shop.it\/de\/shop\/tisch\/weinbar-korkenzieher-dekanter-eiskubel\/beluefter\/coravin-timeless-belufter-grau\/\",\"name\":\"CORAVIN Timeless Bel\u00fcfter Grau\",\"isPartOf\":{\"@id\":\"https:\/\/www.erresse-shop.it\/de\/#website\"},\"datePublished\":\"2022-12-06T13:34:33+00:00\",\"dateModified\":\"2025-01-16T13:13:11+00:00\",\"description\":\"Entdecken Sie CORAVIN Timeless Bel\u00fcfter Grau bei ErresseShop. Qualit\u00e4t, Stil und Funktionalit\u00e4t \u2013 jetzt online bestellen!\",\"breadcrumb\":{\"@id\":\"https:\/\/www.erresse-shop.it\/de\/shop\/tisch\/weinbar-korkenzieher-dekanter-eiskubel\/beluefter\/coravin-timeless-belufter-grau\/#breadcrumb\"},\"inLanguage\":\"de-DE\",\"potentialAction\":[{\"@type\":\"ReadAction\",\"target\":[\"https:\/\/www.erresse-shop.it\/de\/shop\/tisch\/weinbar-korkenzieher-dekanter-eiskubel\/beluefter\/coravin-timeless-belufter-grau\/\"]}]},{\"@type\":\"BreadcrumbList\",\"@id\":\"https:\/\/www.erresse-shop.it\/de\/shop\/tisch\/weinbar-korkenzieher-dekanter-eiskubel\/beluefter\/coravin-timeless-belufter-grau\/#breadcrumb\",\"itemListElement\":[{\"@type\":\"ListItem\",\"position\":1,\"name\":\"Home\",\"item\":\"https:\/\/www.erresse-shop.it\/de\/\"},{\"@type\":\"ListItem\",\"position\":2,\"name\":\"Shop\",\"item\":\"https:\/\/www.erresse-shop.it\/de\/shop\/\"},{\"@type\":\"ListItem\",\"position\":3,\"name\":\"CORAVIN Timeless Bel\u00fcfter Grau\"}]},{\"@type\":\"WebSite\",\"@id\":\"https:\/\/www.erresse-shop.it\/de\/#website\",\"url\":\"https:\/\/www.erresse-shop.it\/de\/\",\"name\":\"Erresse Shop\",\"description\":\"Articoli di qualit\u00e0 per la casa\",\"potentialAction\":[{\"@type\":\"SearchAction\",\"target\":{\"@type\":\"EntryPoint\",\"urlTemplate\":\"https:\/\/www.erresse-shop.it\/de\/?s={search_term_string}\"},\"query-input\":\"required name=search_term_string\"}],\"inLanguage\":\"de-DE\"}]}<\/script>\n<!-- \/ Yoast SEO Premium plugin. -->","yoast_head_json":{"title":"CORAVIN Timeless Bel\u00fcfter Grau","description":"Entdecken Sie CORAVIN Timeless Bel\u00fcfter Grau bei ErresseShop. Qualit\u00e4t, Stil und Funktionalit\u00e4t \u2013 jetzt online bestellen!","robots":{"index":"index","follow":"follow","max-snippet":"max-snippet:-1","max-image-preview":"max-image-preview:large","max-video-preview":"max-video-preview:-1"},"canonical":"https:\/\/www.erresse-shop.it\/de\/shop\/tisch\/weinbar-korkenzieher-dekanter-eiskubel\/beluefter\/coravin-timeless-belufter-grau\/","og_locale":"de_DE","og_type":"article","og_title":"CORAVIN Timeless Bel\u00fcfter Grau","og_description":"Entdecken Sie CORAVIN Timeless Bel\u00fcfter Grau bei ErresseShop. Qualit\u00e4t, Stil und Funktionalit\u00e4t \u2013 jetzt online bestellen!","og_url":"https:\/\/www.erresse-shop.it\/de\/shop\/tisch\/weinbar-korkenzieher-dekanter-eiskubel\/beluefter\/coravin-timeless-belufter-grau\/","og_site_name":"Erresse Shop","article_modified_time":"2025-01-16T13:13:11+00:00","og_image":[{"width":800,"height":800,"url":"https:\/\/www.erresse-shop.it\/wp-content\/uploads\/2022\/12\/4631019.jpg","type":"image\/jpeg"}],"twitter_card":"summary_large_image","schema":{"@context":"https:\/\/schema.org","@graph":[{"@type":"WebPage","@id":"https:\/\/www.erresse-shop.it\/de\/shop\/tisch\/weinbar-korkenzieher-dekanter-eiskubel\/beluefter\/coravin-timeless-belufter-grau\/","url":"https:\/\/www.erresse-shop.it\/de\/shop\/tisch\/weinbar-korkenzieher-dekanter-eiskubel\/beluefter\/coravin-timeless-belufter-grau\/","name":"CORAVIN Timeless Bel\u00fcfter Grau","isPartOf":{"@id":"https:\/\/www.erresse-shop.it\/de\/#website"},"datePublished":"2022-12-06T13:34:33+00:00","dateModified":"2025-01-16T13:13:11+00:00","description":"Entdecken Sie CORAVIN Timeless Bel\u00fcfter Grau bei ErresseShop. Qualit\u00e4t, Stil und Funktionalit\u00e4t \u2013 jetzt online bestellen!","breadcrumb":{"@id":"https:\/\/www.erresse-shop.it\/de\/shop\/tisch\/weinbar-korkenzieher-dekanter-eiskubel\/beluefter\/coravin-timeless-belufter-grau\/#breadcrumb"},"inLanguage":"de-DE","potentialAction":[{"@type":"ReadAction","target":["https:\/\/www.erresse-shop.it\/de\/shop\/tisch\/weinbar-korkenzieher-dekanter-eiskubel\/beluefter\/coravin-timeless-belufter-grau\/"]}]},{"@type":"BreadcrumbList","@id":"https:\/\/www.erresse-shop.it\/de\/shop\/tisch\/weinbar-korkenzieher-dekanter-eiskubel\/beluefter\/coravin-timeless-belufter-grau\/#breadcrumb","itemListElement":[{"@type":"ListItem","position":1,"name":"Home","item":"https:\/\/www.erresse-shop.it\/de\/"},{"@type":"ListItem","position":2,"name":"Shop","item":"https:\/\/www.erresse-shop.it\/de\/shop\/"},{"@type":"ListItem","position":3,"name":"CORAVIN Timeless Bel\u00fcfter Grau"}]},{"@type":"WebSite","@id":"https:\/\/www.erresse-shop.it\/de\/#website","url":"https:\/\/www.erresse-shop.it\/de\/","name":"Erresse Shop","description":"Articoli di qualit\u00e0 per la casa","potentialAction":[{"@type":"SearchAction","target":{"@type":"EntryPoint","urlTemplate":"https:\/\/www.erresse-shop.it\/de\/?s={search_term_string}"},"query-input":"required name=search_term_string"}],"inLanguage":"de-DE"}]}},"df_price":48.992999999999995,"df_sale_price":48.992999999999995,"df_regular_price":69.99,"df_image_link":"https:\/\/www.erresse-shop.it\/wp-content\/uploads\/2022\/12\/4631019-300x300.jpg","_links":{"self":[{"href":"https:\/\/www.erresse-shop.it\/de\/wp-json\/wp\/v2\/product\/216550"}],"collection":[{"href":"https:\/\/www.erresse-shop.it\/de\/wp-json\/wp\/v2\/product"}],"about":[{"href":"https:\/\/www.erresse-shop.it\/de\/wp-json\/wp\/v2\/types\/product"}],"wp:featuredmedia":[{"embeddable":true,"href":"https:\/\/www.erresse-shop.it\/de\/wp-json\/wp\/v2\/media\/216581"}],"wp:attachment":[{"href":"https:\/\/www.erresse-shop.it\/de\/wp-json\/wp\/v2\/media?parent=216550"}],"wp:term":[{"taxonomy":"product_cat","embeddable":true,"href":"https:\/\/www.erresse-shop.it\/de\/wp-json\/wp\/v2\/product_cat?post=216550"},{"taxonomy":"product_tag","embeddable":true,"href":"https:\/\/www.erresse-shop.it\/de\/wp-json\/wp\/v2\/product_tag?post=216550"}],"curies":[{"name":"wp","href":"https:\/\/api.w.org\/{rel}","templated":true}]}}