{"id":21524,"date":"2017-04-28T09:29:05","date_gmt":"2017-04-28T09:29:05","guid":{"rendered":"https:\/\/www.erresse-shop.it\/?post_type=product&#038;p=21524"},"modified":"2025-02-04T18:58:09","modified_gmt":"2025-02-04T18:58:09","slug":"ruffoni-kupfer-cleaner","status":"publish","type":"product","link":"https:\/\/www.erresse-shop.it\/de\/shop\/toepfe-pfannen\/zubehoer-topf-pfanne\/ruffoni-kupfer-cleaner\/","title":{"rendered":"RUFFONI Kupfer Cleaner gr. 400"},"content":{"rendered":"<p><strong>INTERNE WARTUNG<\/strong><br \/>\nWir schlagen vor, wie bei den meisten T\u00f6pfen und Pfannen, die Sie zuerst verwenden, indem Sie Wasser zum Kochen bringen, um einige aromatische Kr\u00e4uter wie Rosmarin, Salbei oder Bayleaf oder alternativ etwas gr\u00fcnes Gem\u00fcse hinzuzuf\u00fcgen. Um die Haltbarkeit der Zinn-Futter zu erhalten, f\u00fcllen Sie immer den Topf oder eine Pfanne mit Fl\u00fcssigkeit oder Fett, bevor Sie direkt \u00fcber die Flamme oder W\u00e4rmequelle.<br \/>\nDie Flamme darf niemals zu hoch sein und niemals die Pfanne kochen lassen oder trocken werden.<br \/>\nEs empfiehlt sich, sich mit einem Holz- oder Plastikl\u00f6ffel oder Spatel anstatt Metall zu r\u00fchren oder zu mischen, um das Zinn-Futter nicht zu zerkratzen. Weil Kupfer sehr leitf\u00e4hig ist, ist es unwahrscheinlich, dass das Essen an der Unterseite haftet, also sollte es ausreichen, um in warmem Seifenwasser zu reinigen.<br \/>\nVerwenden Sie niemals abrasive Substanzen.<br \/>\nWenn das Innere des Topfes oder der Pfanne verbrannt wird (wegen der Unaufmerksamkeit oder eines Fehlers beim Kochen), tauchen Sie in warmes, seifiges Wasser ein und lassen Sie es einweichen, bis die Markierung leicht wegkommt. Eventuelle F\u00e4rbung oder Markierungen auf dem Zinn-Futter, verursacht durch hohe Temperaturen oder Speises\u00e4ures\u00e4uren, wird in keiner Weise die Funktionalit\u00e4t und Hygiene des Produktes beeintr\u00e4chtigen.<\/p>\n<p><strong>EXTERNE WARTUNG<\/strong><br \/>\nReiben Sie z\u00fcgig mit einem weichen Baumwolltuch f\u00fcr Kupferpolieren, in speziellen Gesch\u00e4ften gefunden, um den originalen Glanz auf Kupfer zur\u00fcckzubringen, der seit einer Weile nicht benutzt wurde.<br \/>\nMit regelm\u00e4\u00dfigem Gebrauch und in der Zeit, Kupfer oxidiert und nimmt allm\u00e4hlich eine ganz dunkelrote Farbe, die der anspruchsvolle Kunde sch\u00e4tzt und pflegt.<br \/>\nUm ihre urspr\u00fcngliche Brillanz herauszubringen, verwenden Sie eine traditionelle Methode: reiben Sie mit einem Tuch in einem Salz und Essig oder Salz und Zitronen-L\u00f6sung ged\u00e4mpft; Oder verwenden Sie einfach ein &#8220;RUFFONI CLEANER&#8221; ein wirksames Metall gl\u00e4nzendes Pulver mit einer atoxischen und biologisch abbaubaren Formel.<br \/>\nDiese wenigen Regeln, die bald Gewohnheit werden, garantieren die perfekte Pflege Ihrer herrlichen T\u00f6pfe und Pfannen f\u00fcr eine sehr lange Zeit, um sicherzustellen, f\u00fcr Sie, die faszinierendsten und erfreulichsten Werte der Kultur und des Gaumens. Unser &#8220;Client Assistance&#8221; Service bietet Ihnen die Unterf\u00fctterung Ihrer Kupfer T\u00f6pfe und Pfannen, sollte unsachgem\u00e4\u00dfe Verwendung verderben die Dose zu extrem enthaltenen Kosten.<\/p>\n<p><a href=\"https:\/\/www.youtube.com\/watch?v=urxvTclHcHI\" target=\"_blank\">Siehe das Video<\/a><\/p>\n","protected":false},"excerpt":{"rendered":"<p>INTERNE WARTUNG Wir schlagen vor, wie bei den meisten T\u00f6pfen und Pfannen, die Sie zuerst verwenden, indem Sie Wasser zum<\/p>\n","protected":false},"featured_media":21525,"template":"","meta":{"_acf_changed":false,"inline_featured_image":false},"product_cat":[6784,6709],"product_tag":[11718,16632,11957,13318],"acf":[],"yoast_head":"<!-- This site is optimized with the Yoast SEO Premium plugin v18.6 (Yoast SEO v19.13) - https:\/\/yoast.com\/wordpress\/plugins\/seo\/ -->\n<title>RUFFONI Kupfer Cleaner gr. 400 - Erresse Shop<\/title>\n<meta name=\"description\" content=\"INTERNE WARTUNG Wir schlagen vor, wie bei den meisten T\u00f6pfen und Pfannen, die Sie zuerst verwenden, indem Sie Wasser zum Kochen bringen, um einige\" \/>\n<meta name=\"robots\" content=\"index, follow, max-snippet:-1, max-image-preview:large, max-video-preview:-1\" \/>\n<link rel=\"canonical\" href=\"https:\/\/www.erresse-shop.it\/de\/shop\/toepfe-pfannen\/zubehoer-topf-pfanne\/ruffoni-kupfer-cleaner\/\" \/>\n<meta property=\"og:locale\" content=\"de_DE\" \/>\n<meta property=\"og:type\" content=\"article\" \/>\n<meta property=\"og:title\" content=\"RUFFONI Kupfer Cleaner gr. 400\" \/>\n<meta property=\"og:description\" content=\"INTERNE WARTUNG Wir schlagen vor, wie bei den meisten T\u00f6pfen und Pfannen, die Sie zuerst verwenden, indem Sie Wasser zum Kochen bringen, um einige\" \/>\n<meta property=\"og:url\" content=\"https:\/\/www.erresse-shop.it\/de\/shop\/toepfe-pfannen\/zubehoer-topf-pfanne\/ruffoni-kupfer-cleaner\/\" \/>\n<meta property=\"og:site_name\" content=\"Erresse Shop\" \/>\n<meta property=\"article:modified_time\" content=\"2025-02-04T18:58:09+00:00\" \/>\n<meta property=\"og:image\" content=\"https:\/\/www.erresse-shop.it\/wp-content\/uploads\/2017\/04\/products-Cleaner-2.jpg\" \/>\n\t<meta property=\"og:image:width\" content=\"650\" \/>\n\t<meta property=\"og:image:height\" content=\"650\" \/>\n\t<meta property=\"og:image:type\" content=\"image\/jpeg\" \/>\n<meta name=\"twitter:card\" content=\"summary_large_image\" \/>\n<script type=\"application\/ld+json\" class=\"yoast-schema-graph\">{\"@context\":\"https:\/\/schema.org\",\"@graph\":[{\"@type\":\"WebPage\",\"@id\":\"https:\/\/www.erresse-shop.it\/de\/shop\/toepfe-pfannen\/zubehoer-topf-pfanne\/ruffoni-kupfer-cleaner\/\",\"url\":\"https:\/\/www.erresse-shop.it\/de\/shop\/toepfe-pfannen\/zubehoer-topf-pfanne\/ruffoni-kupfer-cleaner\/\",\"name\":\"RUFFONI Kupfer Cleaner gr. 400 - Erresse Shop\",\"isPartOf\":{\"@id\":\"https:\/\/www.erresse-shop.it\/de\/#website\"},\"datePublished\":\"2017-04-28T09:29:05+00:00\",\"dateModified\":\"2025-02-04T18:58:09+00:00\",\"description\":\"INTERNE WARTUNG Wir schlagen vor, wie bei den meisten T\u00f6pfen und Pfannen, die Sie zuerst verwenden, indem Sie Wasser zum Kochen bringen, um einige\",\"breadcrumb\":{\"@id\":\"https:\/\/www.erresse-shop.it\/de\/shop\/toepfe-pfannen\/zubehoer-topf-pfanne\/ruffoni-kupfer-cleaner\/#breadcrumb\"},\"inLanguage\":\"de-DE\",\"potentialAction\":[{\"@type\":\"ReadAction\",\"target\":[\"https:\/\/www.erresse-shop.it\/de\/shop\/toepfe-pfannen\/zubehoer-topf-pfanne\/ruffoni-kupfer-cleaner\/\"]}]},{\"@type\":\"BreadcrumbList\",\"@id\":\"https:\/\/www.erresse-shop.it\/de\/shop\/toepfe-pfannen\/zubehoer-topf-pfanne\/ruffoni-kupfer-cleaner\/#breadcrumb\",\"itemListElement\":[{\"@type\":\"ListItem\",\"position\":1,\"name\":\"Home\",\"item\":\"https:\/\/www.erresse-shop.it\/de\/\"},{\"@type\":\"ListItem\",\"position\":2,\"name\":\"Shop\",\"item\":\"https:\/\/www.erresse-shop.it\/de\/shop\/\"},{\"@type\":\"ListItem\",\"position\":3,\"name\":\"RUFFONI Kupfer Cleaner gr. 400\"}]},{\"@type\":\"WebSite\",\"@id\":\"https:\/\/www.erresse-shop.it\/de\/#website\",\"url\":\"https:\/\/www.erresse-shop.it\/de\/\",\"name\":\"Erresse Shop\",\"description\":\"Articoli di qualit\u00e0 per la casa\",\"potentialAction\":[{\"@type\":\"SearchAction\",\"target\":{\"@type\":\"EntryPoint\",\"urlTemplate\":\"https:\/\/www.erresse-shop.it\/de\/?s={search_term_string}\"},\"query-input\":\"required name=search_term_string\"}],\"inLanguage\":\"de-DE\"}]}<\/script>\n<!-- \/ Yoast SEO Premium plugin. -->","yoast_head_json":{"title":"RUFFONI Kupfer Cleaner gr. 400 - Erresse Shop","description":"INTERNE WARTUNG Wir schlagen vor, wie bei den meisten T\u00f6pfen und Pfannen, die Sie zuerst verwenden, indem Sie Wasser zum Kochen bringen, um einige","robots":{"index":"index","follow":"follow","max-snippet":"max-snippet:-1","max-image-preview":"max-image-preview:large","max-video-preview":"max-video-preview:-1"},"canonical":"https:\/\/www.erresse-shop.it\/de\/shop\/toepfe-pfannen\/zubehoer-topf-pfanne\/ruffoni-kupfer-cleaner\/","og_locale":"de_DE","og_type":"article","og_title":"RUFFONI Kupfer Cleaner gr. 400","og_description":"INTERNE WARTUNG Wir schlagen vor, wie bei den meisten T\u00f6pfen und Pfannen, die Sie zuerst verwenden, indem Sie Wasser zum Kochen bringen, um einige","og_url":"https:\/\/www.erresse-shop.it\/de\/shop\/toepfe-pfannen\/zubehoer-topf-pfanne\/ruffoni-kupfer-cleaner\/","og_site_name":"Erresse Shop","article_modified_time":"2025-02-04T18:58:09+00:00","og_image":[{"width":"650","height":"650","url":"https:\/\/www.erresse-shop.it\/wp-content\/uploads\/2017\/04\/products-Cleaner-2.jpg","type":"image\/jpeg"}],"twitter_card":"summary_large_image","schema":{"@context":"https:\/\/schema.org","@graph":[{"@type":"WebPage","@id":"https:\/\/www.erresse-shop.it\/de\/shop\/toepfe-pfannen\/zubehoer-topf-pfanne\/ruffoni-kupfer-cleaner\/","url":"https:\/\/www.erresse-shop.it\/de\/shop\/toepfe-pfannen\/zubehoer-topf-pfanne\/ruffoni-kupfer-cleaner\/","name":"RUFFONI Kupfer Cleaner gr. 400 - Erresse Shop","isPartOf":{"@id":"https:\/\/www.erresse-shop.it\/de\/#website"},"datePublished":"2017-04-28T09:29:05+00:00","dateModified":"2025-02-04T18:58:09+00:00","description":"INTERNE WARTUNG Wir schlagen vor, wie bei den meisten T\u00f6pfen und Pfannen, die Sie zuerst verwenden, indem Sie Wasser zum Kochen bringen, um einige","breadcrumb":{"@id":"https:\/\/www.erresse-shop.it\/de\/shop\/toepfe-pfannen\/zubehoer-topf-pfanne\/ruffoni-kupfer-cleaner\/#breadcrumb"},"inLanguage":"de-DE","potentialAction":[{"@type":"ReadAction","target":["https:\/\/www.erresse-shop.it\/de\/shop\/toepfe-pfannen\/zubehoer-topf-pfanne\/ruffoni-kupfer-cleaner\/"]}]},{"@type":"BreadcrumbList","@id":"https:\/\/www.erresse-shop.it\/de\/shop\/toepfe-pfannen\/zubehoer-topf-pfanne\/ruffoni-kupfer-cleaner\/#breadcrumb","itemListElement":[{"@type":"ListItem","position":1,"name":"Home","item":"https:\/\/www.erresse-shop.it\/de\/"},{"@type":"ListItem","position":2,"name":"Shop","item":"https:\/\/www.erresse-shop.it\/de\/shop\/"},{"@type":"ListItem","position":3,"name":"RUFFONI Kupfer Cleaner gr. 400"}]},{"@type":"WebSite","@id":"https:\/\/www.erresse-shop.it\/de\/#website","url":"https:\/\/www.erresse-shop.it\/de\/","name":"Erresse Shop","description":"Articoli di qualit\u00e0 per la casa","potentialAction":[{"@type":"SearchAction","target":{"@type":"EntryPoint","urlTemplate":"https:\/\/www.erresse-shop.it\/de\/?s={search_term_string}"},"query-input":"required name=search_term_string"}],"inLanguage":"de-DE"}]}},"df_price":14.95,"df_sale_price":14.95,"df_regular_price":16,"df_image_link":"https:\/\/www.erresse-shop.it\/wp-content\/uploads\/2017\/04\/products-Cleaner-2.jpg","_links":{"self":[{"href":"https:\/\/www.erresse-shop.it\/de\/wp-json\/wp\/v2\/product\/21524"}],"collection":[{"href":"https:\/\/www.erresse-shop.it\/de\/wp-json\/wp\/v2\/product"}],"about":[{"href":"https:\/\/www.erresse-shop.it\/de\/wp-json\/wp\/v2\/types\/product"}],"wp:featuredmedia":[{"embeddable":true,"href":"https:\/\/www.erresse-shop.it\/de\/wp-json\/wp\/v2\/media\/21525"}],"wp:attachment":[{"href":"https:\/\/www.erresse-shop.it\/de\/wp-json\/wp\/v2\/media?parent=21524"}],"wp:term":[{"taxonomy":"product_cat","embeddable":true,"href":"https:\/\/www.erresse-shop.it\/de\/wp-json\/wp\/v2\/product_cat?post=21524"},{"taxonomy":"product_tag","embeddable":true,"href":"https:\/\/www.erresse-shop.it\/de\/wp-json\/wp\/v2\/product_tag?post=21524"}],"curies":[{"name":"wp","href":"https:\/\/api.w.org\/{rel}","templated":true}]}}