{"id":214371,"date":"2022-12-02T14:28:23","date_gmt":"2022-12-02T14:28:25","guid":{"rendered":"https:\/\/www.erresse-shop.it\/?post_type=product&#038;p=214371"},"modified":"2023-06-20T07:43:59","modified_gmt":"2023-06-20T07:43:59","slug":"sambonet-24-teiliges-service-monoblock-rock-pvd-gold","status":"publish","type":"product","link":"https:\/\/www.erresse-shop.it\/de\/shop\/kuche\/sambonet-24-teiliges-service-monoblock-rock-pvd-gold\/","title":{"rendered":"Sambonet 24 teiliges Service Monoblock Rock PVD Gold"},"content":{"rendered":"<p><strong>Beschreibung<\/strong><br \/>\nF\u00fcr Sambonet ist &#8220;Rock&#8221; mehr als nur eine Frage der \u00c4sthetik. Das neue Besteck Rock ist \u00e4u\u00dferst vielseitig und bringt gleichzeitig Pers\u00f6nlichkeit und Entschlossenheit auf den Tisch: Es ist originell und gut durchdacht und hat einen raffinierten Stil. Die quadratischen Linien und die Dicke des Edelstahls sind einzigartig, ebenso wie sein funktioneller und moderner Stil.<\/p>\n<p>Ein modernes, l\u00e4ssiges und auff\u00e4lliges Design, das Ihrem Tisch Entschlossenheit verleiht.<br \/>\nTischset f\u00fcr 6 Personen, bestehend aus 6 Gabeln, 6 L\u00f6ffeln, 6 Messern und 6 Teel\u00f6ffeln. Die Kollektion ist nur in Sets erh\u00e4ltlich (kein Einzelbesteck).<br \/>\nHergestellt aus langlebigem und hochwertigem Edelstahl 18\/10. Sp\u00fclmaschinenfest.<br \/>\nBeeindrucken Sie Ihre G\u00e4ste mit der raffinierten und gl\u00e4nzenden Farbe Gold.<br \/>\nDie PVD-Beschichtung von Sambonet ist ein eingetragenes Know-How. Dabei handelt es sich nicht um eine einfache Beschichtung, sondern um eine atomare Verschwei\u00dfung mit dem Substrat der Oberfl\u00e4chen, die eine h\u00f6here Widerstandsf\u00e4higkeit gegen Abnutzung, Kratzer und die Bildung von Rost und Oxyden bietet.<\/p>\n<p>Ein modernes, l\u00e4ssiges und auff\u00e4lliges Design, das Ihrem Tisch Entschlossenheit verleiht. F\u00fcr Sambonet ist &#8220;Rock&#8221; mehr als eine Frage der \u00c4sthetik.<\/p>\n<p><strong>Technische Daten<\/strong><br \/>\nMarke: Sambonet<br \/>\nKollektion: Rock<br \/>\nMaterial: Rostfreier Stahl<br \/>\nDekor: Edelstahl\/PVD Gold<br \/>\nAnzahl der Teile im Set: 24<br \/>\nSet bestehend aus: 6 Tafell\u00f6ffel, 6 Tafelgabeln, 6 Tafelmesser, 6 Teel\u00f6ffel<br \/>\nF\u00fcr wie viele Personen geeignet: 6<br \/>\nArtikelnummer: 52762G81<br \/>\nJahr der Einf\u00fchrung: 2020<\/p>\n<p><strong>Abmessungen<\/strong><br \/>\nGewicht des Artikels: 1,73 kg<br \/>\nH\u00f6he des Pakets: 4,60 cm<br \/>\nL\u00e4nge des Pakets: 29,60 cm<br \/>\nBreite des Pakets: 32,20 cm<br \/>\nGewicht des Pakets: 1,73 kg<\/p>\n<p><strong>Pflegehinweise<\/strong><br \/>\nVORSICHTSMASSNAHMEN: Behandeln Sie Silberwaren und PVD-Teile wie f\u00fcr Edelstahlteile angegeben. Verwenden Sie niemals Schaber oder Stahlwolle, die die Silber- und PVD-Oberfl\u00e4chen dauerhaft besch\u00e4digen w\u00fcrden. Silber kann an der Luft schwefelhaltig werden und mehr oder weniger gleichm\u00e4\u00dfig dunkel werden. Dies kann auch als Folge des Kontakts mit bestimmten Lebensmitteln geschehen. Es handelt sich um einen nat\u00fcrlichen Prozess, der die Silberschicht nicht besch\u00e4digt, aber ihr Aussehen ver\u00e4ndert. Die Silberschicht muss poliert werden, um den urspr\u00fcnglichen Zustand mit guten Silberpoliermitteln wiederherzustellen. Bitte achten Sie darauf, dass diese Produkte nur in warmem Wasser verd\u00fcnnt werden.<\/p>\n","protected":false},"excerpt":{"rendered":"<p>Beschreibung F\u00fcr Sambonet ist &#8220;Rock&#8221; mehr als nur eine Frage der \u00c4sthetik. Das neue Besteck Rock ist \u00e4u\u00dferst vielseitig und<\/p>\n","protected":false},"featured_media":489580,"template":"","meta":{"_acf_changed":false,"inline_featured_image":false},"product_cat":[6742],"product_tag":[],"acf":[],"yoast_head":"<!-- This site is optimized with the Yoast SEO Premium plugin v18.6 (Yoast SEO v19.13) - https:\/\/yoast.com\/wordpress\/plugins\/seo\/ -->\n<title>Sambonet 24 teiliges Service Monoblock Rock PVD Gold - Erresse Shop<\/title>\n<meta name=\"description\" content=\"Beschreibung F\u00fcr Sambonet ist &quot;Rock&quot; mehr als nur eine Frage der \u00c4sthetik. Das neue Besteck Rock ist \u00e4u\u00dferst vielseitig und bringt gleichzeitig\" \/>\n<meta name=\"robots\" content=\"index, follow, max-snippet:-1, max-image-preview:large, max-video-preview:-1\" \/>\n<link rel=\"canonical\" href=\"https:\/\/www.erresse-shop.it\/de\/shop\/kuche\/sambonet-24-teiliges-service-monoblock-rock-pvd-gold\/\" \/>\n<meta property=\"og:locale\" content=\"de_DE\" \/>\n<meta property=\"og:type\" content=\"article\" \/>\n<meta property=\"og:title\" content=\"Sambonet 24 teiliges Service Monoblock Rock PVD Gold\" \/>\n<meta property=\"og:description\" content=\"Beschreibung F\u00fcr Sambonet ist &quot;Rock&quot; mehr als nur eine Frage der \u00c4sthetik. Das neue Besteck Rock ist \u00e4u\u00dferst vielseitig und bringt gleichzeitig\" \/>\n<meta property=\"og:url\" content=\"https:\/\/www.erresse-shop.it\/de\/shop\/kuche\/sambonet-24-teiliges-service-monoblock-rock-pvd-gold\/\" \/>\n<meta property=\"og:site_name\" content=\"Erresse Shop\" \/>\n<meta property=\"article:modified_time\" content=\"2023-06-20T07:43:59+00:00\" \/>\n<meta property=\"og:image\" content=\"https:\/\/www.erresse-shop.it\/wp-content\/uploads\/2022\/12\/Sambonet-Servizio-24-Pezzi-Monoblocco-Rock-PVD-Gold.jpg\" \/>\n\t<meta property=\"og:image:width\" content=\"1200\" \/>\n\t<meta property=\"og:image:height\" content=\"1200\" \/>\n\t<meta property=\"og:image:type\" content=\"image\/jpeg\" \/>\n<meta name=\"twitter:card\" content=\"summary_large_image\" \/>\n<script type=\"application\/ld+json\" class=\"yoast-schema-graph\">{\"@context\":\"https:\/\/schema.org\",\"@graph\":[{\"@type\":\"WebPage\",\"@id\":\"https:\/\/www.erresse-shop.it\/de\/shop\/kuche\/sambonet-24-teiliges-service-monoblock-rock-pvd-gold\/\",\"url\":\"https:\/\/www.erresse-shop.it\/de\/shop\/kuche\/sambonet-24-teiliges-service-monoblock-rock-pvd-gold\/\",\"name\":\"Sambonet 24 teiliges Service Monoblock Rock PVD Gold - Erresse Shop\",\"isPartOf\":{\"@id\":\"https:\/\/www.erresse-shop.it\/de\/#website\"},\"datePublished\":\"2022-12-02T14:28:25+00:00\",\"dateModified\":\"2023-06-20T07:43:59+00:00\",\"description\":\"Beschreibung F\u00fcr Sambonet ist \\\"Rock\\\" mehr als nur eine Frage der \u00c4sthetik. Das neue Besteck Rock ist \u00e4u\u00dferst vielseitig und bringt gleichzeitig\",\"breadcrumb\":{\"@id\":\"https:\/\/www.erresse-shop.it\/de\/shop\/kuche\/sambonet-24-teiliges-service-monoblock-rock-pvd-gold\/#breadcrumb\"},\"inLanguage\":\"de-DE\",\"potentialAction\":[{\"@type\":\"ReadAction\",\"target\":[\"https:\/\/www.erresse-shop.it\/de\/shop\/kuche\/sambonet-24-teiliges-service-monoblock-rock-pvd-gold\/\"]}]},{\"@type\":\"BreadcrumbList\",\"@id\":\"https:\/\/www.erresse-shop.it\/de\/shop\/kuche\/sambonet-24-teiliges-service-monoblock-rock-pvd-gold\/#breadcrumb\",\"itemListElement\":[{\"@type\":\"ListItem\",\"position\":1,\"name\":\"Home\",\"item\":\"https:\/\/www.erresse-shop.it\/de\/\"},{\"@type\":\"ListItem\",\"position\":2,\"name\":\"Shop\",\"item\":\"https:\/\/www.erresse-shop.it\/de\/shop\/\"},{\"@type\":\"ListItem\",\"position\":3,\"name\":\"Sambonet 24 teiliges Service Monoblock Rock PVD Gold\"}]},{\"@type\":\"WebSite\",\"@id\":\"https:\/\/www.erresse-shop.it\/de\/#website\",\"url\":\"https:\/\/www.erresse-shop.it\/de\/\",\"name\":\"Erresse Shop\",\"description\":\"Articoli di qualit\u00e0 per la casa\",\"potentialAction\":[{\"@type\":\"SearchAction\",\"target\":{\"@type\":\"EntryPoint\",\"urlTemplate\":\"https:\/\/www.erresse-shop.it\/de\/?s={search_term_string}\"},\"query-input\":\"required name=search_term_string\"}],\"inLanguage\":\"de-DE\"}]}<\/script>\n<!-- \/ Yoast SEO Premium plugin. -->","yoast_head_json":{"title":"Sambonet 24 teiliges Service Monoblock Rock PVD Gold - Erresse Shop","description":"Beschreibung F\u00fcr Sambonet ist \"Rock\" mehr als nur eine Frage der \u00c4sthetik. Das neue Besteck Rock ist \u00e4u\u00dferst vielseitig und bringt gleichzeitig","robots":{"index":"index","follow":"follow","max-snippet":"max-snippet:-1","max-image-preview":"max-image-preview:large","max-video-preview":"max-video-preview:-1"},"canonical":"https:\/\/www.erresse-shop.it\/de\/shop\/kuche\/sambonet-24-teiliges-service-monoblock-rock-pvd-gold\/","og_locale":"de_DE","og_type":"article","og_title":"Sambonet 24 teiliges Service Monoblock Rock PVD Gold","og_description":"Beschreibung F\u00fcr Sambonet ist \"Rock\" mehr als nur eine Frage der \u00c4sthetik. Das neue Besteck Rock ist \u00e4u\u00dferst vielseitig und bringt gleichzeitig","og_url":"https:\/\/www.erresse-shop.it\/de\/shop\/kuche\/sambonet-24-teiliges-service-monoblock-rock-pvd-gold\/","og_site_name":"Erresse Shop","article_modified_time":"2023-06-20T07:43:59+00:00","og_image":[{"width":1200,"height":1200,"url":"https:\/\/www.erresse-shop.it\/wp-content\/uploads\/2022\/12\/Sambonet-Servizio-24-Pezzi-Monoblocco-Rock-PVD-Gold.jpg","type":"image\/jpeg"}],"twitter_card":"summary_large_image","schema":{"@context":"https:\/\/schema.org","@graph":[{"@type":"WebPage","@id":"https:\/\/www.erresse-shop.it\/de\/shop\/kuche\/sambonet-24-teiliges-service-monoblock-rock-pvd-gold\/","url":"https:\/\/www.erresse-shop.it\/de\/shop\/kuche\/sambonet-24-teiliges-service-monoblock-rock-pvd-gold\/","name":"Sambonet 24 teiliges Service Monoblock Rock PVD Gold - Erresse Shop","isPartOf":{"@id":"https:\/\/www.erresse-shop.it\/de\/#website"},"datePublished":"2022-12-02T14:28:25+00:00","dateModified":"2023-06-20T07:43:59+00:00","description":"Beschreibung F\u00fcr Sambonet ist \"Rock\" mehr als nur eine Frage der \u00c4sthetik. Das neue Besteck Rock ist \u00e4u\u00dferst vielseitig und bringt gleichzeitig","breadcrumb":{"@id":"https:\/\/www.erresse-shop.it\/de\/shop\/kuche\/sambonet-24-teiliges-service-monoblock-rock-pvd-gold\/#breadcrumb"},"inLanguage":"de-DE","potentialAction":[{"@type":"ReadAction","target":["https:\/\/www.erresse-shop.it\/de\/shop\/kuche\/sambonet-24-teiliges-service-monoblock-rock-pvd-gold\/"]}]},{"@type":"BreadcrumbList","@id":"https:\/\/www.erresse-shop.it\/de\/shop\/kuche\/sambonet-24-teiliges-service-monoblock-rock-pvd-gold\/#breadcrumb","itemListElement":[{"@type":"ListItem","position":1,"name":"Home","item":"https:\/\/www.erresse-shop.it\/de\/"},{"@type":"ListItem","position":2,"name":"Shop","item":"https:\/\/www.erresse-shop.it\/de\/shop\/"},{"@type":"ListItem","position":3,"name":"Sambonet 24 teiliges Service Monoblock Rock PVD Gold"}]},{"@type":"WebSite","@id":"https:\/\/www.erresse-shop.it\/de\/#website","url":"https:\/\/www.erresse-shop.it\/de\/","name":"Erresse Shop","description":"Articoli di qualit\u00e0 per la casa","potentialAction":[{"@type":"SearchAction","target":{"@type":"EntryPoint","urlTemplate":"https:\/\/www.erresse-shop.it\/de\/?s={search_term_string}"},"query-input":"required name=search_term_string"}],"inLanguage":"de-DE"}]}},"df_price":79,"df_sale_price":79,"df_regular_price":79,"df_image_link":"https:\/\/www.erresse-shop.it\/wp-content\/uploads\/2022\/12\/Sambonet-Servizio-24-Pezzi-Monoblocco-Rock-PVD-Gold-300x300.jpg","_links":{"self":[{"href":"https:\/\/www.erresse-shop.it\/de\/wp-json\/wp\/v2\/product\/214371"}],"collection":[{"href":"https:\/\/www.erresse-shop.it\/de\/wp-json\/wp\/v2\/product"}],"about":[{"href":"https:\/\/www.erresse-shop.it\/de\/wp-json\/wp\/v2\/types\/product"}],"wp:featuredmedia":[{"embeddable":true,"href":"https:\/\/www.erresse-shop.it\/de\/wp-json\/wp\/v2\/media\/489580"}],"wp:attachment":[{"href":"https:\/\/www.erresse-shop.it\/de\/wp-json\/wp\/v2\/media?parent=214371"}],"wp:term":[{"taxonomy":"product_cat","embeddable":true,"href":"https:\/\/www.erresse-shop.it\/de\/wp-json\/wp\/v2\/product_cat?post=214371"},{"taxonomy":"product_tag","embeddable":true,"href":"https:\/\/www.erresse-shop.it\/de\/wp-json\/wp\/v2\/product_tag?post=214371"}],"curies":[{"name":"wp","href":"https:\/\/api.w.org\/{rel}","templated":true}]}}