{"id":214219,"date":"2022-12-02T10:46:34","date_gmt":"2022-12-02T10:46:36","guid":{"rendered":"https:\/\/www.erresse-shop.it\/?post_type=product&#038;p=214219"},"modified":"2025-09-21T12:00:09","modified_gmt":"2025-09-21T12:00:09","slug":"joseph-joseph-tota-waschekorb-60-liter-schwarz","status":"publish","type":"product","link":"https:\/\/www.erresse-shop.it\/de\/shop\/einrichtung-haus\/badezimmer\/joseph-joseph-tota-waschekorb-60-liter-schwarz\/","title":{"rendered":"JOSEPH JOSEPH Tota W\u00e4schekorb 60 Liter Schwarz"},"content":{"rendered":"<p>Joseph Joseph, der weltweit f\u00fchrende Hersteller von K\u00fcchen- und Haushaltswaren. Das im Jahr 2003 gegr\u00fcndete Unternehmen Joseph Joseph verbindet innovatives Design mit modernem Stil. Die Verwendung von Farbe charakterisiert die Produkte unverkennbar und das sorgf\u00e4ltige Design macht sie absolut funktionell und praktisch.<\/p>\n<p><strong>Merkmale:<\/strong><br \/>\nDank der zwei F\u00e4cher dieses eleganten W\u00e4schekorbs k\u00f6nnen Sie helle und dunkle oder farbige W\u00e4schest\u00fccke voneinander trennen.<br \/>\nZwei 30-Liter-F\u00e4cher f\u00fcr eine einfache Trennung der Stoffe<br \/>\nAbnehmbare Segeltuchtaschen mit leicht zu tragenden Griffen<br \/>\nDer Griff am Boden des Beutels erleichtert das Entleeren<br \/>\nSchnelle R\u00fcckgabe: Taschen werden automatisch in den Korb zur\u00fcckgelegt<br \/>\nPerfekt f\u00fcr Schlafzimmer, B\u00e4der oder W\u00e4schereien<br \/>\nWird verpackt mit vollst\u00e4ndiger Montageanleitung geliefert<\/p>\n<p><strong>Vorsichtsma\u00dfnahmen und Verwendung<\/strong><br \/>\nMaschinenwaschbare Leinens\u00e4cke, \u00fcberpr\u00fcfen Sie das Etikett des Artikels, entfernen Sie die Plastikeinlage vor dem Waschen<br \/>\nAu\u00dfen aus Stoff, Handw\u00e4sche empfohlen<br \/>\nDeckel, S\u00e4ume und Rahmen: mit einem feuchten Tuch reinigen<br \/>\nVermeiden Sie es, sich zu setzen oder schwere Gegenst\u00e4nde auf den Korb zu legen<br \/>\nBewahren Sie den Korb au\u00dferhalb der Reichweite von Kindern auf.<br \/>\nMontage ist durch den Benutzer erforderlich<\/p>\n<p><strong>Abmessungen:<\/strong><br \/>\nH71 x B39,5 x T39,5 cm (H28 x B15\u00be x T15\u00be Zoll)<br \/>\nZusammensetzung des Gewebes<br \/>\nSegeltuchtasche &#8211; 100% Baumwolle<br \/>\nAu\u00dfenseite &#8211; 100% Polyester<\/p>\n","protected":false},"excerpt":{"rendered":"<p><br data-mce-bogus=\"1\"><\/p>\n","protected":false},"featured_media":460823,"template":"","meta":{"_acf_changed":false,"inline_featured_image":false},"product_cat":[6817,19010],"product_tag":[25027,21369,23661,24398,21371,13487,21227,21370,25022,18475,21372],"acf":[],"yoast_head":"<!-- This site is optimized with the Yoast SEO Premium plugin v18.6 (Yoast SEO v19.13) - https:\/\/yoast.com\/wordpress\/plugins\/seo\/ -->\n<title>JOSEPH JOSEPH Tota W\u00e4schekorb 60 Liter Schwarz<\/title>\n<meta name=\"description\" content=\"Entdecken Sie JOSEPH JOSEPH Tota W\u00e4schekorb 60 Liter Schwarz bei ErresseShop. Qualit\u00e4t, Stil und Funktionalit\u00e4t \u2013 jetzt online bestellen!\" \/>\n<meta name=\"robots\" content=\"index, follow, max-snippet:-1, max-image-preview:large, max-video-preview:-1\" \/>\n<link rel=\"canonical\" href=\"https:\/\/www.erresse-shop.it\/de\/shop\/einrichtung-haus\/badezimmer\/joseph-joseph-tota-waschekorb-60-liter-schwarz\/\" \/>\n<meta property=\"og:locale\" content=\"de_DE\" \/>\n<meta property=\"og:type\" content=\"article\" \/>\n<meta property=\"og:title\" content=\"JOSEPH JOSEPH Tota W\u00e4schekorb 60 Liter Schwarz\" \/>\n<meta property=\"og:description\" content=\"Entdecken Sie JOSEPH JOSEPH Tota W\u00e4schekorb 60 Liter Schwarz bei ErresseShop. Qualit\u00e4t, Stil und Funktionalit\u00e4t \u2013 jetzt online bestellen!\" \/>\n<meta property=\"og:url\" content=\"https:\/\/www.erresse-shop.it\/de\/shop\/einrichtung-haus\/badezimmer\/joseph-joseph-tota-waschekorb-60-liter-schwarz\/\" \/>\n<meta property=\"og:site_name\" content=\"Erresse Shop\" \/>\n<meta property=\"article:modified_time\" content=\"2025-09-21T12:00:09+00:00\" \/>\n<meta property=\"og:image\" content=\"https:\/\/www.erresse-shop.it\/wp-content\/uploads\/2022\/12\/JOSEPH-JOSEPH-Tota-Cesto-da-Biancheria-60-litri-Nero.jpg\" \/>\n\t<meta property=\"og:image:width\" content=\"1200\" \/>\n\t<meta property=\"og:image:height\" content=\"1200\" \/>\n\t<meta property=\"og:image:type\" content=\"image\/jpeg\" \/>\n<meta name=\"twitter:card\" content=\"summary_large_image\" \/>\n<script type=\"application\/ld+json\" class=\"yoast-schema-graph\">{\"@context\":\"https:\/\/schema.org\",\"@graph\":[{\"@type\":\"WebPage\",\"@id\":\"https:\/\/www.erresse-shop.it\/de\/shop\/einrichtung-haus\/badezimmer\/joseph-joseph-tota-waschekorb-60-liter-schwarz\/\",\"url\":\"https:\/\/www.erresse-shop.it\/de\/shop\/einrichtung-haus\/badezimmer\/joseph-joseph-tota-waschekorb-60-liter-schwarz\/\",\"name\":\"JOSEPH JOSEPH Tota W\u00e4schekorb 60 Liter Schwarz\",\"isPartOf\":{\"@id\":\"https:\/\/www.erresse-shop.it\/de\/#website\"},\"datePublished\":\"2022-12-02T10:46:36+00:00\",\"dateModified\":\"2025-09-21T12:00:09+00:00\",\"description\":\"Entdecken Sie JOSEPH JOSEPH Tota W\u00e4schekorb 60 Liter Schwarz bei ErresseShop. Qualit\u00e4t, Stil und Funktionalit\u00e4t \u2013 jetzt online bestellen!\",\"breadcrumb\":{\"@id\":\"https:\/\/www.erresse-shop.it\/de\/shop\/einrichtung-haus\/badezimmer\/joseph-joseph-tota-waschekorb-60-liter-schwarz\/#breadcrumb\"},\"inLanguage\":\"de-DE\",\"potentialAction\":[{\"@type\":\"ReadAction\",\"target\":[\"https:\/\/www.erresse-shop.it\/de\/shop\/einrichtung-haus\/badezimmer\/joseph-joseph-tota-waschekorb-60-liter-schwarz\/\"]}]},{\"@type\":\"BreadcrumbList\",\"@id\":\"https:\/\/www.erresse-shop.it\/de\/shop\/einrichtung-haus\/badezimmer\/joseph-joseph-tota-waschekorb-60-liter-schwarz\/#breadcrumb\",\"itemListElement\":[{\"@type\":\"ListItem\",\"position\":1,\"name\":\"Home\",\"item\":\"https:\/\/www.erresse-shop.it\/de\/\"},{\"@type\":\"ListItem\",\"position\":2,\"name\":\"Shop\",\"item\":\"https:\/\/www.erresse-shop.it\/de\/shop\/\"},{\"@type\":\"ListItem\",\"position\":3,\"name\":\"JOSEPH JOSEPH Tota W\u00e4schekorb 60 Liter Schwarz\"}]},{\"@type\":\"WebSite\",\"@id\":\"https:\/\/www.erresse-shop.it\/de\/#website\",\"url\":\"https:\/\/www.erresse-shop.it\/de\/\",\"name\":\"Erresse Shop\",\"description\":\"Articoli di qualit\u00e0 per la casa\",\"potentialAction\":[{\"@type\":\"SearchAction\",\"target\":{\"@type\":\"EntryPoint\",\"urlTemplate\":\"https:\/\/www.erresse-shop.it\/de\/?s={search_term_string}\"},\"query-input\":\"required name=search_term_string\"}],\"inLanguage\":\"de-DE\"}]}<\/script>\n<!-- \/ Yoast SEO Premium plugin. -->","yoast_head_json":{"title":"JOSEPH JOSEPH Tota W\u00e4schekorb 60 Liter Schwarz","description":"Entdecken Sie JOSEPH JOSEPH Tota W\u00e4schekorb 60 Liter Schwarz bei ErresseShop. Qualit\u00e4t, Stil und Funktionalit\u00e4t \u2013 jetzt online bestellen!","robots":{"index":"index","follow":"follow","max-snippet":"max-snippet:-1","max-image-preview":"max-image-preview:large","max-video-preview":"max-video-preview:-1"},"canonical":"https:\/\/www.erresse-shop.it\/de\/shop\/einrichtung-haus\/badezimmer\/joseph-joseph-tota-waschekorb-60-liter-schwarz\/","og_locale":"de_DE","og_type":"article","og_title":"JOSEPH JOSEPH Tota W\u00e4schekorb 60 Liter Schwarz","og_description":"Entdecken Sie JOSEPH JOSEPH Tota W\u00e4schekorb 60 Liter Schwarz bei ErresseShop. Qualit\u00e4t, Stil und Funktionalit\u00e4t \u2013 jetzt online bestellen!","og_url":"https:\/\/www.erresse-shop.it\/de\/shop\/einrichtung-haus\/badezimmer\/joseph-joseph-tota-waschekorb-60-liter-schwarz\/","og_site_name":"Erresse Shop","article_modified_time":"2025-09-21T12:00:09+00:00","og_image":[{"width":1200,"height":1200,"url":"https:\/\/www.erresse-shop.it\/wp-content\/uploads\/2022\/12\/JOSEPH-JOSEPH-Tota-Cesto-da-Biancheria-60-litri-Nero.jpg","type":"image\/jpeg"}],"twitter_card":"summary_large_image","schema":{"@context":"https:\/\/schema.org","@graph":[{"@type":"WebPage","@id":"https:\/\/www.erresse-shop.it\/de\/shop\/einrichtung-haus\/badezimmer\/joseph-joseph-tota-waschekorb-60-liter-schwarz\/","url":"https:\/\/www.erresse-shop.it\/de\/shop\/einrichtung-haus\/badezimmer\/joseph-joseph-tota-waschekorb-60-liter-schwarz\/","name":"JOSEPH JOSEPH Tota W\u00e4schekorb 60 Liter Schwarz","isPartOf":{"@id":"https:\/\/www.erresse-shop.it\/de\/#website"},"datePublished":"2022-12-02T10:46:36+00:00","dateModified":"2025-09-21T12:00:09+00:00","description":"Entdecken Sie JOSEPH JOSEPH Tota W\u00e4schekorb 60 Liter Schwarz bei ErresseShop. Qualit\u00e4t, Stil und Funktionalit\u00e4t \u2013 jetzt online bestellen!","breadcrumb":{"@id":"https:\/\/www.erresse-shop.it\/de\/shop\/einrichtung-haus\/badezimmer\/joseph-joseph-tota-waschekorb-60-liter-schwarz\/#breadcrumb"},"inLanguage":"de-DE","potentialAction":[{"@type":"ReadAction","target":["https:\/\/www.erresse-shop.it\/de\/shop\/einrichtung-haus\/badezimmer\/joseph-joseph-tota-waschekorb-60-liter-schwarz\/"]}]},{"@type":"BreadcrumbList","@id":"https:\/\/www.erresse-shop.it\/de\/shop\/einrichtung-haus\/badezimmer\/joseph-joseph-tota-waschekorb-60-liter-schwarz\/#breadcrumb","itemListElement":[{"@type":"ListItem","position":1,"name":"Home","item":"https:\/\/www.erresse-shop.it\/de\/"},{"@type":"ListItem","position":2,"name":"Shop","item":"https:\/\/www.erresse-shop.it\/de\/shop\/"},{"@type":"ListItem","position":3,"name":"JOSEPH JOSEPH Tota W\u00e4schekorb 60 Liter Schwarz"}]},{"@type":"WebSite","@id":"https:\/\/www.erresse-shop.it\/de\/#website","url":"https:\/\/www.erresse-shop.it\/de\/","name":"Erresse Shop","description":"Articoli di qualit\u00e0 per la casa","potentialAction":[{"@type":"SearchAction","target":{"@type":"EntryPoint","urlTemplate":"https:\/\/www.erresse-shop.it\/de\/?s={search_term_string}"},"query-input":"required name=search_term_string"}],"inLanguage":"de-DE"}]}},"df_price":69,"df_sale_price":69,"df_regular_price":119.99,"df_image_link":"https:\/\/www.erresse-shop.it\/wp-content\/uploads\/2022\/12\/JOSEPH-JOSEPH-Tota-Cesto-da-Biancheria-60-litri-Nero-300x300.jpg","_links":{"self":[{"href":"https:\/\/www.erresse-shop.it\/de\/wp-json\/wp\/v2\/product\/214219"}],"collection":[{"href":"https:\/\/www.erresse-shop.it\/de\/wp-json\/wp\/v2\/product"}],"about":[{"href":"https:\/\/www.erresse-shop.it\/de\/wp-json\/wp\/v2\/types\/product"}],"wp:featuredmedia":[{"embeddable":true,"href":"https:\/\/www.erresse-shop.it\/de\/wp-json\/wp\/v2\/media\/460823"}],"wp:attachment":[{"href":"https:\/\/www.erresse-shop.it\/de\/wp-json\/wp\/v2\/media?parent=214219"}],"wp:term":[{"taxonomy":"product_cat","embeddable":true,"href":"https:\/\/www.erresse-shop.it\/de\/wp-json\/wp\/v2\/product_cat?post=214219"},{"taxonomy":"product_tag","embeddable":true,"href":"https:\/\/www.erresse-shop.it\/de\/wp-json\/wp\/v2\/product_tag?post=214219"}],"curies":[{"name":"wp","href":"https:\/\/api.w.org\/{rel}","templated":true}]}}